{"id":5409,"date":"2025-07-09T16:49:40","date_gmt":"2025-07-09T16:49:40","guid":{"rendered":"https:\/\/www.bramial.pt\/?post_type=product&#038;p=5409"},"modified":"2025-07-18T11:33:25","modified_gmt":"2025-07-18T11:33:25","slug":"cor-urban-c16","status":"publish","type":"product","link":"https:\/\/www.bramial.com\/fr\/product\/cor-urban-c16\/","title":{"rendered":"COR &#8211; Urban &#8211; C16"},"content":{"rendered":"<div data-elementor-type=\"wp-post\" data-elementor-id=\"5409\" class=\"elementor elementor-5409\">\n\t\t\t\t<div class=\"elementor-element elementor-element-87fce01 e-flex e-con-boxed e-con e-parent\" data-id=\"87fce01\" data-element_type=\"container\">\n\t\t\t\t\t<div class=\"e-con-inner\">\n\t\t\t\t<div class=\"elementor-element elementor-element-81d804a elementor-widget elementor-widget-tftabs\" data-id=\"81d804a\" data-element_type=\"widget\" data-widget_type=\"tftabs.default\">\n\t\t\t\t<div class=\"elementor-widget-container\">\n\t\t\t\t\t\t\t<div id=\"tf-tabs-81d804a\" class=\"tf-tabs horizontal tabs-horizontal icon-position-left show-triger-no nav-justify\" data-tabid=\"81d804a\">\r\n\t\t\t<div class=\"tf-tabnav\">\r\n\t\t\t\t<ul>\r\n\t\t\t\t\t\t\t\t\t\t<li class=\"tablinks inactive elementor-animation-\" data-tab=\"tab-1\">\t\r\n\t\t\t\t\t\t\t\t\t\t\t\t\r\n\t\t\t\t\t\t\t\t\t\t\t\t\t<span class=\"tab-title-text\">Descri\u00e7\u00e3o<\/span>\r\n\t\t\t\t\t\t\t\t\t\t\t<\/li>\r\n\t\t\t\t\t\t\t\t\t\t<li class=\"tablinks inactive elementor-animation-\" data-tab=\"tab-2\">\t\r\n\t\t\t\t\t\t\t\t\t\t\t\t\r\n\t\t\t\t\t\t\t\t\t\t\t\t\t<span class=\"tab-title-text\">Dados t\u00e9cnicos<\/span>\r\n\t\t\t\t\t\t\t\t\t\t\t<\/li>\r\n\t\t\t\t\t\t\t\t\t\t<li class=\"tablinks inactive elementor-animation-\" data-tab=\"tab-3\">\t\r\n\t\t\t\t\t\t\t\t\t\t\t\t\r\n\t\t\t\t\t\t\t\t\t\t\t\t\t<span class=\"tab-title-text\">Ensaios<\/span>\r\n\t\t\t\t\t\t\t\t\t\t\t<\/li>\r\n\t\t\t\t\t\t\t\t\t<\/ul>\r\n\t\t\t<\/div>\r\n\t\t\t<div class=\"tf-tabcontent\">\r\n\t\t\t\t\t\t\t\t<div id=\"tab-1\" class=\"tf-tabcontent-inner inactive animated fadeIn\">\r\n\t\t\t\t\t<p>Sistema desenvolvido especialmente para edif\u00edcios situados em zonas de alta atividade ac\u00fastica. Esta janela com ruptura de ponte t\u00e9rmica e folha dupla oculta de 122 mm, com junta qu\u00e1drupla e 4 vidros, permite alcan\u00e7ar uma atenua\u00e7\u00e3o ac\u00fastica de at\u00e9 50 dB.<br \/><br \/><strong>Possibilidades<\/strong><br \/>Dobradi\u00e7as ocultas<\/p>\t\t\t\t\t\r\n\t\t\t\t\t\r\n\t\t\t\t<\/div>\r\n\t\t\t\t\t\t\t\t<div id=\"tab-2\" class=\"tf-tabcontent-inner inactive animated fadeIn\">\r\n\t\t\t\t\t<p style=\"font-weight: 300;\"><b><strong>M\u00e1ximo envidra\u00e7amento<\/strong><\/b><br \/><b><strong>Folha exterior<\/strong><\/b><br \/>22 mm<br \/><br \/><b><strong>Folha interio<\/strong><\/b><br \/>30 mm<\/p><p style=\"font-weight: 300;\"><br \/><b><strong>Possibilidades de Abertura<\/strong><\/b><br \/>Abertura interior<br \/>Batente<\/p><p style=\"font-weight: 300;\">Oscilador-swing<\/p><p style=\"font-weight: 300;\"><b><strong><br \/>Se\u00e7\u00f5es<\/strong><\/b><br \/>Aro fixo 122 mm<br \/>Folha 121 mm<\/p><p style=\"font-weight: 300;\"><br \/><b><strong>Espessura perfilaria<\/strong><\/b><br \/>Janela 1,6 mm<\/p><p style=\"font-weight: 300;\"><br \/><b><strong>Largura vareta poliamida<\/strong><\/b><br \/>Aro fixo 35 mm<br \/>Folha 20 mm<\/p><p style=\"font-weight: 300;\"><b><strong><br \/>Dimens\u00f5es e pesos m\u00e1ximos<br \/><\/strong><\/b>Largura (L) = 1.100 mm<br \/>Altura (H) = 2.200 mm<br \/><br \/><\/p><p style=\"font-weight: 300;\"><b><strong>Peso m\u00e1ximo \/ folha<\/strong><\/b><\/p><p style=\"font-weight: 300;\">150 kg<\/p><p style=\"font-weight: 300;\"><em>Consultar peso e dimens\u00f5es m\u00e1ximas segundo tipologia<br \/><br \/><\/em><\/p><p style=\"font-weight: 300;\"><b><strong>Possibilidades est\u00e9ticas<\/strong><\/b><br \/>Folha: Chanfrada<br \/>Bite: Chanfrado<\/p><p style=\"font-weight: 300;\">\u00a0<\/p><p style=\"font-weight: 300;\"><b><strong>Acabamentos<br \/><\/strong><\/b><em>Posibilidade bi-cor<\/em><\/p><p style=\"font-weight: 300;\"><em>Lacagem colorida (RAL, salpicado e \u00e1spero)<\/em><\/p><p style=\"font-weight: 300;\"><em>Lacagem imita\u00e7\u00e3o madeira<\/em><\/p><p style=\"font-weight: 300;\"><em>Lacagem antibacteriana<\/em><\/p><p style=\"font-weight: 300;\"><em>Anodizado<\/em><\/p>\t\t\t\t\t\r\n\t\t\t\t\t\r\n\t\t\t\t<\/div>\r\n\t\t\t\t\t\t\t\t<div id=\"tab-3\" class=\"tf-tabcontent-inner inactive animated fadeIn\">\r\n\t\t\t\t\t<p style=\"font-weight: 300;\"><b><strong>Coeficiente de transmiss\u00e3o t\u00e9rmica<br \/><\/strong><\/b>Uw desde 1,2 (W\/m\u00b2K)<\/p><p style=\"font-weight: 300;\"><em>Consultar tipologia, dimens\u00e3o e vidro\u00a0<\/em><br \/><br \/><b><strong>M\u00e1ximo isolamento ac\u00fastico<\/strong><\/b><br \/>Rw=50 dB<\/p><p style=\"font-weight: 300;\"><b><strong><br \/>Permeabilidade ao ar\u00a0<br \/><\/strong><\/b>(EN 12207) Classe 4<\/p><p style=\"font-weight: 300;\"><b><strong><br \/>Estanquidade \u00e0 \u00e1gua\u00a0<br \/><\/strong><\/b>(EN 12208) Classe E1650<\/p><p style=\"font-weight: 300;\">\u00a0<\/p><p style=\"font-weight: 300;\"><b><strong>Resist\u00eancia ao vento\u00a0<br \/><\/strong><\/b>(EN 12210) Classe C5<\/p><p style=\"font-weight: 300;\"><b><strong>\u00a0<\/strong><\/b><\/p><p style=\"font-weight: 300;\"><em>Ensaio de refer\u00eancia: Janela\u00a01,23 x 1,48 m. Uma folha.<\/em><\/p>\t\t\t\t\t\r\n\t\t\t\t\t\r\n\t\t\t\t<\/div>\r\n\t\t\t\t\t\t\t<\/div>\r\n\t\t<\/div>\r\n\t\t\r\n\t\t\t\t\t\t<\/div>\n\t\t\t\t<\/div>\n\t\t\t\t\t<\/div>\n\t\t\t\t<\/div>\n\t\t\t\t<\/div>","protected":false},"excerpt":{"rendered":"<h5><span style=\"vertical-align: inherit;\"><span style=\"vertical-align: inherit;\">Descri\u00e7\u00e3o<\/span><\/span><\/h5>\n<div class=\"markdown prose dark:prose-invert w-full break-words light\">Sistema desenvolvido especialmente para edif\u00edcios situados em zonas de alta atividade ac\u00fastica. Esta janela com ruptura de ponte t\u00e9rmica e folha dupla oculta de 122 mm, com junta qu\u00e1drupla e 4 vidros, permite alcan\u00e7ar uma atenua\u00e7\u00e3o ac\u00fastica de at\u00e9 50 dB.<\/div>\n<div><img decoding=\"async\" class=\"alignnone size-full wp-image-4714\" src=\"https:\/\/www.bramial.pt\/wp-content\/uploads\/2025\/07\/Icon-feather-download.png\" alt=\"\" width=\"23\" height=\"23\" \/> <a  data-e-disable-page-transition=\"true\" class=\"download-link\" title=\"\" href=\"https:\/\/www.bramial.com\/fr\/download\/5524\/?tmstv=1776522018\" rel=\"nofollow\" id=\"download-link-5524\" data-redirect=\"false\" ><br \/>\n\tFICHA T\u00c9CNICA COR Urban C16<\/a>\n<\/div>\n<div><\/div>","protected":false},"featured_media":5412,"comment_status":"open","ping_status":"closed","template":"","meta":[],"product_brand":[],"product_cat":[58],"product_tag":[],"class_list":{"0":"post-5409","1":"product","2":"type-product","3":"status-publish","4":"has-post-thumbnail","6":"product_cat-janelas-e-portas-batentes","8":"first","9":"instock","10":"downloadable","11":"virtual","12":"product-type-simple"},"_links":{"self":[{"href":"https:\/\/www.bramial.com\/fr\/wp-json\/wp\/v2\/product\/5409","targetHints":{"allow":["GET"]}}],"collection":[{"href":"https:\/\/www.bramial.com\/fr\/wp-json\/wp\/v2\/product"}],"about":[{"href":"https:\/\/www.bramial.com\/fr\/wp-json\/wp\/v2\/types\/product"}],"replies":[{"embeddable":true,"href":"https:\/\/www.bramial.com\/fr\/wp-json\/wp\/v2\/comments?post=5409"}],"version-history":[{"count":8,"href":"https:\/\/www.bramial.com\/fr\/wp-json\/wp\/v2\/product\/5409\/revisions"}],"predecessor-version":[{"id":6491,"href":"https:\/\/www.bramial.com\/fr\/wp-json\/wp\/v2\/product\/5409\/revisions\/6491"}],"wp:featuredmedia":[{"embeddable":true,"href":"https:\/\/www.bramial.com\/fr\/wp-json\/wp\/v2\/media\/5412"}],"wp:attachment":[{"href":"https:\/\/www.bramial.com\/fr\/wp-json\/wp\/v2\/media?parent=5409"}],"wp:term":[{"taxonomy":"product_brand","embeddable":true,"href":"https:\/\/www.bramial.com\/fr\/wp-json\/wp\/v2\/product_brand?post=5409"},{"taxonomy":"product_cat","embeddable":true,"href":"https:\/\/www.bramial.com\/fr\/wp-json\/wp\/v2\/product_cat?post=5409"},{"taxonomy":"product_tag","embeddable":true,"href":"https:\/\/www.bramial.com\/fr\/wp-json\/wp\/v2\/product_tag?post=5409"}],"curies":[{"name":"wp","href":"https:\/\/api.w.org\/{rel}","templated":true}]}}