{"id":5400,"date":"2025-07-09T16:44:16","date_gmt":"2025-07-09T16:44:16","guid":{"rendered":"https:\/\/www.bramial.pt\/?post_type=product&#038;p=5400"},"modified":"2025-07-16T13:39:13","modified_gmt":"2025-07-16T13:39:13","slug":"cor-3500-c16-st","status":"publish","type":"product","link":"https:\/\/www.bramial.com\/fr\/product\/cor-3500-c16-st\/","title":{"rendered":"COR &#8211; 3500 &#8211; C16 &#8211; ST"},"content":{"rendered":"<div data-elementor-type=\"wp-post\" data-elementor-id=\"5400\" class=\"elementor elementor-5400\">\n\t\t\t\t<div class=\"elementor-element elementor-element-87fce01 e-flex e-con-boxed e-con e-parent\" data-id=\"87fce01\" data-element_type=\"container\">\n\t\t\t\t\t<div class=\"e-con-inner\">\n\t\t\t\t<div class=\"elementor-element elementor-element-81d804a elementor-widget elementor-widget-tftabs\" data-id=\"81d804a\" data-element_type=\"widget\" data-widget_type=\"tftabs.default\">\n\t\t\t\t<div class=\"elementor-widget-container\">\n\t\t\t\t\t\t\t<div id=\"tf-tabs-81d804a\" class=\"tf-tabs horizontal tabs-horizontal icon-position-left show-triger-no nav-justify\" data-tabid=\"81d804a\">\r\n\t\t\t<div class=\"tf-tabnav\">\r\n\t\t\t\t<ul>\r\n\t\t\t\t\t\t\t\t\t\t<li class=\"tablinks inactive elementor-animation-\" data-tab=\"tab-1\">\t\r\n\t\t\t\t\t\t\t\t\t\t\t\t\r\n\t\t\t\t\t\t\t\t\t\t\t\t\t<span class=\"tab-title-text\">Descri\u00e7\u00e3o<\/span>\r\n\t\t\t\t\t\t\t\t\t\t\t<\/li>\r\n\t\t\t\t\t\t\t\t\t\t<li class=\"tablinks inactive elementor-animation-\" data-tab=\"tab-2\">\t\r\n\t\t\t\t\t\t\t\t\t\t\t\t\r\n\t\t\t\t\t\t\t\t\t\t\t\t\t<span class=\"tab-title-text\">Dados t\u00e9cnicos<\/span>\r\n\t\t\t\t\t\t\t\t\t\t\t<\/li>\r\n\t\t\t\t\t\t\t\t\t\t<li class=\"tablinks inactive elementor-animation-\" data-tab=\"tab-3\">\t\r\n\t\t\t\t\t\t\t\t\t\t\t\t\r\n\t\t\t\t\t\t\t\t\t\t\t\t\t<span class=\"tab-title-text\">Ensaios<\/span>\r\n\t\t\t\t\t\t\t\t\t\t\t<\/li>\r\n\t\t\t\t\t\t\t\t\t<\/ul>\r\n\t\t\t<\/div>\r\n\t\t\t<div class=\"tf-tabcontent\">\r\n\t\t\t\t\t\t\t\t<div id=\"tab-1\" class=\"tf-tabcontent-inner inactive animated fadeIn\">\r\n\t\t\t\t\t<p>Compat\u00edvel com qualquer ferragem de canal 16 standard do mercado, este sistema de batente de 54 mm de profundidade de aro e uma ruptura de ponte t\u00e9rmica de 24 mm apresenta-se como uma solu\u00e7\u00e3o vers\u00e1til para climas suaves.<br \/><br \/><\/p><div><strong>Possibilidades<\/strong><\/div><div>Acessibilidade<\/div><div>Ferragem de seguran\u00e7a<\/div><div>Dobradi\u00e7as ocultas<\/div>\t\t\t\t\t\r\n\t\t\t\t\t\r\n\t\t\t\t<\/div>\r\n\t\t\t\t\t\t\t\t<div id=\"tab-2\" class=\"tf-tabcontent-inner inactive animated fadeIn\">\r\n\t\t\t\t\t<p><strong>Envidra\u00e7amento<\/strong><br \/>M\u00e1x. 32 mm<br \/>M\u00edn. 27 mm<strong><br \/><\/strong><br \/><strong>Possibilidades de Abertura<\/strong><\/p><p><strong><span>Interior<\/span><\/strong><\/p><p>Batente<br \/>Oscilo-batente<br \/>Oscilo-paralela<br \/>Harm\u00f3nio<br \/>Basculante<br \/><br \/><strong>Exterior<\/strong><br \/>Batente e projectante-deslizante<br \/><br \/><strong>Sec\u00e7\u00f5es<\/strong><\/p><p><span>Aro \u2013 54 mm<\/span><\/p><p>Folha\u00a0\u2013 62 mm<\/p><p><br \/><strong>Espessura perfilaria<\/strong><\/p><p>Janela\u00a01,5 mm<\/p><p><span>Porta de 1,7 mm<\/span><\/p><p><br \/><strong>Largura vareta poliamida<\/strong><\/p><p><span>24 mil\u00edmetros<\/span><\/p><p><br \/><strong><span>Dimens\u00f5es m\u00e1ximas<\/span><\/strong><\/p><p>Largura\u00a0(L) = 1.500 mm<br \/>Altura\u00a0(H) = 2.600 mm<\/p><p><br \/><strong>Peso m\u00e1ximo \/ folha<\/strong><\/p><p><span>120 kg<\/span><\/p><p><em>Consultar peso e dimens\u00f5es m\u00e1ximos\u00a0<\/em>para outras tipologias.<\/p><p><strong>Possibilidades est\u00e9ticas<\/strong><br \/>Folha: Curva ou chanfrada<br \/>Bite: Reto ou curvo<br \/><em><br \/><strong>\u00bb\u00a0<\/strong><\/em><strong>Acabamentos\u00a0<\/strong><\/p><p>Posibilidade bi-cor<\/p><p><span>Lacagem colorida (RAL, salpicado e \u00e1spero)<\/span><\/p><p>Lacagem imita\u00e7\u00e3o madeira<\/p><p><span>Lacagem antibacteriana<\/span><\/p><p>Anodizado<\/p>\t\t\t\t\t\r\n\t\t\t\t\t\r\n\t\t\t\t<\/div>\r\n\t\t\t\t\t\t\t\t<div id=\"tab-3\" class=\"tf-tabcontent-inner inactive animated fadeIn\">\r\n\t\t\t\t\t<p><strong>Transmiss\u00e3o<\/strong><\/p><p>Uw desde 1,2 (W\/m\u00b2K)<\/p><p><em>Consultar tipolog\u00eda, dimens\u00e3o e vidro\u00a0<\/em><br \/><br \/><strong>M\u00e1ximo isolamento ac\u00fastico<\/strong><\/p><p>Rw=46 dB<\/p><p><br \/><strong>Permeabilidade ao ar<\/strong><\/p><p>(EN 12207) Classe 4<\/p><p><br \/><strong>Estanquidade \u00e0 \u00e1gua<\/strong><\/p><p>(EN 12208) Classe 9A<\/p><p><br \/><strong>Resist\u00eancia ao vento<\/strong><\/p><p>(EN 12210) Classe C4<\/p><p><br \/><em>Ensaio de refer\u00eancia: Janela\u00a01,23 x 1,48 m.<br \/>Dois folha.<\/em><\/p>\t\t\t\t\t\r\n\t\t\t\t\t\r\n\t\t\t\t<\/div>\r\n\t\t\t\t\t\t\t<\/div>\r\n\t\t<\/div>\r\n\t\t\r\n\t\t\t\t\t\t<\/div>\n\t\t\t\t<\/div>\n\t\t\t\t\t<\/div>\n\t\t\t\t<\/div>\n\t\t\t\t<\/div>","protected":false},"excerpt":{"rendered":"<h5><span style=\"vertical-align: inherit;\"><span style=\"vertical-align: inherit;\">Descri\u00e7\u00e3o<\/span><\/span><\/h5>\n<p>Compat\u00edvel com qualquer ferragem de canal 16 standard do mercado, este sistema de batente de 54 mm de profundidade de aro e uma ruptura de ponte t\u00e9rmica de 24 mm apresenta-se como uma solu\u00e7\u00e3o vers\u00e1til para climas suaves.<\/p>\n<p><img decoding=\"async\" class=\"alignnone size-full wp-image-5635\" src=\"https:\/\/www.bramial.pt\/wp-content\/uploads\/2025\/07\/Icon-feather-download-1.png\" alt=\"\" width=\"23\" height=\"23\" \/><a  data-e-disable-page-transition=\"true\" class=\"download-link\" title=\"\" href=\"https:\/\/www.bramial.com\/fr\/download\/5520\/?tmstv=1776548936\" rel=\"nofollow\" id=\"download-link-5520\" data-redirect=\"false\" ><br \/>\n\tFICHA T\u00c9CNICA COR 3500 C16 ST<\/a><\/p>\n<p>&nbsp;<\/p>","protected":false},"featured_media":5403,"comment_status":"open","ping_status":"closed","template":"","meta":[],"product_brand":[],"product_cat":[58],"product_tag":[],"class_list":{"0":"post-5400","1":"product","2":"type-product","3":"status-publish","4":"has-post-thumbnail","6":"product_cat-janelas-e-portas-batentes","8":"first","9":"instock","10":"downloadable","11":"virtual","12":"product-type-simple"},"_links":{"self":[{"href":"https:\/\/www.bramial.com\/fr\/wp-json\/wp\/v2\/product\/5400","targetHints":{"allow":["GET"]}}],"collection":[{"href":"https:\/\/www.bramial.com\/fr\/wp-json\/wp\/v2\/product"}],"about":[{"href":"https:\/\/www.bramial.com\/fr\/wp-json\/wp\/v2\/types\/product"}],"replies":[{"embeddable":true,"href":"https:\/\/www.bramial.com\/fr\/wp-json\/wp\/v2\/comments?post=5400"}],"version-history":[{"count":8,"href":"https:\/\/www.bramial.com\/fr\/wp-json\/wp\/v2\/product\/5400\/revisions"}],"predecessor-version":[{"id":6105,"href":"https:\/\/www.bramial.com\/fr\/wp-json\/wp\/v2\/product\/5400\/revisions\/6105"}],"wp:featuredmedia":[{"embeddable":true,"href":"https:\/\/www.bramial.com\/fr\/wp-json\/wp\/v2\/media\/5403"}],"wp:attachment":[{"href":"https:\/\/www.bramial.com\/fr\/wp-json\/wp\/v2\/media?parent=5400"}],"wp:term":[{"taxonomy":"product_brand","embeddable":true,"href":"https:\/\/www.bramial.com\/fr\/wp-json\/wp\/v2\/product_brand?post=5400"},{"taxonomy":"product_cat","embeddable":true,"href":"https:\/\/www.bramial.com\/fr\/wp-json\/wp\/v2\/product_cat?post=5400"},{"taxonomy":"product_tag","embeddable":true,"href":"https:\/\/www.bramial.com\/fr\/wp-json\/wp\/v2\/product_tag?post=5400"}],"curies":[{"name":"wp","href":"https:\/\/api.w.org\/{rel}","templated":true}]}}