{"id":5392,"date":"2025-07-09T16:37:34","date_gmt":"2025-07-09T16:37:34","guid":{"rendered":"https:\/\/www.bramial.pt\/?post_type=product&#038;p=5392"},"modified":"2025-07-18T11:34:02","modified_gmt":"2025-07-18T11:34:02","slug":"cor-70-folha-oculta-c16-st","status":"publish","type":"product","link":"https:\/\/www.bramial.com\/fr\/product\/cor-70-folha-oculta-c16-st\/","title":{"rendered":"COR &#8211; 70 &#8211; Folha &#8211; Oculta &#8211; C16 &#8211; ST"},"content":{"rendered":"<div data-elementor-type=\"wp-post\" data-elementor-id=\"5392\" class=\"elementor elementor-5392\">\n\t\t\t\t<div class=\"elementor-element elementor-element-87fce01 e-flex e-con-boxed e-con e-parent\" data-id=\"87fce01\" data-element_type=\"container\">\n\t\t\t\t\t<div class=\"e-con-inner\">\n\t\t\t\t<div class=\"elementor-element elementor-element-81d804a elementor-widget elementor-widget-tftabs\" data-id=\"81d804a\" data-element_type=\"widget\" data-widget_type=\"tftabs.default\">\n\t\t\t\t<div class=\"elementor-widget-container\">\n\t\t\t\t\t\t\t<div id=\"tf-tabs-81d804a\" class=\"tf-tabs horizontal tabs-horizontal icon-position-left show-triger-no nav-justify\" data-tabid=\"81d804a\">\r\n\t\t\t<div class=\"tf-tabnav\">\r\n\t\t\t\t<ul>\r\n\t\t\t\t\t\t\t\t\t\t<li class=\"tablinks inactive elementor-animation-\" data-tab=\"tab-1\">\t\r\n\t\t\t\t\t\t\t\t\t\t\t\t\r\n\t\t\t\t\t\t\t\t\t\t\t\t\t<span class=\"tab-title-text\">Descri\u00e7\u00e3o<\/span>\r\n\t\t\t\t\t\t\t\t\t\t\t<\/li>\r\n\t\t\t\t\t\t\t\t\t\t<li class=\"tablinks inactive elementor-animation-\" data-tab=\"tab-2\">\t\r\n\t\t\t\t\t\t\t\t\t\t\t\t\r\n\t\t\t\t\t\t\t\t\t\t\t\t\t<span class=\"tab-title-text\">Dados t\u00e9cnicos<\/span>\r\n\t\t\t\t\t\t\t\t\t\t\t<\/li>\r\n\t\t\t\t\t\t\t\t\t\t<li class=\"tablinks inactive elementor-animation-\" data-tab=\"tab-3\">\t\r\n\t\t\t\t\t\t\t\t\t\t\t\t\r\n\t\t\t\t\t\t\t\t\t\t\t\t\t<span class=\"tab-title-text\">Ensaios<\/span>\r\n\t\t\t\t\t\t\t\t\t\t\t<\/li>\r\n\t\t\t\t\t\t\t\t\t<\/ul>\r\n\t\t\t<\/div>\r\n\t\t\t<div class=\"tf-tabcontent\">\r\n\t\t\t\t\t\t\t\t<div id=\"tab-1\" class=\"tf-tabcontent-inner inactive animated fadeIn\">\r\n\t\t\t\t\t<div>Sistema de batente de folha oculta compat\u00edvel com qualquer ferragem de canal 16 standard. Apresenta um design atractivo baseado na oculta\u00e7\u00e3o da folha atr\u00e1s do aro, reduzindo a sec\u00e7\u00e3o vista de alum\u00ednio at\u00e9 73,8 mm. Deste modo, consegue-se uma superf\u00edcie envidra\u00e7ada que pode chegar a 85% do vidro total da janela, permitindo assim um extraordin\u00e1rio ganho de luminosidade nos espa\u00e7os interiores. A sua est\u00e9tica vanguardista completasse com a possibilidade de contemplar drenagem oculta e dobradi\u00e7as ocultas.<\/div><p>\u00a0<\/p><div><div><strong>Possibilidades<\/strong><\/div><div>Ferragem de seguran\u00e7a<\/div><div>Dobradi\u00e7as ocultas<\/div><div>Drenagem oculta<\/div><\/div>\t\t\t\t\t\r\n\t\t\t\t\t\r\n\t\t\t\t<\/div>\r\n\t\t\t\t\t\t\t\t<div id=\"tab-2\" class=\"tf-tabcontent-inner inactive animated fadeIn\">\r\n\t\t\t\t\t<p><strong>Envidra\u00e7amento<\/strong><br \/><strong>Aro fixo<\/strong><br \/>M\u00e1x. 40 mm<br \/>M\u00edn. 27 mm<br \/><br \/><strong>Janela<\/strong><br \/>M\u00e1x. 38 mm<br \/>M\u00edn. 24 mm<br \/><br \/><strong>Possibilidades abertura<\/strong><\/p><p><strong><span>Interior<\/span><\/strong><\/p><p>Batente<br \/>Oscilo-paralela<br \/>Basculante<br \/><br \/><\/p><p><strong>Sec\u00e7\u00f5es<\/strong><\/p><p>Aro fixo \u2013 70 mm<\/p><p>Folha \u2013 70 mm<\/p><p><br \/><strong>Espessura perfilaria<\/strong><\/p><p>Janela 1,6 mm<\/p><p><br \/><strong>Largura vareta poliamida<\/strong><\/p><p><span>35 mil\u00edmetros<\/span><\/p><p><br \/><strong><span>Dimens\u00f5es m\u00e1ximas<\/span><\/strong><\/p><p>Largura (L) = 1300 mm<br \/>Altura (H) = 2400 mm<\/p><p><br \/><strong>Peso m\u00e1ximo \/ Folha<\/strong><\/p><p><span>150 kg<\/span><\/p><p><em>Consultar peso e dimens\u00f5es m\u00e1ximos para outras tipologias<br \/><br \/><\/em><strong>Acabamentos<\/strong><em>\u00a0<\/em><\/p><p>Possibilidade bi-cor<\/p><p><span>Lacagem colorida (RAL, salpicado e \u00e1spero)<\/span><\/p><p>Lacagem imita\u00e7\u00e3o madeira<\/p><p><span>Lacagem antibacteriana<\/span><\/p><p>Anodizado<\/p>\t\t\t\t\t\r\n\t\t\t\t\t\r\n\t\t\t\t<\/div>\r\n\t\t\t\t\t\t\t\t<div id=\"tab-3\" class=\"tf-tabcontent-inner inactive animated fadeIn\">\r\n\t\t\t\t\t<p><strong>Transmiss\u00e3o<\/strong><\/p><p>Uw \u2265 0,93 (W\/m\u00b2K)<\/p><p><em>Consultar tipologia, dimens\u00e3o e vidro\u00a0\u00a0<\/em><br \/><br \/><strong>M\u00e1ximo aislamiento ac\u00fastico<\/strong><\/p><p>45 dB<\/p><p><br \/><strong>Permeabilidade ao ar<\/strong><\/p><p>(EN 12152) Classe 4<\/p><p><br \/><strong>Estanquidade \u00e0 \u00e1gua<\/strong><\/p><p>(EN 13114) Classe E<sub>1200<\/sub><\/p><p><br \/><strong>Resist\u00eancia ao vento<\/strong><\/p><p>(EN 13116) Classe C5<\/p><p><br \/><em>Ensaio de refer\u00eancia: Janela\u00a01,23 x 1,48 m.<br \/>Dois folha.<\/em><\/p>\t\t\t\t\t\r\n\t\t\t\t\t\r\n\t\t\t\t<\/div>\r\n\t\t\t\t\t\t\t<\/div>\r\n\t\t<\/div>\r\n\t\t\r\n\t\t\t\t\t\t<\/div>\n\t\t\t\t<\/div>\n\t\t\t\t\t<\/div>\n\t\t\t\t<\/div>\n\t\t\t\t<\/div>","protected":false},"excerpt":{"rendered":"<h5><span style=\"vertical-align: inherit;\"><span style=\"vertical-align: inherit;\">Descri\u00e7\u00e3o<\/span><\/span><\/h5>\n<div class=\"markdown prose dark:prose-invert w-full break-words light\">Sistema de batente de folha oculta compat\u00edvel com ferragens de canal 16 standard, com design atraente que oculta a folha atr\u00e1s do aro, reduzindo a sec\u00e7\u00e3o vista para 73,8 mm. Permite uma superf\u00edcie envidra\u00e7ada de at\u00e9 85% do total da janela, proporcionando ganho significativo de luminosidade. A est\u00e9tica vanguardista \u00e9 complementada por drenagem e dobradi\u00e7as ocultas.<\/div>\n<div><img decoding=\"async\" class=\"alignnone size-full wp-image-4714\" src=\"https:\/\/www.bramial.pt\/wp-content\/uploads\/2025\/07\/Icon-feather-download.png\" alt=\"\" width=\"23\" height=\"23\" \/> <a  data-e-disable-page-transition=\"true\" class=\"download-link\" title=\"\" href=\"https:\/\/www.bramial.com\/fr\/download\/5516\/?tmstv=1776535687\" rel=\"nofollow\" id=\"download-link-5516\" data-redirect=\"false\" ><br \/>\n\tFICHA T\u00c9CNICA COR 70 FO C16 ST<\/a>\n<\/div>\n<div><\/div>","protected":false},"featured_media":5393,"comment_status":"open","ping_status":"closed","template":"","meta":[],"product_brand":[],"product_cat":[58],"product_tag":[],"class_list":{"0":"post-5392","1":"product","2":"type-product","3":"status-publish","4":"has-post-thumbnail","6":"product_cat-janelas-e-portas-batentes","8":"first","9":"instock","10":"downloadable","11":"virtual","12":"product-type-simple"},"_links":{"self":[{"href":"https:\/\/www.bramial.com\/fr\/wp-json\/wp\/v2\/product\/5392","targetHints":{"allow":["GET"]}}],"collection":[{"href":"https:\/\/www.bramial.com\/fr\/wp-json\/wp\/v2\/product"}],"about":[{"href":"https:\/\/www.bramial.com\/fr\/wp-json\/wp\/v2\/types\/product"}],"replies":[{"embeddable":true,"href":"https:\/\/www.bramial.com\/fr\/wp-json\/wp\/v2\/comments?post=5392"}],"version-history":[{"count":7,"href":"https:\/\/www.bramial.com\/fr\/wp-json\/wp\/v2\/product\/5392\/revisions"}],"predecessor-version":[{"id":6492,"href":"https:\/\/www.bramial.com\/fr\/wp-json\/wp\/v2\/product\/5392\/revisions\/6492"}],"wp:featuredmedia":[{"embeddable":true,"href":"https:\/\/www.bramial.com\/fr\/wp-json\/wp\/v2\/media\/5393"}],"wp:attachment":[{"href":"https:\/\/www.bramial.com\/fr\/wp-json\/wp\/v2\/media?parent=5392"}],"wp:term":[{"taxonomy":"product_brand","embeddable":true,"href":"https:\/\/www.bramial.com\/fr\/wp-json\/wp\/v2\/product_brand?post=5392"},{"taxonomy":"product_cat","embeddable":true,"href":"https:\/\/www.bramial.com\/fr\/wp-json\/wp\/v2\/product_cat?post=5392"},{"taxonomy":"product_tag","embeddable":true,"href":"https:\/\/www.bramial.com\/fr\/wp-json\/wp\/v2\/product_tag?post=5392"}],"curies":[{"name":"wp","href":"https:\/\/api.w.org\/{rel}","templated":true}]}}