{"id":5372,"date":"2025-07-09T16:27:06","date_gmt":"2025-07-09T16:27:06","guid":{"rendered":"https:\/\/www.bramial.pt\/?post_type=product&#038;p=5372"},"modified":"2025-07-18T11:34:46","modified_gmt":"2025-07-18T11:34:46","slug":"cor-70-c16-st","status":"publish","type":"product","link":"https:\/\/www.bramial.com\/fr\/product\/cor-70-c16-st\/","title":{"rendered":"COR &#8211; 70 &#8211; C16 &#8211; ST"},"content":{"rendered":"<div data-elementor-type=\"wp-post\" data-elementor-id=\"5372\" class=\"elementor elementor-5372\">\n\t\t\t\t<div class=\"elementor-element elementor-element-87fce01 e-flex e-con-boxed e-con e-parent\" data-id=\"87fce01\" data-element_type=\"container\">\n\t\t\t\t\t<div class=\"e-con-inner\">\n\t\t\t\t<div class=\"elementor-element elementor-element-81d804a elementor-widget elementor-widget-tftabs\" data-id=\"81d804a\" data-element_type=\"widget\" data-widget_type=\"tftabs.default\">\n\t\t\t\t<div class=\"elementor-widget-container\">\n\t\t\t\t\t\t\t<div id=\"tf-tabs-81d804a\" class=\"tf-tabs horizontal tabs-horizontal icon-position-left show-triger-no nav-justify\" data-tabid=\"81d804a\">\r\n\t\t\t<div class=\"tf-tabnav\">\r\n\t\t\t\t<ul>\r\n\t\t\t\t\t\t\t\t\t\t<li class=\"tablinks inactive elementor-animation-\" data-tab=\"tab-1\">\t\r\n\t\t\t\t\t\t\t\t\t\t\t\t\r\n\t\t\t\t\t\t\t\t\t\t\t\t\t<span class=\"tab-title-text\">Descri\u00e7\u00e3o<\/span>\r\n\t\t\t\t\t\t\t\t\t\t\t<\/li>\r\n\t\t\t\t\t\t\t\t\t\t<li class=\"tablinks inactive elementor-animation-\" data-tab=\"tab-2\">\t\r\n\t\t\t\t\t\t\t\t\t\t\t\t\r\n\t\t\t\t\t\t\t\t\t\t\t\t\t<span class=\"tab-title-text\">Dados t\u00e9cnicos<\/span>\r\n\t\t\t\t\t\t\t\t\t\t\t<\/li>\r\n\t\t\t\t\t\t\t\t\t\t<li class=\"tablinks inactive elementor-animation-\" data-tab=\"tab-3\">\t\r\n\t\t\t\t\t\t\t\t\t\t\t\t\r\n\t\t\t\t\t\t\t\t\t\t\t\t\t<span class=\"tab-title-text\">Ensaios<\/span>\r\n\t\t\t\t\t\t\t\t\t\t\t<\/li>\r\n\t\t\t\t\t\t\t\t\t<\/ul>\r\n\t\t\t<\/div>\r\n\t\t\t<div class=\"tf-tabcontent\">\r\n\t\t\t\t\t\t\t\t<div id=\"tab-1\" class=\"tf-tabcontent-inner inactive animated fadeIn\">\r\n\t\t\t\t\t<p>Sistema de batente com 70 mm de profundidade de aro compat\u00edvel com qualquer ferragem de canal 16 standard. Possui uma zona de ruptura de ponte t\u00e9rmica de 35 mm no aro e 30 mm na folha, oferecendo elevado desempenho t\u00e9rmico e ac\u00fastico.<br \/><br \/><\/p><div><strong>Possibilidades<\/strong><\/div><div>Acessibilidade<\/div><div>Ferragem de seguran\u00e7a<\/div><div>Dobradi\u00e7as ocultas<\/div><div>Drenagem oculta<\/div>\t\t\t\t\t\r\n\t\t\t\t\t\r\n\t\t\t\t<\/div>\r\n\t\t\t\t\t\t\t\t<div id=\"tab-2\" class=\"tf-tabcontent-inner inactive animated fadeIn\">\r\n\t\t\t\t\t<p><strong>Envidra\u00e7amento<\/strong><\/p><p><span>M\u00e1x. 55 mm<\/span><\/p><p><span>M\u00edn. 15 mm<\/span><\/p><p>\u00a0<\/p><p><strong>Possibilidades de Abertura<\/strong><\/p><p><strong><span>Abertura\u00a0\u00a0<\/span><span>interna<\/span><\/strong><\/p><p>Batente<\/p><p><span>Oscilador-swing<\/span><\/p><p><span>Oscilador-paralelo<\/span><\/p><p>Basculante<\/p><p>\u00a0<\/p><p><strong><span>Abertura externa<\/span><\/strong><\/p><p>Batente (Porta)<\/p><p>\u00a0<\/p><p><strong>Largura Vareta Poliamida<\/strong><\/p><p>Aro fixo 35 mm<\/p><p>Folha 30 mm<\/p><p><br \/><strong>Espessura perfilaria<\/strong><\/p><p>Janela 1,5 mm<\/p><p><span>Porta de 1,7 mm<\/span><\/p><p><strong><span>Dimens\u00f5es m\u00e1ximas<\/span><\/strong><\/p><p>Largura (L) = 1500 mm<br \/>Altura (H) = 2600 mm<\/p><p><br \/><strong>Possibilidades est\u00e9ticas:<\/strong><br \/>Folha: Reta<br \/>Bite: Reto ou curvo<br \/><br \/><strong>Peso m\u00e1ximo \/ folha<\/strong><\/p><p><span>150 kg<\/span><\/p><p><em>Consultar peso e dimens\u00f5es m\u00e1ximos para outras tipologias\u00a0<br \/><br \/><\/em><strong>Acabamentos<\/strong><em>\u00a0<\/em><\/p><p>Possibilidade bi-cor<\/p><p><span>Lacagem colorida (RAL, salpicado e \u00e1spero)<\/span><\/p><p>Lacagem imita\u00e7\u00e3o madeira<\/p><p><span>Lacagem antibacteriana<\/span><\/p><p>Anodizado<\/p>\t\t\t\t\t\r\n\t\t\t\t\t\r\n\t\t\t\t<\/div>\r\n\t\t\t\t\t\t\t\t<div id=\"tab-3\" class=\"tf-tabcontent-inner inactive animated fadeIn\">\r\n\t\t\t\t\t<p><strong>Transmiss\u00e3o<\/strong><\/p><p>Uw desde 0,9 (W\/m\u00b2K)<\/p><p><em>Consultar tipologia, dimens\u00e3o e vidro\u00a0\u00a0<\/em><br \/><br \/><strong>M\u00e1ximo isolamento ac\u00fastico<\/strong><\/p><p>Rw=46 dB<\/p><p><br \/><strong>Permeabilidade ao ar<\/strong><\/p><p>(EN 12207) Classe 4<\/p><p><br \/><strong>Estanquidade \u00e0 \u00e1gua<\/strong><\/p><p>(EN 12208) Classe E1500<\/p><p><br \/><strong>Resist\u00eancia ao vento<\/strong><\/p><p>(EN 12210) Classe C5<\/p><p>\u00a0<\/p><p><strong><span>Certifica\u00e7\u00e3o DTA do Laborat\u00f3rio CSTB<\/span><\/strong><\/p><p>Ref. 6\/17-2363<\/p><div><em>Ensaio de refer\u00eancia: Janela\u00a01,23x 1,48 m<br \/>Dois folha.<\/em>\u00a0<\/div>\t\t\t\t\t\r\n\t\t\t\t\t\r\n\t\t\t\t<\/div>\r\n\t\t\t\t\t\t\t<\/div>\r\n\t\t<\/div>\r\n\t\t\r\n\t\t\t\t\t\t<\/div>\n\t\t\t\t<\/div>\n\t\t\t\t\t<\/div>\n\t\t\t\t<\/div>\n\t\t\t\t<\/div>","protected":false},"excerpt":{"rendered":"<h5><span style=\"vertical-align: inherit;\"><span style=\"vertical-align: inherit;\">Descri\u00e7\u00e3o<\/span><\/span><\/h5>\n<p data-start=\"0\" data-end=\"254\" data-is-last-node=\"\" data-is-only-node=\"\">Sistema de batente com 70 mm de profundidade de aro compat\u00edvel com qualquer ferragem de canal 16 standard. Possui uma zona de ruptura de ponte t\u00e9rmica de 35 mm no aro e 30 mm na folha, oferecendo elevado desempenho t\u00e9rmico e ac\u00fastico.<\/p>\n<p data-start=\"0\" data-end=\"254\" data-is-last-node=\"\" data-is-only-node=\"\"><img decoding=\"async\" class=\"alignnone size-full wp-image-4714\" src=\"https:\/\/www.bramial.pt\/wp-content\/uploads\/2025\/07\/Icon-feather-download.png\" alt=\"\" width=\"23\" height=\"23\" \/> <a  data-e-disable-page-transition=\"true\" class=\"download-link\" title=\"\" href=\"https:\/\/www.bramial.com\/fr\/download\/5507\/?tmstv=1776535634\" rel=\"nofollow\" id=\"download-link-5507\" data-redirect=\"false\" ><br \/>\n\tFICHA T\u00c9CNICA COR 70 C16 ST<\/a>\n<\/p>\n<p data-start=\"0\" data-end=\"254\" data-is-last-node=\"\" data-is-only-node=\"\">","protected":false},"featured_media":5381,"comment_status":"open","ping_status":"closed","template":"","meta":[],"product_brand":[],"product_cat":[58],"product_tag":[],"class_list":{"0":"post-5372","1":"product","2":"type-product","3":"status-publish","4":"has-post-thumbnail","6":"product_cat-janelas-e-portas-batentes","8":"first","9":"instock","10":"downloadable","11":"virtual","12":"product-type-simple"},"_links":{"self":[{"href":"https:\/\/www.bramial.com\/fr\/wp-json\/wp\/v2\/product\/5372","targetHints":{"allow":["GET"]}}],"collection":[{"href":"https:\/\/www.bramial.com\/fr\/wp-json\/wp\/v2\/product"}],"about":[{"href":"https:\/\/www.bramial.com\/fr\/wp-json\/wp\/v2\/types\/product"}],"replies":[{"embeddable":true,"href":"https:\/\/www.bramial.com\/fr\/wp-json\/wp\/v2\/comments?post=5372"}],"version-history":[{"count":8,"href":"https:\/\/www.bramial.com\/fr\/wp-json\/wp\/v2\/product\/5372\/revisions"}],"predecessor-version":[{"id":6494,"href":"https:\/\/www.bramial.com\/fr\/wp-json\/wp\/v2\/product\/5372\/revisions\/6494"}],"wp:featuredmedia":[{"embeddable":true,"href":"https:\/\/www.bramial.com\/fr\/wp-json\/wp\/v2\/media\/5381"}],"wp:attachment":[{"href":"https:\/\/www.bramial.com\/fr\/wp-json\/wp\/v2\/media?parent=5372"}],"wp:term":[{"taxonomy":"product_brand","embeddable":true,"href":"https:\/\/www.bramial.com\/fr\/wp-json\/wp\/v2\/product_brand?post=5372"},{"taxonomy":"product_cat","embeddable":true,"href":"https:\/\/www.bramial.com\/fr\/wp-json\/wp\/v2\/product_cat?post=5372"},{"taxonomy":"product_tag","embeddable":true,"href":"https:\/\/www.bramial.com\/fr\/wp-json\/wp\/v2\/product_tag?post=5372"}],"curies":[{"name":"wp","href":"https:\/\/api.w.org\/{rel}","templated":true}]}}