{"id":5338,"date":"2025-07-09T16:10:59","date_gmt":"2025-07-09T16:10:59","guid":{"rendered":"https:\/\/www.bramial.pt\/?post_type=product&#038;p=5338"},"modified":"2025-07-18T11:36:15","modified_gmt":"2025-07-18T11:36:15","slug":"cor-3500","status":"publish","type":"product","link":"https:\/\/www.bramial.com\/fr\/product\/cor-3500\/","title":{"rendered":"COR &#8211; 3500"},"content":{"rendered":"<div data-elementor-type=\"wp-post\" data-elementor-id=\"5338\" class=\"elementor elementor-5338\">\n\t\t\t\t<div class=\"elementor-element elementor-element-87fce01 e-flex e-con-boxed e-con e-parent\" data-id=\"87fce01\" data-element_type=\"container\">\n\t\t\t\t\t<div class=\"e-con-inner\">\n\t\t\t\t<div class=\"elementor-element elementor-element-81d804a elementor-widget elementor-widget-tftabs\" data-id=\"81d804a\" data-element_type=\"widget\" data-widget_type=\"tftabs.default\">\n\t\t\t\t<div class=\"elementor-widget-container\">\n\t\t\t\t\t\t\t<div id=\"tf-tabs-81d804a\" class=\"tf-tabs horizontal tabs-horizontal icon-position-left show-triger-no nav-justify\" data-tabid=\"81d804a\">\r\n\t\t\t<div class=\"tf-tabnav\">\r\n\t\t\t\t<ul>\r\n\t\t\t\t\t\t\t\t\t\t<li class=\"tablinks inactive elementor-animation-\" data-tab=\"tab-1\">\t\r\n\t\t\t\t\t\t\t\t\t\t\t\t\r\n\t\t\t\t\t\t\t\t\t\t\t\t\t<span class=\"tab-title-text\">Descri\u00e7\u00e3o<\/span>\r\n\t\t\t\t\t\t\t\t\t\t\t<\/li>\r\n\t\t\t\t\t\t\t\t\t\t<li class=\"tablinks inactive elementor-animation-\" data-tab=\"tab-2\">\t\r\n\t\t\t\t\t\t\t\t\t\t\t\t\r\n\t\t\t\t\t\t\t\t\t\t\t\t\t<span class=\"tab-title-text\">Dados t\u00e9cnicos<\/span>\r\n\t\t\t\t\t\t\t\t\t\t\t<\/li>\r\n\t\t\t\t\t\t\t\t\t\t<li class=\"tablinks inactive elementor-animation-\" data-tab=\"tab-3\">\t\r\n\t\t\t\t\t\t\t\t\t\t\t\t\r\n\t\t\t\t\t\t\t\t\t\t\t\t\t<span class=\"tab-title-text\">Ensaios<\/span>\r\n\t\t\t\t\t\t\t\t\t\t\t<\/li>\r\n\t\t\t\t\t\t\t\t\t<\/ul>\r\n\t\t\t<\/div>\r\n\t\t\t<div class=\"tf-tabcontent\">\r\n\t\t\t\t\t\t\t\t<div id=\"tab-1\" class=\"tf-tabcontent-inner inactive animated fadeIn\">\r\n\t\t\t\t\t<div><span>Sistema de batente de 54 mm de profundidade de aro com ruptura de\u00a0<\/span><span>ponte t\u00e9rmica de 24 mm e capacidade m\u00e1xima de envidra\u00e7amento de 41\u00a0<\/span><span>mm; caracter\u00edsticas que lhe conferem um \u00f3timo desempenho t\u00e9rmico, Uw<\/span><\/div><div><span>de 1,0 W\/m\u00b2K, e ac\u00fastico, at\u00e9 46 dB de prote\u00e7\u00e3o contra ru\u00eddos.<\/span><br \/><br \/><div><strong><span>Possibilidades<\/span><\/strong><\/div><div><span>Acessibilidade<\/span><\/div><div><span>Ferragem de seguran\u00e7a<\/span><\/div><div><span>Dobradi\u00e7as ocultas<\/span><\/div><\/div>\t\t\t\t\t\r\n\t\t\t\t\t\r\n\t\t\t\t<\/div>\r\n\t\t\t\t\t\t\t\t<div id=\"tab-2\" class=\"tf-tabcontent-inner inactive animated fadeIn\">\r\n\t\t\t\t\t<p><strong><span>Envidra\u00e7amento<\/span><\/strong><\/p><p><span>M\u00e1x. 41 mm<\/span><\/p><p><span>Min. 5 mm<\/span><br \/><br \/><strong><span>Possibilidades de Abertura<\/span><\/strong><\/p><p><strong><span>Interior<\/span><\/strong><\/p><div><span>Batente<\/span><\/div><div><span>Oscilador-swing<\/span><\/div><div><span>Deslizante-paralela<\/span><\/div><div><span>Basculante<\/span><\/div><p><strong><span>Exterior<\/span><\/strong><\/p><p><span>Batente<\/span><\/p><p><span>Projectante-deslizante<\/span><\/p><p><br \/><strong><span>Sec\u00e7\u00f5es<\/span><\/strong><\/p><p><span>Aro \u2013 54 mm<\/span><\/p><p><span>Folha\u00a0\u2013 63 mm<\/span><\/p><p><br \/><strong><span>Espessura perfilaria<\/span><\/strong><\/p><p><span>Janela\u00a01,5 mm<\/span><\/p><p><span>Porta de 1,7 mm<\/span><\/p><p><br \/><strong><span>Largura vareta poliamida<\/span><\/strong><\/p><p><span>24 mil\u00edmetros<\/span><\/p><p><br \/><strong><span>Dimens\u00f5es m\u00e1ximas<\/span><\/strong><\/p><p><span>Largura (L) = 1,500 mm<\/span><br \/><span>Alto (H) = 2,400 mm<\/span><\/p><p><br \/><strong><span>Peso m\u00e1ximo \/ folha<\/span><\/strong><\/p><p><span>120 kg<\/span><\/p><p><em>Consultar peso e dimens\u00f5es m\u00e1ximos\u00a0\u00a0<\/em><\/p><div><em>para outras tipologias<\/em><br \/><br \/><\/div><div><strong><span>Possibilidades est\u00e9ticas:<\/span><\/strong><\/div><div><span>Folha: Reta ou curva<\/span><\/div><div><span>Bite: Reto ou curvo<\/span><br \/><br \/><\/div><p><strong><span>Acabamentos<\/span><\/strong><em>\u00a0<\/em><\/p><p><span>Posibilidade bi-cor<\/span><\/p><p><span>Lacagem colorida (RAL, salpicado e \u00e1spero)<\/span><\/p><p><span>Lacagem imita\u00e7\u00e3o madeira<\/span><\/p><p><span>Lacagem antibacteriana<\/span><\/p><p><span>Anodizado<\/span><\/p>\t\t\t\t\t\r\n\t\t\t\t\t\r\n\t\t\t\t<\/div>\r\n\t\t\t\t\t\t\t\t<div id=\"tab-3\" class=\"tf-tabcontent-inner inactive animated fadeIn\">\r\n\t\t\t\t\t<p><strong>Transmiss\u00e3o<\/strong><\/p><p>Uw desde 1,0 (W\/m\u00b2K)<\/p><p><em>Consultar tipologia, dimens\u00e3o e vidro\u00a0<\/em><br \/><br \/><strong>M\u00e1ximo isolamento ac\u00fastico<\/strong><\/p><p>Rw=46 dB<\/p><p><br \/><strong>Permeabilidade ao ar<\/strong><\/p><p>(EN 12207) CLASSE 4<\/p><p><br \/><strong>Estanquidade \u00e0 \u00e1gua<\/strong><\/p><p>(EN 12208) CLASSE E1200<\/p><p><br \/><strong>Resist\u00eancia ao vento<\/strong><\/p><p>(EN 12210) CLASSE C5<\/p><p><br \/><em>Ensaio de refer\u00eancia: Janela\u00a01,20 x 1,20 m.<br \/>Dois folhas.<\/em><\/p>\t\t\t\t\t\r\n\t\t\t\t\t\r\n\t\t\t\t<\/div>\r\n\t\t\t\t\t\t\t<\/div>\r\n\t\t<\/div>\r\n\t\t\r\n\t\t\t\t\t\t<\/div>\n\t\t\t\t<\/div>\n\t\t\t\t\t<\/div>\n\t\t\t\t<\/div>\n\t\t\t\t<\/div>","protected":false},"excerpt":{"rendered":"<h5><span style=\"vertical-align: inherit;\"><span style=\"vertical-align: inherit;\">Descri\u00e7\u00e3o<\/span><\/span><\/h5>\n<p data-start=\"0\" data-end=\"254\" data-is-last-node=\"\" data-is-only-node=\"\">Sistema de batente com 54 mm de profundidade e ruptura de ponte t\u00e9rmica de 24 mm, com capacidade m\u00e1xima de envidra\u00e7amento de 41 mm. Oferece \u00f3timo desempenho t\u00e9rmico (Uw a partir de 1,0 W\/m\u00b2K) e ac\u00fastico (at\u00e9 46 dB de prote\u00e7\u00e3o contra ru\u00eddo).<\/p>\n<p data-start=\"0\" data-end=\"254\" data-is-last-node=\"\" data-is-only-node=\"\"><img decoding=\"async\" class=\"alignnone size-full wp-image-4714\" src=\"https:\/\/www.bramial.pt\/wp-content\/uploads\/2025\/07\/Icon-feather-download.png\" alt=\"\" width=\"23\" height=\"23\" \/> <a  data-e-disable-page-transition=\"true\" class=\"download-link\" title=\"\" href=\"https:\/\/www.bramial.com\/fr\/download\/5488\/?tmstv=1778544051\" rel=\"nofollow\" id=\"download-link-5488\" data-redirect=\"false\" ><br \/>\n\tFICHA T\u00c9CNICA COR 3500<\/a>\n<\/p>\n<p data-start=\"0\" data-end=\"254\" data-is-last-node=\"\" data-is-only-node=\"\">","protected":false},"featured_media":5341,"comment_status":"open","ping_status":"closed","template":"","meta":[],"product_brand":[],"product_cat":[58],"product_tag":[],"class_list":{"0":"post-5338","1":"product","2":"type-product","3":"status-publish","4":"has-post-thumbnail","6":"product_cat-janelas-e-portas-batentes","8":"first","9":"instock","10":"downloadable","11":"virtual","12":"product-type-simple"},"_links":{"self":[{"href":"https:\/\/www.bramial.com\/fr\/wp-json\/wp\/v2\/product\/5338","targetHints":{"allow":["GET"]}}],"collection":[{"href":"https:\/\/www.bramial.com\/fr\/wp-json\/wp\/v2\/product"}],"about":[{"href":"https:\/\/www.bramial.com\/fr\/wp-json\/wp\/v2\/types\/product"}],"replies":[{"embeddable":true,"href":"https:\/\/www.bramial.com\/fr\/wp-json\/wp\/v2\/comments?post=5338"}],"version-history":[{"count":8,"href":"https:\/\/www.bramial.com\/fr\/wp-json\/wp\/v2\/product\/5338\/revisions"}],"predecessor-version":[{"id":6642,"href":"https:\/\/www.bramial.com\/fr\/wp-json\/wp\/v2\/product\/5338\/revisions\/6642"}],"wp:featuredmedia":[{"embeddable":true,"href":"https:\/\/www.bramial.com\/fr\/wp-json\/wp\/v2\/media\/5341"}],"wp:attachment":[{"href":"https:\/\/www.bramial.com\/fr\/wp-json\/wp\/v2\/media?parent=5338"}],"wp:term":[{"taxonomy":"product_brand","embeddable":true,"href":"https:\/\/www.bramial.com\/fr\/wp-json\/wp\/v2\/product_brand?post=5338"},{"taxonomy":"product_cat","embeddable":true,"href":"https:\/\/www.bramial.com\/fr\/wp-json\/wp\/v2\/product_cat?post=5338"},{"taxonomy":"product_tag","embeddable":true,"href":"https:\/\/www.bramial.com\/fr\/wp-json\/wp\/v2\/product_tag?post=5338"}],"curies":[{"name":"wp","href":"https:\/\/api.w.org\/{rel}","templated":true}]}}