{"id":5329,"date":"2025-07-09T16:07:34","date_gmt":"2025-07-09T16:07:34","guid":{"rendered":"https:\/\/www.bramial.pt\/?post_type=product&#038;p=5329"},"modified":"2025-07-18T11:36:36","modified_gmt":"2025-07-18T11:36:36","slug":"cor-60-folha-oculta","status":"publish","type":"product","link":"https:\/\/www.bramial.com\/fr\/product\/cor-60-folha-oculta\/","title":{"rendered":"Cor &#8211; 60 &#8211; Folha &#8211; Oculta"},"content":{"rendered":"<div data-elementor-type=\"wp-post\" data-elementor-id=\"5329\" class=\"elementor elementor-5329\">\n\t\t\t\t<div class=\"elementor-element elementor-element-87fce01 e-flex e-con-boxed e-con e-parent\" data-id=\"87fce01\" data-element_type=\"container\">\n\t\t\t\t\t<div class=\"e-con-inner\">\n\t\t\t\t<div class=\"elementor-element elementor-element-81d804a elementor-widget elementor-widget-tftabs\" data-id=\"81d804a\" data-element_type=\"widget\" data-widget_type=\"tftabs.default\">\n\t\t\t\t<div class=\"elementor-widget-container\">\n\t\t\t\t\t\t\t<div id=\"tf-tabs-81d804a\" class=\"tf-tabs horizontal tabs-horizontal icon-position-left show-triger-no nav-justify\" data-tabid=\"81d804a\">\r\n\t\t\t<div class=\"tf-tabnav\">\r\n\t\t\t\t<ul>\r\n\t\t\t\t\t\t\t\t\t\t<li class=\"tablinks inactive elementor-animation-\" data-tab=\"tab-1\">\t\r\n\t\t\t\t\t\t\t\t\t\t\t\t\r\n\t\t\t\t\t\t\t\t\t\t\t\t\t<span class=\"tab-title-text\">Descri\u00e7\u00e3o<\/span>\r\n\t\t\t\t\t\t\t\t\t\t\t<\/li>\r\n\t\t\t\t\t\t\t\t\t\t<li class=\"tablinks inactive elementor-animation-\" data-tab=\"tab-2\">\t\r\n\t\t\t\t\t\t\t\t\t\t\t\t\r\n\t\t\t\t\t\t\t\t\t\t\t\t\t<span class=\"tab-title-text\">Dados t\u00e9cnicos<\/span>\r\n\t\t\t\t\t\t\t\t\t\t\t<\/li>\r\n\t\t\t\t\t\t\t\t\t\t<li class=\"tablinks inactive elementor-animation-\" data-tab=\"tab-3\">\t\r\n\t\t\t\t\t\t\t\t\t\t\t\t\r\n\t\t\t\t\t\t\t\t\t\t\t\t\t<span class=\"tab-title-text\">Ensaios<\/span>\r\n\t\t\t\t\t\t\t\t\t\t\t<\/li>\r\n\t\t\t\t\t\t\t\t\t<\/ul>\r\n\t\t\t<\/div>\r\n\t\t\t<div class=\"tf-tabcontent\">\r\n\t\t\t\t\t\t\t\t<div id=\"tab-1\" class=\"tf-tabcontent-inner inactive animated fadeIn\">\r\n\t\t\t\t\t<p><strong>Minimalismo para projetos de vanguarda.<\/strong>\u00a0Com uma sec\u00e7\u00e3o vista desde o exterior de apenas 63 mm, a COR 60 Folha Oculta apresenta-se como o<strong>\u00a0sistema de batente que permite a maior superf\u00edcie envidra\u00e7ada.<\/strong><\/p><p>\u00a0<\/p><p><strong>Possibilidades<\/strong><br \/>Ferragem de seguran\u00e7a<br \/>Dobradi\u00e7as ocultas<\/p>\t\t\t\t\t\r\n\t\t\t\t\t\r\n\t\t\t\t<\/div>\r\n\t\t\t\t\t\t\t\t<div id=\"tab-2\" class=\"tf-tabcontent-inner inactive animated fadeIn\">\r\n\t\t\t\t\t<p><strong>Envidra\u00e7amento<\/strong><br \/>Max. 34 mm<br \/>Min. 16 mm<\/p><p>\u00a0<\/p><p><strong>Possibilidades de abertura<\/strong><br \/><br \/><strong>Abertura interior<\/strong><br \/>Batente<br \/>Oscilo-batente<br \/>Basculante<\/p><p>\u00a0<\/p><p><strong>Sec\u00e7\u00f5es<\/strong><br \/>Aro fixo 60 mm<br \/>Folha 60 mm<\/p><p>\u00a0<\/p><p><strong>Espessura Perfilaria<\/strong><br \/>Janela 1,6 mm<br \/>Porta-janela 1,6 mm<\/p><p>\u00a0<\/p><p><strong>Largura vareta poliamida<\/strong><br \/>24 mm<\/p><p>\u00a0<\/p><p><strong>Dimens\u00f5es m\u00e1x. folha<\/strong><br \/>Largura (L) 1300 mm<br \/>Altura (H) 2400 mm<\/p><p>\u00a0<\/p><p><strong>Peso m\u00e1x. folha<\/strong><br \/>160 Kg<\/p><p><small>Consultar peso e dimens\u00f5es m\u00e1ximas segundo tipologia<\/small><\/p><p>\u00a0<\/p><p><strong>Acabamentos<\/strong><br \/>Possibilidade bi-cor<br \/>Lacagem a cores (RAL, salpicados e rugosos)<br \/>Lacagem imita\u00e7\u00e3o madeira<br \/>Lacagem anti-bacteriana<br \/>Anodizado<\/p>\t\t\t\t\t\r\n\t\t\t\t\t\r\n\t\t\t\t<\/div>\r\n\t\t\t\t\t\t\t\t<div id=\"tab-3\" class=\"tf-tabcontent-inner inactive animated fadeIn\">\r\n\t\t\t\t\t<p><strong>Transmiss\u00e3o<\/strong><br \/>Uw \u2265 1,5 (W\/m<sup>2<\/sup>K)<br \/><small>Consultar tipologia, dimens\u00e3o e vidro<\/small><\/p><p>\u00a0<\/p><p><strong>Isolamento ac\u00fastico<\/strong><br \/>Rw at\u00e9 45 dB<\/p><p>\u00a0<\/p><p><strong>Permeabilidade ao ar<\/strong><br \/>(EN 12207) Classe 4<\/p><p>\u00a0<\/p><p><strong>Estanquidade \u00e0 \u00e1gua<\/strong><br \/>(EN 12208) Classe 9A<\/p><p>\u00a0<\/p><p><strong>Resist\u00eancia ao vento<\/strong><br \/>(EN 12210) Classe C5<\/p><p>\u00a0<\/p><p><small>Ensaio de refer\u00eancia 1,13 x 1,16 m \/ 1 folha<\/small><\/p>\t\t\t\t\t\r\n\t\t\t\t\t\r\n\t\t\t\t<\/div>\r\n\t\t\t\t\t\t\t<\/div>\r\n\t\t<\/div>\r\n\t\t\r\n\t\t\t\t\t\t<\/div>\n\t\t\t\t<\/div>\n\t\t\t\t\t<\/div>\n\t\t\t\t<\/div>\n\t\t\t\t<\/div>","protected":false},"excerpt":{"rendered":"<h5><span style=\"vertical-align: inherit;\"><span style=\"vertical-align: inherit;\">Descri\u00e7\u00e3o<\/span><\/span><\/h5>\n<div class=\"flex max-w-full flex-col grow\">\n<div class=\"min-h-8 text-message relative flex w-full flex-col items-end gap-2 text-start break-words whitespace-normal [.text-message+&amp;]:mt-5\" dir=\"auto\" data-message-author-role=\"assistant\" data-message-id=\"82ac51c0-2f4a-4938-bbc7-f646893f7831\" data-message-model-slug=\"gpt-4o\">\n<div class=\"flex w-full flex-col gap-1 empty:hidden first:pt-[3px]\">\n<div class=\"markdown prose dark:prose-invert w-full break-words light\">Com uma sec\u00e7\u00e3o vista de apenas 63 mm, a COR 60 Folha Oculta \u00e9 a solu\u00e7\u00e3o ideal para projetos de vanguarda, oferecendo o m\u00e1ximo de superf\u00edcie envidra\u00e7ada e um design minimalista, sem comprometer a efici\u00eancia.<\/div>\n<\/div>\n<\/div>\n<\/div>\n<div class=\"flex min-h-[46px] justify-start\">\n<div><img decoding=\"async\" class=\"alignnone size-full wp-image-4714\" src=\"https:\/\/www.bramial.pt\/wp-content\/uploads\/2025\/07\/Icon-feather-download.png\" alt=\"\" width=\"23\" height=\"23\" \/> <a  data-e-disable-page-transition=\"true\" class=\"download-link\" title=\"\" href=\"https:\/\/www.bramial.com\/fr\/download\/5488\/?tmstv=1776548939\" rel=\"nofollow\" id=\"download-link-5488\" data-redirect=\"false\" ><br \/>\n\tFICHA T\u00c9CNICA COR 3500<\/a>\n<\/div>\n<div><\/div>\n<\/div>","protected":false},"featured_media":5332,"comment_status":"open","ping_status":"closed","template":"","meta":[],"product_brand":[],"product_cat":[58],"product_tag":[],"class_list":{"0":"post-5329","1":"product","2":"type-product","3":"status-publish","4":"has-post-thumbnail","6":"product_cat-janelas-e-portas-batentes","8":"first","9":"instock","10":"downloadable","11":"virtual","12":"product-type-simple"},"_links":{"self":[{"href":"https:\/\/www.bramial.com\/fr\/wp-json\/wp\/v2\/product\/5329","targetHints":{"allow":["GET"]}}],"collection":[{"href":"https:\/\/www.bramial.com\/fr\/wp-json\/wp\/v2\/product"}],"about":[{"href":"https:\/\/www.bramial.com\/fr\/wp-json\/wp\/v2\/types\/product"}],"replies":[{"embeddable":true,"href":"https:\/\/www.bramial.com\/fr\/wp-json\/wp\/v2\/comments?post=5329"}],"version-history":[{"count":7,"href":"https:\/\/www.bramial.com\/fr\/wp-json\/wp\/v2\/product\/5329\/revisions"}],"predecessor-version":[{"id":6499,"href":"https:\/\/www.bramial.com\/fr\/wp-json\/wp\/v2\/product\/5329\/revisions\/6499"}],"wp:featuredmedia":[{"embeddable":true,"href":"https:\/\/www.bramial.com\/fr\/wp-json\/wp\/v2\/media\/5332"}],"wp:attachment":[{"href":"https:\/\/www.bramial.com\/fr\/wp-json\/wp\/v2\/media?parent=5329"}],"wp:term":[{"taxonomy":"product_brand","embeddable":true,"href":"https:\/\/www.bramial.com\/fr\/wp-json\/wp\/v2\/product_brand?post=5329"},{"taxonomy":"product_cat","embeddable":true,"href":"https:\/\/www.bramial.com\/fr\/wp-json\/wp\/v2\/product_cat?post=5329"},{"taxonomy":"product_tag","embeddable":true,"href":"https:\/\/www.bramial.com\/fr\/wp-json\/wp\/v2\/product_tag?post=5329"}],"curies":[{"name":"wp","href":"https:\/\/api.w.org\/{rel}","templated":true}]}}