{"id":5312,"date":"2025-07-09T15:59:08","date_gmt":"2025-07-09T15:59:08","guid":{"rendered":"https:\/\/www.bramial.pt\/?post_type=product&#038;p=5312"},"modified":"2025-07-18T11:38:05","modified_gmt":"2025-07-18T11:38:05","slug":"alu-steel","status":"publish","type":"product","link":"https:\/\/www.bramial.com\/fr\/product\/alu-steel\/","title":{"rendered":"Alu-Steel"},"content":{"rendered":"<div data-elementor-type=\"wp-post\" data-elementor-id=\"5312\" class=\"elementor elementor-5312\">\n\t\t\t\t<div class=\"elementor-element elementor-element-87fce01 e-flex e-con-boxed e-con e-parent\" data-id=\"87fce01\" data-element_type=\"container\">\n\t\t\t\t\t<div class=\"e-con-inner\">\n\t\t\t\t<div class=\"elementor-element elementor-element-81d804a elementor-widget elementor-widget-tftabs\" data-id=\"81d804a\" data-element_type=\"widget\" data-widget_type=\"tftabs.default\">\n\t\t\t\t<div class=\"elementor-widget-container\">\n\t\t\t\t\t\t\t<div id=\"tf-tabs-81d804a\" class=\"tf-tabs horizontal tabs-horizontal icon-position-left show-triger-no nav-justify\" data-tabid=\"81d804a\">\r\n\t\t\t<div class=\"tf-tabnav\">\r\n\t\t\t\t<ul>\r\n\t\t\t\t\t\t\t\t\t\t<li class=\"tablinks inactive elementor-animation-\" data-tab=\"tab-1\">\t\r\n\t\t\t\t\t\t\t\t\t\t\t\t\r\n\t\t\t\t\t\t\t\t\t\t\t\t\t<span class=\"tab-title-text\">Descri\u00e7\u00e3o<\/span>\r\n\t\t\t\t\t\t\t\t\t\t\t<\/li>\r\n\t\t\t\t\t\t\t\t\t\t<li class=\"tablinks inactive elementor-animation-\" data-tab=\"tab-2\">\t\r\n\t\t\t\t\t\t\t\t\t\t\t\t\r\n\t\t\t\t\t\t\t\t\t\t\t\t\t<span class=\"tab-title-text\">Dados t\u00e9cnicos<\/span>\r\n\t\t\t\t\t\t\t\t\t\t\t<\/li>\r\n\t\t\t\t\t\t\t\t\t\t<li class=\"tablinks inactive elementor-animation-\" data-tab=\"tab-3\">\t\r\n\t\t\t\t\t\t\t\t\t\t\t\t\r\n\t\t\t\t\t\t\t\t\t\t\t\t\t<span class=\"tab-title-text\">Ensaios<\/span>\r\n\t\t\t\t\t\t\t\t\t\t\t<\/li>\r\n\t\t\t\t\t\t\t\t\t<\/ul>\r\n\t\t\t<\/div>\r\n\t\t\t<div class=\"tf-tabcontent\">\r\n\t\t\t\t\t\t\t\t<div id=\"tab-1\" class=\"tf-tabcontent-inner inactive animated fadeIn\">\r\n\t\t\t\t\t<p><strong><span>Inspirada nas linhas tradicionais,<\/span><\/strong><span>\u00a0o novo sistema Alu-Steel\u00a0<\/span><strong><span>permite combinar as melhores presta\u00e7\u00f5es do alum\u00ednio com linhas est\u00e9ticas mais cl\u00e1ssicas caracter\u00edsticas do a\u00e7o<\/span><\/strong><span>\u00a0. Com uma se\u00e7\u00e3o de vista desde 72,5 mm, Alu-Steel apresenta-se como uma solu\u00e7\u00e3o ideal tanto para a reabilita\u00e7\u00e3o como para obra nova, apresentado vers\u00f5es retas e chanfrada.<\/span><\/p><p>\u00a0<\/p><p><strong>Possibilidades<\/strong><br \/>Ferragem Seguran\u00e7a<br \/>Dobradi\u00e7as ocultas<br \/>Drenagem oculta<\/p>\t\t\t\t\t\r\n\t\t\t\t\t\r\n\t\t\t\t<\/div>\r\n\t\t\t\t\t\t\t\t<div id=\"tab-2\" class=\"tf-tabcontent-inner inactive animated fadeIn\">\r\n\t\t\t\t\t<p><strong>Envidra\u00e7amento<\/strong><br \/>Max. 54 mm<br \/>Min. 20 mm<\/p><p>\u00a0<\/p><p><strong>Possibilidades de abertura<\/strong><br \/><br \/><strong>Abertura interior<\/strong><br \/>Batente<br \/>Oscilo-batente<br \/>Basculante<br \/><br \/><\/p><h5><strong><span>Exterior:<\/span><\/strong><\/h5><p>Batente<br \/><br \/><\/p><p><strong>Sec\u00e7\u00f5es<\/strong><br \/>Aro fixo modern 75 mm<br \/>Aro fixo classic 100 mm<br \/>Folha 83 mm<\/p><p>\u00a0<\/p><p><strong>Espessura Perfilaria<\/strong><br \/>Janela 1,5 mm<\/p><p>\u00a0<\/p><p><strong>Largura vareta poliamida<\/strong><br \/>32-39 mm<\/p><p>\u00a0<\/p><p><strong><span>Dimens\u00f5es m\u00e1x. folha<\/span><\/strong><br \/><span>Largura (L) 1500 mm<\/span><br \/><span>Altura (H) 2600 mm<\/span><\/p><p>\u00a0<\/p><p><strong>Peso m\u00e1x. folha<\/strong><br \/>160 Kg<\/p><p><small>Consultar peso e dimens\u00f5es m\u00e1ximas segundo tipologia<\/small><\/p><p>\u00a0<\/p><p><strong>Acabamentos<\/strong><br \/>Possibilidade bi-cor<br \/>Lacagem a cores (RAL, salpicados e rugosos)<br \/>Lacagem imita\u00e7\u00e3o madeira<br \/>Lacagem anti-bacteriana<br \/>Anodizado<\/p>\t\t\t\t\t\r\n\t\t\t\t\t\r\n\t\t\t\t<\/div>\r\n\t\t\t\t\t\t\t\t<div id=\"tab-3\" class=\"tf-tabcontent-inner inactive animated fadeIn\">\r\n\t\t\t\t\t<p><strong><span>Transmiss\u00e3o<\/span><\/strong><br \/><span>Uw \u2265\u00a0\u00a0<\/span><span>0,83\u00a0<\/span><span>\u00a0(W\/m\u00a0<\/span><sup><span>2<\/span><\/sup><span>\u00a0K)<\/span><\/p><p>\u00a0<\/p><p><strong>Isolamento ac\u00fastico<\/strong><br \/>Rw at\u00e9 45 dB<\/p><p>\u00a0<\/p><p><strong><span>Permeabilidade ao ar<\/span><\/strong><br \/><span>(EN 12207) Classe 4<\/span><\/p><p>\u00a0<\/p><p><strong>Estanquidade \u00e0 \u00e1gua<\/strong><br \/>(EN 12208) Classe E1200<\/p><p>\u00a0<\/p><p><strong>Resist\u00eancia ao vento<\/strong><br \/>(EN 12210) Classe C5<\/p><p>\u00a0<\/p><p><small>Ensaio de refer\u00eancia 1,23 x 1,48 m \/ 2 folhas<\/small><\/p>\t\t\t\t\t\r\n\t\t\t\t\t\r\n\t\t\t\t<\/div>\r\n\t\t\t\t\t\t\t<\/div>\r\n\t\t<\/div>\r\n\t\t\r\n\t\t\t\t\t\t<\/div>\n\t\t\t\t<\/div>\n\t\t\t\t\t<\/div>\n\t\t\t\t<\/div>\n\t\t\t\t<\/div>","protected":false},"excerpt":{"rendered":"<h5><span style=\"vertical-align: inherit;\"><span style=\"vertical-align: inherit;\">Descri\u00e7\u00e3o<\/span><\/span><\/h5>\n<article class=\"text-token-text-primary w-full\" dir=\"auto\" data-testid=\"conversation-turn-6\" data-scroll-anchor=\"true\">\n<div class=\"text-base my-auto mx-auto py-5 [--thread-content-margin:--spacing(4)] @[37rem]:[--thread-content-margin:--spacing(6)] @[72rem]:[--thread-content-margin:--spacing(16)] px-(--thread-content-margin)\">\n<div class=\"[--thread-content-max-width:32rem] @[34rem]:[--thread-content-max-width:40rem] @[64rem]:[--thread-content-max-width:48rem] mx-auto flex max-w-(--thread-content-max-width) flex-1 text-base gap-4 md:gap-5 lg:gap-6 group\/turn-messages focus-visible:outline-hidden\" tabindex=\"-1\">\n<div class=\"group\/conversation-turn relative flex w-full min-w-0 flex-col agent-turn\">\n<div class=\"relative flex-col gap-1 md:gap-3\">\n<div class=\"flex max-w-full flex-col grow\">\n<div class=\"min-h-8 text-message relative flex w-full flex-col items-end gap-2 text-start break-words whitespace-normal [.text-message+&amp;]:mt-5\" dir=\"auto\" data-message-author-role=\"assistant\" data-message-id=\"3bdd3a9a-0566-433e-85e4-7c0ed983630b\" data-message-model-slug=\"gpt-4o\">\n<div class=\"flex w-full flex-col gap-1 empty:hidden first:pt-[3px]\">\n<div class=\"markdown prose dark:prose-invert w-full break-words light\">\n<article class=\"text-token-text-primary w-full\" dir=\"auto\" data-testid=\"conversation-turn-16\" data-scroll-anchor=\"true\">\n<div class=\"text-base my-auto mx-auto py-5 [--thread-content-margin:--spacing(4)] @[37rem]:[--thread-content-margin:--spacing(6)] @[72rem]:[--thread-content-margin:--spacing(16)] px-(--thread-content-margin)\">\n<div class=\"[--thread-content-max-width:32rem] @[34rem]:[--thread-content-max-width:40rem] @[64rem]:[--thread-content-max-width:48rem] mx-auto flex max-w-(--thread-content-max-width) flex-1 text-base gap-4 md:gap-5 lg:gap-6 group\/turn-messages focus-visible:outline-hidden\" tabindex=\"-1\">\n<div class=\"group\/conversation-turn relative flex w-full min-w-0 flex-col agent-turn\">\n<div class=\"relative flex-col gap-1 md:gap-3\">\n<div class=\"flex max-w-full flex-col grow\">\n<div class=\"min-h-8 text-message relative flex w-full flex-col items-end gap-2 text-start break-words whitespace-normal [.text-message+&amp;]:mt-5\" dir=\"auto\" data-message-author-role=\"assistant\" data-message-id=\"5c4125ab-f050-418f-a513-5680596843b6\" data-message-model-slug=\"gpt-4o\">\n<div class=\"flex w-full flex-col gap-1 empty:hidden first:pt-[3px]\">\n<div class=\"markdown prose dark:prose-invert w-full break-words light\">Inspirado nas linhas tradicionais, o sistema Alu-Steel combina as melhores caracter\u00edsticas do alum\u00ednio com o estilo cl\u00e1ssico do a\u00e7o. Com uma sec\u00e7\u00e3o de vista de 72,5 mm, \u00e9 uma solu\u00e7\u00e3o ideal para reabilita\u00e7\u00e3o e obras novas, dispon\u00edvel em vers\u00f5es retas e chanfradas.<\/div>\n<\/div>\n<\/div>\n<\/div>\n<\/div>\n<\/div>\n<\/div>\n<\/div>\n<\/article>\n<\/div>\n<\/div>\n<\/div>\n<\/div>\n<\/div>\n<\/div>\n<\/div>\n<\/div>\n<\/article>\n<div class=\"pointer-events-none h-px w-px\" aria-hidden=\"true\" data-edge=\"true\"><img decoding=\"async\" class=\"alignnone size-full wp-image-4714\" src=\"https:\/\/www.bramial.pt\/wp-content\/uploads\/2025\/07\/Icon-feather-download.png\" alt=\"\" width=\"23\" height=\"23\" \/> <a  data-e-disable-page-transition=\"true\" class=\"download-link\" title=\"\" href=\"https:\/\/www.bramial.com\/fr\/download\/5478\/?tmstv=1778544703\" rel=\"nofollow\" id=\"download-link-5478\" data-redirect=\"false\" ><br \/>\n\tFICHA T\u00c9CNICA Alu-Steel<\/a>\n<\/div>\n<div aria-hidden=\"true\" data-edge=\"true\"><\/div>","protected":false},"featured_media":5313,"comment_status":"open","ping_status":"closed","template":"","meta":[],"product_brand":[],"product_cat":[58],"product_tag":[],"class_list":{"0":"post-5312","1":"product","2":"type-product","3":"status-publish","4":"has-post-thumbnail","6":"product_cat-janelas-e-portas-batentes","8":"first","9":"instock","10":"downloadable","11":"virtual","12":"product-type-simple"},"_links":{"self":[{"href":"https:\/\/www.bramial.com\/fr\/wp-json\/wp\/v2\/product\/5312","targetHints":{"allow":["GET"]}}],"collection":[{"href":"https:\/\/www.bramial.com\/fr\/wp-json\/wp\/v2\/product"}],"about":[{"href":"https:\/\/www.bramial.com\/fr\/wp-json\/wp\/v2\/types\/product"}],"replies":[{"embeddable":true,"href":"https:\/\/www.bramial.com\/fr\/wp-json\/wp\/v2\/comments?post=5312"}],"version-history":[{"count":8,"href":"https:\/\/www.bramial.com\/fr\/wp-json\/wp\/v2\/product\/5312\/revisions"}],"predecessor-version":[{"id":6501,"href":"https:\/\/www.bramial.com\/fr\/wp-json\/wp\/v2\/product\/5312\/revisions\/6501"}],"wp:featuredmedia":[{"embeddable":true,"href":"https:\/\/www.bramial.com\/fr\/wp-json\/wp\/v2\/media\/5313"}],"wp:attachment":[{"href":"https:\/\/www.bramial.com\/fr\/wp-json\/wp\/v2\/media?parent=5312"}],"wp:term":[{"taxonomy":"product_brand","embeddable":true,"href":"https:\/\/www.bramial.com\/fr\/wp-json\/wp\/v2\/product_brand?post=5312"},{"taxonomy":"product_cat","embeddable":true,"href":"https:\/\/www.bramial.com\/fr\/wp-json\/wp\/v2\/product_cat?post=5312"},{"taxonomy":"product_tag","embeddable":true,"href":"https:\/\/www.bramial.com\/fr\/wp-json\/wp\/v2\/product_tag?post=5312"}],"curies":[{"name":"wp","href":"https:\/\/api.w.org\/{rel}","templated":true}]}}