{"id":5303,"date":"2025-07-09T15:55:02","date_gmt":"2025-07-09T15:55:02","guid":{"rendered":"https:\/\/www.bramial.pt\/?post_type=product&#038;p=5303"},"modified":"2025-07-18T11:39:34","modified_gmt":"2025-07-18T11:39:34","slug":"cor-70-oc-semi-visao","status":"publish","type":"product","link":"https:\/\/www.bramial.com\/fr\/product\/cor-70-oc-semi-visao\/","title":{"rendered":"COR &#8211; 70 &#8211; OC &#8211; Semi-Vis\u00e3o"},"content":{"rendered":"<div data-elementor-type=\"wp-post\" data-elementor-id=\"5303\" class=\"elementor elementor-5303\">\n\t\t\t\t<div class=\"elementor-element elementor-element-87fce01 e-flex e-con-boxed e-con e-parent\" data-id=\"87fce01\" data-element_type=\"container\">\n\t\t\t\t\t<div class=\"e-con-inner\">\n\t\t\t\t<div class=\"elementor-element elementor-element-81d804a elementor-widget elementor-widget-tftabs\" data-id=\"81d804a\" data-element_type=\"widget\" data-widget_type=\"tftabs.default\">\n\t\t\t\t<div class=\"elementor-widget-container\">\n\t\t\t\t\t\t\t<div id=\"tf-tabs-81d804a\" class=\"tf-tabs horizontal tabs-horizontal icon-position-left show-triger-no nav-justify\" data-tabid=\"81d804a\">\r\n\t\t\t<div class=\"tf-tabnav\">\r\n\t\t\t\t<ul>\r\n\t\t\t\t\t\t\t\t\t\t<li class=\"tablinks inactive elementor-animation-\" data-tab=\"tab-1\">\t\r\n\t\t\t\t\t\t\t\t\t\t\t\t\r\n\t\t\t\t\t\t\t\t\t\t\t\t\t<span class=\"tab-title-text\">Descri\u00e7\u00e3o<\/span>\r\n\t\t\t\t\t\t\t\t\t\t\t<\/li>\r\n\t\t\t\t\t\t\t\t\t\t<li class=\"tablinks inactive elementor-animation-\" data-tab=\"tab-2\">\t\r\n\t\t\t\t\t\t\t\t\t\t\t\t\r\n\t\t\t\t\t\t\t\t\t\t\t\t\t<span class=\"tab-title-text\">Dados t\u00e9cnicos<\/span>\r\n\t\t\t\t\t\t\t\t\t\t\t<\/li>\r\n\t\t\t\t\t\t\t\t\t\t<li class=\"tablinks inactive elementor-animation-\" data-tab=\"tab-3\">\t\r\n\t\t\t\t\t\t\t\t\t\t\t\t\r\n\t\t\t\t\t\t\t\t\t\t\t\t\t<span class=\"tab-title-text\">Ensaios<\/span>\r\n\t\t\t\t\t\t\t\t\t\t\t<\/li>\r\n\t\t\t\t\t\t\t\t\t<\/ul>\r\n\t\t\t<\/div>\r\n\t\t\t<div class=\"tf-tabcontent\">\r\n\t\t\t\t\t\t\t\t<div id=\"tab-1\" class=\"tf-tabcontent-inner inactive animated fadeIn\">\r\n\t\t\t\t\t<p><strong>A vers\u00e3o de folha semivista do sistema COR 70 OC\u00a0<\/strong>permite<strong>\u00a0ampliar as possibilidades est\u00e9ticas<\/strong>\u00a0desta s\u00e9rie com aro monoblock, dispon\u00edvel em corte \u00e0 testa ou meia esquadria.<\/p><p><strong>Possibilidades<\/strong><br \/>Ferragem Seguran\u00e7a<br \/>Dobradi\u00e7as ocultas<br \/>Drenagem oculta<br \/>Manete oculta<\/p>\t\t\t\t\t\r\n\t\t\t\t\t\r\n\t\t\t\t<\/div>\r\n\t\t\t\t\t\t\t\t<div id=\"tab-2\" class=\"tf-tabcontent-inner inactive animated fadeIn\">\r\n\t\t\t\t\t<p><strong>Envidra\u00e7amento<\/strong><br \/>M\u00e1x. 55 mm<br \/>M\u00edn. 15 mm<\/p><p>\u00a0<\/p><p><strong>Possibilidades de abertura<\/strong><br \/><br \/><strong>Abertura interior<\/strong><\/p><p>Batente<\/p><p><span>Oscilador-swing<\/span><\/p><p>Basculante<\/p><p>Deslizante-paralela<\/p><p>\u00a0<\/p><p><strong><span>Se\u00e7\u00f5es<\/span><\/strong><br \/><span>Aro fixo 70 - 232 mm<\/span><br \/><span>Folha 78 mm<\/span><\/p><p>\u00a0<\/p><p><strong>Espessura Perfilaria<\/strong><br \/>Janela 1,5 mm<\/p><p>\u00a0<\/p><p><strong>Largura vareta poliamida<\/strong><br \/>32 - 35 mm<\/p><p>\u00a0<\/p><p><strong><span>Dimens\u00f5es m\u00e1x. folha<\/span><\/strong><br \/><span>Largura (L) 1000 mm<\/span><br \/><span>Altura (H) 1700 mm<\/span><\/p><p>\u00a0<\/p><p><strong>Peso m\u00e1x. folha<\/strong><br \/>160 Kg<br \/><small>Consultar peso e dimens\u00f5es m\u00e1ximas segundo tipologia<\/small><\/p><p>\u00a0<\/p><p><strong>Acabamentos<\/strong><br \/>Possibilidade bi-cor<br \/>Lacagem a cores (RAL, salpicados e rugosos)<br \/>Lacagem imita\u00e7\u00e3o madeira<br \/>Lacagem anti-bacteriana<br \/>Anodizado<\/p>\t\t\t\t\t\r\n\t\t\t\t\t\r\n\t\t\t\t<\/div>\r\n\t\t\t\t\t\t\t\t<div id=\"tab-3\" class=\"tf-tabcontent-inner inactive animated fadeIn\">\r\n\t\t\t\t\t<p><strong>Transmiss\u00e3o<\/strong><br \/>Uw \u2265\u00a00.90\u00a0(W\/m<sup>2<\/sup>K)<br \/><small>Consultar tipologia, dimens\u00e3o e vidro<\/small><\/p><p>\u00a0<\/p><p><strong>Isolamento ac\u00fastico<\/strong><br \/>Rw at\u00e9 44 dB<\/p><p>\u00a0<\/p><p><strong><span>Permeabilidade ao ar<\/span><\/strong><br \/><span>(EN 12207) Classe 4<\/span><\/p><p>\u00a0<\/p><p><strong>Estanquidade \u00e0 \u00e1gua<\/strong><br \/>(EN 12208) Classe E1800<\/p><p>\u00a0<\/p><p><strong>Resist\u00eancia ao vento<\/strong><br \/>(EN 12210) Classe C5<\/p><p>\u00a0<\/p><p><strong>Certifica\u00e7\u00e3o DTA do laborat\u00f3rio CSTB<\/strong><br \/>Avis technique - Ref. 6\/17-2363<\/p><p>\u00a0<\/p><p><small>Ensaio de refer\u00eancia 1,23 x 1,48 m \/ 2 folhas<\/small><\/p>\t\t\t\t\t\r\n\t\t\t\t\t\r\n\t\t\t\t<\/div>\r\n\t\t\t\t\t\t\t<\/div>\r\n\t\t<\/div>\r\n\t\t\r\n\t\t\t\t\t\t<\/div>\n\t\t\t\t<\/div>\n\t\t\t\t\t<\/div>\n\t\t\t\t<\/div>\n\t\t\t\t<\/div>","protected":false},"excerpt":{"rendered":"<h5><span style=\"vertical-align: inherit;\"><span style=\"vertical-align: inherit;\">Descri\u00e7\u00e3o<\/span><\/span><\/h5>\n<div class=\"markdown prose dark:prose-invert w-full break-words light\">A vers\u00e3o de folha semivista do sistema COR 70 OC com aro monoblock amplia as op\u00e7\u00f5es est\u00e9ticas da s\u00e9rie, estando dispon\u00edvel em corte \u00e0 testa ou meia esquadria, oferecendo maior versatilidade no design.<\/div>\n<div><img decoding=\"async\" class=\"alignnone size-full wp-image-4714\" src=\"https:\/\/www.bramial.pt\/wp-content\/uploads\/2025\/07\/Icon-feather-download.png\" alt=\"\" width=\"23\" height=\"23\" \/> <a  data-e-disable-page-transition=\"true\" class=\"download-link\" title=\"\" href=\"https:\/\/www.bramial.com\/fr\/download\/5443\/?tmstv=1776548933\" rel=\"nofollow\" id=\"download-link-5443\" data-redirect=\"false\" ><br \/>\n\tFICHA T\u00c9CNICA COR 80 Ind. Passivhaus<\/a>\n<\/div>\n<article class=\"text-token-text-primary w-full\" dir=\"auto\" data-testid=\"conversation-turn-6\" data-scroll-anchor=\"true\">\n<div class=\"text-base my-auto mx-auto py-5 [--thread-content-margin:--spacing(4)] @[37rem]:[--thread-content-margin:--spacing(6)] @[72rem]:[--thread-content-margin:--spacing(16)] px-(--thread-content-margin)\">\n<div class=\"[--thread-content-max-width:32rem] @[34rem]:[--thread-content-max-width:40rem] @[64rem]:[--thread-content-max-width:48rem] mx-auto flex max-w-(--thread-content-max-width) flex-1 text-base gap-4 md:gap-5 lg:gap-6 group\/turn-messages focus-visible:outline-hidden\" tabindex=\"-1\">\n<div class=\"group\/conversation-turn relative flex w-full min-w-0 flex-col agent-turn\">\n<div class=\"relative flex-col gap-1 md:gap-3\">\n<div class=\"flex min-h-[46px] justify-start\">\n<div class=\"touch:-me-2 touch:-ms-3.5 -ms-2.5 -me-1 flex flex-wrap items-center gap-y-4 p-1 select-none touch:w-[calc(100%+--spacing(3.5))] -mt-1 w-[calc(100%+--spacing(2.5))] duration-[1.5s] focus-within:transition-none hover:transition-none pointer-events-none [mask-image:linear-gradient(to_right,black_33%,transparent_66%)] [mask-size:300%_100%] [mask-position:100%_0%] motion-safe:transition-[mask-position] group-hover\/turn-messages:pointer-events-auto group-hover\/turn-messages:[mask-position:0_0] group-focus-within\/turn-messages:pointer-events-auto group-focus-within\/turn-messages:[mask-position:0_0] has-data-[state=open]:pointer-events-auto has-data-[state=open]:[mask-position:0_0]\">\n<div class=\"pointer-events-none h-px w-px\" aria-hidden=\"true\" data-edge=\"true\">\n<div class=\"pointer-events-none h-px w-px\" aria-hidden=\"true\" data-edge=\"true\"><\/div>\n<\/div>\n<\/div>\n<\/div>\n<\/div>\n<\/div>\n<\/div>\n<\/div>\n<\/article>","protected":false},"featured_media":5304,"comment_status":"open","ping_status":"closed","template":"","meta":[],"product_brand":[],"product_cat":[58],"product_tag":[],"class_list":{"0":"post-5303","1":"product","2":"type-product","3":"status-publish","4":"has-post-thumbnail","6":"product_cat-janelas-e-portas-batentes","8":"first","9":"instock","10":"downloadable","11":"virtual","12":"product-type-simple"},"_links":{"self":[{"href":"https:\/\/www.bramial.com\/fr\/wp-json\/wp\/v2\/product\/5303","targetHints":{"allow":["GET"]}}],"collection":[{"href":"https:\/\/www.bramial.com\/fr\/wp-json\/wp\/v2\/product"}],"about":[{"href":"https:\/\/www.bramial.com\/fr\/wp-json\/wp\/v2\/types\/product"}],"replies":[{"embeddable":true,"href":"https:\/\/www.bramial.com\/fr\/wp-json\/wp\/v2\/comments?post=5303"}],"version-history":[{"count":6,"href":"https:\/\/www.bramial.com\/fr\/wp-json\/wp\/v2\/product\/5303\/revisions"}],"predecessor-version":[{"id":6119,"href":"https:\/\/www.bramial.com\/fr\/wp-json\/wp\/v2\/product\/5303\/revisions\/6119"}],"wp:featuredmedia":[{"embeddable":true,"href":"https:\/\/www.bramial.com\/fr\/wp-json\/wp\/v2\/media\/5304"}],"wp:attachment":[{"href":"https:\/\/www.bramial.com\/fr\/wp-json\/wp\/v2\/media?parent=5303"}],"wp:term":[{"taxonomy":"product_brand","embeddable":true,"href":"https:\/\/www.bramial.com\/fr\/wp-json\/wp\/v2\/product_brand?post=5303"},{"taxonomy":"product_cat","embeddable":true,"href":"https:\/\/www.bramial.com\/fr\/wp-json\/wp\/v2\/product_cat?post=5303"},{"taxonomy":"product_tag","embeddable":true,"href":"https:\/\/www.bramial.com\/fr\/wp-json\/wp\/v2\/product_tag?post=5303"}],"curies":[{"name":"wp","href":"https:\/\/api.w.org\/{rel}","templated":true}]}}