{"id":5292,"date":"2025-07-09T15:50:41","date_gmt":"2025-07-09T15:50:41","guid":{"rendered":"https:\/\/www.bramial.pt\/?post_type=product&#038;p=5292"},"modified":"2025-07-16T14:03:50","modified_gmt":"2025-07-16T14:03:50","slug":"cor-70-oc","status":"publish","type":"product","link":"https:\/\/www.bramial.com\/fr\/product\/cor-70-oc\/","title":{"rendered":"COR &#8211; 70 &#8211; OC"},"content":{"rendered":"<div data-elementor-type=\"wp-post\" data-elementor-id=\"5292\" class=\"elementor elementor-5292\">\n\t\t\t\t<div class=\"elementor-element elementor-element-87fce01 e-flex e-con-boxed e-con e-parent\" data-id=\"87fce01\" data-element_type=\"container\">\n\t\t\t\t\t<div class=\"e-con-inner\">\n\t\t\t\t<div class=\"elementor-element elementor-element-81d804a elementor-widget elementor-widget-tftabs\" data-id=\"81d804a\" data-element_type=\"widget\" data-widget_type=\"tftabs.default\">\n\t\t\t\t<div class=\"elementor-widget-container\">\n\t\t\t\t\t\t\t<div id=\"tf-tabs-81d804a\" class=\"tf-tabs horizontal tabs-horizontal icon-position-left show-triger-no nav-justify\" data-tabid=\"81d804a\">\r\n\t\t\t<div class=\"tf-tabnav\">\r\n\t\t\t\t<ul>\r\n\t\t\t\t\t\t\t\t\t\t<li class=\"tablinks inactive elementor-animation-\" data-tab=\"tab-1\">\t\r\n\t\t\t\t\t\t\t\t\t\t\t\t\r\n\t\t\t\t\t\t\t\t\t\t\t\t\t<span class=\"tab-title-text\">Descri\u00e7\u00e3o<\/span>\r\n\t\t\t\t\t\t\t\t\t\t\t<\/li>\r\n\t\t\t\t\t\t\t\t\t\t<li class=\"tablinks inactive elementor-animation-\" data-tab=\"tab-2\">\t\r\n\t\t\t\t\t\t\t\t\t\t\t\t\r\n\t\t\t\t\t\t\t\t\t\t\t\t\t<span class=\"tab-title-text\">Dados t\u00e9cnicos<\/span>\r\n\t\t\t\t\t\t\t\t\t\t\t<\/li>\r\n\t\t\t\t\t\t\t\t\t\t<li class=\"tablinks inactive elementor-animation-\" data-tab=\"tab-3\">\t\r\n\t\t\t\t\t\t\t\t\t\t\t\t\r\n\t\t\t\t\t\t\t\t\t\t\t\t\t<span class=\"tab-title-text\">Ensaios<\/span>\r\n\t\t\t\t\t\t\t\t\t\t\t<\/li>\r\n\t\t\t\t\t\t\t\t\t<\/ul>\r\n\t\t\t<\/div>\r\n\t\t\t<div class=\"tf-tabcontent\">\r\n\t\t\t\t\t\t\t\t<div id=\"tab-1\" class=\"tf-tabcontent-inner inactive animated fadeIn\">\r\n\t\t\t\t\t<p><strong><span>Sistema de folha oculta com aro monoblock orientado para o mercado franc\u00eas<\/span><\/strong><span>\u00a0que facilita a coloca\u00e7\u00e3o no local. Gra\u00e7as a esse\u00a0<\/span><strong><span>novo aro, agiliza o processo de fabrica\u00e7\u00e3o e instala\u00e7\u00e3o da janela,<\/span><\/strong><span>\u00a0porque n\u00e3o ser\u00e1 necess\u00e1rio clipar tap\u00e9s, solapes, alargadeiras e outros perfis complementares, reduzindo assim o tempo do conjunto e coloca\u00e7\u00e3o. Trata-se de uma solu\u00e7\u00e3o dispon\u00edvel tanto em corte \u00e0 testa ou meia esquadria, adaptando-se \u00e0s prefer\u00eancias de cada instalador.<\/span><\/p><p><strong><span>Possibilidades<\/span><\/strong><br \/><span>\u00bb Ferragem Seguran\u00e7a<\/span><br \/><span>\u00bb Dobradi\u00e7as ocultas<\/span><br \/><span>\u00bb Drenagem oculta<\/span><br \/><span>\u00bb Manete oculta<\/span><\/p>\t\t\t\t\t\r\n\t\t\t\t\t\r\n\t\t\t\t<\/div>\r\n\t\t\t\t\t\t\t\t<div id=\"tab-2\" class=\"tf-tabcontent-inner inactive animated fadeIn\">\r\n\t\t\t\t\t<p><strong><span>Envidra\u00e7amento<\/span><\/strong><br \/><span>M\u00e1x. 40 mm<\/span><br \/><span>M\u00edn. 26 mm<\/span><\/p><p>\u00a0<\/p><p><strong><span>Possibilidades de abertura<\/span><\/strong><br \/><br \/><strong><span>Apertura interior<\/span><\/strong><\/p><p><span>Batente<\/span><\/p><p><span>Oscilador-swing<\/span><\/p><p><span>Basculante<\/span><\/p><p><span>Deslizante-paralela<\/span><br \/><br \/><\/p><p><strong><span>Se\u00e7\u00f5es<\/span><\/strong><br \/><span>Aro fixo 70 - 232 mm<\/span><br \/><span>Folha 70 mm<\/span><\/p><p>\u00a0<\/p><p><strong><span>Espessura Perfilaria<\/span><\/strong><br \/><span>Janela 1,9 mm<\/span><\/p><p>\u00a0<\/p><p><strong><span>Largura vareta poliamida<\/span><\/strong><br \/><span>35 mm<\/span><\/p><p>\u00a0<\/p><p><strong><span>Dimens\u00f5es m\u00e1x. folha<\/span><\/strong><br \/><br \/><strong><span>Solu\u00e7\u00e3o standard<\/span><br \/><\/strong><span>Largura (L) 1300 mm<\/span><br \/><span>Altura (H) 2400 mm<\/span><br \/><br \/><strong><span>Ferrajem HD (Abertura batente)<\/span><br \/><\/strong><span>Largura (L) 1200 mm<\/span><br \/><span>Altura (H) 3500 mm<\/span><\/p><p>\u00a0<\/p><p><strong><span>Peso m\u00e1x. folha<\/span><\/strong><br \/><span>160 Kg<\/span><br \/><small><span>Consultar peso e dimens\u00f5es m\u00e1ximas segundo tipologia<\/span><\/small><\/p><p>\u00a0<\/p><p><strong><span>Acabamentos<\/span><\/strong><br \/><span>Possibilidade bi-cor<\/span><br \/><span>Lacagem a cores (RAL, salpicados e rugosos)<\/span><br \/><span>Lacagem imita\u00e7\u00e3o madeira<\/span><br \/><span>Lacagem anti-bacteriana<\/span><br \/><span>Anodizado<\/span><\/p>\t\t\t\t\t\r\n\t\t\t\t\t\r\n\t\t\t\t<\/div>\r\n\t\t\t\t\t\t\t\t<div id=\"tab-3\" class=\"tf-tabcontent-inner inactive animated fadeIn\">\r\n\t\t\t\t\t<p><strong><span>Transmiss\u00e3o<\/span><\/strong><br \/><small><span>Uw \u2265 0.85 (W\/m<\/span><span>2<\/span><span>K)<\/span><br \/><span>Consultar tipologia, dimens\u00e3o e vidro<\/span><\/small><\/p><p>\u00a0<\/p><p><strong><span>Isolamento ac\u00fastico<\/span><\/strong><br \/><span>Rw at\u00e9 46 dB<\/span><\/p><p>\u00a0<\/p><p><strong><span>Permeabilidade ao ar<\/span><\/strong><br \/><span>(EN 12207) Classe 4<\/span><\/p><p>\u00a0<\/p><p><strong><span>Estanquidade \u00e0 \u00e1gua<\/span><\/strong><br \/><span>(EN 12208) Classe E1650<\/span><\/p><p>\u00a0<\/p><p><strong><span>Resist\u00eancia ao vento<\/span><\/strong><br \/><span>(EN 12210) Classe C5<\/span><\/p><p>\u00a0<\/p><p><strong><span>Certifica\u00e7\u00e3o DTA do laborat\u00f3rio CSTB<\/span><\/strong><br \/><span>Avis technique - Ref. 6\/17-2363<\/span><\/p><p>\u00a0<\/p><p><small><span>Ensaio de refer\u00eancia 1,23 x 1,48 m \/ 1 folha<\/span><\/small><\/p>\t\t\t\t\t\r\n\t\t\t\t\t\r\n\t\t\t\t<\/div>\r\n\t\t\t\t\t\t\t<\/div>\r\n\t\t<\/div>\r\n\t\t\r\n\t\t\t\t\t\t<\/div>\n\t\t\t\t<\/div>\n\t\t\t\t\t<\/div>\n\t\t\t\t<\/div>\n\t\t\t\t<\/div>","protected":false},"excerpt":{"rendered":"<h5><span style=\"vertical-align: inherit;\"><span style=\"vertical-align: inherit;\">Descri\u00e7\u00e3o<\/span><\/span><\/h5>\n<article class=\"text-token-text-primary w-full\" dir=\"auto\" data-testid=\"conversation-turn-6\" data-scroll-anchor=\"true\">\n<div class=\"text-base my-auto mx-auto py-5 [--thread-content-margin:--spacing(4)] @[37rem]:[--thread-content-margin:--spacing(6)] @[72rem]:[--thread-content-margin:--spacing(16)] px-(--thread-content-margin)\">\n<div class=\"[--thread-content-max-width:32rem] @[34rem]:[--thread-content-max-width:40rem] @[64rem]:[--thread-content-max-width:48rem] mx-auto flex max-w-(--thread-content-max-width) flex-1 text-base gap-4 md:gap-5 lg:gap-6 group\/turn-messages focus-visible:outline-hidden\" tabindex=\"-1\">\n<div class=\"group\/conversation-turn relative flex w-full min-w-0 flex-col agent-turn\">\n<div class=\"relative flex-col gap-1 md:gap-3\">\n<div class=\"flex max-w-full flex-col grow\">\n<div class=\"min-h-8 text-message relative flex w-full flex-col items-end gap-2 text-start break-words whitespace-normal [.text-message+&amp;]:mt-5\" dir=\"auto\" data-message-author-role=\"assistant\" data-message-id=\"3bdd3a9a-0566-433e-85e4-7c0ed983630b\" data-message-model-slug=\"gpt-4o\">\n<div class=\"flex w-full flex-col gap-1 empty:hidden first:pt-[3px]\">\n<div class=\"markdown prose dark:prose-invert w-full break-words light\">Sistema de folha oculta com aro monoblock, desenvolvido para o mercado franc\u00eas, que simplifica a instala\u00e7\u00e3o em obra. O novo aro elimina a necessidade de perfis complementares como tap\u00e9s, solapes ou alargadeiras, acelerando a fabrica\u00e7\u00e3o e montagem. Dispon\u00edvel em corte \u00e0 testa ou meia esquadria, adapta-se \u00e0s prefer\u00eancias do instalador.<\/div>\n<div><img decoding=\"async\" class=\"alignnone size-full wp-image-4714\" src=\"https:\/\/www.bramial.pt\/wp-content\/uploads\/2025\/07\/Icon-feather-download.png\" alt=\"\" width=\"23\" height=\"23\" \/> <a  data-e-disable-page-transition=\"true\" class=\"download-link\" title=\"\" href=\"https:\/\/www.bramial.com\/fr\/download\/5469\/?tmstv=1776534208\" rel=\"nofollow\" id=\"download-link-5469\" data-redirect=\"false\" ><br \/>\n\tFICHA T\u00c9CNICA COR 70 OC<\/a>\n<\/div>\n<\/div>\n<\/div>\n<\/div>\n<\/div>\n<\/div>\n<\/div>\n<\/div>\n<\/article>","protected":false},"featured_media":5293,"comment_status":"open","ping_status":"closed","template":"","meta":[],"product_brand":[],"product_cat":[58],"product_tag":[],"class_list":{"0":"post-5292","1":"product","2":"type-product","3":"status-publish","4":"has-post-thumbnail","6":"product_cat-janelas-e-portas-batentes","8":"first","9":"instock","10":"downloadable","11":"virtual","12":"product-type-simple"},"_links":{"self":[{"href":"https:\/\/www.bramial.com\/fr\/wp-json\/wp\/v2\/product\/5292","targetHints":{"allow":["GET"]}}],"collection":[{"href":"https:\/\/www.bramial.com\/fr\/wp-json\/wp\/v2\/product"}],"about":[{"href":"https:\/\/www.bramial.com\/fr\/wp-json\/wp\/v2\/types\/product"}],"replies":[{"embeddable":true,"href":"https:\/\/www.bramial.com\/fr\/wp-json\/wp\/v2\/comments?post=5292"}],"version-history":[{"count":7,"href":"https:\/\/www.bramial.com\/fr\/wp-json\/wp\/v2\/product\/5292\/revisions"}],"predecessor-version":[{"id":6118,"href":"https:\/\/www.bramial.com\/fr\/wp-json\/wp\/v2\/product\/5292\/revisions\/6118"}],"wp:featuredmedia":[{"embeddable":true,"href":"https:\/\/www.bramial.com\/fr\/wp-json\/wp\/v2\/media\/5293"}],"wp:attachment":[{"href":"https:\/\/www.bramial.com\/fr\/wp-json\/wp\/v2\/media?parent=5292"}],"wp:term":[{"taxonomy":"product_brand","embeddable":true,"href":"https:\/\/www.bramial.com\/fr\/wp-json\/wp\/v2\/product_brand?post=5292"},{"taxonomy":"product_cat","embeddable":true,"href":"https:\/\/www.bramial.com\/fr\/wp-json\/wp\/v2\/product_cat?post=5292"},{"taxonomy":"product_tag","embeddable":true,"href":"https:\/\/www.bramial.com\/fr\/wp-json\/wp\/v2\/product_tag?post=5292"}],"curies":[{"name":"wp","href":"https:\/\/api.w.org\/{rel}","templated":true}]}}