{"id":5282,"date":"2025-07-09T15:45:34","date_gmt":"2025-07-09T15:45:34","guid":{"rendered":"https:\/\/www.bramial.pt\/?post_type=product&#038;p=5282"},"modified":"2025-07-18T11:40:31","modified_gmt":"2025-07-18T11:40:31","slug":"cor-70-folha-oculta","status":"publish","type":"product","link":"https:\/\/www.bramial.com\/fr\/product\/cor-70-folha-oculta\/","title":{"rendered":"COR &#8211; 70 &#8211; Folha &#8211; Oculta"},"content":{"rendered":"<div data-elementor-type=\"wp-post\" data-elementor-id=\"5282\" class=\"elementor elementor-5282\">\n\t\t\t\t<div class=\"elementor-element elementor-element-87fce01 e-flex e-con-boxed e-con e-parent\" data-id=\"87fce01\" data-element_type=\"container\">\n\t\t\t\t\t<div class=\"e-con-inner\">\n\t\t\t\t<div class=\"elementor-element elementor-element-81d804a elementor-widget elementor-widget-tftabs\" data-id=\"81d804a\" data-element_type=\"widget\" data-widget_type=\"tftabs.default\">\n\t\t\t\t<div class=\"elementor-widget-container\">\n\t\t\t\t\t\t\t<div id=\"tf-tabs-81d804a\" class=\"tf-tabs horizontal tabs-horizontal icon-position-left show-triger-no nav-justify\" data-tabid=\"81d804a\">\r\n\t\t\t<div class=\"tf-tabnav\">\r\n\t\t\t\t<ul>\r\n\t\t\t\t\t\t\t\t\t\t<li class=\"tablinks inactive elementor-animation-\" data-tab=\"tab-1\">\t\r\n\t\t\t\t\t\t\t\t\t\t\t\t\r\n\t\t\t\t\t\t\t\t\t\t\t\t\t<span class=\"tab-title-text\">Descri\u00e7\u00e3o<\/span>\r\n\t\t\t\t\t\t\t\t\t\t\t<\/li>\r\n\t\t\t\t\t\t\t\t\t\t<li class=\"tablinks inactive elementor-animation-\" data-tab=\"tab-2\">\t\r\n\t\t\t\t\t\t\t\t\t\t\t\t\r\n\t\t\t\t\t\t\t\t\t\t\t\t\t<span class=\"tab-title-text\">Dados t\u00e9cnicos<\/span>\r\n\t\t\t\t\t\t\t\t\t\t\t<\/li>\r\n\t\t\t\t\t\t\t\t\t\t<li class=\"tablinks inactive elementor-animation-\" data-tab=\"tab-3\">\t\r\n\t\t\t\t\t\t\t\t\t\t\t\t\r\n\t\t\t\t\t\t\t\t\t\t\t\t\t<span class=\"tab-title-text\">Ensaios<\/span>\r\n\t\t\t\t\t\t\t\t\t\t\t<\/li>\r\n\t\t\t\t\t\t\t\t\t<\/ul>\r\n\t\t\t<\/div>\r\n\t\t\t<div class=\"tf-tabcontent\">\r\n\t\t\t\t\t\t\t\t<div id=\"tab-1\" class=\"tf-tabcontent-inner inactive animated fadeIn\">\r\n\t\t\t\t\t<p><span>N\u00e3o \u00e9 um quadro, \u00e9 uma janela. \u00c9 assim que podemos descrever a COR 70 Folha Oculta, que, como a vers\u00e3o de 80mm, apresenta uma se\u00e7\u00e3o vista de apenas 66 mm e permite incorporar o cremone ARCH INVISIBLE, tamb\u00e9m permite que as dobradi\u00e7as sejam ocultas bem como o sistema de drenagem. Dessa forma, podemos dispensar qualquer elemento que comprometa a harmonia visual.<\/span><br \/><br \/><\/p><p><strong>Possibilidades<\/strong><\/p><p><span>Cremona Oculta<\/span><\/p><p>Ferragem De Seguran\u00e7a<\/p><p>Dobradi\u00e7as Ocultas<\/p><p>Drenagem Oculta<\/p>\t\t\t\t\t\r\n\t\t\t\t\t\r\n\t\t\t\t<\/div>\r\n\t\t\t\t\t\t\t\t<div id=\"tab-2\" class=\"tf-tabcontent-inner inactive animated fadeIn\">\r\n\t\t\t\t\t<p><strong><span>Envidra\u00e7amento<\/span><\/strong><\/p><div><span>M\u00e1x. 40 mm, M\u00edn. 26 mm<\/span><\/div><p><br \/><strong><span>Possibilidades de Abertura<\/span><\/strong><\/p><p><strong><span>Interior<\/span><\/strong><\/p><p><span>Batente<\/span><\/p><p><span>Oscilador-swing<\/span><\/p><p><span>Basculante<\/span><\/p><p><span>Deslizante-paralela<\/span><br \/><br \/><\/p><p><strong><span>Sec\u00e7\u00f5es<\/span><\/strong><\/p><p><span>Aro \u2013 70 mm<\/span><\/p><p><span>Folha\u00a0\u2013 70 mm<\/span><\/p><p><br \/><strong><span>Espessura perfilaria<\/span><\/strong><\/p><p><span>Janela\u00a01,9 mm<\/span><\/p><p><br \/><strong><span>Largura vareta poliamida<\/span><\/strong><\/p><p><span>35 mil\u00edmetros<\/span><\/p><p><br \/><strong><span>Dimens\u00f5es m\u00e1ximas<\/span><\/strong><\/p><p><strong><span>Solu\u00e7\u00e3o Standard<\/span><\/strong><\/p><p><span>Largura (L) 1300 mm<\/span><\/p><p><span>Altura (A) 2400 mm<\/span><\/p><p>\u00a0<\/p><p><strong><span>Ferragem HD (Batente)<\/span><\/strong><\/p><p><span>Largura (L) 1200 mm<\/span><\/p><p><span>Altura (A) 3500 mm<\/span><\/p><p><br \/><strong><span>Peso m\u00e1ximo \/ folha<\/span><\/strong><\/p><p><span>160 kg<\/span><\/p><p><span>Consultar peso e dimens\u00f5es m\u00e1ximos\u00a0<\/span><em>\u00a0<\/em><\/p><div><span>para outras tipologias<\/span><\/div><p><em><br \/><\/em><strong><span>Acabamentos\u00a0<\/span><\/strong><\/p><p><span>Possibilidade bi-cor<\/span><\/p><p><span>Lacagem colorida (RAL, salpicado e \u00e1spero)<\/span><\/p><p><span>Lacagem imita\u00e7\u00e3o madeira<\/span><\/p><p><span>Lacagem antibacteriana<\/span><\/p><p><span>Anodizado<\/span><\/p>\t\t\t\t\t\r\n\t\t\t\t\t\r\n\t\t\t\t<\/div>\r\n\t\t\t\t\t\t\t\t<div id=\"tab-3\" class=\"tf-tabcontent-inner inactive animated fadeIn\">\r\n\t\t\t\t\t<p><strong><span>Transmiss\u00e3o<\/span><\/strong><\/p><p>Uw\u2265 0,85 (W\/m\u00b2K)<\/p><p><em><span>Consultar tipologia, dimens\u00e3o e vidro\u00a0<\/span><\/em><\/p><p><br \/><strong><span>M\u00e1ximo isolamento ac\u00fastico<\/span><\/strong><\/p><p><span>Rw=46 dB<\/span><\/p><p><br \/><strong><span>Permeabilidade ao ar<\/span><\/strong><\/p><p><span>(EN 12207) Classe 4<\/span><\/p><p><br \/><strong><span>Estanquidade \u00e0 \u00e1gua<\/span><\/strong><\/p><p><span>(EN 12208) Classe E1800<\/span><\/p><p><br \/><strong><span>Resist\u00eancia ao vento<\/span><\/strong><\/p><p><span>(EN 12210) Classe C5<\/span><\/p><p><em><span>Ensaio de refer\u00eancia: Janela\u00a01,23 x 1,48 m.<\/span><br \/><span>Uma folha.<\/span><br \/><br \/><\/em><strong><span>Ensaio de seguran\u00e7a<\/span><\/strong><\/p><p><span>(PAS 24) Apto<\/span><\/p><p><br \/><strong><span>Certificado ATG<\/span><\/strong><\/p><p><span>N. 3204<\/span><\/p><p><strong><span>\u00bb Certifica\u00e7\u00e3o CSTB Laboratory DTA<\/span><\/strong><\/p><p><span>Refer\u00eancia 6\/17-2363<\/span><\/p><p><br \/><em><span>Teste de refer\u00eancia: 1 hoja 1100 x 2400 mm<\/span><\/em><\/p>\t\t\t\t\t\r\n\t\t\t\t\t\r\n\t\t\t\t<\/div>\r\n\t\t\t\t\t\t\t<\/div>\r\n\t\t<\/div>\r\n\t\t\r\n\t\t\t\t\t\t<\/div>\n\t\t\t\t<\/div>\n\t\t\t\t\t<\/div>\n\t\t\t\t<\/div>\n\t\t\t\t<\/div>","protected":false},"excerpt":{"rendered":"<h5><span style=\"vertical-align: inherit;\"><span style=\"vertical-align: inherit;\">Descri\u00e7\u00e3o<\/span><\/span><\/h5>\n<article class=\"text-token-text-primary w-full\" dir=\"auto\" data-testid=\"conversation-turn-6\" data-scroll-anchor=\"true\">\n<div class=\"text-base my-auto mx-auto py-5 [--thread-content-margin:--spacing(4)] @[37rem]:[--thread-content-margin:--spacing(6)] @[72rem]:[--thread-content-margin:--spacing(16)] px-(--thread-content-margin)\">\n<div class=\"[--thread-content-max-width:32rem] @[34rem]:[--thread-content-max-width:40rem] @[64rem]:[--thread-content-max-width:48rem] mx-auto flex max-w-(--thread-content-max-width) flex-1 text-base gap-4 md:gap-5 lg:gap-6 group\/turn-messages focus-visible:outline-hidden\" tabindex=\"-1\">\n<div class=\"group\/conversation-turn relative flex w-full min-w-0 flex-col agent-turn\">\n<div class=\"relative flex-col gap-1 md:gap-3\">\n<div class=\"flex min-h-[46px] justify-start\">A COR 70 Folha Oculta \u00e9 uma janela com uma est\u00e9tica minimalista e moderna, com uma sec\u00e7\u00e3o vista de apenas 66 mm. Tal como a vers\u00e3o de 80 mm, permite integrar o cremone ARCH INVISIBLE, dobradi\u00e7as ocultas e sistema de drenagem invis\u00edvel, eliminando elementos que perturbem a harmonia visual.<\/div>\n<\/div>\n<\/div>\n<\/div>\n<\/div>\n<\/article>\n<div class=\"pointer-events-none h-px w-px\" aria-hidden=\"true\" data-edge=\"true\"><img decoding=\"async\" class=\"alignnone size-full wp-image-4714\" src=\"https:\/\/www.bramial.pt\/wp-content\/uploads\/2025\/07\/Icon-feather-download.png\" alt=\"\" width=\"23\" height=\"23\" \/> <a  data-e-disable-page-transition=\"true\" class=\"download-link\" title=\"\" href=\"https:\/\/www.bramial.com\/fr\/download\/5464\/?tmstv=1776529166\" rel=\"nofollow\" id=\"download-link-5464\" data-redirect=\"false\" ><br \/>\n\tFICHA T\u00c9CNICA COR 70 FO<\/a>\n<\/div>\n<div aria-hidden=\"true\" data-edge=\"true\"><\/div>","protected":false},"featured_media":5283,"comment_status":"open","ping_status":"closed","template":"","meta":[],"product_brand":[],"product_cat":[58],"product_tag":[],"class_list":{"0":"post-5282","1":"product","2":"type-product","3":"status-publish","4":"has-post-thumbnail","6":"product_cat-janelas-e-portas-batentes","8":"first","9":"instock","10":"downloadable","11":"virtual","12":"product-type-simple"},"_links":{"self":[{"href":"https:\/\/www.bramial.com\/fr\/wp-json\/wp\/v2\/product\/5282","targetHints":{"allow":["GET"]}}],"collection":[{"href":"https:\/\/www.bramial.com\/fr\/wp-json\/wp\/v2\/product"}],"about":[{"href":"https:\/\/www.bramial.com\/fr\/wp-json\/wp\/v2\/types\/product"}],"replies":[{"embeddable":true,"href":"https:\/\/www.bramial.com\/fr\/wp-json\/wp\/v2\/comments?post=5282"}],"version-history":[{"count":10,"href":"https:\/\/www.bramial.com\/fr\/wp-json\/wp\/v2\/product\/5282\/revisions"}],"predecessor-version":[{"id":6502,"href":"https:\/\/www.bramial.com\/fr\/wp-json\/wp\/v2\/product\/5282\/revisions\/6502"}],"wp:featuredmedia":[{"embeddable":true,"href":"https:\/\/www.bramial.com\/fr\/wp-json\/wp\/v2\/media\/5283"}],"wp:attachment":[{"href":"https:\/\/www.bramial.com\/fr\/wp-json\/wp\/v2\/media?parent=5282"}],"wp:term":[{"taxonomy":"product_brand","embeddable":true,"href":"https:\/\/www.bramial.com\/fr\/wp-json\/wp\/v2\/product_brand?post=5282"},{"taxonomy":"product_cat","embeddable":true,"href":"https:\/\/www.bramial.com\/fr\/wp-json\/wp\/v2\/product_cat?post=5282"},{"taxonomy":"product_tag","embeddable":true,"href":"https:\/\/www.bramial.com\/fr\/wp-json\/wp\/v2\/product_tag?post=5282"}],"curies":[{"name":"wp","href":"https:\/\/api.w.org\/{rel}","templated":true}]}}