{"id":5272,"date":"2025-07-09T15:40:37","date_gmt":"2025-07-09T15:40:37","guid":{"rendered":"https:\/\/www.bramial.pt\/?post_type=product&#038;p=5272"},"modified":"2025-07-18T11:40:54","modified_gmt":"2025-07-18T11:40:54","slug":"cor-80-folha-oculta","status":"publish","type":"product","link":"https:\/\/www.bramial.com\/fr\/product\/cor-80-folha-oculta\/","title":{"rendered":"COR &#8211; 80 &#8211; Folha &#8211; Oculta"},"content":{"rendered":"<div data-elementor-type=\"wp-post\" data-elementor-id=\"5272\" class=\"elementor elementor-5272\">\n\t\t\t\t<div class=\"elementor-element elementor-element-87fce01 e-flex e-con-boxed e-con e-parent\" data-id=\"87fce01\" data-element_type=\"container\">\n\t\t\t\t\t<div class=\"e-con-inner\">\n\t\t\t\t<div class=\"elementor-element elementor-element-81d804a elementor-widget elementor-widget-tftabs\" data-id=\"81d804a\" data-element_type=\"widget\" data-widget_type=\"tftabs.default\">\n\t\t\t\t<div class=\"elementor-widget-container\">\n\t\t\t\t\t\t\t<div id=\"tf-tabs-81d804a\" class=\"tf-tabs horizontal tabs-horizontal icon-position-left show-triger-no nav-justify\" data-tabid=\"81d804a\">\r\n\t\t\t<div class=\"tf-tabnav\">\r\n\t\t\t\t<ul>\r\n\t\t\t\t\t\t\t\t\t\t<li class=\"tablinks inactive elementor-animation-\" data-tab=\"tab-1\">\t\r\n\t\t\t\t\t\t\t\t\t\t\t\t\r\n\t\t\t\t\t\t\t\t\t\t\t\t\t<span class=\"tab-title-text\">Descri\u00e7\u00e3o<\/span>\r\n\t\t\t\t\t\t\t\t\t\t\t<\/li>\r\n\t\t\t\t\t\t\t\t\t\t<li class=\"tablinks inactive elementor-animation-\" data-tab=\"tab-2\">\t\r\n\t\t\t\t\t\t\t\t\t\t\t\t\r\n\t\t\t\t\t\t\t\t\t\t\t\t\t<span class=\"tab-title-text\">Dados t\u00e9cnicos<\/span>\r\n\t\t\t\t\t\t\t\t\t\t\t<\/li>\r\n\t\t\t\t\t\t\t\t\t\t<li class=\"tablinks inactive elementor-animation-\" data-tab=\"tab-3\">\t\r\n\t\t\t\t\t\t\t\t\t\t\t\t\r\n\t\t\t\t\t\t\t\t\t\t\t\t\t<span class=\"tab-title-text\">Ensaios<\/span>\r\n\t\t\t\t\t\t\t\t\t\t\t<\/li>\r\n\t\t\t\t\t\t\t\t\t<\/ul>\r\n\t\t\t<\/div>\r\n\t\t\t<div class=\"tf-tabcontent\">\r\n\t\t\t\t\t\t\t\t<div id=\"tab-1\" class=\"tf-tabcontent-inner inactive animated fadeIn\">\r\n\t\t\t\t\t<p><span>Design elegante, com linhas retas em que a folha fica oculta, atr\u00e1s do\u00a0\u00a0<\/span><span>aro, maximizando assim a superf\u00edcie de vidro e de entrada de luz solar.\u00a0\u00a0<\/span><span>Tudo isso acompanhado de um \u00f3timo desempenho t\u00e9rmico e ac\u00fastico,\u00a0\u00a0<\/span><span>impulsionado pela ruptura da ponte t\u00e9rmica de 45 mm e uma capacidade\u00a0\u00a0<\/span><span>de envidra\u00e7amento de at\u00e9 51 mm, que permite a instala\u00e7\u00e3o de vidro triplos.<\/span><br \/><br \/><\/p><div><strong>Possibilidades<\/strong><\/div><div>Ferragem de seguran\u00e7a<\/div><div>Dobradi\u00e7as ocultas<\/div><div>Drenagem oculta<\/div><div>Cremone oculto<\/div>\t\t\t\t\t\r\n\t\t\t\t\t\r\n\t\t\t\t<\/div>\r\n\t\t\t\t\t\t\t\t<div id=\"tab-2\" class=\"tf-tabcontent-inner inactive animated fadeIn\">\r\n\t\t\t\t\t<p><strong>Envidra\u00e7amento<\/strong><br \/>M\u00e1x. 51 mm<br \/>M\u00edn. 36 mm<strong><br \/><\/strong><br \/><strong>Possibilidades de Abertura<\/strong><\/p><p><strong><span>Interior<\/span><\/strong><\/p><p>Batente<\/p><p><span>Oscilador-swing<\/span><\/p><p>Basculante<\/p><p>Deslizante-paralela<\/p><p><br \/><strong>Sec\u00e7\u00f5es<\/strong><\/p><p>Aro fixo 80 mm<\/p><p>Folha 80 mm<\/p><p><br \/><strong>Espessura perfilaria<\/strong><\/p><p>Janela 1,9 mm<\/p><p><br \/><strong>Largura vareta poliamida<\/strong><\/p><p><span>45 mil\u00edmetros<\/span><\/p><p><br \/><strong>Dimens\u00f5es m\u00e1ximas<br \/><\/strong><strong>Solu\u00e7\u00e3o standard<\/strong><\/p><p>Largura (L) = 1.300 mm<br \/>Altura (H) = 2.400 mm<\/p><p>\u00a0<\/p><div><div><strong>Ferrajem HD (Abertura batente)<\/strong><\/div><\/div><h5><span>Ancho (L) = 1,200 mm<\/span><br \/><span>Alto (H) = 3,500 mm<\/span><\/h5><p><strong>Peso m\u00e1ximo \/ folha<\/strong><\/p><p><span>160 kg<\/span><\/p><p><em>Consultar peso e dimens\u00f5es m\u00e1ximos\u00a0\u00a0para outras tipologias<\/em><\/p><p><br \/><strong>Acabamentos<\/strong><\/p><p>Possibilidade bi-color<\/p><p><span>Dinheiro<\/span><\/p><p>Anodizado<\/p>\t\t\t\t\t\r\n\t\t\t\t\t\r\n\t\t\t\t<\/div>\r\n\t\t\t\t\t\t\t\t<div id=\"tab-3\" class=\"tf-tabcontent-inner inactive animated fadeIn\">\r\n\t\t\t\t\t<p><strong>Coeficiente de transmiss\u00e3o t\u00e9rmica\u00a0<\/strong><\/p><p>Uw \u2265 0,71 (W\/m\u00b2K)<\/p><p><em>Consultar tipolog\u00eda, dimensi\u00f3n y vidrio<\/em><\/p><p><br \/><strong>M\u00e1ximo isolamento ac\u00fastico<\/strong><\/p><p>Rw=46 dB<\/p><p><br \/><strong>Permeabilidade ao ar\u00a0<\/strong><\/p><p>(EN 12207) Classe 4<\/p><p><br \/><strong>Estanquidade \u00e0 \u00e1gua\u00a0<\/strong><\/p><p>(EN 12208) Classe E<sub>1650<\/sub><\/p><p><br \/><strong>Resist\u00eancia ao vento\u00a0<\/strong><\/p><p>(EN 12210) Classe C5<\/p><p>\u00a0<\/p><div><em>Ensaio de refer\u00eancia: Janela 1,23 x 1,48 m.\u00a0<\/em><\/div><div><em>2 folhas.<\/em><\/div>\t\t\t\t\t\r\n\t\t\t\t\t\r\n\t\t\t\t<\/div>\r\n\t\t\t\t\t\t\t<\/div>\r\n\t\t<\/div>\r\n\t\t\r\n\t\t\t\t\t\t<\/div>\n\t\t\t\t<\/div>\n\t\t\t\t\t<\/div>\n\t\t\t\t<\/div>\n\t\t\t\t<\/div>","protected":false},"excerpt":{"rendered":"<h5><span style=\"vertical-align: inherit;\"><span style=\"vertical-align: inherit;\">Descri\u00e7\u00e3o<\/span><\/span><\/h5>\n<p data-start=\"0\" data-end=\"295\" data-is-last-node=\"\" data-is-only-node=\"\">Sistema de design elegante com linhas retas e folha oculta atr\u00e1s do aro, maximizando a entrada de luz natural. Combina est\u00e9tica com excelente desempenho t\u00e9rmico e ac\u00fastico, gra\u00e7as \u00e0 rutura de ponte t\u00e9rmica de 45 mm e capacidade de envidra\u00e7amento at\u00e9 51 mm, permitindo vidro triplo.<\/p>\n<p data-start=\"0\" data-end=\"295\" data-is-last-node=\"\" data-is-only-node=\"\"><img decoding=\"async\" class=\"alignnone size-full wp-image-4714\" src=\"https:\/\/www.bramial.pt\/wp-content\/uploads\/2025\/07\/Icon-feather-download.png\" alt=\"\" width=\"23\" height=\"23\" \/> <a  data-e-disable-page-transition=\"true\" class=\"download-link\" title=\"\" href=\"https:\/\/www.bramial.com\/fr\/download\/5459\/?tmstv=1776535667\" rel=\"nofollow\" id=\"download-link-5459\" data-redirect=\"false\" ><br \/>\n\tFICHA T\u00c9CNICA COR 80 FO<\/a>\n<\/p>\n<p data-start=\"0\" data-end=\"295\" data-is-last-node=\"\" data-is-only-node=\"\">","protected":false},"featured_media":5274,"comment_status":"open","ping_status":"closed","template":"","meta":[],"product_brand":[],"product_cat":[58],"product_tag":[],"class_list":{"0":"post-5272","1":"product","2":"type-product","3":"status-publish","4":"has-post-thumbnail","6":"product_cat-janelas-e-portas-batentes","8":"first","9":"instock","10":"downloadable","11":"virtual","12":"product-type-simple"},"_links":{"self":[{"href":"https:\/\/www.bramial.com\/fr\/wp-json\/wp\/v2\/product\/5272","targetHints":{"allow":["GET"]}}],"collection":[{"href":"https:\/\/www.bramial.com\/fr\/wp-json\/wp\/v2\/product"}],"about":[{"href":"https:\/\/www.bramial.com\/fr\/wp-json\/wp\/v2\/types\/product"}],"replies":[{"embeddable":true,"href":"https:\/\/www.bramial.com\/fr\/wp-json\/wp\/v2\/comments?post=5272"}],"version-history":[{"count":8,"href":"https:\/\/www.bramial.com\/fr\/wp-json\/wp\/v2\/product\/5272\/revisions"}],"predecessor-version":[{"id":6503,"href":"https:\/\/www.bramial.com\/fr\/wp-json\/wp\/v2\/product\/5272\/revisions\/6503"}],"wp:featuredmedia":[{"embeddable":true,"href":"https:\/\/www.bramial.com\/fr\/wp-json\/wp\/v2\/media\/5274"}],"wp:attachment":[{"href":"https:\/\/www.bramial.com\/fr\/wp-json\/wp\/v2\/media?parent=5272"}],"wp:term":[{"taxonomy":"product_brand","embeddable":true,"href":"https:\/\/www.bramial.com\/fr\/wp-json\/wp\/v2\/product_brand?post=5272"},{"taxonomy":"product_cat","embeddable":true,"href":"https:\/\/www.bramial.com\/fr\/wp-json\/wp\/v2\/product_cat?post=5272"},{"taxonomy":"product_tag","embeddable":true,"href":"https:\/\/www.bramial.com\/fr\/wp-json\/wp\/v2\/product_tag?post=5272"}],"curies":[{"name":"wp","href":"https:\/\/api.w.org\/{rel}","templated":true}]}}