{"id":5261,"date":"2025-07-09T15:36:02","date_gmt":"2025-07-09T15:36:02","guid":{"rendered":"https:\/\/www.bramial.pt\/?post_type=product&#038;p=5261"},"modified":"2025-07-18T14:52:13","modified_gmt":"2025-07-18T14:52:13","slug":"cor-70-industrial-rpt","status":"publish","type":"product","link":"https:\/\/www.bramial.com\/fr\/product\/cor-70-industrial-rpt\/","title":{"rendered":"COR &#8211; 70 &#8211; Industrial &#8211; RPT"},"content":{"rendered":"<div data-elementor-type=\"wp-post\" data-elementor-id=\"5261\" class=\"elementor elementor-5261\">\n\t\t\t\t<div class=\"elementor-element elementor-element-87fce01 e-flex e-con-boxed e-con e-parent\" data-id=\"87fce01\" data-element_type=\"container\">\n\t\t\t\t\t<div class=\"e-con-inner\">\n\t\t\t\t<div class=\"elementor-element elementor-element-81d804a elementor-widget elementor-widget-tftabs\" data-id=\"81d804a\" data-element_type=\"widget\" data-widget_type=\"tftabs.default\">\n\t\t\t\t<div class=\"elementor-widget-container\">\n\t\t\t\t\t\t\t<div id=\"tf-tabs-81d804a\" class=\"tf-tabs horizontal tabs-horizontal icon-position-left show-triger-no nav-justify\" data-tabid=\"81d804a\">\r\n\t\t\t<div class=\"tf-tabnav\">\r\n\t\t\t\t<ul>\r\n\t\t\t\t\t\t\t\t\t\t<li class=\"tablinks inactive elementor-animation-\" data-tab=\"tab-1\">\t\r\n\t\t\t\t\t\t\t\t\t\t\t\t\r\n\t\t\t\t\t\t\t\t\t\t\t\t\t<span class=\"tab-title-text\">Descri\u00e7\u00e3o<\/span>\r\n\t\t\t\t\t\t\t\t\t\t\t<\/li>\r\n\t\t\t\t\t\t\t\t\t\t<li class=\"tablinks inactive elementor-animation-\" data-tab=\"tab-2\">\t\r\n\t\t\t\t\t\t\t\t\t\t\t\t\r\n\t\t\t\t\t\t\t\t\t\t\t\t\t<span class=\"tab-title-text\">Dados t\u00e9cnicos<\/span>\r\n\t\t\t\t\t\t\t\t\t\t\t<\/li>\r\n\t\t\t\t\t\t\t\t\t\t<li class=\"tablinks inactive elementor-animation-\" data-tab=\"tab-3\">\t\r\n\t\t\t\t\t\t\t\t\t\t\t\t\r\n\t\t\t\t\t\t\t\t\t\t\t\t\t<span class=\"tab-title-text\">Ensaios<\/span>\r\n\t\t\t\t\t\t\t\t\t\t\t<\/li>\r\n\t\t\t\t\t\t\t\t\t<\/ul>\r\n\t\t\t<\/div>\r\n\t\t\t<div class=\"tf-tabcontent\">\r\n\t\t\t\t\t\t\t\t<div id=\"tab-1\" class=\"tf-tabcontent-inner inactive animated fadeIn\">\r\n\t\t\t\t\t<p>Este sistema de batente com 70 mm de profundidade oferece um\u00a0excelente desempenho t\u00e9rmico e ac\u00fastico aliado a uma produ\u00e7\u00e3o\u00a0bastante simples, pelo que se tornou numa das s\u00e9ries mais vendida\u00a0para janelas, portas ou portas-janelas de alum\u00ednio.<br \/><br \/><\/p><div><div><strong>Possibilidades<\/strong><\/div><div><div><div>Acessibilidade<\/div><div>Ferragem de seguran\u00e7a<\/div><div>Dobradi\u00e7as ocultas<\/div><div>Drenagem oculta<\/div><div><span>Persianas\u00a0integradas<\/span><\/div><\/div><\/div><\/div>\t\t\t\t\t\r\n\t\t\t\t\t\r\n\t\t\t\t<\/div>\r\n\t\t\t\t\t\t\t\t<div id=\"tab-2\" class=\"tf-tabcontent-inner inactive animated fadeIn\">\r\n\t\t\t\t\t<p><strong>M\u00e1ximo envidra\u00e7amento<\/strong><\/p><p><span>M\u00e1x. 63 mm, M\u00edn. 6 mm<\/span><\/p><p><span>M\u00e1x. 40 mm, M\u00edn. 26 mm (Semi-save)<\/span><\/p><p><br \/><strong>Possibilidades de Abertura<\/strong><\/p><p><strong><span>Interior<\/span><\/strong><\/p><div>Batente<\/div><div><span>Oscilador-swing<\/span><\/div><div>Deslizante-paralela<\/div><div>Basculante<\/div><div>\u00a0<\/div><p><strong><span>Exterior<\/span><\/strong><\/p><div><span>Batente<\/span><\/div><div>Projectante-deslizante<\/div><div>Piv\u00f4 escondido do eixo<\/div><div><span>horizontal e vertical<\/span><\/div><p><br \/><strong>Sec\u00e7\u00f5es<\/strong><\/p><p><span>Cor 70 Industrial:<\/span><\/p><p>Aro \u2013 70 mm \/ Folha \u2013 78 mm<\/p><p>\u00a0<\/p><p><strong>Cor 70 Industrial Folha de Junta Met\u00e1lica<\/strong><br \/>Aro Fixo - 70 mm \/ Folha - 78 mm<\/p><p><br \/><strong>Espessura perfilaria<\/strong><\/p><p>Janela 1,5 mm<\/p><p><span>Porta de 1,7 mm<\/span><\/p><p>Janela 1,9 mm (Semi-vista)<\/p><p><br \/><strong>Largura vareta poliamida<\/strong><\/p><p><span>de 32 a 35 mm<\/span><\/p><div><span>35 mm (semi-vis\u00e3o)<\/span><\/div><p><br \/><strong><span>Dimens\u00f5es m\u00e1ximas<\/span><\/strong><\/p><p>Largura (L) = 1500 mm<br \/>Altura (H) = 2600 mm<\/p><p><strong>Folha Semi-vista<\/strong><\/p><p>Largura (L) 1300 mm, Altura (H) 2400 mm<\/p><p>Solu\u00e7\u00e3o Standard<\/p><p><span>Largura (C) 1200 mm, Alto (A) 3500 mm<\/span><\/p><p>Ferragem HD (abertura batente)<\/p><div>\u00a0<\/div><p><strong>Peso m\u00e1ximo \/ folha<\/strong><\/p><p><span>160 kg<\/span><\/p><p><span>Consultar peso e dimens\u00f5es m\u00e1ximos\u00a0<\/span><em>\u00a0<\/em><\/p><div>para outras tipologias<\/div><p><em>\u00a0\u00a0\u00a0<\/em><\/p><p><strong>Possibilidades est\u00e9ticas<\/strong><\/p><p>Folha: Reta<br \/>Bite: Reto e curvo<br \/><br \/><\/p><p><strong>Acabamentos<\/strong><em>\u00a0<\/em><\/p><p>Possibilidade bi-cor<\/p><p><span>Lacagem colorida (RAL, salpicado e \u00e1spero)<\/span><\/p><p>Lacagem imita\u00e7\u00e3o madeira<\/p><p><span>Lacagem antibacteriana<\/span><\/p><p>Anodizado<\/p>\t\t\t\t\t\r\n\t\t\t\t\t\r\n\t\t\t\t<\/div>\r\n\t\t\t\t\t\t\t\t<div id=\"tab-3\" class=\"tf-tabcontent-inner inactive animated fadeIn\">\r\n\t\t\t\t\t<p><strong><span>Transmiss\u00e3o\u00a0<\/span><\/strong><\/p><p><span>Cor 70 Industrial: Uw \u2265 0,76\u00a0\u00a0<\/span><span>(W\/m\u00b2K)<\/span><\/p><p>Cor 70 Industrial Folha de Junta Met\u00e1lica:\u00a0<\/p><p><span>U\u00a0<\/span><span>w \u2265 0,86\u00a0\u00a0<\/span><span>(W\/m\u00b2K)<\/span><\/p><p>Consultar tipologia, dimens\u00e3o e vidro\u00a0<br \/><br \/><strong>M\u00e1ximo isolamento ac\u00fastico<\/strong><\/p><p><span>Rw=44 dB<\/span><\/p><p><br \/><strong><span>Permeabilidade ao ar<\/span><\/strong><\/p><p><span>(EN 12207) CLASSE 4<\/span><\/p><p><br \/><strong>Estanquidade \u00e0 \u00e1gua<\/strong><\/p><p><span>(EN 12208) CLASSE E1800<\/span><\/p><p><br \/><strong>Resist\u00eancia ao vento<\/strong><\/p><p><span>(EN 12210) CLASSE C5<\/span><\/p><p>\u00a0<\/p><p>Ensaio de refer\u00eancia: Janela 1,23 x 1,48 m.\u00a0<\/p><p>Dois folha.<\/p><p><br \/><strong>Resist\u00eancia ao estourar\u00a0<\/strong><\/p><p><span>(EN 1627) Grau RC2 (WK2)<\/span><\/p><p><br \/><span>Ensaio de refer\u00eancia: Janela 2,52 x 1,47 m.<\/span><br \/><span>Seguran\u00e7a Ferragen Evo. Uma folha.<\/span><br \/><br \/><span><strong>Teste padr\u00e3o AAMA<\/strong> Classe AW-PG60 *\u00a0<\/span><\/p><p><span><strong>Certificaci\u00f3n DTA de laboratorio CSTB<\/strong><\/span><strong>\u00a0<\/strong><br \/><br \/><br \/><br \/><\/p><p><span>Refer\u00eancia 6\/17-2363<\/span><\/p><p><br \/><strong>\u00bb Certificado ATG<\/strong><\/p><p><span>N\u00e3o. 3204<\/span><\/p><p><br \/><strong>\u00bb Ensaio de seguran\u00e7a<\/strong><\/p><p><span>(PAS 24): Aptid\u00e3o<\/span><\/p><p><br \/><span>Teste de refer\u00eancia: 1 hoja 1100 x 2400 mm<\/span><\/p>\t\t\t\t\t\r\n\t\t\t\t\t\r\n\t\t\t\t<\/div>\r\n\t\t\t\t\t\t\t<\/div>\r\n\t\t<\/div>\r\n\t\t\r\n\t\t\t\t\t\t<\/div>\n\t\t\t\t<\/div>\n\t\t\t\t\t<\/div>\n\t\t\t\t<\/div>\n\t\t\t\t<\/div>","protected":false},"excerpt":{"rendered":"<h5><span style=\"vertical-align: inherit;\"><span style=\"vertical-align: inherit;\">Descri\u00e7\u00e3o<\/span><\/span><\/h5>\n<p data-start=\"153\" data-end=\"247\" data-is-last-node=\"\" data-is-only-node=\"\">Sistema de batente com 70 mm de profundidade, destaca-se pelo excelente desempenho t\u00e9rmico e ac\u00fastico e pela facilidade de produ\u00e7\u00e3o, sendo uma das s\u00e9ries de alum\u00ednio mais vendidas para janelas, portas e portas-janelas.<\/p>\n<p data-start=\"153\" data-end=\"247\" data-is-last-node=\"\" data-is-only-node=\"\"><img decoding=\"async\" class=\"alignnone size-full wp-image-4714\" src=\"https:\/\/www.bramial.pt\/wp-content\/uploads\/2025\/07\/Icon-feather-download.png\" alt=\"\" width=\"23\" height=\"23\" \/> <a  data-e-disable-page-transition=\"true\" class=\"download-link\" title=\"\" href=\"https:\/\/www.bramial.com\/fr\/download\/5454\/?tmstv=1776548919\" rel=\"nofollow\" id=\"download-link-5454\" data-redirect=\"false\" ><br \/>\n\tFICHA T\u00c9CNICA COR 70 Ind. RPT<\/a>\n<\/p>\n<p data-start=\"153\" data-end=\"247\" data-is-last-node=\"\" data-is-only-node=\"\">","protected":false},"featured_media":5262,"comment_status":"open","ping_status":"closed","template":"","meta":[],"product_brand":[],"product_cat":[58],"product_tag":[],"class_list":{"0":"post-5261","1":"product","2":"type-product","3":"status-publish","4":"has-post-thumbnail","6":"product_cat-janelas-e-portas-batentes","8":"first","9":"instock","10":"downloadable","11":"virtual","12":"product-type-simple"},"_links":{"self":[{"href":"https:\/\/www.bramial.com\/fr\/wp-json\/wp\/v2\/product\/5261","targetHints":{"allow":["GET"]}}],"collection":[{"href":"https:\/\/www.bramial.com\/fr\/wp-json\/wp\/v2\/product"}],"about":[{"href":"https:\/\/www.bramial.com\/fr\/wp-json\/wp\/v2\/types\/product"}],"replies":[{"embeddable":true,"href":"https:\/\/www.bramial.com\/fr\/wp-json\/wp\/v2\/comments?post=5261"}],"version-history":[{"count":8,"href":"https:\/\/www.bramial.com\/fr\/wp-json\/wp\/v2\/product\/5261\/revisions"}],"predecessor-version":[{"id":6504,"href":"https:\/\/www.bramial.com\/fr\/wp-json\/wp\/v2\/product\/5261\/revisions\/6504"}],"wp:featuredmedia":[{"embeddable":true,"href":"https:\/\/www.bramial.com\/fr\/wp-json\/wp\/v2\/media\/5262"}],"wp:attachment":[{"href":"https:\/\/www.bramial.com\/fr\/wp-json\/wp\/v2\/media?parent=5261"}],"wp:term":[{"taxonomy":"product_brand","embeddable":true,"href":"https:\/\/www.bramial.com\/fr\/wp-json\/wp\/v2\/product_brand?post=5261"},{"taxonomy":"product_cat","embeddable":true,"href":"https:\/\/www.bramial.com\/fr\/wp-json\/wp\/v2\/product_cat?post=5261"},{"taxonomy":"product_tag","embeddable":true,"href":"https:\/\/www.bramial.com\/fr\/wp-json\/wp\/v2\/product_tag?post=5261"}],"curies":[{"name":"wp","href":"https:\/\/api.w.org\/{rel}","templated":true}]}}