{"id":5251,"date":"2025-07-09T15:30:10","date_gmt":"2025-07-09T15:30:10","guid":{"rendered":"https:\/\/www.bramial.pt\/?post_type=product&#038;p=5251"},"modified":"2025-07-16T14:06:38","modified_gmt":"2025-07-16T14:06:38","slug":"cor-80-industrial","status":"publish","type":"product","link":"https:\/\/www.bramial.com\/fr\/product\/cor-80-industrial\/","title":{"rendered":"COR &#8211; 80 &#8211; Industrial"},"content":{"rendered":"<div data-elementor-type=\"wp-post\" data-elementor-id=\"5251\" class=\"elementor elementor-5251\">\n\t\t\t\t<div class=\"elementor-element elementor-element-87fce01 e-flex e-con-boxed e-con e-parent\" data-id=\"87fce01\" data-element_type=\"container\">\n\t\t\t\t\t<div class=\"e-con-inner\">\n\t\t\t\t<div class=\"elementor-element elementor-element-81d804a elementor-widget elementor-widget-tftabs\" data-id=\"81d804a\" data-element_type=\"widget\" data-widget_type=\"tftabs.default\">\n\t\t\t\t<div class=\"elementor-widget-container\">\n\t\t\t\t\t\t\t<div id=\"tf-tabs-81d804a\" class=\"tf-tabs horizontal tabs-horizontal icon-position-left show-triger-no nav-justify\" data-tabid=\"81d804a\">\r\n\t\t\t<div class=\"tf-tabnav\">\r\n\t\t\t\t<ul>\r\n\t\t\t\t\t\t\t\t\t\t<li class=\"tablinks inactive elementor-animation-\" data-tab=\"tab-1\">\t\r\n\t\t\t\t\t\t\t\t\t\t\t\t\r\n\t\t\t\t\t\t\t\t\t\t\t\t\t<span class=\"tab-title-text\">Descri\u00e7\u00e3o<\/span>\r\n\t\t\t\t\t\t\t\t\t\t\t<\/li>\r\n\t\t\t\t\t\t\t\t\t\t<li class=\"tablinks inactive elementor-animation-\" data-tab=\"tab-2\">\t\r\n\t\t\t\t\t\t\t\t\t\t\t\t\r\n\t\t\t\t\t\t\t\t\t\t\t\t\t<span class=\"tab-title-text\">Dados t\u00e9cnicos<\/span>\r\n\t\t\t\t\t\t\t\t\t\t\t<\/li>\r\n\t\t\t\t\t\t\t\t\t\t<li class=\"tablinks inactive elementor-animation-\" data-tab=\"tab-3\">\t\r\n\t\t\t\t\t\t\t\t\t\t\t\t\r\n\t\t\t\t\t\t\t\t\t\t\t\t\t<span class=\"tab-title-text\">Ensaios<\/span>\r\n\t\t\t\t\t\t\t\t\t\t\t<\/li>\r\n\t\t\t\t\t\t\t\t\t<\/ul>\r\n\t\t\t<\/div>\r\n\t\t\t<div class=\"tf-tabcontent\">\r\n\t\t\t\t\t\t\t\t<div id=\"tab-1\" class=\"tf-tabcontent-inner inactive animated fadeIn\">\r\n\t\t\t\t\t<p><span>Com 80 mm de profundidade de aro,\u00a0<\/span><strong><span>responde \u00e0s exig\u00eancias clim\u00e1ticas mais severas<\/span><\/strong><span>\u00a0gra\u00e7as \u00e0 sua ruptura de ponte t\u00e9rmica com poliamidas tubulares de 45 mm e a incorpora\u00e7\u00e3o de perfis de poliolefina reticulada tanto na gola do vidro como no interior do aro e folha.<\/span><\/p><p>\u00a0<\/p><p><strong>Possibilidades<\/strong><br \/>Ferragem Seguran\u00e7a<br \/>Dobradi\u00e7as ocultas<br \/>Drenagem oculta<\/p>\t\t\t\t\t\r\n\t\t\t\t\t\r\n\t\t\t\t<\/div>\r\n\t\t\t\t\t\t\t\t<div id=\"tab-2\" class=\"tf-tabcontent-inner inactive animated fadeIn\">\r\n\t\t\t\t\t<p><strong>Envidra\u00e7amento<\/strong><br \/>M\u00e1x. 73 mm<br \/>M\u00edn. 16 mm<\/p><p>\u00a0<\/p><p><strong>Possibilidades de abertura<\/strong><br \/><br \/><strong>Abertura interior<\/strong><\/p><p>Batente<\/p><p><span>Oscilador-swing<\/span><\/p><p>Deslizante-paralela<\/p><p>Basculante<\/p><p><br \/><strong><span>Abertura externa<\/span><\/strong><\/p><p><span>Batente<\/span><\/p><p>Projectante-deslizante<\/p><p>\u00a0<\/p><p><strong><span>Se\u00e7\u00f5es<\/span><\/strong><br \/><span>Aro fixo 80 mm<\/span><br \/><span>Folha 88 mm<\/span><\/p><p>\u00a0<\/p><p><strong>Espessura Perfilaria<\/strong><br \/>Janela 1,5 mm<br \/>Porta-Janela 1,6 mm<\/p><p>\u00a0<\/p><p><strong>Largura vareta poliamida<\/strong><br \/>45 mm<\/p><p>\u00a0<\/p><p><strong><span>Dimens\u00f5es m\u00e1x. folha<\/span><\/strong><br \/><span>Largura (L) 1500 mm<\/span><br \/><span>Altura (H) 2600 mm<\/span><\/p><p>\u00a0<\/p><p><strong>Peso m\u00e1x. folha<\/strong><br \/>160 Kg<br \/><small><em>Consultar peso e dimens\u00f5es m\u00e1ximas segundo tipologia<\/em><br \/><br \/><strong>Possibilidades est\u00e9ticas<\/strong><br \/>Folha: Reta<br \/>Bite: Reto ou curvo<\/small><\/p><p>\u00a0<\/p><p><strong>Acabamentos<\/strong><br \/>Possibilidade bi-cor<br \/>Lacagem a cores (RAL, salpicados e rugosos)<br \/>Lacagem imita\u00e7\u00e3o madeira<br \/>Lacagem anti-bacteriana<br \/>Anodizado<\/p>\t\t\t\t\t\r\n\t\t\t\t\t\r\n\t\t\t\t<\/div>\r\n\t\t\t\t\t\t\t\t<div id=\"tab-3\" class=\"tf-tabcontent-inner inactive animated fadeIn\">\r\n\t\t\t\t\t<p><strong>Transmiss\u00e3o<\/strong><br \/><small>Uw \u2265 0,71 (W\/m2K)<br \/>Consultar tipologia, dimens\u00e3o e vidro<\/small><\/p><p>\u00a0<\/p><p><strong>Isolamento ac\u00fastico<\/strong><br \/>Rw at\u00e9 46 dB<\/p><p>\u00a0<\/p><p><strong><span>Permeabilidade ao ar<\/span><\/strong><br \/><span>(EN 12207) Classe 4<\/span><\/p><p>\u00a0<\/p><p><strong>Estanquidade \u00e0 \u00e1gua<\/strong><br \/>(EN 12208) Classe E1950<\/p><p>\u00a0<\/p><p><strong>Resist\u00eancia ao vento<\/strong><br \/>(EN 12210) Classe C5<br \/><br \/><strong>Resist\u00eancia \u00e0 intrus\u00e3o<\/strong><br \/>Grau RC2 (WK2)<\/p><p>\u00a0<\/p><p><small>Ensaio de refer\u00eancia 1,23 x 1,48 m \/ 2 folhas<\/small><\/p>\t\t\t\t\t\r\n\t\t\t\t\t\r\n\t\t\t\t<\/div>\r\n\t\t\t\t\t\t\t<\/div>\r\n\t\t<\/div>\r\n\t\t\r\n\t\t\t\t\t\t<\/div>\n\t\t\t\t<\/div>\n\t\t\t\t\t<\/div>\n\t\t\t\t<\/div>\n\t\t\t\t<\/div>","protected":false},"excerpt":{"rendered":"<h5><span style=\"vertical-align: inherit;\"><span style=\"vertical-align: inherit;\">Descri\u00e7\u00e3o<\/span><\/span><\/h5>\n<p data-start=\"153\" data-end=\"247\" data-is-last-node=\"\" data-is-only-node=\"\">Sistema com aro de 80 mm de profundidade, ideal para climas severos, gra\u00e7as \u00e0 sua excelente rutura de ponte t\u00e9rmica com poliamidas tubulares de 45 mm e perfis de poliolefina reticulada aplicados na gola do vidro, no interior do aro e da folha.<\/p>\n<p data-start=\"153\" data-end=\"247\" data-is-last-node=\"\" data-is-only-node=\"\"><img decoding=\"async\" class=\"alignnone size-full wp-image-4714\" src=\"https:\/\/www.bramial.pt\/wp-content\/uploads\/2025\/07\/Icon-feather-download.png\" alt=\"\" width=\"23\" height=\"23\" \/> <a  data-e-disable-page-transition=\"true\" class=\"download-link\" title=\"\" href=\"https:\/\/www.bramial.com\/fr\/download\/5449\/?tmstv=1776521951\" rel=\"nofollow\" id=\"download-link-5449\" data-redirect=\"false\" ><br \/>\n\tFICHA T\u00c9CNICA COR 80 Industrial<\/a><\/p>","protected":false},"featured_media":5252,"comment_status":"open","ping_status":"closed","template":"","meta":[],"product_brand":[],"product_cat":[58],"product_tag":[],"class_list":{"0":"post-5251","1":"product","2":"type-product","3":"status-publish","4":"has-post-thumbnail","6":"product_cat-janelas-e-portas-batentes","8":"first","9":"instock","10":"downloadable","11":"virtual","12":"product-type-simple"},"_links":{"self":[{"href":"https:\/\/www.bramial.com\/fr\/wp-json\/wp\/v2\/product\/5251","targetHints":{"allow":["GET"]}}],"collection":[{"href":"https:\/\/www.bramial.com\/fr\/wp-json\/wp\/v2\/product"}],"about":[{"href":"https:\/\/www.bramial.com\/fr\/wp-json\/wp\/v2\/types\/product"}],"replies":[{"embeddable":true,"href":"https:\/\/www.bramial.com\/fr\/wp-json\/wp\/v2\/comments?post=5251"}],"version-history":[{"count":7,"href":"https:\/\/www.bramial.com\/fr\/wp-json\/wp\/v2\/product\/5251\/revisions"}],"predecessor-version":[{"id":6121,"href":"https:\/\/www.bramial.com\/fr\/wp-json\/wp\/v2\/product\/5251\/revisions\/6121"}],"wp:featuredmedia":[{"embeddable":true,"href":"https:\/\/www.bramial.com\/fr\/wp-json\/wp\/v2\/media\/5252"}],"wp:attachment":[{"href":"https:\/\/www.bramial.com\/fr\/wp-json\/wp\/v2\/media?parent=5251"}],"wp:term":[{"taxonomy":"product_brand","embeddable":true,"href":"https:\/\/www.bramial.com\/fr\/wp-json\/wp\/v2\/product_brand?post=5251"},{"taxonomy":"product_cat","embeddable":true,"href":"https:\/\/www.bramial.com\/fr\/wp-json\/wp\/v2\/product_cat?post=5251"},{"taxonomy":"product_tag","embeddable":true,"href":"https:\/\/www.bramial.com\/fr\/wp-json\/wp\/v2\/product_tag?post=5251"}],"curies":[{"name":"wp","href":"https:\/\/api.w.org\/{rel}","templated":true}]}}