{"id":5237,"date":"2025-07-09T15:06:05","date_gmt":"2025-07-09T15:06:05","guid":{"rendered":"https:\/\/www.bramial.pt\/?post_type=product&#038;p=5237"},"modified":"2025-07-18T10:21:40","modified_gmt":"2025-07-18T10:21:40","slug":"cor-80-industrial-passivhaus","status":"publish","type":"product","link":"https:\/\/www.bramial.com\/fr\/product\/cor-80-industrial-passivhaus\/","title":{"rendered":"COR &#8211; 80 &#8211; Industrial &#8211; Passivhaus"},"content":{"rendered":"<div data-elementor-type=\"wp-post\" data-elementor-id=\"5237\" class=\"elementor elementor-5237\">\n\t\t\t\t<div class=\"elementor-element elementor-element-87fce01 e-flex e-con-boxed e-con e-parent\" data-id=\"87fce01\" data-element_type=\"container\">\n\t\t\t\t\t<div class=\"e-con-inner\">\n\t\t\t\t<div class=\"elementor-element elementor-element-81d804a elementor-widget elementor-widget-tftabs\" data-id=\"81d804a\" data-element_type=\"widget\" data-widget_type=\"tftabs.default\">\n\t\t\t\t<div class=\"elementor-widget-container\">\n\t\t\t\t\t\t\t<div id=\"tf-tabs-81d804a\" class=\"tf-tabs horizontal tabs-horizontal icon-position-left show-triger-no nav-justify\" data-tabid=\"81d804a\">\r\n\t\t\t<div class=\"tf-tabnav\">\r\n\t\t\t\t<ul>\r\n\t\t\t\t\t\t\t\t\t\t<li class=\"tablinks inactive elementor-animation-\" data-tab=\"tab-1\">\t\r\n\t\t\t\t\t\t\t\t\t\t\t\t\r\n\t\t\t\t\t\t\t\t\t\t\t\t\t<span class=\"tab-title-text\">Descri\u00e7\u00e3o<\/span>\r\n\t\t\t\t\t\t\t\t\t\t\t<\/li>\r\n\t\t\t\t\t\t\t\t\t\t<li class=\"tablinks inactive elementor-animation-\" data-tab=\"tab-2\">\t\r\n\t\t\t\t\t\t\t\t\t\t\t\t\r\n\t\t\t\t\t\t\t\t\t\t\t\t\t<span class=\"tab-title-text\">Dados t\u00e9cnicos<\/span>\r\n\t\t\t\t\t\t\t\t\t\t\t<\/li>\r\n\t\t\t\t\t\t\t\t\t\t<li class=\"tablinks inactive elementor-animation-\" data-tab=\"tab-3\">\t\r\n\t\t\t\t\t\t\t\t\t\t\t\t\r\n\t\t\t\t\t\t\t\t\t\t\t\t\t<span class=\"tab-title-text\">Ensaios<\/span>\r\n\t\t\t\t\t\t\t\t\t\t\t<\/li>\r\n\t\t\t\t\t\t\t\t\t<\/ul>\r\n\t\t\t<\/div>\r\n\t\t\t<div class=\"tf-tabcontent\">\r\n\t\t\t\t\t\t\t\t<div id=\"tab-1\" class=\"tf-tabcontent-inner inactive animated fadeIn\">\r\n\t\t\t\t\t<p><strong><span>Certificado para a categoria warm-temperate<\/span><\/strong><span>, este sistema oferece um\u00a0<\/span><strong><span>isolamento t\u00e9rmico excepcional\u00a0<\/span><\/strong><span>gra\u00e7as \u00e0s suas espumas especiais no aro e folha. Com um valor de transmiss\u00e3o t\u00e9rmica Uw a partir de apenas 0,66 W\/m\u00b2K, apresenta-se como uma solu\u00e7\u00e3o<\/span><strong><span>\u00a0ideal para edif\u00edcios de baixo consumo energ\u00e9tico.<\/span><\/strong><\/p><p>\u00a0<\/p><p><strong><span>Possibilidades<\/span><\/strong><br \/><span>\u00bb Ferragem Seguran\u00e7a<\/span><br \/><span>\u00bb Dobradi\u00e7as ocultas<\/span><\/p>\t\t\t\t\t\r\n\t\t\t\t\t\r\n\t\t\t\t<\/div>\r\n\t\t\t\t\t\t\t\t<div id=\"tab-2\" class=\"tf-tabcontent-inner inactive animated fadeIn\">\r\n\t\t\t\t\t<p><strong><span>Envidra\u00e7amento<\/span><\/strong><br \/><span>M\u00e1x. 65 mm<\/span><br \/><span>M\u00edn. 16 mm<\/span><\/p><p>\u00a0<\/p><p><strong><span>Possibilidades de abertura<\/span><\/strong><br \/><br \/><strong><span>Abertura interior<\/span><\/strong><\/p><p><span>Batente<\/span><\/p><p><span>Oscilador-swing<\/span><\/p><p><span>Basculante<\/span><\/p><p>\u00a0<\/p><p><strong><span>Se\u00e7\u00f5es<\/span><\/strong><br \/><span>Aro fixo 80 mm<\/span><br \/><span>Folha 88 mm<\/span><\/p><p>\u00a0<\/p><p><strong><span>Espessura Perfilaria<\/span><\/strong><br \/><span>Janela 1,6 mm<\/span><\/p><p>\u00a0<\/p><p><strong><span>Largura Va<\/span><\/strong><strong><span>reta Poliamida<\/span><\/strong><br \/><span>45 mm<\/span><\/p><p>\u00a0<\/p><p><strong><span>Dimens\u00f5es m\u00e1x. folha<\/span><\/strong><br \/><span>Largura (L) 1500 mm<\/span><br \/><span>Altura (H) 2600 mm<\/span><\/p><p>\u00a0<\/p><p><strong><span>Peso m\u00e1x. folha<\/span><\/strong><br \/><span>160 Kg<\/span><\/p><p><small><em><span>Verifique o peso e as dimens\u00f5es m\u00e1ximas de acordo com a tipologia<\/span><\/em><br \/><br \/><strong><span>Possibilidades est\u00e9ticas<\/span><\/strong><br \/><span>Folha: Reta \/ Mordida: Reta ou curva<\/span><\/small><\/p><p><strong><span>Acabamentos<\/span><\/strong><br \/><span>Posibilidade bi-cor<\/span><br \/><span>Lacagem a cores (RAL, salpicados e rugosos)<\/span><br \/><span>Lacagem imita\u00e7\u00e3o madeira<\/span><br \/><span>Lacagem anti-bacteriana<\/span><br \/><span>Anodizado<\/span><\/p>\t\t\t\t\t\r\n\t\t\t\t\t\r\n\t\t\t\t<\/div>\r\n\t\t\t\t\t\t\t\t<div id=\"tab-3\" class=\"tf-tabcontent-inner inactive animated fadeIn\">\r\n\t\t\t\t\t<p><strong><span>Transmiss\u00e3o<\/span><\/strong><br \/><span>Uw \u2265 0,66 (W\/m<\/span><sup><span>2<\/span><\/sup><span>K)<\/span><br \/><small><span>Consultar tipologia, dimens\u00e3o e vidro<\/span><\/small><\/p><p>\u00a0<\/p><p><strong><span>Isolamento ac\u00fastico<\/span><\/strong><br \/><span>Rw at\u00e9 46 dB<\/span><\/p><p>\u00a0<\/p><p><strong><span>Permeabilidade ao ar<\/span><\/strong><br \/><span>(EN 12207) Classe 4<\/span><\/p><p>\u00a0<\/p><p><strong><span>Estanquidade \u00e0 \u00e1gua<\/span><\/strong><br \/><span>(EN 12208) Classe E1950<\/span><\/p><p>\u00a0<\/p><p><strong><span>Resist\u00eancia ao vento<\/span><\/strong><br \/><span>(EN 12210) Classe C5<\/span><\/p><p>\u00a0<\/p><p><small><span>Ensaio de refer\u00eancia 1,23 x 1,48 m \/ 2 folhas<\/span><\/small><\/p>\t\t\t\t\t\r\n\t\t\t\t\t\r\n\t\t\t\t<\/div>\r\n\t\t\t\t\t\t\t<\/div>\r\n\t\t<\/div>\r\n\t\t\r\n\t\t\t\t\t\t<\/div>\n\t\t\t\t<\/div>\n\t\t\t\t\t<\/div>\n\t\t\t\t<\/div>\n\t\t\t\t<\/div>","protected":false},"excerpt":{"rendered":"<h5><span style=\"vertical-align: inherit;\"><span style=\"vertical-align: inherit;\">Descri\u00e7\u00e3o<\/span><\/span><\/h5>\n<p data-start=\"0\" data-end=\"151\">Certificado para a categoria <em data-start=\"94\" data-end=\"110\">warm-temperate<\/em>, com espumas especiais no aro e folha.<\/p>\n<p data-start=\"153\" data-end=\"247\" data-is-last-node=\"\" data-is-only-node=\"\">Transmit\u00e2ncia t\u00e9rmica Uw desde 0,66\u202fW\/m\u00b2K.<br data-start=\"195\" data-end=\"198\" \/>Ideal para edif\u00edcios de baixo consumo energ\u00e9tico.<\/p>\n<p data-start=\"153\" data-end=\"247\" data-is-last-node=\"\" data-is-only-node=\"\"><img decoding=\"async\" class=\"alignnone size-full wp-image-4714\" src=\"https:\/\/www.bramial.pt\/wp-content\/uploads\/2025\/07\/Icon-feather-download.png\" alt=\"\" width=\"23\" height=\"23\" \/> <a  data-e-disable-page-transition=\"true\" class=\"download-link\" title=\"\" href=\"https:\/\/www.bramial.com\/fr\/download\/5443\/?tmstv=1776535674\" rel=\"nofollow\" id=\"download-link-5443\" data-redirect=\"false\" ><br \/>\n\tFICHA T\u00c9CNICA COR 80 Ind. Passivhaus<\/a>\n<\/p>\n<p data-start=\"153\" data-end=\"247\" data-is-last-node=\"\" data-is-only-node=\"\">","protected":false},"featured_media":5238,"comment_status":"open","ping_status":"closed","template":"","meta":[],"product_brand":[],"product_cat":[58],"product_tag":[],"class_list":{"0":"post-5237","1":"product","2":"type-product","3":"status-publish","4":"has-post-thumbnail","6":"product_cat-janelas-e-portas-batentes","8":"first","9":"instock","10":"downloadable","11":"virtual","12":"product-type-simple"},"_links":{"self":[{"href":"https:\/\/www.bramial.com\/fr\/wp-json\/wp\/v2\/product\/5237","targetHints":{"allow":["GET"]}}],"collection":[{"href":"https:\/\/www.bramial.com\/fr\/wp-json\/wp\/v2\/product"}],"about":[{"href":"https:\/\/www.bramial.com\/fr\/wp-json\/wp\/v2\/types\/product"}],"replies":[{"embeddable":true,"href":"https:\/\/www.bramial.com\/fr\/wp-json\/wp\/v2\/comments?post=5237"}],"version-history":[{"count":8,"href":"https:\/\/www.bramial.com\/fr\/wp-json\/wp\/v2\/product\/5237\/revisions"}],"predecessor-version":[{"id":6441,"href":"https:\/\/www.bramial.com\/fr\/wp-json\/wp\/v2\/product\/5237\/revisions\/6441"}],"wp:featuredmedia":[{"embeddable":true,"href":"https:\/\/www.bramial.com\/fr\/wp-json\/wp\/v2\/media\/5238"}],"wp:attachment":[{"href":"https:\/\/www.bramial.com\/fr\/wp-json\/wp\/v2\/media?parent=5237"}],"wp:term":[{"taxonomy":"product_brand","embeddable":true,"href":"https:\/\/www.bramial.com\/fr\/wp-json\/wp\/v2\/product_brand?post=5237"},{"taxonomy":"product_cat","embeddable":true,"href":"https:\/\/www.bramial.com\/fr\/wp-json\/wp\/v2\/product_cat?post=5237"},{"taxonomy":"product_tag","embeddable":true,"href":"https:\/\/www.bramial.com\/fr\/wp-json\/wp\/v2\/product_tag?post=5237"}],"curies":[{"name":"wp","href":"https:\/\/api.w.org\/{rel}","templated":true}]}}