{"id":5227,"date":"2025-07-09T15:01:29","date_gmt":"2025-07-09T15:01:29","guid":{"rendered":"https:\/\/www.bramial.pt\/?post_type=product&#038;p=5227"},"modified":"2025-07-18T14:57:42","modified_gmt":"2025-07-18T14:57:42","slug":"porta-dobravel","status":"publish","type":"product","link":"https:\/\/www.bramial.com\/fr\/product\/porta-dobravel\/","title":{"rendered":"Porta &#8211; Harm\u00f3nio"},"content":{"rendered":"<div data-elementor-type=\"wp-post\" data-elementor-id=\"5227\" class=\"elementor elementor-5227\">\n\t\t\t\t<div class=\"elementor-element elementor-element-87fce01 e-flex e-con-boxed e-con e-parent\" data-id=\"87fce01\" data-element_type=\"container\">\n\t\t\t\t\t<div class=\"e-con-inner\">\n\t\t\t\t<div class=\"elementor-element elementor-element-81d804a elementor-widget elementor-widget-tftabs\" data-id=\"81d804a\" data-element_type=\"widget\" data-widget_type=\"tftabs.default\">\n\t\t\t\t<div class=\"elementor-widget-container\">\n\t\t\t\t\t\t\t<div id=\"tf-tabs-81d804a\" class=\"tf-tabs horizontal tabs-horizontal icon-position-left show-triger-no nav-justify\" data-tabid=\"81d804a\">\r\n\t\t\t<div class=\"tf-tabnav\">\r\n\t\t\t\t<ul>\r\n\t\t\t\t\t\t\t\t\t\t<li class=\"tablinks inactive elementor-animation-\" data-tab=\"tab-1\">\t\r\n\t\t\t\t\t\t\t\t\t\t\t\t\r\n\t\t\t\t\t\t\t\t\t\t\t\t\t<span class=\"tab-title-text\">Descri\u00e7\u00e3o<\/span>\r\n\t\t\t\t\t\t\t\t\t\t\t<\/li>\r\n\t\t\t\t\t\t\t\t\t\t<li class=\"tablinks inactive elementor-animation-\" data-tab=\"tab-2\">\t\r\n\t\t\t\t\t\t\t\t\t\t\t\t\r\n\t\t\t\t\t\t\t\t\t\t\t\t\t<span class=\"tab-title-text\">Dados t\u00e9cnicos<\/span>\r\n\t\t\t\t\t\t\t\t\t\t\t<\/li>\r\n\t\t\t\t\t\t\t\t\t\t<li class=\"tablinks inactive elementor-animation-\" data-tab=\"tab-3\">\t\r\n\t\t\t\t\t\t\t\t\t\t\t\t\r\n\t\t\t\t\t\t\t\t\t\t\t\t\t<span class=\"tab-title-text\">Ensaios<\/span>\r\n\t\t\t\t\t\t\t\t\t\t\t<\/li>\r\n\t\t\t\t\t\t\t\t\t<\/ul>\r\n\t\t\t<\/div>\r\n\t\t\t<div class=\"tf-tabcontent\">\r\n\t\t\t\t\t\t\t\t<div id=\"tab-1\" class=\"tf-tabcontent-inner inactive animated fadeIn\">\r\n\t\t\t\t\t<p><span>Sistema de porta de harm\u00f4nio de 73 mm de profundidade de aro fixo com \u00f3timo desempenho t\u00e9rmico e ac\u00fastico, ideal para climas moderados.<\/span><br \/><br \/><\/p><div><div><strong><span>Possibilidades<\/span><\/strong><\/div><div><span>Acessibilidade<\/span><br \/><span>Ferragem\u00a0<\/span><span>de seguran\u00e7a<\/span><\/div><\/div>\t\t\t\t\t\r\n\t\t\t\t\t\r\n\t\t\t\t<\/div>\r\n\t\t\t\t\t\t\t\t<div id=\"tab-2\" class=\"tf-tabcontent-inner inactive animated fadeIn\">\r\n\t\t\t\t\t<p><strong><span>Envidra\u00e7amento<\/span><\/strong><br \/><span>M\u00e1x. 45 mm<\/span><br \/><span>M\u00edn. 25 mm<\/span><br \/><br \/><strong><span>Possibilidades de abertura<\/span><\/strong><br \/><strong><span>Interior<\/span><\/strong><\/p><p><span>De 1 a 14 folhas<\/span><\/p><p><br \/><strong><span>Exterior<\/span><\/strong><\/p><p><span>De 1 a 14 folhas<\/span><\/p><p><span>Possibilidade de encontros a 90\u00ba sem meneus<\/span><\/p><p>\u00a0<\/p><p><strong><span>\u00a0Sec\u00e7\u00f5es<\/span><\/strong><\/p><p><span>Aro \u2013 73 mm<\/span><\/p><p><span>Folha\u00a0\u2013 73 mm<\/span><\/p><p><br \/><strong><span>Espessura perfilaria<\/span><\/strong><\/p><p><span>Porta de 1,8 mm<\/span><\/p><p><br \/><strong><span>Largura vareta poliamida<\/span><\/strong><\/p><p><span>Aro 20 mm<\/span><\/p><p><span>Folha\u00a030 mm<\/span><\/p><p><br \/><strong><span>Dimens\u00f5es m\u00e1ximas<\/span><\/strong><\/p><p><span>Largura\u00a0(L) = 1.200 mm<\/span><br \/><span>Altura\u00a0(H) = 3.000 mm<\/span><\/p><p>\u00a0<\/p><p><br \/><strong><span>Peso m\u00e1ximo \/ folha<\/span><\/strong><\/p><p><strong><span>120 kg<\/span><\/strong><\/p><p><em><span>Consultar peso e dimens\u00f5es m\u00e1ximos\u00a0para outras tipologias.<\/span><br \/><br \/><\/em><\/p><p><strong><span>Acabamentos<\/span><\/strong><\/p><p><span>Posibilidade bi-cor<\/span><\/p><p><span>Lacagem colorida (RAL, salpicado e \u00e1spero)<\/span><\/p><p><span>Lacagem imita\u00e7\u00e3o madeira<\/span><\/p><p><span>Lacagem antibacteriana<\/span><\/p><p><span>Anodizado<\/span><\/p>\t\t\t\t\t\r\n\t\t\t\t\t\r\n\t\t\t\t<\/div>\r\n\t\t\t\t\t\t\t\t<div id=\"tab-3\" class=\"tf-tabcontent-inner inactive animated fadeIn\">\r\n\t\t\t\t\t<p><strong><span>Transmiss\u00e3o\u00a0<\/span><\/strong><\/p><p><span>U\u00a0<\/span><sub><span>D<\/span><\/sub><span>\u00a0\u2265 0,97\u00a0\u00a0<\/span><span>(W\/m\u00b2K)<\/span><\/p><p><em><span>Consultar tipologia, dimens\u00e3o e vidro\u00a0<\/span><\/em><\/p><p><br \/><strong><span>Permeabilidade ao ar<\/span><\/strong><\/p><p><span>(EN 12207) Classe 4<\/span><\/p><p><br \/><strong><span>Estanquidade \u00e0 \u00e1gua<\/span><\/strong><\/p><p><span>(EN 12208) Classe 9A<\/span><\/p><p><br \/><strong><span>Resist\u00eancia ao vento<\/span><\/strong><\/p><p><span>(EN 12210) Classe A3<\/span><\/p><p><br \/><em><span>Ensaio de refer\u00eancia:\u00a02,70 x 2,53 m.<\/span><br \/><span>Tr\u00eas\u00a0folhas.<\/span><\/em><br \/><br \/><strong><span>Ensaio de seguran\u00e7a<\/span><\/strong><\/p><p><span>(PAS 24) Aptid\u00e3o<\/span><\/p><p><br \/><em><span>Ensaio de refer\u00eancia: 2,701 x 2,517 m.<\/span><br \/><span>Tr\u00eas folhas. Configura\u00e7\u00f5es 330<\/span><\/em><\/p>\t\t\t\t\t\r\n\t\t\t\t\t\r\n\t\t\t\t<\/div>\r\n\t\t\t\t\t\t\t<\/div>\r\n\t\t<\/div>\r\n\t\t\r\n\t\t\t\t\t\t<\/div>\n\t\t\t\t<\/div>\n\t\t\t\t\t<\/div>\n\t\t\t\t<\/div>\n\t\t\t\t<\/div>","protected":false},"excerpt":{"rendered":"<h5><span style=\"vertical-align: inherit;\"><span style=\"vertical-align: inherit;\">Descri\u00e7\u00e3o<\/span><\/span><\/h5>\n<article class=\"text-token-text-primary w-full\" dir=\"auto\" data-testid=\"conversation-turn-6\" data-scroll-anchor=\"true\">\n<div class=\"text-base my-auto mx-auto py-5 [--thread-content-margin:--spacing(4)] @[37rem]:[--thread-content-margin:--spacing(6)] @[72rem]:[--thread-content-margin:--spacing(16)] px-(--thread-content-margin)\">\n<div class=\"[--thread-content-max-width:32rem] @[34rem]:[--thread-content-max-width:40rem] @[64rem]:[--thread-content-max-width:48rem] mx-auto flex max-w-(--thread-content-max-width) flex-1 text-base gap-4 md:gap-5 lg:gap-6 group\/turn-messages focus-visible:outline-hidden\" tabindex=\"-1\">\n<div class=\"group\/conversation-turn relative flex w-full min-w-0 flex-col agent-turn\">\n<div class=\"relative flex-col gap-1 md:gap-3\">\n<div class=\"flex min-h-[46px] justify-start\">\n<div class=\"touch:-me-2 touch:-ms-3.5 -ms-2.5 -me-1 flex flex-wrap items-center gap-y-4 p-1 select-none touch:w-[calc(100%+--spacing(3.5))] -mt-1 w-[calc(100%+--spacing(2.5))] duration-[1.5s] focus-within:transition-none hover:transition-none pointer-events-none [mask-image:linear-gradient(to_right,black_33%,transparent_66%)] [mask-size:300%_100%] [mask-position:100%_0%] motion-safe:transition-[mask-position] group-hover\/turn-messages:pointer-events-auto group-hover\/turn-messages:[mask-position:0_0] group-focus-within\/turn-messages:pointer-events-auto group-focus-within\/turn-messages:[mask-position:0_0] has-data-[state=open]:pointer-events-auto has-data-[state=open]:[mask-position:0_0]\">\n<div class=\"pointer-events-none h-px w-px\" aria-hidden=\"true\" data-edge=\"true\">\n<p data-start=\"169\" data-end=\"382\" data-is-last-node=\"\" data-is-only-node=\"\">Sistema de porta de harm\u00f4nio de 73 mm de profundidade de aro fixo com \u00f3timo desempenho t\u00e9rmico e ac\u00fastico, ideal para climas moderados.<\/p>\n<div>\n<div><strong>Possibilidades<\/strong><\/div>\n<div>Acessibilidade<br \/>\nFerragem\u00a0de seguran\u00e7a<\/div>\n<div><img decoding=\"async\" class=\"alignnone size-full wp-image-4714\" src=\"https:\/\/www.bramial.pt\/wp-content\/uploads\/2025\/07\/Icon-feather-download.png\" alt=\"\" width=\"23\" height=\"23\" \/> <a  data-e-disable-page-transition=\"true\" class=\"download-link\" title=\"\" href=\"https:\/\/www.bramial.com\/fr\/download\/5557\/?tmstv=1776535617\" rel=\"nofollow\" id=\"download-link-5557\" data-redirect=\"false\" ><br \/>\n\tFICHA T\u00c9CNICA P. Harm\u00f3nio<\/a>\n<\/div>\n<div><\/div>\n<\/div>\n<\/div>\n<\/div>\n<\/div>\n<\/div>\n<\/div>\n<\/div>\n<\/div>\n<\/article>","protected":false},"featured_media":5230,"comment_status":"open","ping_status":"closed","template":"","meta":[],"product_brand":[],"product_cat":[61],"product_tag":[],"class_list":{"0":"post-5227","1":"product","2":"type-product","3":"status-publish","4":"has-post-thumbnail","6":"product_cat-portas","8":"first","9":"instock","10":"downloadable","11":"virtual","12":"product-type-simple"},"_links":{"self":[{"href":"https:\/\/www.bramial.com\/fr\/wp-json\/wp\/v2\/product\/5227","targetHints":{"allow":["GET"]}}],"collection":[{"href":"https:\/\/www.bramial.com\/fr\/wp-json\/wp\/v2\/product"}],"about":[{"href":"https:\/\/www.bramial.com\/fr\/wp-json\/wp\/v2\/types\/product"}],"replies":[{"embeddable":true,"href":"https:\/\/www.bramial.com\/fr\/wp-json\/wp\/v2\/comments?post=5227"}],"version-history":[{"count":6,"href":"https:\/\/www.bramial.com\/fr\/wp-json\/wp\/v2\/product\/5227\/revisions"}],"predecessor-version":[{"id":6511,"href":"https:\/\/www.bramial.com\/fr\/wp-json\/wp\/v2\/product\/5227\/revisions\/6511"}],"wp:featuredmedia":[{"embeddable":true,"href":"https:\/\/www.bramial.com\/fr\/wp-json\/wp\/v2\/media\/5230"}],"wp:attachment":[{"href":"https:\/\/www.bramial.com\/fr\/wp-json\/wp\/v2\/media?parent=5227"}],"wp:term":[{"taxonomy":"product_brand","embeddable":true,"href":"https:\/\/www.bramial.com\/fr\/wp-json\/wp\/v2\/product_brand?post=5227"},{"taxonomy":"product_cat","embeddable":true,"href":"https:\/\/www.bramial.com\/fr\/wp-json\/wp\/v2\/product_cat?post=5227"},{"taxonomy":"product_tag","embeddable":true,"href":"https:\/\/www.bramial.com\/fr\/wp-json\/wp\/v2\/product_tag?post=5227"}],"curies":[{"name":"wp","href":"https:\/\/api.w.org\/{rel}","templated":true}]}}