{"id":5218,"date":"2025-07-09T14:57:28","date_gmt":"2025-07-09T14:57:28","guid":{"rendered":"https:\/\/www.bramial.pt\/?post_type=product&#038;p=5218"},"modified":"2025-07-18T14:58:08","modified_gmt":"2025-07-18T14:58:08","slug":"porta-dobravel-plus","status":"publish","type":"product","link":"https:\/\/www.bramial.com\/fr\/product\/porta-dobravel-plus\/","title":{"rendered":"Porta &#8211; Harm\u00f3nio &#8211; Plus"},"content":{"rendered":"<div data-elementor-type=\"wp-post\" data-elementor-id=\"5218\" class=\"elementor elementor-5218\">\n\t\t\t\t<div class=\"elementor-element elementor-element-87fce01 e-flex e-con-boxed e-con e-parent\" data-id=\"87fce01\" data-element_type=\"container\">\n\t\t\t\t\t<div class=\"e-con-inner\">\n\t\t\t\t<div class=\"elementor-element elementor-element-81d804a elementor-widget elementor-widget-tftabs\" data-id=\"81d804a\" data-element_type=\"widget\" data-widget_type=\"tftabs.default\">\n\t\t\t\t<div class=\"elementor-widget-container\">\n\t\t\t\t\t\t\t<div id=\"tf-tabs-81d804a\" class=\"tf-tabs horizontal tabs-horizontal icon-position-left show-triger-no nav-justify\" data-tabid=\"81d804a\">\r\n\t\t\t<div class=\"tf-tabnav\">\r\n\t\t\t\t<ul>\r\n\t\t\t\t\t\t\t\t\t\t<li class=\"tablinks inactive elementor-animation-\" data-tab=\"tab-1\">\t\r\n\t\t\t\t\t\t\t\t\t\t\t\t\r\n\t\t\t\t\t\t\t\t\t\t\t\t\t<span class=\"tab-title-text\">Descri\u00e7\u00e3o<\/span>\r\n\t\t\t\t\t\t\t\t\t\t\t<\/li>\r\n\t\t\t\t\t\t\t\t\t\t<li class=\"tablinks inactive elementor-animation-\" data-tab=\"tab-2\">\t\r\n\t\t\t\t\t\t\t\t\t\t\t\t\r\n\t\t\t\t\t\t\t\t\t\t\t\t\t<span class=\"tab-title-text\">Dados t\u00e9cnicos<\/span>\r\n\t\t\t\t\t\t\t\t\t\t\t<\/li>\r\n\t\t\t\t\t\t\t\t\t\t<li class=\"tablinks inactive elementor-animation-\" data-tab=\"tab-3\">\t\r\n\t\t\t\t\t\t\t\t\t\t\t\t\r\n\t\t\t\t\t\t\t\t\t\t\t\t\t<span class=\"tab-title-text\">Ensaios<\/span>\r\n\t\t\t\t\t\t\t\t\t\t\t<\/li>\r\n\t\t\t\t\t\t\t\t\t<\/ul>\r\n\t\t\t<\/div>\r\n\t\t\t<div class=\"tf-tabcontent\">\r\n\t\t\t\t\t\t\t\t<div id=\"tab-1\" class=\"tf-tabcontent-inner inactive animated fadeIn\">\r\n\t\t\t\t\t<p><span>Separa ambientes e unifica espa\u00e7os com este sistema de porta de harm\u00f4nio de 80 mm de profundidade de aro fixo. Esta evolu\u00e7\u00e3o do sistema de Harm\u00f3nio oferece uma excelente performance t\u00e9rmica e ac\u00fastica, gra\u00e7as a sua rotura de ponte t\u00e9rmica de 45mm e uma capacidade de envidra\u00e7amento de at\u00e9 52mm. Al\u00e9m disso, apresenta um n\u00f3 central reduzido de 110mm que permite maximizar a superf\u00edcie envidra\u00e7ada, preenchendo com luz natural os espa\u00e7os internos.<\/span><br \/><br \/><\/p><div><div><strong><span>Possibilidades<\/span><\/strong><\/div><div><span>Ferragem\u00a0<\/span><span>de seguran\u00e7a<\/span><\/div><div><span>Acessibilidade<\/span><\/div><\/div>\t\t\t\t\t\r\n\t\t\t\t\t\r\n\t\t\t\t<\/div>\r\n\t\t\t\t\t\t\t\t<div id=\"tab-2\" class=\"tf-tabcontent-inner inactive animated fadeIn\">\r\n\t\t\t\t\t<div><strong>\u00a0Envidra\u00e7amento<\/strong><br \/>M\u00e1x. 48 mm<br \/>M\u00edn. 25 mm<\/div><div>\u00a0<\/div><div><br \/><strong>Possibilidades de abertura<br \/>Interior<\/strong><\/div><div>De 1 at\u00e9 14 folhas<\/div><div><br \/><strong>Exterior<\/strong><\/div><div>De 1 at\u00e9 14 folhas<\/div><div>Possibilidade de encontros a 90\u00ba sem meneus<\/div><div><br \/><strong>Sec\u00e7\u00f5es<br \/><\/strong>Aro fixo 80 mm<\/div><div>Folha 80 mm<\/div><div>\u00a0<\/div><div><strong>Espessura Perfilaria<\/strong><br \/>Porta 1,8 mm<br \/><br \/><\/div><div>\u00a0<\/div><div><strong>Largura Vareta Poliamida<\/strong><br \/>Aro fixo 45 mm<\/div><div>Folha 45 mm<br \/><br \/><\/div><div>\u00a0<\/div><div><strong>Dimens\u00f5es m\u00e1x. folha<\/strong><br \/>Largura (L) 1200 mm<br \/>Altura (H) 3000 mm<br \/><br \/><\/div><div>\u00a0<\/div><div><strong>Peso m\u00e1x. folha<\/strong><br \/>120 Kg<\/div><div><em>Consultar peso e dimens\u00f5es m\u00e1ximas segundo tipologia<br \/><br \/><\/em><\/div><div>\u00a0<\/div><div><strong>Acabamentos<\/strong><br \/>Possibilidade bi-cor<\/div><div>Lacagem a cores (RAL, salpicados e rugosos)<\/div><div>Lacagem imita\u00e7\u00e3o madeira<\/div><div>Lacagem anti-bacteriana<\/div><div>Anodizado<\/div>\t\t\t\t\t\r\n\t\t\t\t\t\r\n\t\t\t\t<\/div>\r\n\t\t\t\t\t\t\t\t<div id=\"tab-3\" class=\"tf-tabcontent-inner inactive animated fadeIn\">\r\n\t\t\t\t\t<div><strong><span>Transmiss\u00e3o<\/span><\/strong><br \/><span>U\u00a0<\/span><sub><span>D<\/span><\/sub><span>\u00a0\u2265 0,78 (W\/m\u00b2K)<\/span><br \/><br \/><\/div><div><strong><span>Permeabilidade ao ar<\/span><\/strong><br \/><span>(EN 12207)\u00a0<\/span><span>\u00a0Classe 4<\/span><br \/><br \/><\/div><div><strong><span>Estanquidade \u00e0 \u00e1gua<\/span><\/strong><br \/><span>(EN 12208)\u00a0<\/span><span>Classe E750<\/span><br \/><br \/><\/div><div><strong><span>Resist\u00eancia ao vento<\/span><\/strong><br \/><span>(EN 12210)\u00a0<\/span><span>Classe C3<\/span><br \/><br \/><\/div><div><strong><span>Aberturas e fechamentos repetidos<\/span><\/strong><br \/><span>50.000 ciclos (Folha de paso)<\/span><\/div><div><span>25.000 ciclos (Folhas par)<\/span><br \/><br \/><\/div><div><strong><span>Ensaio de seguran\u00e7a PAS24<\/span><\/strong><br \/><span>APTO<\/span><br \/><br \/><\/div><div><span>Ensaio AEV 3 folhas. Configura\u00e7\u00e3o 321. 2,70 x 2,50 mm<\/span><\/div><div><span>Resist\u00eancia a ciclos de abertura e fecho: ensaio realizado segundo a norma UNE-EN 1191<\/span><\/div><div><span>Ensaio de refer\u00eancia 3 folhas. Configura\u00e7\u00e3o 321. 3,73 x 2,50 m<\/span><\/div>\t\t\t\t\t\r\n\t\t\t\t\t\r\n\t\t\t\t<\/div>\r\n\t\t\t\t\t\t\t<\/div>\r\n\t\t<\/div>\r\n\t\t\r\n\t\t\t\t\t\t<\/div>\n\t\t\t\t<\/div>\n\t\t\t\t\t<\/div>\n\t\t\t\t<\/div>\n\t\t\t\t<\/div>","protected":false},"excerpt":{"rendered":"<h5><span style=\"vertical-align: inherit;\"><span style=\"vertical-align: inherit;\">Descri\u00e7\u00e3o<\/span><\/span><\/h5>\n<article class=\"text-token-text-primary w-full\" dir=\"auto\" data-testid=\"conversation-turn-6\" data-scroll-anchor=\"true\">\n<div class=\"text-base my-auto mx-auto py-5 [--thread-content-margin:--spacing(4)] @[37rem]:[--thread-content-margin:--spacing(6)] @[72rem]:[--thread-content-margin:--spacing(16)] px-(--thread-content-margin)\">\n<div class=\"[--thread-content-max-width:32rem] @[34rem]:[--thread-content-max-width:40rem] @[64rem]:[--thread-content-max-width:48rem] mx-auto flex max-w-(--thread-content-max-width) flex-1 text-base gap-4 md:gap-5 lg:gap-6 group\/turn-messages focus-visible:outline-hidden\" tabindex=\"-1\">\n<div class=\"group\/conversation-turn relative flex w-full min-w-0 flex-col agent-turn\">\n<div class=\"relative flex-col gap-1 md:gap-3\">\n<div class=\"flex min-h-[46px] justify-start\">\n<div class=\"touch:-me-2 touch:-ms-3.5 -ms-2.5 -me-1 flex flex-wrap items-center gap-y-4 p-1 select-none touch:w-[calc(100%+--spacing(3.5))] -mt-1 w-[calc(100%+--spacing(2.5))] duration-[1.5s] focus-within:transition-none hover:transition-none pointer-events-none [mask-image:linear-gradient(to_right,black_33%,transparent_66%)] [mask-size:300%_100%] [mask-position:100%_0%] motion-safe:transition-[mask-position] group-hover\/turn-messages:pointer-events-auto group-hover\/turn-messages:[mask-position:0_0] group-focus-within\/turn-messages:pointer-events-auto group-focus-within\/turn-messages:[mask-position:0_0] has-data-[state=open]:pointer-events-auto has-data-[state=open]:[mask-position:0_0]\">\n<div class=\"pointer-events-none h-px w-px\" aria-hidden=\"true\" data-edge=\"true\">\n<p data-start=\"0\" data-end=\"167\">Porta de harm\u00f4nio com aro fixo de 80 mm de profundidade, oferecendo excelente performance t\u00e9rmica e ac\u00fastica.<\/p>\n<p data-start=\"169\" data-end=\"382\" data-is-last-node=\"\" data-is-only-node=\"\">Com rutura de ponte t\u00e9rmica de 45 mm e envidra\u00e7amento at\u00e9 52 mm, apresenta n\u00f3 central reduzido de 110 mm, maximizando a entrada de luz natural nos espa\u00e7os internos. Ideal para separar ambientes e unificar espa\u00e7os.<\/p>\n<p data-start=\"169\" data-end=\"382\" data-is-last-node=\"\" data-is-only-node=\"\"><img decoding=\"async\" class=\"alignnone size-full wp-image-4714\" src=\"https:\/\/www.bramial.pt\/wp-content\/uploads\/2025\/07\/Icon-feather-download.png\" alt=\"\" width=\"23\" height=\"23\" \/> <a  data-e-disable-page-transition=\"true\" class=\"download-link\" title=\"\" href=\"https:\/\/www.bramial.com\/fr\/download\/5552\/?tmstv=1776535695\" rel=\"nofollow\" id=\"download-link-5552\" data-redirect=\"false\" ><br \/>\n\tFICHA T\u00c9CNICA P. Harm\u00f3nio Plus<\/a>\n<\/p>\n<p data-start=\"169\" data-end=\"382\" data-is-last-node=\"\" data-is-only-node=\"\">\n<\/div>\n<\/div>\n<\/div>\n<\/div>\n<\/div>\n<\/div>\n<\/div>\n<\/article>","protected":false},"featured_media":5219,"comment_status":"open","ping_status":"closed","template":"","meta":[],"product_brand":[],"product_cat":[61],"product_tag":[],"class_list":{"0":"post-5218","1":"product","2":"type-product","3":"status-publish","4":"has-post-thumbnail","6":"product_cat-portas","8":"first","9":"instock","10":"downloadable","11":"virtual","12":"product-type-simple"},"_links":{"self":[{"href":"https:\/\/www.bramial.com\/fr\/wp-json\/wp\/v2\/product\/5218","targetHints":{"allow":["GET"]}}],"collection":[{"href":"https:\/\/www.bramial.com\/fr\/wp-json\/wp\/v2\/product"}],"about":[{"href":"https:\/\/www.bramial.com\/fr\/wp-json\/wp\/v2\/types\/product"}],"replies":[{"embeddable":true,"href":"https:\/\/www.bramial.com\/fr\/wp-json\/wp\/v2\/comments?post=5218"}],"version-history":[{"count":7,"href":"https:\/\/www.bramial.com\/fr\/wp-json\/wp\/v2\/product\/5218\/revisions"}],"predecessor-version":[{"id":6512,"href":"https:\/\/www.bramial.com\/fr\/wp-json\/wp\/v2\/product\/5218\/revisions\/6512"}],"wp:featuredmedia":[{"embeddable":true,"href":"https:\/\/www.bramial.com\/fr\/wp-json\/wp\/v2\/media\/5219"}],"wp:attachment":[{"href":"https:\/\/www.bramial.com\/fr\/wp-json\/wp\/v2\/media?parent=5218"}],"wp:term":[{"taxonomy":"product_brand","embeddable":true,"href":"https:\/\/www.bramial.com\/fr\/wp-json\/wp\/v2\/product_brand?post=5218"},{"taxonomy":"product_cat","embeddable":true,"href":"https:\/\/www.bramial.com\/fr\/wp-json\/wp\/v2\/product_cat?post=5218"},{"taxonomy":"product_tag","embeddable":true,"href":"https:\/\/www.bramial.com\/fr\/wp-json\/wp\/v2\/product_tag?post=5218"}],"curies":[{"name":"wp","href":"https:\/\/api.w.org\/{rel}","templated":true}]}}