{"id":5190,"date":"2025-07-09T14:46:20","date_gmt":"2025-07-09T14:46:20","guid":{"rendered":"https:\/\/www.bramial.pt\/?post_type=product&#038;p=5190"},"modified":"2025-07-18T14:59:47","modified_gmt":"2025-07-18T14:59:47","slug":"porta-painelada","status":"publish","type":"product","link":"https:\/\/www.bramial.com\/fr\/product\/porta-painelada\/","title":{"rendered":"Porta &#8211; Painelada"},"content":{"rendered":"<div data-elementor-type=\"wp-post\" data-elementor-id=\"5190\" class=\"elementor elementor-5190\">\n\t\t\t\t<div class=\"elementor-element elementor-element-87fce01 e-flex e-con-boxed e-con e-parent\" data-id=\"87fce01\" data-element_type=\"container\">\n\t\t\t\t\t<div class=\"e-con-inner\">\n\t\t\t\t<div class=\"elementor-element elementor-element-81d804a elementor-widget elementor-widget-tftabs\" data-id=\"81d804a\" data-element_type=\"widget\" data-widget_type=\"tftabs.default\">\n\t\t\t\t<div class=\"elementor-widget-container\">\n\t\t\t\t\t\t\t<div id=\"tf-tabs-81d804a\" class=\"tf-tabs horizontal tabs-horizontal icon-position-left show-triger-no nav-justify\" data-tabid=\"81d804a\">\r\n\t\t\t<div class=\"tf-tabnav\">\r\n\t\t\t\t<ul>\r\n\t\t\t\t\t\t\t\t\t\t<li class=\"tablinks inactive elementor-animation-\" data-tab=\"tab-1\">\t\r\n\t\t\t\t\t\t\t\t\t\t\t\t\r\n\t\t\t\t\t\t\t\t\t\t\t\t\t<span class=\"tab-title-text\">Descri\u00e7\u00e3o<\/span>\r\n\t\t\t\t\t\t\t\t\t\t\t<\/li>\r\n\t\t\t\t\t\t\t\t\t\t<li class=\"tablinks inactive elementor-animation-\" data-tab=\"tab-2\">\t\r\n\t\t\t\t\t\t\t\t\t\t\t\t\r\n\t\t\t\t\t\t\t\t\t\t\t\t\t<span class=\"tab-title-text\">Dados t\u00e9cnicos<\/span>\r\n\t\t\t\t\t\t\t\t\t\t\t<\/li>\r\n\t\t\t\t\t\t\t\t\t\t<li class=\"tablinks inactive elementor-animation-\" data-tab=\"tab-3\">\t\r\n\t\t\t\t\t\t\t\t\t\t\t\t\r\n\t\t\t\t\t\t\t\t\t\t\t\t\t<span class=\"tab-title-text\">Ensaios<\/span>\r\n\t\t\t\t\t\t\t\t\t\t\t<\/li>\r\n\t\t\t\t\t\t\t\t\t<\/ul>\r\n\t\t\t<\/div>\r\n\t\t\t<div class=\"tf-tabcontent\">\r\n\t\t\t\t\t\t\t\t<div id=\"tab-1\" class=\"tf-tabcontent-inner inactive animated fadeIn\">\r\n\t\t\t\t\t<p>Compat\u00edvel com as s\u00e9ries Millennium Plus 80 e Millennium Plus 70, incorpora um painel integrado na folha, possibilitando assim uma ampla variedade de possibilidades est\u00e9ticas. Al\u00e9m disso, permite a instala\u00e7\u00e3o de uma ma\u00e7aneta embutida com ilumina\u00e7\u00e3o LED e um sistema de abertura por impress\u00e3o digital.<\/p>\t\t\t\t\t\r\n\t\t\t\t\t\r\n\t\t\t\t<\/div>\r\n\t\t\t\t\t\t\t\t<div id=\"tab-2\" class=\"tf-tabcontent-inner inactive animated fadeIn\">\r\n\t\t\t\t\t<p><strong><span>Sec\u00e7\u00f5es<\/span><\/strong><br \/><span>Moldura: 80 \/ 70 mm<\/span><br \/><span>Folha: 80 \/ 70 mm<\/span><\/p><p>\u00a0<\/p><p><strong><span>Espessura do perfil<\/span><\/strong><br \/><span>2,0 mm<\/span><\/p><p>\u00a0<\/p><p><strong><span>Painel<\/span><\/strong><br \/><span>M\u00e1x. 80 mm, M\u00edn. 33 mm (perfil 80)<\/span><br \/><span>M\u00e1x. 70 mm, M\u00edn. 23 mm (perfil 70)<\/span><\/p><p>\u00a0<\/p><p><strong><span>Comprimento da barra de poliamida<\/span><\/strong><br \/><span>30 \/ 34 mm (perfil 80)<\/span><br \/><span>20 \/ 24 mm (perfil 70)<\/span><\/p><p>\u00a0<\/p><p><strong><span>Dimens\u00f5es m\u00e1ximas da folha<\/span><\/strong><\/p><p><span>Porta:<\/span><br \/><span>Largura (L) 1800 mm<\/span><br \/><span>Altura (H) 3000 mm<\/span><\/p><p><span>Porta com dobradi\u00e7as ocultas:<\/span><br \/><span>Largura (L) 1500 mm<\/span><br \/><span>Altura (H) 2700 mm<\/span><\/p><p>\u00a0<\/p><p><strong><span>Peso m\u00e1ximo da folha<\/span><\/strong><br \/><span>220 Kg<\/span><br \/><span>120 Kg (dobradi\u00e7as ocultas)<\/span><\/p><p><span><em>Consultar peso e dimens\u00f5es m\u00e1ximas conforme tipologia<\/em>.<\/span><\/p><p>\u00a0<\/p><p><strong><span>Acabamentos<\/span><\/strong><\/p><p><span>Possibilidade bicolor<\/span><\/p><p><span>Lacado em cores (RAL, manchados e texturizados)<\/span><\/p><p><span>Lacado imita\u00e7\u00e3o madeira<\/span><\/p><p><span>Laca antibacteriana<\/span><\/p><p><span>Anodizado<\/span><\/p>\t\t\t\t\t\r\n\t\t\t\t\t\r\n\t\t\t\t<\/div>\r\n\t\t\t\t\t\t\t\t<div id=\"tab-3\" class=\"tf-tabcontent-inner inactive animated fadeIn\">\r\n\t\t\t\t\t<p>Sem informa\u00e7\u00e3o.<\/p>\t\t\t\t\t\r\n\t\t\t\t\t\r\n\t\t\t\t<\/div>\r\n\t\t\t\t\t\t\t<\/div>\r\n\t\t<\/div>\r\n\t\t\r\n\t\t\t\t\t\t<\/div>\n\t\t\t\t<\/div>\n\t\t\t\t\t<\/div>\n\t\t\t\t<\/div>\n\t\t\t\t<\/div>","protected":false},"excerpt":{"rendered":"<h5><span style=\"vertical-align: inherit;\"><span style=\"vertical-align: inherit;\">Descri\u00e7\u00e3o<\/span><\/span><\/h5>\n<article class=\"text-token-text-primary w-full\" dir=\"auto\" data-testid=\"conversation-turn-6\" data-scroll-anchor=\"true\">\n<div class=\"text-base my-auto mx-auto py-5 [--thread-content-margin:--spacing(4)] @[37rem]:[--thread-content-margin:--spacing(6)] @[72rem]:[--thread-content-margin:--spacing(16)] px-(--thread-content-margin)\">\n<div class=\"[--thread-content-max-width:32rem] @[34rem]:[--thread-content-max-width:40rem] @[64rem]:[--thread-content-max-width:48rem] mx-auto flex max-w-(--thread-content-max-width) flex-1 text-base gap-4 md:gap-5 lg:gap-6 group\/turn-messages focus-visible:outline-hidden\" tabindex=\"-1\">\n<div class=\"group\/conversation-turn relative flex w-full min-w-0 flex-col agent-turn\">\n<div class=\"relative flex-col gap-1 md:gap-3\">\n<div class=\"flex min-h-[46px] justify-start\">\n<div class=\"touch:-me-2 touch:-ms-3.5 -ms-2.5 -me-1 flex flex-wrap items-center gap-y-4 p-1 select-none touch:w-[calc(100%+--spacing(3.5))] -mt-1 w-[calc(100%+--spacing(2.5))] duration-[1.5s] focus-within:transition-none hover:transition-none pointer-events-none [mask-image:linear-gradient(to_right,black_33%,transparent_66%)] [mask-size:300%_100%] [mask-position:100%_0%] motion-safe:transition-[mask-position] group-hover\/turn-messages:pointer-events-auto group-hover\/turn-messages:[mask-position:0_0] group-focus-within\/turn-messages:pointer-events-auto group-focus-within\/turn-messages:[mask-position:0_0] has-data-[state=open]:pointer-events-auto has-data-[state=open]:[mask-position:0_0]\">\n<div class=\"pointer-events-none h-px w-px\" aria-hidden=\"true\" data-edge=\"true\">\n<p data-start=\"0\" data-end=\"177\">Compat\u00edvel com as s\u00e9ries Millennium Plus 80 e 70, incorpora painel integrado na folha, oferecendo diversas op\u00e7\u00f5es est\u00e9ticas.<\/p>\n<p data-start=\"179\" data-end=\"257\" data-is-last-node=\"\" data-is-only-node=\"\">Permite ma\u00e7aneta embutida com ilumina\u00e7\u00e3o LED e abertura por impress\u00e3o digital.<\/p>\n<p data-start=\"179\" data-end=\"257\" data-is-last-node=\"\" data-is-only-node=\"\">\n<\/div>\n<\/div>\n<\/div>\n<\/div>\n<\/div>\n<\/div>\n<\/div>\n<\/article>","protected":false},"featured_media":5191,"comment_status":"open","ping_status":"closed","template":"","meta":[],"product_brand":[],"product_cat":[61],"product_tag":[],"class_list":{"0":"post-5190","1":"product","2":"type-product","3":"status-publish","4":"has-post-thumbnail","6":"product_cat-portas","8":"first","9":"instock","10":"downloadable","11":"virtual","12":"product-type-simple"},"_links":{"self":[{"href":"https:\/\/www.bramial.com\/fr\/wp-json\/wp\/v2\/product\/5190","targetHints":{"allow":["GET"]}}],"collection":[{"href":"https:\/\/www.bramial.com\/fr\/wp-json\/wp\/v2\/product"}],"about":[{"href":"https:\/\/www.bramial.com\/fr\/wp-json\/wp\/v2\/types\/product"}],"replies":[{"embeddable":true,"href":"https:\/\/www.bramial.com\/fr\/wp-json\/wp\/v2\/comments?post=5190"}],"version-history":[{"count":5,"href":"https:\/\/www.bramial.com\/fr\/wp-json\/wp\/v2\/product\/5190\/revisions"}],"predecessor-version":[{"id":6515,"href":"https:\/\/www.bramial.com\/fr\/wp-json\/wp\/v2\/product\/5190\/revisions\/6515"}],"wp:featuredmedia":[{"embeddable":true,"href":"https:\/\/www.bramial.com\/fr\/wp-json\/wp\/v2\/media\/5191"}],"wp:attachment":[{"href":"https:\/\/www.bramial.com\/fr\/wp-json\/wp\/v2\/media?parent=5190"}],"wp:term":[{"taxonomy":"product_brand","embeddable":true,"href":"https:\/\/www.bramial.com\/fr\/wp-json\/wp\/v2\/product_brand?post=5190"},{"taxonomy":"product_cat","embeddable":true,"href":"https:\/\/www.bramial.com\/fr\/wp-json\/wp\/v2\/product_cat?post=5190"},{"taxonomy":"product_tag","embeddable":true,"href":"https:\/\/www.bramial.com\/fr\/wp-json\/wp\/v2\/product_tag?post=5190"}],"curies":[{"name":"wp","href":"https:\/\/api.w.org\/{rel}","templated":true}]}}