{"id":5155,"date":"2025-07-09T14:10:14","date_gmt":"2025-07-09T14:10:14","guid":{"rendered":"https:\/\/www.bramial.pt\/?post_type=product&#038;p=5155"},"modified":"2025-07-15T10:04:48","modified_gmt":"2025-07-15T10:04:48","slug":"6500-de-correr","status":"publish","type":"product","link":"https:\/\/www.bramial.com\/fr\/product\/6500-de-correr\/","title":{"rendered":"6500 &#8211; de &#8211; Correr"},"content":{"rendered":"<div data-elementor-type=\"wp-post\" data-elementor-id=\"5155\" class=\"elementor elementor-5155\">\n\t\t\t\t<div class=\"elementor-element elementor-element-87fce01 e-flex e-con-boxed e-con e-parent\" data-id=\"87fce01\" data-element_type=\"container\">\n\t\t\t\t\t<div class=\"e-con-inner\">\n\t\t\t\t<div class=\"elementor-element elementor-element-81d804a elementor-widget elementor-widget-tftabs\" data-id=\"81d804a\" data-element_type=\"widget\" data-widget_type=\"tftabs.default\">\n\t\t\t\t<div class=\"elementor-widget-container\">\n\t\t\t\t\t\t\t<div id=\"tf-tabs-81d804a\" class=\"tf-tabs horizontal tabs-horizontal icon-position-left show-triger-no nav-justify\" data-tabid=\"81d804a\">\r\n\t\t\t<div class=\"tf-tabnav\">\r\n\t\t\t\t<ul>\r\n\t\t\t\t\t\t\t\t\t\t<li class=\"tablinks inactive elementor-animation-\" data-tab=\"tab-1\">\t\r\n\t\t\t\t\t\t\t\t\t\t\t\t\r\n\t\t\t\t\t\t\t\t\t\t\t\t\t<span class=\"tab-title-text\">Descri\u00e7\u00e3o<\/span>\r\n\t\t\t\t\t\t\t\t\t\t\t<\/li>\r\n\t\t\t\t\t\t\t\t\t\t<li class=\"tablinks inactive elementor-animation-\" data-tab=\"tab-2\">\t\r\n\t\t\t\t\t\t\t\t\t\t\t\t\r\n\t\t\t\t\t\t\t\t\t\t\t\t\t<span class=\"tab-title-text\">Dados t\u00e9cnicos<\/span>\r\n\t\t\t\t\t\t\t\t\t\t\t<\/li>\r\n\t\t\t\t\t\t\t\t\t\t<li class=\"tablinks inactive elementor-animation-\" data-tab=\"tab-3\">\t\r\n\t\t\t\t\t\t\t\t\t\t\t\t\r\n\t\t\t\t\t\t\t\t\t\t\t\t\t<span class=\"tab-title-text\">Ensaios<\/span>\r\n\t\t\t\t\t\t\t\t\t\t\t<\/li>\r\n\t\t\t\t\t\t\t\t\t<\/ul>\r\n\t\t\t<\/div>\r\n\t\t\t<div class=\"tf-tabcontent\">\r\n\t\t\t\t\t\t\t\t<div id=\"tab-1\" class=\"tf-tabcontent-inner inactive animated fadeIn\">\r\n\t\t\t\t\t<p>Sistema de janelas e portas de correr com espessura m\u00e9dia de perfis de 1,5 mm<br \/><br \/><strong>Dispon\u00edvel em duas vers\u00f5es:<\/strong><br \/><br \/>- Standard<br \/><br \/>- 6500 Plus: Maior capacidade de envidra\u00e7amento e n\u00f3 central reduzido com apenas 40 mm de sec\u00e7\u00e3o vista<\/p>\t\t\t\t\t\r\n\t\t\t\t\t\r\n\t\t\t\t<\/div>\r\n\t\t\t\t\t\t\t\t<div id=\"tab-2\" class=\"tf-tabcontent-inner inactive animated fadeIn\">\r\n\t\t\t\t\t<p><strong>M\u00e1ximo envidra\u00e7amento<\/strong><\/p><p>17 mm<\/p><p><br \/><strong>Possibilidades de Abertura<\/strong><\/p><p>Standard:\u00a0<\/p><p>Correr 2, 3 e 4 Folhas. 1 Folha + 1 fixo<\/p><p>6500 Plus:\u00a0<\/p><p>Correr de 2, 3, 4 e 6 Folhas. Possibilidade tricarril. Possibilidade monocarril galandage<\/p><p><br \/><strong>Sec\u00e7\u00f5es<\/strong><\/p><p>Aro:\u00a0<\/p><p>Standard 83 mm 6500 Plus 104 mm<\/p><p>Folha:\u00a0<\/p><p>Standard 32 mm 6500 Plus 41,6 mm<\/p><p><br \/><strong>Espessura perfilaria<\/strong><\/p><p>Janela 1,5 mm<\/p><p>Porta 1,5 mm<\/p><p><br \/><strong>Dimens\u00f5es m\u00e1ximas<\/strong><\/p><p>Largura (L) = 1.900 mm<br \/>Altura (H) = 2.600 mm<\/p><p><br \/><strong>Peso m\u00e1ximo \/ folha<\/strong><\/p><p>Standard 150 Kg<\/p><p>6500 Plus 240 Kg<\/p><div><em>Consultar peso e dimens\u00f5es m\u00e1ximos <\/em><em>para outras tipologias.<\/em><\/div><p><em><br \/><\/em><strong>Acabamentos<em>\u00a0\u00a0<\/em><\/strong><\/p><p>Lacado colores<span>(RAL, mesclado e \u00e1spero)<\/span><\/p><p><span>Laca imita\u00e7\u00e3o de madeira<\/span><\/p><p>Lacado antibacteriano<\/p><p>Anodizado<\/p>\t\t\t\t\t\r\n\t\t\t\t\t\r\n\t\t\t\t<\/div>\r\n\t\t\t\t\t\t\t\t<div id=\"tab-3\" class=\"tf-tabcontent-inner inactive animated fadeIn\">\r\n\t\t\t\t\t<p><strong>Coeficiente de transmiss\u00e3o t\u00e9rmica\u00a0<\/strong><\/p><p><span>Uw padr\u00e3o de 2,2 (W\/m\u00b2K)<\/span><\/p><p><span>6500 Plus Seu 2.0 (W\/m\u00b2K)<\/span><\/p><p><em><span>Consultar tipologia, dimens\u00e3o e vidro\u00a0<\/span><\/em><br \/><br \/><br \/><strong>M\u00e1ximo isolamento ac\u00fastico<\/strong><\/p><p><span>Rw padr\u00e3o=34 dB<\/span><\/p><p><span>6500 Plus Rw=36 dB<\/span><\/p><p><br \/><strong>Permeabilidade ao ar\u00a0<\/strong><\/p><p><span>(UNE-EN 12207:2000) CLASSE 3<\/span><\/p><p><br \/><strong>Estanquidade \u00e0 \u00e1gua\u00a0<\/strong><\/p><p><span>(UNE-EN 12208:2000) CLASSE 7A<\/span><\/p><p><br \/><strong>Resist\u00eancia ao vento\u00a0<\/strong><\/p><p><span>(UNE-EN 12210:2000) CLASSE C4<\/span><\/p><p>\u00a0<\/p><div><em><span>Ensaio de refer\u00eancia: Janela 1,23 x 1,48 m.\u00a0<\/span><\/em><\/div><div><em><span>1 folhas<\/span><\/em><\/div>\t\t\t\t\t\r\n\t\t\t\t\t\r\n\t\t\t\t<\/div>\r\n\t\t\t\t\t\t\t<\/div>\r\n\t\t<\/div>\r\n\t\t\r\n\t\t\t\t\t\t<\/div>\n\t\t\t\t<\/div>\n\t\t\t\t\t<\/div>\n\t\t\t\t<\/div>\n\t\t\t\t<\/div>","protected":false},"excerpt":{"rendered":"<h5><span style=\"vertical-align: inherit;\"><span style=\"vertical-align: inherit;\">Descri\u00e7\u00e3o<\/span><\/span><\/h5>\n<article class=\"text-token-text-primary w-full\" dir=\"auto\" data-testid=\"conversation-turn-6\" data-scroll-anchor=\"true\">\n<div class=\"text-base my-auto mx-auto py-5 [--thread-content-margin:--spacing(4)] @[37rem]:[--thread-content-margin:--spacing(6)] @[72rem]:[--thread-content-margin:--spacing(16)] px-(--thread-content-margin)\">\n<div class=\"[--thread-content-max-width:32rem] @[34rem]:[--thread-content-max-width:40rem] @[64rem]:[--thread-content-max-width:48rem] mx-auto flex max-w-(--thread-content-max-width) flex-1 text-base gap-4 md:gap-5 lg:gap-6 group\/turn-messages focus-visible:outline-hidden\" tabindex=\"-1\">\n<div class=\"group\/conversation-turn relative flex w-full min-w-0 flex-col agent-turn\">\n<div class=\"relative flex-col gap-1 md:gap-3\">\n<div class=\"flex min-h-[46px] justify-start\">\n<div class=\"touch:-me-2 touch:-ms-3.5 -ms-2.5 -me-1 flex flex-wrap items-center gap-y-4 p-1 select-none touch:w-[calc(100%+--spacing(3.5))] -mt-1 w-[calc(100%+--spacing(2.5))] duration-[1.5s] focus-within:transition-none hover:transition-none pointer-events-none [mask-image:linear-gradient(to_right,black_33%,transparent_66%)] [mask-size:300%_100%] [mask-position:100%_0%] motion-safe:transition-[mask-position] group-hover\/turn-messages:pointer-events-auto group-hover\/turn-messages:[mask-position:0_0] group-focus-within\/turn-messages:pointer-events-auto group-focus-within\/turn-messages:[mask-position:0_0] has-data-[state=open]:pointer-events-auto has-data-[state=open]:[mask-position:0_0]\">\n<div class=\"pointer-events-none h-px w-px\" aria-hidden=\"true\" data-edge=\"true\">\n<p data-start=\"0\" data-end=\"110\">Janelas e portas de correr com perfis de 1,5 mm de espessura.<\/p>\n<p data-start=\"112\" data-end=\"261\" data-is-last-node=\"\" data-is-only-node=\"\"><strong data-start=\"112\" data-end=\"136\">Vers\u00f5es dispon\u00edveis:<\/strong><br data-start=\"136\" data-end=\"139\" \/>\u2013 <strong data-start=\"141\" data-end=\"153\">Standard<\/strong><br data-start=\"153\" data-end=\"156\" \/>\u2013 <strong data-start=\"158\" data-end=\"171\">6500 Plus<\/strong>: maior capacidade de envidra\u00e7amento e n\u00f3 central reduzido (sec\u00e7\u00e3o vista de apenas 40\u202fmm).<\/p>\n<p data-start=\"112\" data-end=\"261\" data-is-last-node=\"\" data-is-only-node=\"\"><img decoding=\"async\" class=\"alignnone size-full wp-image-4714\" src=\"https:\/\/www.bramial.pt\/wp-content\/uploads\/2025\/07\/Icon-feather-download.png\" alt=\"\" width=\"23\" height=\"23\" \/> <a  data-e-disable-page-transition=\"true\" class=\"download-link\" title=\"\" href=\"https:\/\/www.bramial.com\/fr\/download\/5603\/?tmstv=1776528458\" rel=\"nofollow\" id=\"download-link-5603\" data-redirect=\"false\" ><br \/>\n\tFICHA T\u00c9CNICA 6500 Correr<\/a>\n<\/p>\n<\/div>\n<\/div>\n<\/div>\n<\/div>\n<\/div>\n<\/div>\n<\/div>\n<\/article>","protected":false},"featured_media":5159,"comment_status":"open","ping_status":"closed","template":"","meta":[],"product_brand":[],"product_cat":[59],"product_tag":[],"class_list":{"0":"post-5155","1":"product","2":"type-product","3":"status-publish","4":"has-post-thumbnail","6":"product_cat-janelas-e-portas-de-correr","8":"first","9":"instock","10":"downloadable","11":"virtual","12":"product-type-simple"},"_links":{"self":[{"href":"https:\/\/www.bramial.com\/fr\/wp-json\/wp\/v2\/product\/5155","targetHints":{"allow":["GET"]}}],"collection":[{"href":"https:\/\/www.bramial.com\/fr\/wp-json\/wp\/v2\/product"}],"about":[{"href":"https:\/\/www.bramial.com\/fr\/wp-json\/wp\/v2\/types\/product"}],"replies":[{"embeddable":true,"href":"https:\/\/www.bramial.com\/fr\/wp-json\/wp\/v2\/comments?post=5155"}],"version-history":[{"count":5,"href":"https:\/\/www.bramial.com\/fr\/wp-json\/wp\/v2\/product\/5155\/revisions"}],"predecessor-version":[{"id":5606,"href":"https:\/\/www.bramial.com\/fr\/wp-json\/wp\/v2\/product\/5155\/revisions\/5606"}],"wp:featuredmedia":[{"embeddable":true,"href":"https:\/\/www.bramial.com\/fr\/wp-json\/wp\/v2\/media\/5159"}],"wp:attachment":[{"href":"https:\/\/www.bramial.com\/fr\/wp-json\/wp\/v2\/media?parent=5155"}],"wp:term":[{"taxonomy":"product_brand","embeddable":true,"href":"https:\/\/www.bramial.com\/fr\/wp-json\/wp\/v2\/product_brand?post=5155"},{"taxonomy":"product_cat","embeddable":true,"href":"https:\/\/www.bramial.com\/fr\/wp-json\/wp\/v2\/product_cat?post=5155"},{"taxonomy":"product_tag","embeddable":true,"href":"https:\/\/www.bramial.com\/fr\/wp-json\/wp\/v2\/product_tag?post=5155"}],"curies":[{"name":"wp","href":"https:\/\/api.w.org\/{rel}","templated":true}]}}