{"id":5110,"date":"2025-07-09T13:49:54","date_gmt":"2025-07-09T13:49:54","guid":{"rendered":"https:\/\/www.bramial.pt\/?post_type=product&#038;p=5110"},"modified":"2025-07-18T14:53:43","modified_gmt":"2025-07-18T14:53:43","slug":"4200-de-correr","status":"publish","type":"product","link":"https:\/\/www.bramial.com\/fr\/product\/4200-de-correr\/","title":{"rendered":"4200 &#8211; de &#8211; Correr"},"content":{"rendered":"<div data-elementor-type=\"wp-post\" data-elementor-id=\"5110\" class=\"elementor elementor-5110\">\n\t\t\t\t<div class=\"elementor-element elementor-element-87fce01 e-flex e-con-boxed e-con e-parent\" data-id=\"87fce01\" data-element_type=\"container\">\n\t\t\t\t\t<div class=\"e-con-inner\">\n\t\t\t\t<div class=\"elementor-element elementor-element-81d804a elementor-widget elementor-widget-tftabs\" data-id=\"81d804a\" data-element_type=\"widget\" data-widget_type=\"tftabs.default\">\n\t\t\t\t<div class=\"elementor-widget-container\">\n\t\t\t\t\t\t\t<div id=\"tf-tabs-81d804a\" class=\"tf-tabs horizontal tabs-horizontal icon-position-left show-triger-no nav-justify\" data-tabid=\"81d804a\">\r\n\t\t\t<div class=\"tf-tabnav\">\r\n\t\t\t\t<ul>\r\n\t\t\t\t\t\t\t\t\t\t<li class=\"tablinks inactive elementor-animation-\" data-tab=\"tab-1\">\t\r\n\t\t\t\t\t\t\t\t\t\t\t\t\r\n\t\t\t\t\t\t\t\t\t\t\t\t\t<span class=\"tab-title-text\">Descri\u00e7\u00e3o<\/span>\r\n\t\t\t\t\t\t\t\t\t\t\t<\/li>\r\n\t\t\t\t\t\t\t\t\t\t<li class=\"tablinks inactive elementor-animation-\" data-tab=\"tab-2\">\t\r\n\t\t\t\t\t\t\t\t\t\t\t\t\r\n\t\t\t\t\t\t\t\t\t\t\t\t\t<span class=\"tab-title-text\">Dados t\u00e9cnicos<\/span>\r\n\t\t\t\t\t\t\t\t\t\t\t<\/li>\r\n\t\t\t\t\t\t\t\t\t\t<li class=\"tablinks inactive elementor-animation-\" data-tab=\"tab-3\">\t\r\n\t\t\t\t\t\t\t\t\t\t\t\t\r\n\t\t\t\t\t\t\t\t\t\t\t\t\t<span class=\"tab-title-text\">Ensaios<\/span>\r\n\t\t\t\t\t\t\t\t\t\t\t<\/li>\r\n\t\t\t\t\t\t\t\t\t<\/ul>\r\n\t\t\t<\/div>\r\n\t\t\t<div class=\"tf-tabcontent\">\r\n\t\t\t\t\t\t\t\t<div id=\"tab-1\" class=\"tf-tabcontent-inner inactive animated fadeIn\">\r\n\t\t\t\t\t<p>Sistema de correr vers\u00e1til com RPT<br \/><br \/>Aros perimetrais Sistema de correr em linha de grande versatilidade com est\u00e9tica reta ou curva, folhas \u00e0 testa ou perimetrais e diversos aros adequados \u00e1s diferentes configura\u00e7\u00f5es. Na sua vers\u00e3o de folha reta e \u00e0 testa possibilita uma abertura integral do v\u00e3o com a solu\u00e7\u00e3o GALANDAGE, ocultando totalmente as folhas na c\u00e2mara da parede. Para al\u00e9m disso, esta vers\u00e3o permite integrar sobre o mesmo aro o sistema Tamiz de prote\u00e7\u00e3o solar.<\/p>\t\t\t\t\t\r\n\t\t\t\t\t\r\n\t\t\t\t<\/div>\r\n\t\t\t\t\t\t\t\t<div id=\"tab-2\" class=\"tf-tabcontent-inner inactive animated fadeIn\">\r\n\t\t\t\t\t<p><strong>Envidra\u00e7amento<\/strong><br \/>M\u00e1x. 26 mm<br \/>M\u00edn. 9 mm<\/p><p>\u00a0<\/p><p><strong>Possibilidades de abertura<\/strong><\/p><p><span>De correr<\/span><\/p><p>Mono-rail (folha + fixo), bi-rail e tri-rail)<\/p><p><span>Remo bi-rail e tri-rail.<\/span><\/p><div>\u00a0<\/div><p><strong>Sec\u00e7\u00f5es<\/strong><\/p><p><span>Aro 60, 65, 67 e 80 mm\u00a0<\/span><\/p><p><span>Tricarril 106 e 126 mm<\/span><\/p><p>Folha 33 e 37 mm<\/p><p><br \/><strong>Espessura perfilaria<\/strong><\/p><p>Janela 1,5 mm<\/p><p><br \/><strong>Largura vareta poliamida<\/strong><\/p><p>De 14,6 at\u00e9 20 mm<\/p><p><br \/><strong><span>Dimens\u00f5es m\u00e1ximas<\/span><\/strong><\/p><p>Largura\u00a0(L) = 2.200 mm<br \/>Altura\u00a0(H) = 2.600 mm<\/p><p><br \/><strong>Peso m\u00e1ximo \/ folha<\/strong><\/p><p><span>Perimetral 100 Kg<\/span><\/p><p>A Testa 200 Kg<\/p><div><em>Consultar peso e dimens\u00f5es m\u00e1ximos\u00a0\u00a0para outras tipologias.<\/em><\/div><div>\u00a0<\/div><div><strong>Possibilidades est\u00e9ticas<\/strong><br \/>Folha: Reta ou curva<br \/>Bite: Reto ou curvo\u00a0<em><br \/><br \/><\/em><strong>Acabamentos<\/strong><em>\u00a0<\/em><\/div><p>Possibilidade bi-cor<\/p><p><span>Lacagem colorida (RAL, salpicado e \u00e1spero)<\/span><\/p><p>Lacagem imita\u00e7\u00e3o madeira<\/p><p><span>Lacagem antibacteriana<\/span><\/p><p>Anodizado<\/p>\t\t\t\t\t\r\n\t\t\t\t\t\r\n\t\t\t\t<\/div>\r\n\t\t\t\t\t\t\t\t<div id=\"tab-3\" class=\"tf-tabcontent-inner inactive animated fadeIn\">\r\n\t\t\t\t\t<p><strong><span>Transmiss\u00e3o\u00a0<\/span><\/strong><\/p><p><span>Seu 1,5 (W\/m\u00b2K)<\/span><\/p><p><em>Consultar tipologia, dimens\u00e3o e vidro\u00a0<\/em><br \/><br \/><strong>M\u00e1ximo isolamento ac\u00fastico<\/strong><\/p><p><span>Rw=39 dB<\/span><\/p><p><br \/><strong><span>Permeabilidade ao ar<\/span><\/strong><\/p><p><span>(EN 12207) Classe 3<\/span><\/p><p><br \/><strong>Estanquidade \u00e0 \u00e1gua<\/strong><\/p><p><span>(EN 12208) Classe 7A<\/span><\/p><p><br \/><strong>Resist\u00eancia ao vento<\/strong><\/p><p><span>(EN 12210) Classe C5<\/span><\/p><p><br \/><em>Ensaio de refer\u00eancia: 1,20 x 1,20 m.<br \/>Dois folhas.<\/em><\/p>\t\t\t\t\t\r\n\t\t\t\t\t\r\n\t\t\t\t<\/div>\r\n\t\t\t\t\t\t\t<\/div>\r\n\t\t<\/div>\r\n\t\t\r\n\t\t\t\t\t\t<\/div>\n\t\t\t\t<\/div>\n\t\t\t\t\t<\/div>\n\t\t\t\t<\/div>\n\t\t\t\t<\/div>","protected":false},"excerpt":{"rendered":"<h5><span style=\"vertical-align: inherit;\"><span style=\"vertical-align: inherit;\">Descri\u00e7\u00e3o<\/span><\/span><\/h5>\n<article class=\"text-token-text-primary w-full\" dir=\"auto\" data-testid=\"conversation-turn-6\" data-scroll-anchor=\"true\">\n<div class=\"text-base my-auto mx-auto py-5 [--thread-content-margin:--spacing(4)] @[37rem]:[--thread-content-margin:--spacing(6)] @[72rem]:[--thread-content-margin:--spacing(16)] px-(--thread-content-margin)\">\n<div class=\"[--thread-content-max-width:32rem] @[34rem]:[--thread-content-max-width:40rem] @[64rem]:[--thread-content-max-width:48rem] mx-auto flex max-w-(--thread-content-max-width) flex-1 text-base gap-4 md:gap-5 lg:gap-6 group\/turn-messages focus-visible:outline-hidden\" tabindex=\"-1\">\n<div class=\"group\/conversation-turn relative flex w-full min-w-0 flex-col agent-turn\">\n<div class=\"relative flex-col gap-1 md:gap-3\">\n<div class=\"flex min-h-[46px] justify-start\">\n<div class=\"touch:-me-2 touch:-ms-3.5 -ms-2.5 -me-1 flex flex-wrap items-center gap-y-4 p-1 select-none touch:w-[calc(100%+--spacing(3.5))] -mt-1 w-[calc(100%+--spacing(2.5))] duration-[1.5s] focus-within:transition-none hover:transition-none pointer-events-none [mask-image:linear-gradient(to_right,black_33%,transparent_66%)] [mask-size:300%_100%] [mask-position:100%_0%] motion-safe:transition-[mask-position] group-hover\/turn-messages:pointer-events-auto group-hover\/turn-messages:[mask-position:0_0] group-focus-within\/turn-messages:pointer-events-auto group-focus-within\/turn-messages:[mask-position:0_0] has-data-[state=open]:pointer-events-auto has-data-[state=open]:[mask-position:0_0]\">\n<div class=\"pointer-events-none h-px w-px\" aria-hidden=\"true\" data-edge=\"true\">\n<p data-start=\"0\" data-end=\"194\">Aros perimetrais com op\u00e7\u00f5es de est\u00e9tica reta ou curva, folhas \u00e0 testa ou perimetrais, adaptando-se a diversas configura\u00e7\u00f5es.<\/p>\n<p data-start=\"196\" data-end=\"377\" data-is-last-node=\"\" data-is-only-node=\"\">Vers\u00e3o folha reta e \u00e0 testa permite abertura total com sistema GALANDAGE, ocultando as folhas na parede.<br data-start=\"300\" data-end=\"303\" \/>Compat\u00edvel com integra\u00e7\u00e3o do sistema Tamiz de prote\u00e7\u00e3o solar no mesmo aro.<\/p>\n<p data-start=\"196\" data-end=\"377\" data-is-last-node=\"\" data-is-only-node=\"\"><img decoding=\"async\" class=\"alignnone size-full wp-image-4714\" src=\"https:\/\/www.bramial.pt\/wp-content\/uploads\/2025\/07\/Icon-feather-download.png\" alt=\"\" width=\"23\" height=\"23\" \/> <a  data-e-disable-page-transition=\"true\" class=\"download-link\" title=\"\" href=\"https:\/\/www.bramial.com\/fr\/download\/5582\/?tmstv=1776540281\" rel=\"nofollow\" id=\"download-link-5582\" data-redirect=\"false\" ><br \/>\n\tFICHA T\u00c9CNICA 4200 Correr<\/a>\n<\/p>\n<p data-start=\"196\" data-end=\"377\" data-is-last-node=\"\" data-is-only-node=\"\">\n<\/div>\n<\/div>\n<\/div>\n<\/div>\n<\/div>\n<\/div>\n<\/div>\n<\/article>","protected":false},"featured_media":5112,"comment_status":"open","ping_status":"closed","template":"","meta":[],"product_brand":[],"product_cat":[59],"product_tag":[],"class_list":{"0":"post-5110","1":"product","2":"type-product","3":"status-publish","4":"has-post-thumbnail","6":"product_cat-janelas-e-portas-de-correr","8":"first","9":"instock","10":"downloadable","11":"virtual","12":"product-type-simple"},"_links":{"self":[{"href":"https:\/\/www.bramial.com\/fr\/wp-json\/wp\/v2\/product\/5110","targetHints":{"allow":["GET"]}}],"collection":[{"href":"https:\/\/www.bramial.com\/fr\/wp-json\/wp\/v2\/product"}],"about":[{"href":"https:\/\/www.bramial.com\/fr\/wp-json\/wp\/v2\/types\/product"}],"replies":[{"embeddable":true,"href":"https:\/\/www.bramial.com\/fr\/wp-json\/wp\/v2\/comments?post=5110"}],"version-history":[{"count":6,"href":"https:\/\/www.bramial.com\/fr\/wp-json\/wp\/v2\/product\/5110\/revisions"}],"predecessor-version":[{"id":6505,"href":"https:\/\/www.bramial.com\/fr\/wp-json\/wp\/v2\/product\/5110\/revisions\/6505"}],"wp:featuredmedia":[{"embeddable":true,"href":"https:\/\/www.bramial.com\/fr\/wp-json\/wp\/v2\/media\/5112"}],"wp:attachment":[{"href":"https:\/\/www.bramial.com\/fr\/wp-json\/wp\/v2\/media?parent=5110"}],"wp:term":[{"taxonomy":"product_brand","embeddable":true,"href":"https:\/\/www.bramial.com\/fr\/wp-json\/wp\/v2\/product_brand?post=5110"},{"taxonomy":"product_cat","embeddable":true,"href":"https:\/\/www.bramial.com\/fr\/wp-json\/wp\/v2\/product_cat?post=5110"},{"taxonomy":"product_tag","embeddable":true,"href":"https:\/\/www.bramial.com\/fr\/wp-json\/wp\/v2\/product_tag?post=5110"}],"curies":[{"name":"wp","href":"https:\/\/api.w.org\/{rel}","templated":true}]}}