{"id":5101,"date":"2025-07-09T13:44:21","date_gmt":"2025-07-09T13:44:21","guid":{"rendered":"https:\/\/www.bramial.pt\/?post_type=product&#038;p=5101"},"modified":"2025-07-18T14:54:08","modified_gmt":"2025-07-18T14:54:08","slug":"4900-de-correr-hi","status":"publish","type":"product","link":"https:\/\/www.bramial.com\/fr\/product\/4900-de-correr-hi\/","title":{"rendered":"4900 &#8211; de &#8211; Correr &#8211; HI"},"content":{"rendered":"<div data-elementor-type=\"wp-post\" data-elementor-id=\"5101\" class=\"elementor elementor-5101\">\n\t\t\t\t<div class=\"elementor-element elementor-element-87fce01 e-flex e-con-boxed e-con e-parent\" data-id=\"87fce01\" data-element_type=\"container\">\n\t\t\t\t\t<div class=\"e-con-inner\">\n\t\t\t\t<div class=\"elementor-element elementor-element-81d804a elementor-widget elementor-widget-tftabs\" data-id=\"81d804a\" data-element_type=\"widget\" data-widget_type=\"tftabs.default\">\n\t\t\t\t<div class=\"elementor-widget-container\">\n\t\t\t\t\t\t\t<div id=\"tf-tabs-81d804a\" class=\"tf-tabs horizontal tabs-horizontal icon-position-left show-triger-no nav-justify\" data-tabid=\"81d804a\">\r\n\t\t\t<div class=\"tf-tabnav\">\r\n\t\t\t\t<ul>\r\n\t\t\t\t\t\t\t\t\t\t<li class=\"tablinks inactive elementor-animation-\" data-tab=\"tab-1\">\t\r\n\t\t\t\t\t\t\t\t\t\t\t\t\r\n\t\t\t\t\t\t\t\t\t\t\t\t\t<span class=\"tab-title-text\">Descri\u00e7\u00e3o<\/span>\r\n\t\t\t\t\t\t\t\t\t\t\t<\/li>\r\n\t\t\t\t\t\t\t\t\t\t<li class=\"tablinks inactive elementor-animation-\" data-tab=\"tab-2\">\t\r\n\t\t\t\t\t\t\t\t\t\t\t\t\r\n\t\t\t\t\t\t\t\t\t\t\t\t\t<span class=\"tab-title-text\">Dados t\u00e9cnicos<\/span>\r\n\t\t\t\t\t\t\t\t\t\t\t<\/li>\r\n\t\t\t\t\t\t\t\t\t\t<li class=\"tablinks inactive elementor-animation-\" data-tab=\"tab-3\">\t\r\n\t\t\t\t\t\t\t\t\t\t\t\t\r\n\t\t\t\t\t\t\t\t\t\t\t\t\t<span class=\"tab-title-text\">Ensaios<\/span>\r\n\t\t\t\t\t\t\t\t\t\t\t<\/li>\r\n\t\t\t\t\t\t\t\t\t<\/ul>\r\n\t\t\t<\/div>\r\n\t\t\t<div class=\"tf-tabcontent\">\r\n\t\t\t\t\t\t\t\t<div id=\"tab-1\" class=\"tf-tabcontent-inner inactive animated fadeIn\">\r\n\t\t\t\t\t<p>Janela de correr standard com presta\u00e7\u00f5es de batente. Oferece um elevado isolamento t\u00e9rmico e ac\u00fastico favorecido por uma capacidade de envidra\u00e7amento de at\u00e9 36 mm e uma ruptura de ponte t\u00e9rmica de 34 mm. Apresenta um n\u00f3 central de 35 mm e linhas retas, permitindo o cruzamento de folhas gra\u00e7as ao cremone integrado com fecho multiponto.<br \/><br \/><\/p><p><strong>Possibilidades<\/strong><\/p><p>Acessibilidade<\/p>\t\t\t\t\t\r\n\t\t\t\t\t\r\n\t\t\t\t<\/div>\r\n\t\t\t\t\t\t\t\t<div id=\"tab-2\" class=\"tf-tabcontent-inner inactive animated fadeIn\">\r\n\t\t\t\t\t<p><strong>Envidra\u00e7amento<\/strong><br \/>M\u00e1x. 36 mm<br \/>M\u00edn. 24 mm<\/p><p><strong>Possibilidades de abertura<\/strong><\/p><p>Correr de 2, 3, 4 y 6 folhas<\/p><p>Possibilidade 1, 2, 3 e 4 Carrils<\/p><p>Possibilidade galandage<\/p><p><span>Possibilidade de encontros a 90\u00ba sem meneus<\/span><\/p><p><br \/><strong>Sec\u00e7\u00f5es<\/strong><\/p><p><span>Aro 70 mm<\/span><\/p><p><span>Tricarril 126 mm<\/span><\/p><p>Folha 48 mm<\/p><p><br \/><strong>Espessura perfilaria<\/strong><\/p><p>Janela 1,6 mm<\/p><p><br \/><strong>Largura vareta poliamida<\/strong><\/p><p><span>Aro 34 mm<\/span><\/p><p><br \/><strong><span>Dimens\u00f5es m\u00e1ximas<\/span><\/strong><\/p><p>Largura (L) = 2200 mm<br \/>Altura (H) = 3000 mm<\/p><p><br \/><strong>Peso m\u00e1ximo \/ folha<\/strong><\/p><p><span>240 kg<\/span><\/p><div><em>Consultar peso e dimens\u00f5es m\u00e1ximos\u00a0\u00a0para outras tipologias.<\/em><\/div><p><em><br \/><\/em><strong>Acabamentos\u00a0<\/strong><em>\u00a0<\/em><\/p><p>Possibilidade bi-cor<\/p><p><span>Lacagem colorida (RAL, salpicado e \u00e1spero)<\/span><\/p><p>Lacagem imita\u00e7\u00e3o madeira<\/p><p><span>Lacagem antibacteriana<\/span><\/p><p>Anodizado<\/p>\t\t\t\t\t\r\n\t\t\t\t\t\r\n\t\t\t\t<\/div>\r\n\t\t\t\t\t\t\t\t<div id=\"tab-3\" class=\"tf-tabcontent-inner inactive animated fadeIn\">\r\n\t\t\t\t\t<p><strong><span>Transmit\u00e2ncia<\/span><\/strong><\/p><p><span>Seu 1,2 (W\/m\u00b2K)<\/span><\/p><p><em>Consultar tipologia, dimens\u00e3o e vidro\u00a0\u00a0<\/em><br \/><br \/><strong>M\u00e1ximo isolamento ac\u00fastico<\/strong><\/p><p><span>Rw = 40 dB<\/span><\/p><p><br \/><strong><span>Permeabilidade ao ar<\/span><\/strong><\/p><p><span>(EN 12207) Classe 4<\/span><\/p><p><br \/><strong>Estanquidade \u00e0 \u00e1gua<\/strong><\/p><p><span>(EN 12208) Classe 7A<\/span><\/p><p><br \/><strong>Resist\u00eancia ao vento<\/strong>\u00a0<\/p><p><span>(EN 12210) Classe C5<\/span><\/p><p>\u00a0<\/p><p><span>Aviso T\u00e9cnico <strong>de Certifica\u00e7\u00e3o DTA do Laborat\u00f3rio CSTB<\/strong><\/span><\/p><p><br \/><em><span>Ensaio de refer\u00eancia 1,80 x 2,20 m,<\/span><br \/><span>Dos hojas.<\/span><\/em><\/p>\t\t\t\t\t\r\n\t\t\t\t\t\r\n\t\t\t\t<\/div>\r\n\t\t\t\t\t\t\t<\/div>\r\n\t\t<\/div>\r\n\t\t\r\n\t\t\t\t\t\t<\/div>\n\t\t\t\t<\/div>\n\t\t\t\t\t<\/div>\n\t\t\t\t<\/div>\n\t\t\t\t<\/div>","protected":false},"excerpt":{"rendered":"<h5><span style=\"vertical-align: inherit;\"><span style=\"vertical-align: inherit;\">Descri\u00e7\u00e3o<\/span><\/span><\/h5>\n<article class=\"text-token-text-primary w-full\" dir=\"auto\" data-testid=\"conversation-turn-6\" data-scroll-anchor=\"true\">\n<div class=\"text-base my-auto mx-auto py-5 [--thread-content-margin:--spacing(4)] @[37rem]:[--thread-content-margin:--spacing(6)] @[72rem]:[--thread-content-margin:--spacing(16)] px-(--thread-content-margin)\">\n<div class=\"[--thread-content-max-width:32rem] @[34rem]:[--thread-content-max-width:40rem] @[64rem]:[--thread-content-max-width:48rem] mx-auto flex max-w-(--thread-content-max-width) flex-1 text-base gap-4 md:gap-5 lg:gap-6 group\/turn-messages focus-visible:outline-hidden\" tabindex=\"-1\">\n<div class=\"group\/conversation-turn relative flex w-full min-w-0 flex-col agent-turn\">\n<div class=\"relative flex-col gap-1 md:gap-3\">\n<div class=\"flex min-h-[46px] justify-start\">\n<div class=\"touch:-me-2 touch:-ms-3.5 -ms-2.5 -me-1 flex flex-wrap items-center gap-y-4 p-1 select-none touch:w-[calc(100%+--spacing(3.5))] -mt-1 w-[calc(100%+--spacing(2.5))] duration-[1.5s] focus-within:transition-none hover:transition-none pointer-events-none [mask-image:linear-gradient(to_right,black_33%,transparent_66%)] [mask-size:300%_100%] [mask-position:100%_0%] motion-safe:transition-[mask-position] group-hover\/turn-messages:pointer-events-auto group-hover\/turn-messages:[mask-position:0_0] group-focus-within\/turn-messages:pointer-events-auto group-focus-within\/turn-messages:[mask-position:0_0] has-data-[state=open]:pointer-events-auto has-data-[state=open]:[mask-position:0_0]\">\n<div class=\"pointer-events-none h-px w-px\" aria-hidden=\"true\" data-edge=\"true\">\n<p data-start=\"0\" data-end=\"160\">Alto isolamento t\u00e9rmico e ac\u00fastico, com envidra\u00e7amento at\u00e9 36\u202fmm e rutura de ponte t\u00e9rmica de 34\u202fmm.<\/p>\n<p data-start=\"162\" data-end=\"282\" data-is-last-node=\"\" data-is-only-node=\"\">N\u00f3 central de 35\u202fmm e design de linhas retas. Fecho multiponto com cremone integrado, permitindo o cruzamento de folhas.<\/p>\n<p data-start=\"162\" data-end=\"282\" data-is-last-node=\"\" data-is-only-node=\"\"><img decoding=\"async\" class=\"alignnone size-full wp-image-4714\" src=\"https:\/\/www.bramial.pt\/wp-content\/uploads\/2025\/07\/Icon-feather-download.png\" alt=\"\" width=\"23\" height=\"23\" \/> <a  data-e-disable-page-transition=\"true\" class=\"download-link\" title=\"\" href=\"https:\/\/www.bramial.com\/fr\/download\/5578\/?tmstv=1776529239\" rel=\"nofollow\" id=\"download-link-5578\" data-redirect=\"false\" ><br \/>\n\tFICHA T\u00c9CNICA 4900 Correr HI<\/a>\n<\/p>\n<p data-start=\"162\" data-end=\"282\" data-is-last-node=\"\" data-is-only-node=\"\">\n<\/div>\n<\/div>\n<\/div>\n<\/div>\n<\/div>\n<\/div>\n<\/div>\n<\/article>","protected":false},"featured_media":5102,"comment_status":"open","ping_status":"closed","template":"","meta":[],"product_brand":[],"product_cat":[59],"product_tag":[],"class_list":{"0":"post-5101","1":"product","2":"type-product","3":"status-publish","4":"has-post-thumbnail","6":"product_cat-janelas-e-portas-de-correr","8":"first","9":"instock","10":"downloadable","11":"virtual","12":"product-type-simple"},"_links":{"self":[{"href":"https:\/\/www.bramial.com\/fr\/wp-json\/wp\/v2\/product\/5101","targetHints":{"allow":["GET"]}}],"collection":[{"href":"https:\/\/www.bramial.com\/fr\/wp-json\/wp\/v2\/product"}],"about":[{"href":"https:\/\/www.bramial.com\/fr\/wp-json\/wp\/v2\/types\/product"}],"replies":[{"embeddable":true,"href":"https:\/\/www.bramial.com\/fr\/wp-json\/wp\/v2\/comments?post=5101"}],"version-history":[{"count":6,"href":"https:\/\/www.bramial.com\/fr\/wp-json\/wp\/v2\/product\/5101\/revisions"}],"predecessor-version":[{"id":6506,"href":"https:\/\/www.bramial.com\/fr\/wp-json\/wp\/v2\/product\/5101\/revisions\/6506"}],"wp:featuredmedia":[{"embeddable":true,"href":"https:\/\/www.bramial.com\/fr\/wp-json\/wp\/v2\/media\/5102"}],"wp:attachment":[{"href":"https:\/\/www.bramial.com\/fr\/wp-json\/wp\/v2\/media?parent=5101"}],"wp:term":[{"taxonomy":"product_brand","embeddable":true,"href":"https:\/\/www.bramial.com\/fr\/wp-json\/wp\/v2\/product_brand?post=5101"},{"taxonomy":"product_cat","embeddable":true,"href":"https:\/\/www.bramial.com\/fr\/wp-json\/wp\/v2\/product_cat?post=5101"},{"taxonomy":"product_tag","embeddable":true,"href":"https:\/\/www.bramial.com\/fr\/wp-json\/wp\/v2\/product_tag?post=5101"}],"curies":[{"name":"wp","href":"https:\/\/api.w.org\/{rel}","templated":true}]}}