{"id":5083,"date":"2025-07-09T13:35:36","date_gmt":"2025-07-09T13:35:36","guid":{"rendered":"https:\/\/www.bramial.pt\/?post_type=product&#038;p=5083"},"modified":"2025-07-18T14:55:01","modified_gmt":"2025-07-18T14:55:01","slug":"4600-plus-de-correr-elevavel","status":"publish","type":"product","link":"https:\/\/www.bramial.com\/fr\/product\/4600-plus-de-correr-elevavel\/","title":{"rendered":"4600 &#8211; Plus &#8211; de &#8211; Correr &#8211; Elev\u00e1vel"},"content":{"rendered":"<div data-elementor-type=\"wp-post\" data-elementor-id=\"5083\" class=\"elementor elementor-5083\">\n\t\t\t\t<div class=\"elementor-element elementor-element-87fce01 e-flex e-con-boxed e-con e-parent\" data-id=\"87fce01\" data-element_type=\"container\">\n\t\t\t\t\t<div class=\"e-con-inner\">\n\t\t\t\t<div class=\"elementor-element elementor-element-81d804a elementor-widget elementor-widget-tftabs\" data-id=\"81d804a\" data-element_type=\"widget\" data-widget_type=\"tftabs.default\">\n\t\t\t\t<div class=\"elementor-widget-container\">\n\t\t\t\t\t\t\t<div id=\"tf-tabs-81d804a\" class=\"tf-tabs horizontal tabs-horizontal icon-position-left show-triger-no nav-justify\" data-tabid=\"81d804a\">\r\n\t\t\t<div class=\"tf-tabnav\">\r\n\t\t\t\t<ul>\r\n\t\t\t\t\t\t\t\t\t\t<li class=\"tablinks inactive elementor-animation-\" data-tab=\"tab-1\">\t\r\n\t\t\t\t\t\t\t\t\t\t\t\t\r\n\t\t\t\t\t\t\t\t\t\t\t\t\t<span class=\"tab-title-text\">Descri\u00e7\u00e3o<\/span>\r\n\t\t\t\t\t\t\t\t\t\t\t<\/li>\r\n\t\t\t\t\t\t\t\t\t\t<li class=\"tablinks inactive elementor-animation-\" data-tab=\"tab-2\">\t\r\n\t\t\t\t\t\t\t\t\t\t\t\t\r\n\t\t\t\t\t\t\t\t\t\t\t\t\t<span class=\"tab-title-text\">Dados t\u00e9cnicos<\/span>\r\n\t\t\t\t\t\t\t\t\t\t\t<\/li>\r\n\t\t\t\t\t\t\t\t\t\t<li class=\"tablinks inactive elementor-animation-\" data-tab=\"tab-3\">\t\r\n\t\t\t\t\t\t\t\t\t\t\t\t\r\n\t\t\t\t\t\t\t\t\t\t\t\t\t<span class=\"tab-title-text\">Ensaios<\/span>\r\n\t\t\t\t\t\t\t\t\t\t\t<\/li>\r\n\t\t\t\t\t\t\t\t\t<\/ul>\r\n\t\t\t<\/div>\r\n\t\t\t<div class=\"tf-tabcontent\">\r\n\t\t\t\t\t\t\t\t<div id=\"tab-1\" class=\"tf-tabcontent-inner inactive animated fadeIn\">\r\n\t\t\t\t\t<div><div>A nova\u00a0<strong>4600 Plus Correr Elev\u00e1vel<\/strong>\u00a0permite cobrir grandes v\u00e3os assegurando um\u00a0<strong>extraordin\u00e1rio isolamento t\u00e9rmico<\/strong>.\u00a0<br \/><br \/><\/div><div>As suas folhas de\u00a0<strong>80 mm de profundidade<\/strong>\u00a0e poliamidas especiais permitem alcan\u00e7ar uma transmit\u00e2ncia\u00a0<strong>Uw desde 0,65 W\/m<\/strong><strong>\u00b2<\/strong><strong>K<\/strong>, reivindicando-se como uma das janelas de correr com melhores presta\u00e7\u00f5es t\u00e9rmicas do mercado.<br \/><br \/><\/div><div>Al\u00e9m disso,\u00a0<strong>reduz-se a vista perimetral at\u00e9 aos 120 mm<\/strong>.<\/div><strong>Possibilidade de perfil central reduzido de apenas 50 mm<\/strong>, ampliando a superf\u00edcie envidra\u00e7ada e potenciando a entrada de luz natural nas divis\u00f5es.<\/div>\t\t\t\t\t\r\n\t\t\t\t\t\r\n\t\t\t\t<\/div>\r\n\t\t\t\t\t\t\t\t<div id=\"tab-2\" class=\"tf-tabcontent-inner inactive animated fadeIn\">\r\n\t\t\t\t\t<div><strong>Envidra\u00e7amento\u00a0<\/strong><br \/>M\u00e1x. 65 mm<\/div><div>M\u00edn. 22 mm<br \/><br \/><\/div><div><strong>Possibilidades de abertura<\/strong><div>De correr<\/div><div>Possibilidade mono-rail (folha + fixo), bi-rail, tri-rail e 4 carris<\/div><div>Possibilidade de encontros a 90\u00ba sem meneus<br \/><br \/><\/div><\/div><div><strong>Sec\u00e7\u00f5es<\/strong><div>Aro 180 mm \/ 280 mm tricarril \/\u00a0<\/div><div>380 mm 4 carris<\/div><div>Folha 80 mm<br \/><br \/><\/div><\/div><div><strong>Dimens\u00f5es m\u00e1x. folha<\/strong><br \/>Largura (L) 3300 mm, Altura (H) 3500 mm<br \/><br \/><\/div><div><strong>Peso m\u00e1x. folha<\/strong><br \/>400 kg<br \/>Consultar peso e dimens\u00f5es m\u00e1ximos\u00a0para outras tipologias.<br \/><br \/><\/div><div><strong>Acabamentos<\/strong><br \/><div>Possibilidade de sistemas de dupla cor<\/div><div>Pintura eletrost\u00e1tica a p\u00f3 (RAL, mosqueado e rugoso)<\/div><div>Pintura eletrost\u00e1tica a p\u00f3 com efeito madeira<\/div><div>Pintura eletrost\u00e1tica a p\u00f3 antibacteriana<\/div><div>Anodizado<\/div><\/div>\t\t\t\t\t\r\n\t\t\t\t\t\r\n\t\t\t\t<\/div>\r\n\t\t\t\t\t\t\t\t<div id=\"tab-3\" class=\"tf-tabcontent-inner inactive animated fadeIn\">\r\n\t\t\t\t\t<p><strong>Transmiss\u00e3o<br \/><\/strong>Uw \u2265 0,65 (W\/m\u00b2K)<br \/><em><small>Consultar tipologia, dimens\u00e3o e vidro.<br \/><\/small><br \/><\/em><strong>Permeabilidade ao ar<\/strong><br \/>(EN 12207) Classe 4<br \/><br \/><strong>Estanquidade \u00e0 \u00e1gua<\/strong><\/p><p>(EN 12208): Classe E750*<\/p><p><br \/><strong>Resist\u00eancia ao vento\u00a0<\/strong><br \/>(EN 12210) Classe C5**<br \/><br \/><strong>Ensaio de refer\u00eancia<br \/><\/strong><\/p><div>*AEV 4,0 x 2,5 m \/ 1 folha + 1 fixo<\/div><div>**AEV 4,0 x 2,5 m \/ 2 folhas<\/div>\t\t\t\t\t\r\n\t\t\t\t\t\r\n\t\t\t\t<\/div>\r\n\t\t\t\t\t\t\t<\/div>\r\n\t\t<\/div>\r\n\t\t\r\n\t\t\t\t\t\t<\/div>\n\t\t\t\t<\/div>\n\t\t\t\t\t<\/div>\n\t\t\t\t<\/div>\n\t\t\t\t<\/div>","protected":false},"excerpt":{"rendered":"<h5><span style=\"vertical-align: inherit;\"><span style=\"vertical-align: inherit;\">Descri\u00e7\u00e3o<\/span><\/span><\/h5>\n<article class=\"text-token-text-primary w-full\" dir=\"auto\" data-testid=\"conversation-turn-6\" data-scroll-anchor=\"true\">\n<div class=\"text-base my-auto mx-auto py-5 [--thread-content-margin:--spacing(4)] @[37rem]:[--thread-content-margin:--spacing(6)] @[72rem]:[--thread-content-margin:--spacing(16)] px-(--thread-content-margin)\">\n<div class=\"[--thread-content-max-width:32rem] @[34rem]:[--thread-content-max-width:40rem] @[64rem]:[--thread-content-max-width:48rem] mx-auto flex max-w-(--thread-content-max-width) flex-1 text-base gap-4 md:gap-5 lg:gap-6 group\/turn-messages focus-visible:outline-hidden\" tabindex=\"-1\">\n<div class=\"group\/conversation-turn relative flex w-full min-w-0 flex-col agent-turn\">\n<div class=\"relative flex-col gap-1 md:gap-3\">\n<div class=\"flex min-h-[46px] justify-start\">\n<div class=\"touch:-me-2 touch:-ms-3.5 -ms-2.5 -me-1 flex flex-wrap items-center gap-y-4 p-1 select-none touch:w-[calc(100%+--spacing(3.5))] -mt-1 w-[calc(100%+--spacing(2.5))] duration-[1.5s] focus-within:transition-none hover:transition-none pointer-events-none [mask-image:linear-gradient(to_right,black_33%,transparent_66%)] [mask-size:300%_100%] [mask-position:100%_0%] motion-safe:transition-[mask-position] group-hover\/turn-messages:pointer-events-auto group-hover\/turn-messages:[mask-position:0_0] group-focus-within\/turn-messages:pointer-events-auto group-focus-within\/turn-messages:[mask-position:0_0] has-data-[state=open]:pointer-events-auto has-data-[state=open]:[mask-position:0_0]\">\n<div class=\"pointer-events-none h-px w-px\" aria-hidden=\"true\" data-edge=\"true\">\n<p data-start=\"0\" data-end=\"122\">Ideal para grandes v\u00e3os, com excelente isolamento t\u00e9rmico (Uw desde 0,65 W\/m\u00b2K).<\/p>\n<p data-start=\"124\" data-end=\"283\" data-is-last-node=\"\" data-is-only-node=\"\">Folhas de 80\u202fmm com poliamidas especiais.<br data-start=\"165\" data-end=\"168\" \/>Vista perimetral reduzida (120\u202fmm) e op\u00e7\u00e3o de perfil central de apenas 50\u202fmm, maximizando a entrada de luz natural.<\/p>\n<p data-start=\"124\" data-end=\"283\" data-is-last-node=\"\" data-is-only-node=\"\"><img decoding=\"async\" class=\"alignnone size-full wp-image-4714\" src=\"https:\/\/www.bramial.pt\/wp-content\/uploads\/2025\/07\/Icon-feather-download.png\" alt=\"\" width=\"23\" height=\"23\" \/> <a  data-e-disable-page-transition=\"true\" class=\"download-link\" title=\"\" href=\"https:\/\/www.bramial.com\/fr\/download\/5569\/?tmstv=1776529290\" rel=\"nofollow\" id=\"download-link-5569\" data-redirect=\"false\" ><br \/>\n\tFICHA T\u00c9CNICA 4600 Plus Correr Elev.<\/a>\n<\/p>\n<p data-start=\"124\" data-end=\"283\" data-is-last-node=\"\" data-is-only-node=\"\">\n<\/div>\n<\/div>\n<\/div>\n<\/div>\n<\/div>\n<\/div>\n<\/div>\n<\/article>","protected":false},"featured_media":5086,"comment_status":"open","ping_status":"closed","template":"","meta":[],"product_brand":[],"product_cat":[59],"product_tag":[],"class_list":{"0":"post-5083","1":"product","2":"type-product","3":"status-publish","4":"has-post-thumbnail","6":"product_cat-janelas-e-portas-de-correr","8":"first","9":"instock","10":"downloadable","11":"virtual","12":"product-type-simple"},"_links":{"self":[{"href":"https:\/\/www.bramial.com\/fr\/wp-json\/wp\/v2\/product\/5083","targetHints":{"allow":["GET"]}}],"collection":[{"href":"https:\/\/www.bramial.com\/fr\/wp-json\/wp\/v2\/product"}],"about":[{"href":"https:\/\/www.bramial.com\/fr\/wp-json\/wp\/v2\/types\/product"}],"replies":[{"embeddable":true,"href":"https:\/\/www.bramial.com\/fr\/wp-json\/wp\/v2\/comments?post=5083"}],"version-history":[{"count":6,"href":"https:\/\/www.bramial.com\/fr\/wp-json\/wp\/v2\/product\/5083\/revisions"}],"predecessor-version":[{"id":6508,"href":"https:\/\/www.bramial.com\/fr\/wp-json\/wp\/v2\/product\/5083\/revisions\/6508"}],"wp:featuredmedia":[{"embeddable":true,"href":"https:\/\/www.bramial.com\/fr\/wp-json\/wp\/v2\/media\/5086"}],"wp:attachment":[{"href":"https:\/\/www.bramial.com\/fr\/wp-json\/wp\/v2\/media?parent=5083"}],"wp:term":[{"taxonomy":"product_brand","embeddable":true,"href":"https:\/\/www.bramial.com\/fr\/wp-json\/wp\/v2\/product_brand?post=5083"},{"taxonomy":"product_cat","embeddable":true,"href":"https:\/\/www.bramial.com\/fr\/wp-json\/wp\/v2\/product_cat?post=5083"},{"taxonomy":"product_tag","embeddable":true,"href":"https:\/\/www.bramial.com\/fr\/wp-json\/wp\/v2\/product_tag?post=5083"}],"curies":[{"name":"wp","href":"https:\/\/api.w.org\/{rel}","templated":true}]}}