{"id":5074,"date":"2025-07-09T13:31:41","date_gmt":"2025-07-09T13:31:41","guid":{"rendered":"https:\/\/www.bramial.pt\/?post_type=product&#038;p=5074"},"modified":"2025-07-18T14:55:52","modified_gmt":"2025-07-18T14:55:52","slug":"cor-vision-de-correr","status":"publish","type":"product","link":"https:\/\/www.bramial.com\/fr\/product\/cor-vision-de-correr\/","title":{"rendered":"Cor &#8211; Vision &#8211; de &#8211; Correr"},"content":{"rendered":"<div data-elementor-type=\"wp-post\" data-elementor-id=\"5074\" class=\"elementor elementor-5074\">\n\t\t\t\t<div class=\"elementor-element elementor-element-87fce01 e-flex e-con-boxed e-con e-parent\" data-id=\"87fce01\" data-element_type=\"container\">\n\t\t\t\t\t<div class=\"e-con-inner\">\n\t\t\t\t<div class=\"elementor-element elementor-element-81d804a elementor-widget elementor-widget-tftabs\" data-id=\"81d804a\" data-element_type=\"widget\" data-widget_type=\"tftabs.default\">\n\t\t\t\t<div class=\"elementor-widget-container\">\n\t\t\t\t\t\t\t<div id=\"tf-tabs-81d804a\" class=\"tf-tabs horizontal tabs-horizontal icon-position-left show-triger-no nav-justify\" data-tabid=\"81d804a\">\r\n\t\t\t<div class=\"tf-tabnav\">\r\n\t\t\t\t<ul>\r\n\t\t\t\t\t\t\t\t\t\t<li class=\"tablinks inactive elementor-animation-\" data-tab=\"tab-1\">\t\r\n\t\t\t\t\t\t\t\t\t\t\t\t\r\n\t\t\t\t\t\t\t\t\t\t\t\t\t<span class=\"tab-title-text\">Descri\u00e7\u00e3o<\/span>\r\n\t\t\t\t\t\t\t\t\t\t\t<\/li>\r\n\t\t\t\t\t\t\t\t\t\t<li class=\"tablinks inactive elementor-animation-\" data-tab=\"tab-2\">\t\r\n\t\t\t\t\t\t\t\t\t\t\t\t\r\n\t\t\t\t\t\t\t\t\t\t\t\t\t<span class=\"tab-title-text\">Dados t\u00e9cnicos<\/span>\r\n\t\t\t\t\t\t\t\t\t\t\t<\/li>\r\n\t\t\t\t\t\t\t\t\t\t<li class=\"tablinks inactive elementor-animation-\" data-tab=\"tab-3\">\t\r\n\t\t\t\t\t\t\t\t\t\t\t\t\r\n\t\t\t\t\t\t\t\t\t\t\t\t\t<span class=\"tab-title-text\">Ensaios<\/span>\r\n\t\t\t\t\t\t\t\t\t\t\t<\/li>\r\n\t\t\t\t\t\t\t\t\t<\/ul>\r\n\t\t\t<\/div>\r\n\t\t\t<div class=\"tf-tabcontent\">\r\n\t\t\t\t\t\t\t\t<div id=\"tab-1\" class=\"tf-tabcontent-inner inactive animated fadeIn\">\r\n\t\t\t\t\t<p><span>Sistema de correr minimalista com ruptura de ponte t\u00e9rmica que permite a m\u00e1xima luminosidade com a m\u00ednima sec\u00e7\u00e3o vista de alum\u00ednio. Apresenta um design elegante com um n\u00f3 central de apenas 20 mm, e oferece a possibilidade de embutir os aros inferiores, superiores e laterais. Op\u00e7\u00e3o de fechamento no n\u00f3 central, permitindo ocultar as folhas dentro do aro a partir de uma vista frontal. Possibilidade de fechamento embutido que facilita o cruzamento de folhas.<\/span><br \/><br \/><\/p><div><strong>Possibilidades<\/strong><\/div><div>Acessibilidade<\/div>\t\t\t\t\t\r\n\t\t\t\t\t\r\n\t\t\t\t<\/div>\r\n\t\t\t\t\t\t\t\t<div id=\"tab-2\" class=\"tf-tabcontent-inner inactive animated fadeIn\">\r\n\t\t\t\t\t<p><strong>Envidra\u00e7amento<\/strong><br \/>M\u00e1x. 30 mm<br \/>M\u00edn. 26 mm<br \/><br \/><strong>Possibilidades de abertura<\/strong><\/p><p><span>De correr<\/span><\/p><p><span>Monotrilho, bitrilho e tritrilho<\/span><\/p><p><span>Encontros em canto a 90\u00ba ficando a abertura totalmente livre depois de abertas as folhas.<\/span><\/p><p><span>Porta de correr<\/span><\/p><p><br \/><strong>Sec\u00e7\u00f5es<\/strong><\/p><p><strong><span>Aro<\/span><\/strong><\/p><p><span>116 mil\u00edmetros\u00a0<\/span><\/p><p><span>Tricarril de 182 mm<\/span><\/p><p><br \/><strong>Folha<\/strong><\/p><p><span>37 mil\u00edmetros<\/span><\/p><p><br \/><strong>Espessura perfilaria<\/strong><\/p><p><span>Porta de 1,7 mm<\/span><\/p><p><br \/><strong>Largura vareta poliamida<\/strong><\/p><p><span>de 16 a 24 mm<\/span><\/p><p><br \/><strong><span>Dimens\u00f5es m\u00e1ximas<\/span><\/strong><\/p><p>Largura (L) = 2500 mm<\/p><p><span>Altura (H) = 3000 mm<\/span><\/p><p><br \/><strong>Peso m\u00e1ximo \/ folha<\/strong><\/p><p><span>Manual de 320 kg<\/span><\/p><div><em>Consultar peso e dimens\u00f5es m\u00e1ximos\u00a0\u00a0para outras tipologias.<\/em><\/div><p><em><br \/><\/em><strong>Acabamentos<\/strong><em>\u00a0<\/em><\/p><p>Possibilidade bi-cor<\/p><p><span>Lacagem colorida (RAL, salpicado e \u00e1spero)<\/span><\/p><p>Lacagem imita\u00e7\u00e3o madeira<\/p><p><span>Lacagem antibacteriana<\/span><\/p><p>Anodizado<\/p>\t\t\t\t\t\r\n\t\t\t\t\t\r\n\t\t\t\t<\/div>\r\n\t\t\t\t\t\t\t\t<div id=\"tab-3\" class=\"tf-tabcontent-inner inactive animated fadeIn\">\r\n\t\t\t\t\t<p><strong><span>Transmiss\u00e3o<\/span><\/strong><\/p><p><span>Seu desde 1,3 (W\/m\u00b2K)<\/span><\/p><p><em>Consultar tipologia, dimens\u00e3o e vidro\u00a0<\/em><br \/><br \/><strong>Isolamento ac\u00fastico<\/strong><\/p><p><span>Rw=41 dB<\/span><\/p><p><br \/><strong><span>Permeabilidade ao ar<\/span><\/strong><\/p><p><span>(EN 12207) Classe 4<\/span><\/p><p><br \/><strong>Estanquidade \u00e0 \u00e1gua<\/strong><\/p><p><span>(EN 12208) Classe 7A<\/span><\/p><p><br \/><strong>Resist\u00eancia ao vento<\/strong><\/p><p><span>(EN 12210) Classe C5<\/span><\/p><p><br \/><em>Ensaio de refer\u00eancia: Janela\u00a01,23 x 1,55 m.<br \/>1 folha + 1 fixo<\/em><\/p>\t\t\t\t\t\r\n\t\t\t\t\t\r\n\t\t\t\t<\/div>\r\n\t\t\t\t\t\t\t<\/div>\r\n\t\t<\/div>\r\n\t\t\r\n\t\t\t\t\t\t<\/div>\n\t\t\t\t<\/div>\n\t\t\t\t\t<\/div>\n\t\t\t\t<\/div>\n\t\t\t\t<\/div>","protected":false},"excerpt":{"rendered":"<h5><span style=\"vertical-align: inherit;\"><span style=\"vertical-align: inherit;\">Descri\u00e7\u00e3o<\/span><\/span><\/h5>\n<p data-start=\"0\" data-end=\"186\">Design elegante com n\u00f3 central de apenas 20\u202fmm e possibilidade de embutir todos os aros (inferior, superior e laterais).<\/p>\n<p data-start=\"188\" data-end=\"351\" data-is-last-node=\"\" data-is-only-node=\"\">M\u00e1xima entrada de luz com m\u00ednima sec\u00e7\u00e3o vista de alum\u00ednio.<br data-start=\"246\" data-end=\"249\" \/>Permite ocultar folhas no aro e possui op\u00e7\u00e3o de fecho embutido para facilitar o cruzamento das folhas.<\/p>\n<p data-start=\"188\" data-end=\"351\" data-is-last-node=\"\" data-is-only-node=\"\"><img decoding=\"async\" class=\"alignnone size-full wp-image-4714\" src=\"https:\/\/www.bramial.pt\/wp-content\/uploads\/2025\/07\/Icon-feather-download.png\" alt=\"\" width=\"23\" height=\"23\" \/> <a  data-e-disable-page-transition=\"true\" class=\"download-link\" title=\"\" href=\"https:\/\/www.bramial.com\/fr\/download\/5565\/?tmstv=1776535713\" rel=\"nofollow\" id=\"download-link-5565\" data-redirect=\"false\" ><br \/>\n\tFICHA T\u00c9CNICA Cor Vision Correr<\/a>\n<\/p>\n<p data-start=\"188\" data-end=\"351\" data-is-last-node=\"\" data-is-only-node=\"\">","protected":false},"featured_media":5075,"comment_status":"open","ping_status":"closed","template":"","meta":[],"product_brand":[],"product_cat":[59],"product_tag":[],"class_list":{"0":"post-5074","1":"product","2":"type-product","3":"status-publish","4":"has-post-thumbnail","6":"product_cat-janelas-e-portas-de-correr","8":"first","9":"instock","10":"downloadable","11":"virtual","12":"product-type-simple"},"_links":{"self":[{"href":"https:\/\/www.bramial.com\/fr\/wp-json\/wp\/v2\/product\/5074","targetHints":{"allow":["GET"]}}],"collection":[{"href":"https:\/\/www.bramial.com\/fr\/wp-json\/wp\/v2\/product"}],"about":[{"href":"https:\/\/www.bramial.com\/fr\/wp-json\/wp\/v2\/types\/product"}],"replies":[{"embeddable":true,"href":"https:\/\/www.bramial.com\/fr\/wp-json\/wp\/v2\/comments?post=5074"}],"version-history":[{"count":8,"href":"https:\/\/www.bramial.com\/fr\/wp-json\/wp\/v2\/product\/5074\/revisions"}],"predecessor-version":[{"id":6509,"href":"https:\/\/www.bramial.com\/fr\/wp-json\/wp\/v2\/product\/5074\/revisions\/6509"}],"wp:featuredmedia":[{"embeddable":true,"href":"https:\/\/www.bramial.com\/fr\/wp-json\/wp\/v2\/media\/5075"}],"wp:attachment":[{"href":"https:\/\/www.bramial.com\/fr\/wp-json\/wp\/v2\/media?parent=5074"}],"wp:term":[{"taxonomy":"product_brand","embeddable":true,"href":"https:\/\/www.bramial.com\/fr\/wp-json\/wp\/v2\/product_brand?post=5074"},{"taxonomy":"product_cat","embeddable":true,"href":"https:\/\/www.bramial.com\/fr\/wp-json\/wp\/v2\/product_cat?post=5074"},{"taxonomy":"product_tag","embeddable":true,"href":"https:\/\/www.bramial.com\/fr\/wp-json\/wp\/v2\/product_tag?post=5074"}],"curies":[{"name":"wp","href":"https:\/\/api.w.org\/{rel}","templated":true}]}}