{"id":4875,"date":"2025-07-09T09:37:57","date_gmt":"2025-07-09T09:37:57","guid":{"rendered":"https:\/\/www.bramial.pt\/?post_type=product&#038;p=4875"},"modified":"2025-07-18T11:16:58","modified_gmt":"2025-07-18T11:16:58","slug":"fachada-st-52","status":"publish","type":"product","link":"https:\/\/www.bramial.com\/fr\/product\/fachada-st-52\/","title":{"rendered":"Fachada &#8211; ST &#8211; 52"},"content":{"rendered":"<div data-elementor-type=\"wp-post\" data-elementor-id=\"4875\" class=\"elementor elementor-4875\">\n\t\t\t\t<div class=\"elementor-element elementor-element-87fce01 e-flex e-con-boxed e-con e-parent\" data-id=\"87fce01\" data-element_type=\"container\">\n\t\t\t\t\t<div class=\"e-con-inner\">\n\t\t\t\t<div class=\"elementor-element elementor-element-81d804a elementor-widget elementor-widget-tftabs\" data-id=\"81d804a\" data-element_type=\"widget\" data-widget_type=\"tftabs.default\">\n\t\t\t\t<div class=\"elementor-widget-container\">\n\t\t\t\t\t\t\t<div id=\"tf-tabs-81d804a\" class=\"tf-tabs horizontal tabs-horizontal icon-position-left show-triger-no nav-justify\" data-tabid=\"81d804a\">\r\n\t\t\t<div class=\"tf-tabnav\">\r\n\t\t\t\t<ul>\r\n\t\t\t\t\t\t\t\t\t\t<li class=\"tablinks inactive elementor-animation-\" data-tab=\"tab-1\">\t\r\n\t\t\t\t\t\t\t\t\t\t\t\t\r\n\t\t\t\t\t\t\t\t\t\t\t\t\t<span class=\"tab-title-text\">Descri\u00e7\u00e3o<\/span>\r\n\t\t\t\t\t\t\t\t\t\t\t<\/li>\r\n\t\t\t\t\t\t\t\t\t\t<li class=\"tablinks inactive elementor-animation-\" data-tab=\"tab-2\">\t\r\n\t\t\t\t\t\t\t\t\t\t\t\t\r\n\t\t\t\t\t\t\t\t\t\t\t\t\t<span class=\"tab-title-text\">Dados t\u00e9cnicos<\/span>\r\n\t\t\t\t\t\t\t\t\t\t\t<\/li>\r\n\t\t\t\t\t\t\t\t\t\t<li class=\"tablinks inactive elementor-animation-\" data-tab=\"tab-3\">\t\r\n\t\t\t\t\t\t\t\t\t\t\t\t\r\n\t\t\t\t\t\t\t\t\t\t\t\t\t<span class=\"tab-title-text\">Acabamentos<\/span>\r\n\t\t\t\t\t\t\t\t\t\t\t<\/li>\r\n\t\t\t\t\t\t\t\t\t<\/ul>\r\n\t\t\t<\/div>\r\n\t\t\t<div class=\"tf-tabcontent\">\r\n\t\t\t\t\t\t\t\t<div id=\"tab-1\" class=\"tf-tabcontent-inner inactive animated fadeIn\">\r\n\t\t\t\t\t<p style=\"font-weight: 300;\">Nova gera\u00e7\u00e3o de fachadas formadas por um sistema de base com ampla gama de montantes e travessas que d\u00e1 resposta \u00e0s diferentes necessidades est\u00e9ticas e construtivas dos projetos arquitet\u00f4nicos atrav\u00e9s de solu\u00e7\u00f5es integrais.<\/p><p style=\"font-weight: 300;\">A sua perfilaria de base, de 16 mm a 250 mm nos montantes e de 22.5 mm a 255.5 mm nas travessas, assim como os acess\u00f3rios complementares, s\u00e3o comuns a todas as novas fachadas CORTIZO. A ampla gama destes perfis e de uni\u00f5es mec\u00e2nicas dos mesmos, permite a execu\u00e7\u00e3o de todo tipo de fachadas (na vertical, com inclina\u00e7\u00e3o, em esquina a 90\u00ba ou poligonais), assim como a resolu\u00e7\u00e3o de modela\u00e7\u00f5es com vidros de grandes dimens\u00f5es e peso.<\/p><p style=\"font-weight: 300;\">Nesta\u00a0<b><strong>fachada ST 52\u00a0<\/strong><\/b>o vidro estar\u00e1 colado a um bastidor de alum\u00ednio com silicone estrutural. A fixa\u00e7\u00e3o do conjunto vidro-bastidor \u00e0 estrutura portante e feita com peque\u00f1as pe\u00e7as de alum\u00ednio do sistema SG 52.<\/p><p style=\"font-weight: 300;\">A caracter\u00edstica est\u00e9tica deste sistema \u00e9 oferecer o mesmo aspeto, tanto em vidros fixos como nos que abrem e tanto pelo exterior como pelo interior.<\/p><p style=\"font-weight: 300;\">A sua est\u00e9tica exterior de somente vidro tem uma junta aberta, sendo a primeira barreira de estanquidade uma junta de EPDM instalada perimetralmente em cada m\u00f3dulo.<\/p>\t\t\t\t\t\r\n\t\t\t\t\t\r\n\t\t\t\t<\/div>\r\n\t\t\t\t\t\t\t\t<div id=\"tab-2\" class=\"tf-tabcontent-inner inactive animated fadeIn\">\r\n\t\t\t\t\t<p style=\"font-weight: 300;\"><strong>Envidra\u00e7amento<\/strong><\/p><p style=\"font-weight: 300;\">M\u00e1ximo envidra\u00e7amento: 48 mm<\/p><p style=\"font-weight: 300;\">M\u00ednimo envidra\u00e7amento: 6 mm<\/p><p style=\"font-weight: 300;\"><strong>Possibilidades de abertura<\/strong><\/p><p style=\"font-weight: 300;\">Projetante horizontal oculta<\/p><p style=\"font-weight: 300;\"><strong>Sec\u00e7\u00f5es vista interior<\/strong><\/p><p style=\"font-weight: 300;\">Montante 52 mm \/ Travessa 52 mm<\/p><p style=\"font-weight: 300;\"><strong>Espessura perfilaria<\/strong><\/p><p style=\"font-weight: 300;\">Montante 2,1 e 3,0 mm\u00a0\/\u00a0Travessa 2,1 mm<\/p><p style=\"font-weight: 300;\"><strong>Dimens\u00f5es m\u00e1ximas\/m\u00ednimas<\/strong><\/p><p style=\"font-weight: 300;\"><strong>Abertura projetante<\/strong><\/p><p style=\"font-weight: 300;\">Largura m\u00e1x. (L) = 2.500 mm<br \/>Altura m\u00e1x. (H) = 2.500 mm<\/p><p style=\"font-weight: 300;\">Largura m\u00edn. (L) = 500 mm<br \/>Altura m\u00edn. (H) = 650 mm<\/p><p style=\"font-weight: 300;\"><strong>Peso m\u00e1ximo<\/strong><\/p><p style=\"font-weight: 300;\">180 Kg<\/p><p style=\"font-weight: 300;\"><em>Consulte o peso e as dimens\u00f5es m\u00e1ximas para o resto das tipologias.<\/em><\/p><p style=\"font-weight: 300;\"><strong>Acabamentos<em>\u00a0<\/em><\/strong><\/p><p style=\"font-weight: 300;\"><em>Lacagem a cores (RAL, salpicados e rugosos)<\/em><\/p><p style=\"font-weight: 300;\"><em>Lacagem imita\u00e7\u00e3o madeira<\/em><\/p><p style=\"font-weight: 300;\"><em>Lacagem anti-bacteriana<\/em><\/p><p style=\"font-weight: 300;\"><em>Anodizado<\/em><\/p>\t\t\t\t\t\r\n\t\t\t\t\t\r\n\t\t\t\t<\/div>\r\n\t\t\t\t\t\t\t\t<div id=\"tab-3\" class=\"tf-tabcontent-inner inactive animated fadeIn\">\r\n\t\t\t\t\t<p style=\"font-weight: 300;\"><strong>Coeficiente de transmiss\u00e3o t\u00e9rmica<\/strong><br \/>Ucw desde 0,7 (W\/m\u00b2K)<\/p><p style=\"font-weight: 300;\"><em>Consultar dimens\u00e3o e vidro<\/em><\/p><p style=\"font-weight: 300;\"><strong>Permeabilidade ao ar<\/strong><\/p><p style=\"font-weight: 300;\">(UNE-EN 12152:2000) CLASE AE<\/p><p style=\"font-weight: 300;\"><strong>Estanquidade \u00e0 \u00e1gua<\/strong><\/p><p style=\"font-weight: 300;\">(UNE-EN 12154:2000) CLASE RE750<\/p><p style=\"font-weight: 300;\"><strong>Resist\u00eancia ao vento<\/strong><\/p><p style=\"font-weight: 300;\">(UNE-EN 13116:2001) APTO<\/p>\t\t\t\t\t\r\n\t\t\t\t\t\r\n\t\t\t\t<\/div>\r\n\t\t\t\t\t\t\t<\/div>\r\n\t\t<\/div>\r\n\t\t\r\n\t\t\t\t\t\t<\/div>\n\t\t\t\t<\/div>\n\t\t\t\t\t<\/div>\n\t\t\t\t<\/div>\n\t\t\t\t<\/div>","protected":false},"excerpt":{"rendered":"<h5><span style=\"vertical-align: inherit;\"><span style=\"vertical-align: inherit;\">Descri\u00e7\u00e3o<\/span><\/span><\/h5>\n<p data-start=\"0\" data-end=\"165\"><strong data-start=\"0\" data-end=\"41\">Fachada ST 52 (Estrutural \u2013 S\u00f3 Vidro)<\/strong><br data-start=\"41\" data-end=\"44\" \/>Sistema com vidro colado a bastidor de alum\u00ednio com silicone estrutural, fixado \u00e0 estrutura com pe\u00e7as do sistema SG 52.<\/p>\n<p data-start=\"167\" data-end=\"330\">Est\u00e9tica uniforme em vidros fixos e m\u00f3veis, com apar\u00eancia exterior de \u201cs\u00f3 vidro\u201d e junta aberta. Estanquidade garantida por junta EPDM perimetral em cada m\u00f3dulo.<\/p>\n<p data-start=\"332\" data-end=\"479\" data-is-last-node=\"\" data-is-only-node=\"\">Perfis comuns \u00e0 gama CORTIZO (montantes: 16\u2013250 mm; travessas: 22,5\u2013255,5 mm), compat\u00edveis com diversas configura\u00e7\u00f5es e grandes dimens\u00f5es de vidro.<\/p>\n<p data-start=\"332\" data-end=\"479\" data-is-last-node=\"\" data-is-only-node=\"\"><img decoding=\"async\" class=\"alignnone size-full wp-image-5635\" src=\"https:\/\/www.bramial.pt\/wp-content\/uploads\/2025\/07\/Icon-feather-download-1.png\" alt=\"\" width=\"23\" height=\"23\" \/> <a  data-e-disable-page-transition=\"true\" class=\"download-link\" title=\"\" href=\"https:\/\/www.bramial.com\/fr\/download\/5691\/?tmstv=1776534142\" rel=\"nofollow\" id=\"download-link-5691\" data-redirect=\"false\" ><br \/>\n\tFICHA T\u00c9CNICA Fachada ST 52<\/a>\n<\/p>\n<p data-start=\"332\" data-end=\"479\" data-is-last-node=\"\" data-is-only-node=\"\">","protected":false},"featured_media":4876,"comment_status":"open","ping_status":"closed","template":"","meta":[],"product_brand":[],"product_cat":[56],"product_tag":[],"class_list":{"0":"post-4875","1":"product","2":"type-product","3":"status-publish","4":"has-post-thumbnail","6":"product_cat-fachadas","8":"first","9":"instock","10":"downloadable","11":"virtual","12":"product-type-simple"},"_links":{"self":[{"href":"https:\/\/www.bramial.com\/fr\/wp-json\/wp\/v2\/product\/4875","targetHints":{"allow":["GET"]}}],"collection":[{"href":"https:\/\/www.bramial.com\/fr\/wp-json\/wp\/v2\/product"}],"about":[{"href":"https:\/\/www.bramial.com\/fr\/wp-json\/wp\/v2\/types\/product"}],"replies":[{"embeddable":true,"href":"https:\/\/www.bramial.com\/fr\/wp-json\/wp\/v2\/comments?post=4875"}],"version-history":[{"count":7,"href":"https:\/\/www.bramial.com\/fr\/wp-json\/wp\/v2\/product\/4875\/revisions"}],"predecessor-version":[{"id":6476,"href":"https:\/\/www.bramial.com\/fr\/wp-json\/wp\/v2\/product\/4875\/revisions\/6476"}],"wp:featuredmedia":[{"embeddable":true,"href":"https:\/\/www.bramial.com\/fr\/wp-json\/wp\/v2\/media\/4876"}],"wp:attachment":[{"href":"https:\/\/www.bramial.com\/fr\/wp-json\/wp\/v2\/media?parent=4875"}],"wp:term":[{"taxonomy":"product_brand","embeddable":true,"href":"https:\/\/www.bramial.com\/fr\/wp-json\/wp\/v2\/product_brand?post=4875"},{"taxonomy":"product_cat","embeddable":true,"href":"https:\/\/www.bramial.com\/fr\/wp-json\/wp\/v2\/product_cat?post=4875"},{"taxonomy":"product_tag","embeddable":true,"href":"https:\/\/www.bramial.com\/fr\/wp-json\/wp\/v2\/product_tag?post=4875"}],"curies":[{"name":"wp","href":"https:\/\/api.w.org\/{rel}","templated":true}]}}