{"id":4867,"date":"2025-07-09T09:26:24","date_gmt":"2025-07-09T09:26:24","guid":{"rendered":"https:\/\/www.bramial.pt\/?post_type=product&#038;p=4867"},"modified":"2025-07-18T11:17:28","modified_gmt":"2025-07-18T11:17:28","slug":"fachada-tpv-52","status":"publish","type":"product","link":"https:\/\/www.bramial.com\/fr\/product\/fachada-tpv-52\/","title":{"rendered":"Fachada &#8211; TPV &#8211; 52"},"content":{"rendered":"<div data-elementor-type=\"wp-post\" data-elementor-id=\"4867\" class=\"elementor elementor-4867\">\n\t\t\t\t<div class=\"elementor-element elementor-element-87fce01 e-flex e-con-boxed e-con e-parent\" data-id=\"87fce01\" data-element_type=\"container\">\n\t\t\t\t\t<div class=\"e-con-inner\">\n\t\t\t\t<div class=\"elementor-element elementor-element-81d804a elementor-widget elementor-widget-tftabs\" data-id=\"81d804a\" data-element_type=\"widget\" data-widget_type=\"tftabs.default\">\n\t\t\t\t<div class=\"elementor-widget-container\">\n\t\t\t\t\t\t\t<div id=\"tf-tabs-81d804a\" class=\"tf-tabs horizontal tabs-horizontal icon-position-left show-triger-no nav-justify\" data-tabid=\"81d804a\">\r\n\t\t\t<div class=\"tf-tabnav\">\r\n\t\t\t\t<ul>\r\n\t\t\t\t\t\t\t\t\t\t<li class=\"tablinks inactive elementor-animation-\" data-tab=\"tab-1\">\t\r\n\t\t\t\t\t\t\t\t\t\t\t\t\r\n\t\t\t\t\t\t\t\t\t\t\t\t\t<span class=\"tab-title-text\">Descri\u00e7\u00e3o<\/span>\r\n\t\t\t\t\t\t\t\t\t\t\t<\/li>\r\n\t\t\t\t\t\t\t\t\t\t<li class=\"tablinks inactive elementor-animation-\" data-tab=\"tab-2\">\t\r\n\t\t\t\t\t\t\t\t\t\t\t\t\r\n\t\t\t\t\t\t\t\t\t\t\t\t\t<span class=\"tab-title-text\">Dados t\u00e9cnicos<\/span>\r\n\t\t\t\t\t\t\t\t\t\t\t<\/li>\r\n\t\t\t\t\t\t\t\t\t\t<li class=\"tablinks inactive elementor-animation-\" data-tab=\"tab-3\">\t\r\n\t\t\t\t\t\t\t\t\t\t\t\t\r\n\t\t\t\t\t\t\t\t\t\t\t\t\t<span class=\"tab-title-text\">Acabamentos<\/span>\r\n\t\t\t\t\t\t\t\t\t\t\t<\/li>\r\n\t\t\t\t\t\t\t\t\t<\/ul>\r\n\t\t\t<\/div>\r\n\t\t\t<div class=\"tf-tabcontent\">\r\n\t\t\t\t\t\t\t\t<div id=\"tab-1\" class=\"tf-tabcontent-inner inactive animated fadeIn\">\r\n\t\t\t\t\t<p style=\"font-weight: 300;\">Nova gera\u00e7\u00e3o de fachadas formadas por um sistema de base com ampla gama de montantes e travessas que d\u00e1 resposta \u00e0s diferentes necessidades est\u00e9ticas e construtivas dos projetos arquitet\u00f4nicos atrav\u00e9s de solu\u00e7\u00f5es integrais.<\/p><p style=\"font-weight: 300;\">A sua perfilaria de base, de 16 mm a 250 mm nos montantes e de 22.5 mm a 255.5 mm nas travessas, assim como os acess\u00f3rios complementares, s\u00e3o comuns a todas as novas fachadas CORTIZO. A ampla gama destes perfis e de uni\u00f5es mec\u00e2nicas dos mesmos, permite a execu\u00e7\u00e3o de todo tipo de fachadas (na vertical, com inclina\u00e7\u00e3o, em esquina a 90\u00ba ou poligonais), assim como a resolu\u00e7\u00e3o de modela\u00e7\u00f5es com vidros de grandes dimens\u00f5es e peso.<\/p><p style=\"font-weight: 300;\">Esta\u00a0<b><strong>fachada TPV 52\u00a0<\/strong><\/b>\u00e9 um sistema misto que nasce da combina\u00e7\u00e3o da TP 52 e da SG 52. Neste sistema mantem-se as capas pressoras nas verticais ressaltando a trama neste sentido, enquanto que a fixa\u00e7\u00e3o do vidro na horizontal \u00e9 feita por interm\u00e9dio das pe\u00e7as em alum\u00ednio aparafusadas ao montante juntamente com o perfil - U.<\/p><p style=\"font-weight: 300;\">A m\u00e1xima Rotura de Ponte T\u00e9rmica, unida \u00e0 sua grande capacidade de envidra\u00e7amento, at\u00e9 44 mm, com composi\u00e7\u00f5es de vidro de grandes espessuras y energeticamente eficientes, conferem a esta nova gama de fachadas umas excelentes presta\u00e7\u00f5es t\u00e9rmicas e ac\u00fasticas.<\/p>\t\t\t\t\t\r\n\t\t\t\t\t\r\n\t\t\t\t<\/div>\r\n\t\t\t\t\t\t\t\t<div id=\"tab-2\" class=\"tf-tabcontent-inner inactive animated fadeIn\">\r\n\t\t\t\t\t<p style=\"font-weight: 300;\"><strong>Envidra\u00e7amento<\/strong><\/p><p style=\"font-weight: 300;\">M\u00e1ximo envidra\u00e7amento: 64 mm*<\/p><p style=\"font-weight: 300;\">M\u00ednimo envidra\u00e7amento: 6 mm<\/p><p style=\"font-weight: 300;\"><em>*\u00a0Consulte para maiores espessuras<\/em><\/p><p style=\"font-weight: 300;\"><strong>Possibilidades de abertura<\/strong><\/p><p style=\"font-weight: 300;\">Projetante horizontal oculta<\/p><p style=\"font-weight: 300;\">Projetante paralela oculta<\/p><p style=\"font-weight: 300;\"><strong>Sec\u00e7\u00f5es vista interior<\/strong><\/p><p style=\"font-weight: 300;\">Montante 52 mm \/ Travessa 52 mm<\/p><p style=\"font-weight: 300;\"><strong>Espessura perfilaria<\/strong><\/p><p style=\"font-weight: 300;\">Montante 2,1 e 3,0 mm\u00a0\/\u00a0Travessa 2,1 mm<\/p><p style=\"font-weight: 300;\"><strong>Perfis de RPT<\/strong><\/p><p style=\"font-weight: 300;\">12-66 mm\u00a0\/ Perfis de RPT de 6, 12 e 30 mm empilh\u00e1veis<\/p><p style=\"font-weight: 300;\"><strong>Dimens\u00f5es m\u00e1ximas \/ m\u00ednimas em aberturas<\/strong><\/p><p style=\"font-weight: 300;\"><strong>Abertura projetante<\/strong><\/p><p style=\"font-weight: 300;\">Largura m\u00e1x. (L) = 2.500 mm<br \/>Altura m\u00e1x. (H) = 2.500 mm<\/p><p style=\"font-weight: 300;\">Largura m\u00edn. (L) = 500 mm<br \/>Altura m\u00edn. (H) = 650 mm<\/p><p style=\"font-weight: 300;\"><strong>Peso m\u00e1ximo<\/strong><\/p><p style=\"font-weight: 300;\">Abertura projetante horizontal 180 Kg<\/p><p style=\"font-weight: 300;\"><em>Consulte o peso e as dimens\u00f5es m\u00e1ximas para o resto das tipologias.<\/em><\/p><p style=\"font-weight: 300;\"><strong>Capas<\/strong><\/p><p style=\"font-weight: 300;\">Capa em H de 34 mm de profundidade<\/p><p style=\"font-weight: 300;\">Capas retangulares de 14, 19, 100 e 145 mm de profundidade<\/p><p style=\"font-weight: 300;\">Capa piramidal de 155 mm de profundidade<\/p><p style=\"font-weight: 300;\"><strong>Acabamentos<em>\u00a0<\/em><\/strong><\/p><p style=\"font-weight: 300;\"><em>Lacagem a cores (RAL, salpicados e rugosos)<\/em><\/p><p style=\"font-weight: 300;\"><em>Lacagem imita\u00e7\u00e3o madeira<\/em><\/p><p style=\"font-weight: 300;\"><em>Lacagem anti-bacteriana<\/em><\/p><p style=\"font-weight: 300;\"><em>Anodizado<\/em><\/p>\t\t\t\t\t\r\n\t\t\t\t\t\r\n\t\t\t\t<\/div>\r\n\t\t\t\t\t\t\t\t<div id=\"tab-3\" class=\"tf-tabcontent-inner inactive animated fadeIn\">\r\n\t\t\t\t\t<p style=\"font-weight: 300;\"><strong>Coeficiente de transmiss\u00e3o t\u00e9rmica<\/strong><br \/>Ucw desde 0,6 (W\/m\u00b2K)<\/p><p style=\"font-weight: 300;\"><em>Consultar dimens\u00e3o e vidro<\/em><\/p><p style=\"font-weight: 300;\"><strong>Certifica\u00e7\u00e3o brit\u00e2nica CWCT<\/strong><\/p><p style=\"font-weight: 300;\"><strong>Permeabilidade ao ar<\/strong><br \/>(UNE-EN 12152:2000) CLASE AE<\/p><p style=\"font-weight: 300;\"><strong>Estanquidade \u00e0 \u00e1gua<\/strong><br \/>(UNE-EN 12154:2000) CLASE RE1500<\/p><p style=\"font-weight: 300;\"><strong>Resist\u00eancia ao vento<\/strong><br \/>(UNE-EN 13116:2001) APTO<\/p><p style=\"font-weight: 300;\"><em>(Carga de desenho 2000 Pa- carga de seguridade 3000 Pa)<\/em><\/p><p style=\"font-weight: 300;\"><em><br \/>Ensaio de refer\u00eancia 3,00 x 3,50 m.<\/em><\/p>\t\t\t\t\t\r\n\t\t\t\t\t\r\n\t\t\t\t<\/div>\r\n\t\t\t\t\t\t\t<\/div>\r\n\t\t<\/div>\r\n\t\t\r\n\t\t\t\t\t\t<\/div>\n\t\t\t\t<\/div>\n\t\t\t\t\t<\/div>\n\t\t\t\t<\/div>\n\t\t\t\t<\/div>","protected":false},"excerpt":{"rendered":"<h5><span style=\"vertical-align: inherit;\"><span style=\"vertical-align: inherit;\">Descri\u00e7\u00e3o<\/span><\/span><\/h5>\n<p data-start=\"0\" data-end=\"174\">Combina\u00e7\u00e3o dos sistemas TP 52 e SG 52. Capas pressoras nas verticais e fixa\u00e7\u00e3o horizontal do vidro com pe\u00e7as de alum\u00ednio e perfil em U.<\/p>\n<p data-start=\"176\" data-end=\"331\">Perfis modulares comuns \u00e0 gama CORTIZO (montantes: 16\u2013250 mm; travessas: 22,5\u2013255,5 mm), adapt\u00e1veis a v\u00e1rias configura\u00e7\u00f5es e vidros de grandes dimens\u00f5es.<\/p>\n<p data-start=\"333\" data-end=\"437\" data-is-last-node=\"\" data-is-only-node=\"\">Elevada rutura de ponte t\u00e9rmica e envidra\u00e7amento at\u00e9 44 mm, com excelente desempenho t\u00e9rmico e ac\u00fastico.<\/p>\n<p data-start=\"333\" data-end=\"437\" data-is-last-node=\"\" data-is-only-node=\"\"><img decoding=\"async\" class=\"alignnone size-full wp-image-5635\" src=\"https:\/\/www.bramial.pt\/wp-content\/uploads\/2025\/07\/Icon-feather-download-1.png\" alt=\"\" width=\"23\" height=\"23\" \/> <a  data-e-disable-page-transition=\"true\" class=\"download-link\" title=\"\" href=\"https:\/\/www.bramial.com\/fr\/download\/5687\/?tmstv=1776528453\" rel=\"nofollow\" id=\"download-link-5687\" data-redirect=\"false\" ><br \/>\n\tFICHA T\u00c9CNICA Fachada TPV 52<\/a>\n<\/p>\n<p data-start=\"333\" data-end=\"437\" data-is-last-node=\"\" data-is-only-node=\"\">","protected":false},"featured_media":4868,"comment_status":"open","ping_status":"closed","template":"","meta":[],"product_brand":[],"product_cat":[56],"product_tag":[],"class_list":{"0":"post-4867","1":"product","2":"type-product","3":"status-publish","4":"has-post-thumbnail","6":"product_cat-fachadas","8":"first","9":"instock","10":"downloadable","11":"virtual","12":"product-type-simple"},"_links":{"self":[{"href":"https:\/\/www.bramial.com\/fr\/wp-json\/wp\/v2\/product\/4867","targetHints":{"allow":["GET"]}}],"collection":[{"href":"https:\/\/www.bramial.com\/fr\/wp-json\/wp\/v2\/product"}],"about":[{"href":"https:\/\/www.bramial.com\/fr\/wp-json\/wp\/v2\/types\/product"}],"replies":[{"embeddable":true,"href":"https:\/\/www.bramial.com\/fr\/wp-json\/wp\/v2\/comments?post=4867"}],"version-history":[{"count":7,"href":"https:\/\/www.bramial.com\/fr\/wp-json\/wp\/v2\/product\/4867\/revisions"}],"predecessor-version":[{"id":6477,"href":"https:\/\/www.bramial.com\/fr\/wp-json\/wp\/v2\/product\/4867\/revisions\/6477"}],"wp:featuredmedia":[{"embeddable":true,"href":"https:\/\/www.bramial.com\/fr\/wp-json\/wp\/v2\/media\/4868"}],"wp:attachment":[{"href":"https:\/\/www.bramial.com\/fr\/wp-json\/wp\/v2\/media?parent=4867"}],"wp:term":[{"taxonomy":"product_brand","embeddable":true,"href":"https:\/\/www.bramial.com\/fr\/wp-json\/wp\/v2\/product_brand?post=4867"},{"taxonomy":"product_cat","embeddable":true,"href":"https:\/\/www.bramial.com\/fr\/wp-json\/wp\/v2\/product_cat?post=4867"},{"taxonomy":"product_tag","embeddable":true,"href":"https:\/\/www.bramial.com\/fr\/wp-json\/wp\/v2\/product_tag?post=4867"}],"curies":[{"name":"wp","href":"https:\/\/api.w.org\/{rel}","templated":true}]}}