{"id":4857,"date":"2025-07-09T09:21:20","date_gmt":"2025-07-09T09:21:20","guid":{"rendered":"https:\/\/www.bramial.pt\/?post_type=product&#038;p=4857"},"modified":"2025-07-18T11:17:58","modified_gmt":"2025-07-18T11:17:58","slug":"fachada-tpv-62","status":"publish","type":"product","link":"https:\/\/www.bramial.com\/fr\/product\/fachada-tpv-62\/","title":{"rendered":"Fachada &#8211; TPV &#8211; 62"},"content":{"rendered":"<div data-elementor-type=\"wp-post\" data-elementor-id=\"4857\" class=\"elementor elementor-4857\">\n\t\t\t\t<div class=\"elementor-element elementor-element-87fce01 e-flex e-con-boxed e-con e-parent\" data-id=\"87fce01\" data-element_type=\"container\">\n\t\t\t\t\t<div class=\"e-con-inner\">\n\t\t\t\t<div class=\"elementor-element elementor-element-81d804a elementor-widget elementor-widget-tftabs\" data-id=\"81d804a\" data-element_type=\"widget\" data-widget_type=\"tftabs.default\">\n\t\t\t\t<div class=\"elementor-widget-container\">\n\t\t\t\t\t\t\t<div id=\"tf-tabs-81d804a\" class=\"tf-tabs horizontal tabs-horizontal icon-position-left show-triger-no nav-justify\" data-tabid=\"81d804a\">\r\n\t\t\t<div class=\"tf-tabnav\">\r\n\t\t\t\t<ul>\r\n\t\t\t\t\t\t\t\t\t\t<li class=\"tablinks inactive elementor-animation-\" data-tab=\"tab-1\">\t\r\n\t\t\t\t\t\t\t\t\t\t\t\t\r\n\t\t\t\t\t\t\t\t\t\t\t\t\t<span class=\"tab-title-text\">Descri\u00e7\u00e3o<\/span>\r\n\t\t\t\t\t\t\t\t\t\t\t<\/li>\r\n\t\t\t\t\t\t\t\t\t\t<li class=\"tablinks inactive elementor-animation-\" data-tab=\"tab-2\">\t\r\n\t\t\t\t\t\t\t\t\t\t\t\t\r\n\t\t\t\t\t\t\t\t\t\t\t\t\t<span class=\"tab-title-text\">Dados t\u00e9cnicos<\/span>\r\n\t\t\t\t\t\t\t\t\t\t\t<\/li>\r\n\t\t\t\t\t\t\t\t\t\t<li class=\"tablinks inactive elementor-animation-\" data-tab=\"tab-3\">\t\r\n\t\t\t\t\t\t\t\t\t\t\t\t\r\n\t\t\t\t\t\t\t\t\t\t\t\t\t<span class=\"tab-title-text\">Acabamentos<\/span>\r\n\t\t\t\t\t\t\t\t\t\t\t<\/li>\r\n\t\t\t\t\t\t\t\t\t<\/ul>\r\n\t\t\t<\/div>\r\n\t\t\t<div class=\"tf-tabcontent\">\r\n\t\t\t\t\t\t\t\t<div id=\"tab-1\" class=\"tf-tabcontent-inner inactive animated fadeIn\">\r\n\t\t\t\t\t<p>S\u00e3o sistemas mistos. S\u00e3o criados combinando os sistemas TP 62 e SG 62.<br \/>No caso do sistema TPH 62, mant\u00e9m-se o bin\u00f3mio prensa-tampa nas juntas horizontais, enquanto o vidro \u00e9 fixado pelas garras e pelo perfil em U nas arestas verticais.<br \/>No caso do TPV 62, ocorre exatamente o contr\u00e1rio: a prensa e a tampa s\u00e3o colocadas na vertical, e s\u00e3o as arestas horizontais dos vidros que s\u00e3o fixadas \u00e0 perfilaria atrav\u00e9s das garras e do perfil em U.<\/p>\t\t\t\t\t\r\n\t\t\t\t\t\r\n\t\t\t\t<\/div>\r\n\t\t\t\t\t\t\t\t<div id=\"tab-2\" class=\"tf-tabcontent-inner inactive animated fadeIn\">\r\n\t\t\t\t\t<p><strong>Vidro<\/strong><br \/>M\u00e1x. 64 mm*<br \/>M\u00edn. 6 mm<br \/>*Consultar para espessuras maiores.<\/p><p><strong>Sec\u00e7\u00e3o vis\u00edvel interior<\/strong><br \/>Montante: 62 mm<br \/>Travesseiro: 62 mm<\/p><p><strong>Espessura da perfilaria<\/strong><br \/>Montante: 2,5 e 2,8 mm<br \/>Travesseiro: 2,8 mm<\/p><p><strong>Peso m\u00e1x.<\/strong><br \/>800 Kg<\/p><p><em>Consultar peso e dimens\u00f5es m\u00e1ximas conforme a tipologia<\/em><\/p><p><strong>Possibilidades de tampas decorativas<\/strong><\/p><p>El\u00edptica: profundidade 100 mm<\/p><p>Tampa em H<\/p><p>Retangular: profundidade 14, 19 e 100 mm<\/p><p>Tampa plana<\/p><p><strong>Acabamentos<\/strong><\/p><p>Lacado cores (RAL, texturizado, rugoso)<br \/>Segundo selo Qualicoat &gt;60 micras<\/p><p>Lacado imita\u00e7\u00e3o madeira<br \/>Segundo selo Qualideco<\/p><p>Anodizado<br \/>Segundo selo Ewwa Euras<br \/>Classe standard 15<br \/>Possibilidade classe 20 e 25<\/p>\t\t\t\t\t\r\n\t\t\t\t\t\r\n\t\t\t\t<\/div>\r\n\t\t\t\t\t\t\t\t<div id=\"tab-3\" class=\"tf-tabcontent-inner inactive animated fadeIn\">\r\n\t\t\t\t\t<p><strong>Transmit\u00e2ncia t\u00e9rmica<\/strong><br \/>Ucw desde 0,6 (W\/m\u00b2K)<\/p><p><strong>Permeabilidade ao ar<\/strong><br \/>(UNE-EN 12152) Classe AE<\/p><p><strong>Estanquidade \u00e0 \u00e1gua<\/strong><br \/>(UNE-EN 12154) Classe RE1500<\/p><p><strong>Resist\u00eancia ao vento<\/strong><br \/>(UNE-EN 13116) APTO<\/p><p><strong>Resist\u00eancia ao impacto<\/strong><br \/>(UNE-EN 14019) Classe I5, Classe E5<\/p><p><strong>Ensaio de refer\u00eancia:<\/strong>\u00a04,12 x 4,32 m<\/p>\t\t\t\t\t\r\n\t\t\t\t\t\r\n\t\t\t\t<\/div>\r\n\t\t\t\t\t\t\t<\/div>\r\n\t\t<\/div>\r\n\t\t\r\n\t\t\t\t\t\t<\/div>\n\t\t\t\t<\/div>\n\t\t\t\t\t<\/div>\n\t\t\t\t<\/div>\n\t\t\t\t<\/div>","protected":false},"excerpt":{"rendered":"<h5><span style=\"vertical-align: inherit;\"><span style=\"vertical-align: inherit;\">Descri\u00e7\u00e3o<\/span><\/span><\/h5>\n<div class=\"flex max-w-full flex-col grow\">\n<div class=\"min-h-8 text-message relative flex w-full flex-col items-end gap-2 text-start break-words whitespace-normal [.text-message+&amp;]:mt-5\" dir=\"auto\" data-message-author-role=\"assistant\" data-message-id=\"dfa46855-3b16-4389-9b98-322634c52595\" data-message-model-slug=\"gpt-4o\">\n<div class=\"flex w-full flex-col gap-1 empty:hidden first:pt-[3px]\">\u00a0Combinam os sistemas TP 62 e SG 62.<\/div>\n<\/div>\n<\/div>\n<div class=\"flex min-h-[46px] justify-start\">\n<p data-start=\"77\" data-end=\"256\" data-is-last-node=\"\" data-is-only-node=\"\"><strong data-start=\"79\" data-end=\"89\">TPH 62<\/strong>: prensa e tampa nas horizontais; fixa\u00e7\u00e3o vertical com garras e perfil em U.<br data-start=\"165\" data-end=\"168\" \/><strong data-start=\"170\" data-end=\"180\">TPV 62<\/strong>: prensa e tampa nas verticais; fixa\u00e7\u00e3o horizontal com garras e perfil em U.<\/p>\n<p data-start=\"77\" data-end=\"256\" data-is-last-node=\"\" data-is-only-node=\"\"><img decoding=\"async\" class=\"alignnone size-full wp-image-5635\" src=\"https:\/\/www.bramial.pt\/wp-content\/uploads\/2025\/07\/Icon-feather-download-1.png\" alt=\"\" width=\"23\" height=\"23\" \/> <a  data-e-disable-page-transition=\"true\" class=\"download-link\" title=\"\" href=\"https:\/\/www.bramial.com\/fr\/download\/5683\/?tmstv=1776528485\" rel=\"nofollow\" id=\"download-link-5683\" data-redirect=\"false\" ><br \/>\n\tFICHA T\u00c9CNICA Fachada TPV 62<\/a>\n<\/p>\n<p data-start=\"77\" data-end=\"256\" data-is-last-node=\"\" data-is-only-node=\"\">\n<\/div>","protected":false},"featured_media":4858,"comment_status":"open","ping_status":"closed","template":"","meta":[],"product_brand":[],"product_cat":[56],"product_tag":[],"class_list":{"0":"post-4857","1":"product","2":"type-product","3":"status-publish","4":"has-post-thumbnail","6":"product_cat-fachadas","8":"first","9":"instock","10":"downloadable","11":"virtual","12":"product-type-simple"},"_links":{"self":[{"href":"https:\/\/www.bramial.com\/fr\/wp-json\/wp\/v2\/product\/4857","targetHints":{"allow":["GET"]}}],"collection":[{"href":"https:\/\/www.bramial.com\/fr\/wp-json\/wp\/v2\/product"}],"about":[{"href":"https:\/\/www.bramial.com\/fr\/wp-json\/wp\/v2\/types\/product"}],"replies":[{"embeddable":true,"href":"https:\/\/www.bramial.com\/fr\/wp-json\/wp\/v2\/comments?post=4857"}],"version-history":[{"count":10,"href":"https:\/\/www.bramial.com\/fr\/wp-json\/wp\/v2\/product\/4857\/revisions"}],"predecessor-version":[{"id":6478,"href":"https:\/\/www.bramial.com\/fr\/wp-json\/wp\/v2\/product\/4857\/revisions\/6478"}],"wp:featuredmedia":[{"embeddable":true,"href":"https:\/\/www.bramial.com\/fr\/wp-json\/wp\/v2\/media\/4858"}],"wp:attachment":[{"href":"https:\/\/www.bramial.com\/fr\/wp-json\/wp\/v2\/media?parent=4857"}],"wp:term":[{"taxonomy":"product_brand","embeddable":true,"href":"https:\/\/www.bramial.com\/fr\/wp-json\/wp\/v2\/product_brand?post=4857"},{"taxonomy":"product_cat","embeddable":true,"href":"https:\/\/www.bramial.com\/fr\/wp-json\/wp\/v2\/product_cat?post=4857"},{"taxonomy":"product_tag","embeddable":true,"href":"https:\/\/www.bramial.com\/fr\/wp-json\/wp\/v2\/product_tag?post=4857"}],"curies":[{"name":"wp","href":"https:\/\/api.w.org\/{rel}","templated":true}]}}