{"id":4839,"date":"2025-07-09T09:08:47","date_gmt":"2025-07-09T09:08:47","guid":{"rendered":"https:\/\/www.bramial.pt\/?post_type=product&#038;p=4839"},"modified":"2025-07-18T11:18:29","modified_gmt":"2025-07-18T11:18:29","slug":"fachada-tph-62","status":"publish","type":"product","link":"https:\/\/www.bramial.com\/fr\/product\/fachada-tph-62\/","title":{"rendered":"Fachada &#8211; TPH &#8211; 62"},"content":{"rendered":"<div data-elementor-type=\"wp-post\" data-elementor-id=\"4839\" class=\"elementor elementor-4839\">\n\t\t\t\t<div class=\"elementor-element elementor-element-87fce01 e-flex e-con-boxed e-con e-parent\" data-id=\"87fce01\" data-element_type=\"container\">\n\t\t\t\t\t<div class=\"e-con-inner\">\n\t\t\t\t<div class=\"elementor-element elementor-element-81d804a elementor-widget elementor-widget-tftabs\" data-id=\"81d804a\" data-element_type=\"widget\" data-widget_type=\"tftabs.default\">\n\t\t\t\t<div class=\"elementor-widget-container\">\n\t\t\t\t\t\t\t<div id=\"tf-tabs-81d804a\" class=\"tf-tabs horizontal tabs-horizontal icon-position-left show-triger-no nav-justify\" data-tabid=\"81d804a\">\r\n\t\t\t<div class=\"tf-tabnav\">\r\n\t\t\t\t<ul>\r\n\t\t\t\t\t\t\t\t\t\t<li class=\"tablinks inactive elementor-animation-\" data-tab=\"tab-1\">\t\r\n\t\t\t\t\t\t\t\t\t\t\t\t\r\n\t\t\t\t\t\t\t\t\t\t\t\t\t<span class=\"tab-title-text\">Descri\u00e7\u00e3o<\/span>\r\n\t\t\t\t\t\t\t\t\t\t\t<\/li>\r\n\t\t\t\t\t\t\t\t\t\t<li class=\"tablinks inactive elementor-animation-\" data-tab=\"tab-2\">\t\r\n\t\t\t\t\t\t\t\t\t\t\t\t\r\n\t\t\t\t\t\t\t\t\t\t\t\t\t<span class=\"tab-title-text\">Dados t\u00e9cnicos<\/span>\r\n\t\t\t\t\t\t\t\t\t\t\t<\/li>\r\n\t\t\t\t\t\t\t\t\t\t<li class=\"tablinks inactive elementor-animation-\" data-tab=\"tab-3\">\t\r\n\t\t\t\t\t\t\t\t\t\t\t\t\r\n\t\t\t\t\t\t\t\t\t\t\t\t\t<span class=\"tab-title-text\">Acabamentos<\/span>\r\n\t\t\t\t\t\t\t\t\t\t\t<\/li>\r\n\t\t\t\t\t\t\t\t\t<\/ul>\r\n\t\t\t<\/div>\r\n\t\t\t<div class=\"tf-tabcontent\">\r\n\t\t\t\t\t\t\t\t<div id=\"tab-1\" class=\"tf-tabcontent-inner inactive animated fadeIn\">\r\n\t\t\t\t\t<p><strong>S\u00e3o sistemas mistos. S\u00e3o criados combinando os sistemas TP 62 e SG 62. <\/strong>No caso do sistema TPH 62, mant\u00e9m-se a dupla prensa-tampa nas juntas horizontais, enquanto o vidro \u00e9 fixado com grampos e o perfil-U nas suas bordas verticais. No caso do TPV 62, ocorre exatamente o contr\u00e1rio: a prensa e a tampa s\u00e3o colocadas na vertical e s\u00e3o as bordas horizontais dos vidros que s\u00e3o fixadas \u00e0 perfilaria atrav\u00e9s dos grampos e do perfil-U.<\/p>\t\t\t\t\t\r\n\t\t\t\t\t\r\n\t\t\t\t<\/div>\r\n\t\t\t\t\t\t\t\t<div id=\"tab-2\" class=\"tf-tabcontent-inner inactive animated fadeIn\">\r\n\t\t\t\t\t<p><strong>Vidro<\/strong><br \/>M\u00e1x. 64 mm*<br \/>M\u00edn. 6 mm<br \/><em>*Consultar para espessuras maiores.<\/em><\/p><p><strong>Sec\u00e7\u00e3o vis\u00edvel interior<\/strong><\/p><p>Montante 62 mm<br \/>Travesseiro 62 mm<\/p><p><strong>Espessura da perfilaria<\/strong><br \/>Montante 2,5 e 2,8 mm<br \/>Travesseiro 2,8 mm<\/p><p><strong>Peso m\u00e1x.<\/strong><\/p><p>800 Kg<\/p><p><em>Consultar peso e dimens\u00f5es m\u00e1ximas conforme tipologia<\/em><\/p><p><strong>Possibilidades de tampas decorativas<\/strong><\/p><p>El\u00edptica: profundidade de 100 mm<\/p><p>Tampa em H<\/p><p>Retangular: profundidade de 14, 19 e 100 mm<\/p><p>Tampa plana<\/p><p><strong>Acabamentos<\/strong><\/p><p>Lacado em cores (RAL, texturado, rugoso)<\/p><p>Conforme selo Qualicoat &gt;60 m\u00edcrons<\/p><p>\u00a0<\/p><p>Lacado imita\u00e7\u00e3o madeira<\/p><p>Conforme selo Qualideco<\/p><p>\u00a0<\/p><p>Anodizado<\/p><p>Conforme selo Ewwa Euras<\/p><p>Classe Standard 15<\/p><p>Possibilidade Classe 20 e 25<\/p>\t\t\t\t\t\r\n\t\t\t\t\t\r\n\t\t\t\t<\/div>\r\n\t\t\t\t\t\t\t\t<div id=\"tab-3\" class=\"tf-tabcontent-inner inactive animated fadeIn\">\r\n\t\t\t\t\t<p><strong>Transmit\u00e2ncia t\u00e9rmica<\/strong><br \/>Ucw desde 0,6 (W\/m\u00b2K)<\/p><p><strong>Permeabilidade ao ar<\/strong><br \/>(UNE-EN 12152) Classe AE<\/p><p><strong>Estanqueidade \u00e0 \u00e1gua<\/strong><br \/>(UNE-EN 12154) Classe RE1500<\/p><p><strong>Resist\u00eancia ao vento<\/strong><br \/>(UNE-EN 13116) APTOAPTO<\/p><p><strong>Resist\u00eancia ao impacto<\/strong><br \/>(UNE-EN 14019)\u00a0Classe I5, Classe E5<\/p><p><em>Ensaio de refer\u00eancia: 4,12 x 4,32 m<\/em><\/p>\t\t\t\t\t\r\n\t\t\t\t\t\r\n\t\t\t\t<\/div>\r\n\t\t\t\t\t\t\t<\/div>\r\n\t\t<\/div>\r\n\t\t\r\n\t\t\t\t\t\t<\/div>\n\t\t\t\t<\/div>\n\t\t\t\t\t<\/div>\n\t\t\t\t<\/div>\n\t\t\t\t<\/div>","protected":false},"excerpt":{"rendered":"<h5><span style=\"vertical-align: inherit;\"><span style=\"vertical-align: inherit;\">Descri\u00e7\u00e3o<\/span><\/span><\/h5>\n<p data-start=\"0\" data-end=\"75\"><strong data-start=\"0\" data-end=\"35\">Sistemas Mistos TPH 62 e TPV 62<\/strong><br data-start=\"35\" data-end=\"38\" \/>Combinam os sistemas TP 62 e SG 62.<\/p>\n<p data-start=\"77\" data-end=\"268\" data-is-last-node=\"\" data-is-only-node=\"\"><strong data-start=\"79\" data-end=\"89\">TPH 62<\/strong>: prensa e tampa nas juntas horizontais; grampos e perfil-U nas bordas verticais do vidro.<br data-start=\"179\" data-end=\"182\" \/><strong data-start=\"184\" data-end=\"194\">TPV 62<\/strong>: prensa e tampa nas verticais; fixa\u00e7\u00e3o horizontal com grampos e perfil-U.<\/p>\n<p data-start=\"77\" data-end=\"268\" data-is-last-node=\"\" data-is-only-node=\"\"><img decoding=\"async\" class=\"alignnone size-full wp-image-5635\" src=\"https:\/\/www.bramial.pt\/wp-content\/uploads\/2025\/07\/Icon-feather-download-1.png\" alt=\"\" width=\"23\" height=\"23\" \/> <a  data-e-disable-page-transition=\"true\" class=\"download-link\" title=\"\" href=\"https:\/\/www.bramial.com\/fr\/download\/5675\/?tmstv=1776528481\" rel=\"nofollow\" id=\"download-link-5675\" data-redirect=\"false\" ><br \/>\n\tFICHA T\u00c9CNICA Fachada TPH 62<\/a>\n<\/p>\n<p data-start=\"77\" data-end=\"268\" data-is-last-node=\"\" data-is-only-node=\"\">","protected":false},"featured_media":4840,"comment_status":"open","ping_status":"closed","template":"","meta":[],"product_brand":[],"product_cat":[56],"product_tag":[],"class_list":{"0":"post-4839","1":"product","2":"type-product","3":"status-publish","4":"has-post-thumbnail","6":"product_cat-fachadas","8":"first","9":"instock","10":"downloadable","11":"virtual","12":"product-type-simple"},"_links":{"self":[{"href":"https:\/\/www.bramial.com\/fr\/wp-json\/wp\/v2\/product\/4839","targetHints":{"allow":["GET"]}}],"collection":[{"href":"https:\/\/www.bramial.com\/fr\/wp-json\/wp\/v2\/product"}],"about":[{"href":"https:\/\/www.bramial.com\/fr\/wp-json\/wp\/v2\/types\/product"}],"replies":[{"embeddable":true,"href":"https:\/\/www.bramial.com\/fr\/wp-json\/wp\/v2\/comments?post=4839"}],"version-history":[{"count":10,"href":"https:\/\/www.bramial.com\/fr\/wp-json\/wp\/v2\/product\/4839\/revisions"}],"predecessor-version":[{"id":6479,"href":"https:\/\/www.bramial.com\/fr\/wp-json\/wp\/v2\/product\/4839\/revisions\/6479"}],"wp:featuredmedia":[{"embeddable":true,"href":"https:\/\/www.bramial.com\/fr\/wp-json\/wp\/v2\/media\/4840"}],"wp:attachment":[{"href":"https:\/\/www.bramial.com\/fr\/wp-json\/wp\/v2\/media?parent=4839"}],"wp:term":[{"taxonomy":"product_brand","embeddable":true,"href":"https:\/\/www.bramial.com\/fr\/wp-json\/wp\/v2\/product_brand?post=4839"},{"taxonomy":"product_cat","embeddable":true,"href":"https:\/\/www.bramial.com\/fr\/wp-json\/wp\/v2\/product_cat?post=4839"},{"taxonomy":"product_tag","embeddable":true,"href":"https:\/\/www.bramial.com\/fr\/wp-json\/wp\/v2\/product_tag?post=4839"}],"curies":[{"name":"wp","href":"https:\/\/api.w.org\/{rel}","templated":true}]}}