{"id":4815,"date":"2025-07-09T08:21:21","date_gmt":"2025-07-09T08:21:21","guid":{"rendered":"https:\/\/www.bramial.pt\/?post_type=product&#038;p=4815"},"modified":"2025-07-18T11:20:24","modified_gmt":"2025-07-18T11:20:24","slug":"fachada-tp-52","status":"publish","type":"product","link":"https:\/\/www.bramial.com\/fr\/product\/fachada-tp-52\/","title":{"rendered":"Fachada &#8211; TP &#8211; 52"},"content":{"rendered":"<div data-elementor-type=\"wp-post\" data-elementor-id=\"4815\" class=\"elementor elementor-4815\">\n\t\t\t\t<div class=\"elementor-element elementor-element-87fce01 e-flex e-con-boxed e-con e-parent\" data-id=\"87fce01\" data-element_type=\"container\">\n\t\t\t\t\t<div class=\"e-con-inner\">\n\t\t\t\t<div class=\"elementor-element elementor-element-81d804a elementor-widget elementor-widget-tftabs\" data-id=\"81d804a\" data-element_type=\"widget\" data-widget_type=\"tftabs.default\">\n\t\t\t\t<div class=\"elementor-widget-container\">\n\t\t\t\t\t\t\t<div id=\"tf-tabs-81d804a\" class=\"tf-tabs horizontal tabs-horizontal icon-position-left show-triger-no nav-justify\" data-tabid=\"81d804a\">\r\n\t\t\t<div class=\"tf-tabnav\">\r\n\t\t\t\t<ul>\r\n\t\t\t\t\t\t\t\t\t\t<li class=\"tablinks inactive elementor-animation-\" data-tab=\"tab-1\">\t\r\n\t\t\t\t\t\t\t\t\t\t\t\t\r\n\t\t\t\t\t\t\t\t\t\t\t\t\t<span class=\"tab-title-text\">Descri\u00e7\u00e3o<\/span>\r\n\t\t\t\t\t\t\t\t\t\t\t<\/li>\r\n\t\t\t\t\t\t\t\t\t\t<li class=\"tablinks inactive elementor-animation-\" data-tab=\"tab-2\">\t\r\n\t\t\t\t\t\t\t\t\t\t\t\t\r\n\t\t\t\t\t\t\t\t\t\t\t\t\t<span class=\"tab-title-text\">Dados t\u00e9cnicos<\/span>\r\n\t\t\t\t\t\t\t\t\t\t\t<\/li>\r\n\t\t\t\t\t\t\t\t\t\t<li class=\"tablinks inactive elementor-animation-\" data-tab=\"tab-3\">\t\r\n\t\t\t\t\t\t\t\t\t\t\t\t\r\n\t\t\t\t\t\t\t\t\t\t\t\t\t<span class=\"tab-title-text\">Acabamentos<\/span>\r\n\t\t\t\t\t\t\t\t\t\t\t<\/li>\r\n\t\t\t\t\t\t\t\t\t<\/ul>\r\n\t\t\t<\/div>\r\n\t\t\t<div class=\"tf-tabcontent\">\r\n\t\t\t\t\t\t\t\t<div id=\"tab-1\" class=\"tf-tabcontent-inner inactive animated fadeIn\">\r\n\t\t\t\t\t<p style=\"font-weight: 300;\">Nova gera\u00e7\u00e3o de fachadas formadas por um sistema de base com ampla gama de montantes e travessas que atende \u00e0s diferentes necessidades est\u00e9ticas e construtivas dos projetos arquitet\u00f4nicos atrav\u00e9s de solu\u00e7\u00f5es integrais.<\/p><p style=\"font-weight: 300;\">Sua perfilaria de base, de 16 mm a 250 mm nos montantes e de 22.5 mm a 255.5 mm nas travessas, assim como os acess\u00f3rios complementares, s\u00e3o comuns a todas as novas fachadas CORTIZO. Ampla gama destes perfis e de uni\u00f5es mec\u00e2nicas dos mesmos, permite a execu\u00e7\u00e3o de todo tipo de fachadas (na vertical, com inclina\u00e7\u00e3o, em esquina a 90\u00ba ou poligonais), assim como a resolu\u00e7\u00e3o de modela\u00e7\u00f5es com vidros de grandes dimens\u00f5es e peso.<\/p><p style=\"font-weight: 300;\">Esta\u00a0<b><strong>fachada TP 52<\/strong><\/b>\u00a0\u00e9 um sistema tradicional, tamb\u00e9m conhecido como sistema Stick. A fixa\u00e7\u00e3o do vidro \u00e0 perfilaria portante \u00e9 feita por interm\u00e9dio de um perfil pressor continuo, aparafusado pelo exterior a um porta parafusos incorporado nos montantes e travessas para o efeito. O vidro fica fixo em seus quatro lados mediante este perfil, que disp\u00f5es de borrachas separadoras para impedir o contato vidro-metal. Perfil pressor e parafusos ficam escondidos por um perfil embelezador exterior<\/p><p style=\"font-weight: 300;\">cont\u00ednua chamada tapeta.<\/p><p style=\"font-weight: 300;\">A m\u00e1xima Rotura de Ponte T\u00e9rmica, unida \u00e0 sua grande capacidade de envidra\u00e7amento, at\u00e9 56 mm, com composi\u00e7\u00f5es de vidro de grandes espessuras y energeticamente eficientes, conferem a esta nova gama de fachadas umas excelentes presta\u00e7\u00f5es t\u00e9rmicas e ac\u00fasticas.<\/p><p style=\"font-weight: 300;\"><span style=\"font-weight: 300;\">Sua se\u00e7\u00e3o vista externa coincide com a interna, sendo de 52 mm.<\/span><\/p>\t\t\t\t\t\r\n\t\t\t\t\t\r\n\t\t\t\t<\/div>\r\n\t\t\t\t\t\t\t\t<div id=\"tab-2\" class=\"tf-tabcontent-inner inactive animated fadeIn\">\r\n\t\t\t\t\t<p style=\"font-weight: 300;\"><strong>Envidra\u00e7amento<\/strong><\/p><p style=\"font-weight: 300;\">M\u00e1ximo envidra\u00e7amento: 64 mm<\/p><p style=\"font-weight: 300;\">M\u00ednimo envidra\u00e7amento: 4 mm<\/p><p style=\"font-weight: 300;\"><br \/><strong>Possibilidades de abertura<\/strong><\/p><p style=\"font-weight: 300;\">Projectante horizontal oculta<\/p><p style=\"font-weight: 300;\">Projetor pr\u00e1tico oculto<\/p><p style=\"font-weight: 300;\">Oscilo-batente batente oculta<\/p><p style=\"font-weight: 300;\"><b><strong>\u00a0<\/strong><\/b><\/p><p style=\"font-weight: 300;\"><strong>Se\u00e7\u00f5es vista interior<\/strong><\/p><p style=\"font-weight: 300;\">Montante 52 mm \/ Travessa 52 mm<\/p><p style=\"font-weight: 300;\"><br \/><strong>Espessura perfilaria<\/strong><br \/>Montante 2,1 e 3,0 mm\u00a0\/\u00a0Travessa 2,1 mm<\/p><p style=\"font-weight: 300;\"><br \/><strong>Perfis de RPT<\/strong><\/p><p style=\"font-weight: 300;\">12-66 mm\u00a0\/ Perfis de RPT de 6, 12 e 30 mm empilh\u00e1veis<\/p><p style=\"font-weight: 300;\"><br \/><strong>Dimens\u00f5es m\u00e1ximas \/ m\u00ednimas em abertura<\/strong><br \/><strong>Abertura projetante horizontal oculta<\/strong><\/p><p style=\"font-weight: 300;\">Comprimento m\u00e1x. (C) = 2.500 mm<br \/>Altura m\u00e1x. (A) = 2.500 mm<\/p><p style=\"font-weight: 300;\">Largura m\u00ednima (C) = 500 mm<br \/>Altura m\u00ednima (A) = 650 mm<\/p><p style=\"font-weight: 300;\">\u00a0<\/p><p style=\"font-weight: 300;\"><strong>Abertura projetante paralela oculta<\/strong><\/p><p style=\"font-weight: 300;\">Comprimento m\u00e1x. (C) = 2.000 mm<br \/>Altura m\u00e1x. (A) = 3.000 mm<\/p><p style=\"font-weight: 300;\">Largura m\u00e1x. (L) = 530mm<br \/>Altura m\u00e1x. (H) = 530 mm<\/p><p style=\"font-weight: 300;\">\u00a0<\/p><p style=\"font-weight: 300;\"><strong>Abertura oscilo-batente \/ batente oculta<\/strong><\/p><p style=\"font-weight: 300;\">Comprimento m\u00e1x. (C) = 1.400 mm<br \/>Altura m\u00e1x. (A) = 1.900 mm<\/p><p style=\"font-weight: 300;\">Comprimento m\u00e1x. (C) = 500 mm<br \/>Altura m\u00e1x. (A) = 500 mm<\/p><p style=\"font-weight: 300;\"><br \/><strong>Peso m\u00e1ximo<\/strong><\/p><p style=\"font-weight: 300;\">Abertura projetante horizontal 180 Kg<\/p><p style=\"font-weight: 300;\">Abertura projetante paralela 200 Kg<\/p><p style=\"font-weight: 300;\">Abertura oscilo-batente oculta 100 Kg<\/p><p style=\"font-weight: 300;\"><br \/><em>Consulte o peso e as dimens\u00f5es m\u00e1ximas <\/em><em>para o resto das tipologias.<br \/><br \/><\/em><strong>Capas<\/strong><\/p><p style=\"font-weight: 300;\"><em>Capa el\u00edptica de 85 mm de profundidade<\/em><\/p><p style=\"font-weight: 300;\"><em>Capa em H de 34 mm de profundidade<\/em><\/p><p style=\"font-weight: 300;\"><em>Capas retangulares de 14, 19, 100 e 145 mm de profundidade<\/em><\/p><p style=\"font-weight: 300;\"><em>Capa piramidal de 155 mm de profundidade<\/em><\/p><p style=\"font-weight: 300;\"><br \/><strong>Acabamentos<em>\u00a0<\/em><\/strong><\/p><p style=\"font-weight: 300;\"><em>Lacagem colorida (RAL, salpicado e \u00e1spero)<\/em><\/p><p style=\"font-weight: 300;\"><em>Lacagem imita\u00e7\u00e3o madeira<\/em><\/p><p style=\"font-weight: 300;\"><em>Lacagem antibacteriana<\/em><\/p><p style=\"font-weight: 300;\"><em>Anodizado<\/em><\/p>\t\t\t\t\t\r\n\t\t\t\t\t\r\n\t\t\t\t<\/div>\r\n\t\t\t\t\t\t\t\t<div id=\"tab-3\" class=\"tf-tabcontent-inner inactive animated fadeIn\">\r\n\t\t\t\t\t<p style=\"font-weight: 300;\"><strong>Coeficiente de transmiss\u00e3o t\u00e9rmica<\/strong><br \/>Ucw desde 0,6 (W\/m\u00b2K)<\/p><p style=\"font-weight: 300;\"><em>Consultar dimens\u00e3o e vidro<\/em><br \/><br \/><strong>Certifica\u00e7\u00e3o brit\u00e2nica CWCT<\/strong><br \/><br \/><strong>Permeabilidade ao ar<\/strong><br \/>(UNE-EN 12152) CLASE AE<\/p><p style=\"font-weight: 300;\"><br \/><strong>Estanquidade \u00e0 \u00e1gua<\/strong><br \/>(UNE-EN 12154) CLASE RE1350<\/p><p style=\"font-weight: 300;\"><strong>Resist\u00eancia ao vento<\/strong><br \/>(UNE-EN 13116) APTO<\/p><p style=\"font-weight: 300;\"><em>(Carga de desenho 2000 Pa - carga de seguridade 3000 Pa)<\/em><\/p><p style=\"font-weight: 300;\"><em><br \/>Ensaio de refer\u00eancia 3,00 x 3,50 m.<\/em><\/p>\t\t\t\t\t\r\n\t\t\t\t\t\r\n\t\t\t\t<\/div>\r\n\t\t\t\t\t\t\t<\/div>\r\n\t\t<\/div>\r\n\t\t\r\n\t\t\t\t\t\t<\/div>\n\t\t\t\t<\/div>\n\t\t\t\t\t<\/div>\n\t\t\t\t<\/div>\n\t\t\t\t<\/div>","protected":false},"excerpt":{"rendered":"<h5><span style=\"vertical-align: inherit;\"><span style=\"vertical-align: inherit;\">Descri\u00e7\u00e3o<\/span><\/span><\/h5>\n<article class=\"text-token-text-primary w-full\" dir=\"auto\" data-testid=\"conversation-turn-6\" data-scroll-anchor=\"true\">\n<div class=\"text-base my-auto mx-auto py-5 [--thread-content-margin:--spacing(4)] @[37rem]:[--thread-content-margin:--spacing(6)] @[72rem]:[--thread-content-margin:--spacing(16)] px-(--thread-content-margin)\">\n<div class=\"[--thread-content-max-width:32rem] @[34rem]:[--thread-content-max-width:40rem] @[64rem]:[--thread-content-max-width:48rem] mx-auto flex max-w-(--thread-content-max-width) flex-1 text-base gap-4 md:gap-5 lg:gap-6 group\/turn-messages focus-visible:outline-hidden\" tabindex=\"-1\">\n<div class=\"group\/conversation-turn relative flex w-full min-w-0 flex-col agent-turn\">\n<div class=\"relative flex-col gap-1 md:gap-3\">\n<div class=\"flex min-h-[46px] justify-start\">\n<div class=\"touch:-me-2 touch:-ms-3.5 -ms-2.5 -me-1 flex flex-wrap items-center gap-y-4 p-1 select-none touch:w-[calc(100%+--spacing(3.5))] -mt-1 w-[calc(100%+--spacing(2.5))] duration-[1.5s] focus-within:transition-none hover:transition-none pointer-events-none [mask-image:linear-gradient(to_right,black_33%,transparent_66%)] [mask-size:300%_100%] [mask-position:100%_0%] motion-safe:transition-[mask-position] group-hover\/turn-messages:pointer-events-auto group-hover\/turn-messages:[mask-position:0_0] group-focus-within\/turn-messages:pointer-events-auto group-focus-within\/turn-messages:[mask-position:0_0] has-data-[state=open]:pointer-events-auto has-data-[state=open]:[mask-position:0_0]\">\n<p data-start=\"0\" data-end=\"185\">Nova gera\u00e7\u00e3o de fachadas com montantes (16\u2013250 mm) e travessas (22,5\u2013255,5 mm) vers\u00e1teis, adaptando-se a diversas solu\u00e7\u00f5es arquitet\u00f4nicas, incluindo fachadas verticais, inclinadas, em esquinas ou poligonais. Fixa\u00e7\u00e3o do vidro com perfil pressor aparafusado e tapeta exterior. Elevado isolamento t\u00e9rmico (ruptura de ponte t\u00e9rmica), grande capacidade de envidra\u00e7amento (at\u00e9 56 mm) e excelente desempenho t\u00e9rmico e ac\u00fastico. Sec\u00e7\u00e3o vista de 52 mm (interior e exterior).<\/p>\n<p data-start=\"0\" data-end=\"185\"><img decoding=\"async\" class=\"alignnone size-full wp-image-5635\" src=\"https:\/\/www.bramial.pt\/wp-content\/uploads\/2025\/07\/Icon-feather-download-1.png\" alt=\"\" width=\"23\" height=\"23\" \/> <a  data-e-disable-page-transition=\"true\" class=\"download-link\" title=\"\" href=\"https:\/\/www.bramial.com\/fr\/download\/5663\/?tmstv=1776527903\" rel=\"nofollow\" id=\"download-link-5663\" data-redirect=\"false\" ><br \/>\n\tFICHA T\u00c9CNICA Fachada TP 52<\/a>\n<\/p>\n<p data-start=\"0\" data-end=\"185\">\n<\/div>\n<\/div>\n<\/div>\n<\/div>\n<\/div>\n<\/div>\n<\/article>","protected":false},"featured_media":4816,"comment_status":"open","ping_status":"closed","template":"","meta":[],"product_brand":[],"product_cat":[56],"product_tag":[],"class_list":{"0":"post-4815","1":"product","2":"type-product","3":"status-publish","4":"has-post-thumbnail","6":"product_cat-fachadas","8":"first","9":"instock","10":"downloadable","11":"virtual","12":"product-type-simple"},"_links":{"self":[{"href":"https:\/\/www.bramial.com\/fr\/wp-json\/wp\/v2\/product\/4815","targetHints":{"allow":["GET"]}}],"collection":[{"href":"https:\/\/www.bramial.com\/fr\/wp-json\/wp\/v2\/product"}],"about":[{"href":"https:\/\/www.bramial.com\/fr\/wp-json\/wp\/v2\/types\/product"}],"replies":[{"embeddable":true,"href":"https:\/\/www.bramial.com\/fr\/wp-json\/wp\/v2\/comments?post=4815"}],"version-history":[{"count":7,"href":"https:\/\/www.bramial.com\/fr\/wp-json\/wp\/v2\/product\/4815\/revisions"}],"predecessor-version":[{"id":6482,"href":"https:\/\/www.bramial.com\/fr\/wp-json\/wp\/v2\/product\/4815\/revisions\/6482"}],"wp:featuredmedia":[{"embeddable":true,"href":"https:\/\/www.bramial.com\/fr\/wp-json\/wp\/v2\/media\/4816"}],"wp:attachment":[{"href":"https:\/\/www.bramial.com\/fr\/wp-json\/wp\/v2\/media?parent=4815"}],"wp:term":[{"taxonomy":"product_brand","embeddable":true,"href":"https:\/\/www.bramial.com\/fr\/wp-json\/wp\/v2\/product_brand?post=4815"},{"taxonomy":"product_cat","embeddable":true,"href":"https:\/\/www.bramial.com\/fr\/wp-json\/wp\/v2\/product_cat?post=4815"},{"taxonomy":"product_tag","embeddable":true,"href":"https:\/\/www.bramial.com\/fr\/wp-json\/wp\/v2\/product_tag?post=4815"}],"curies":[{"name":"wp","href":"https:\/\/api.w.org\/{rel}","templated":true}]}}