{"id":4798,"date":"2025-07-08T16:15:06","date_gmt":"2025-07-08T16:15:06","guid":{"rendered":"https:\/\/www.bramial.pt\/?post_type=product&#038;p=4798"},"modified":"2025-07-18T11:21:36","modified_gmt":"2025-07-18T11:21:36","slug":"unidade-de-fachada-modular-66","status":"publish","type":"product","link":"https:\/\/www.bramial.com\/fr\/product\/unidade-de-fachada-modular-66\/","title":{"rendered":"Unidade &#8211; de &#8211; Fachada &#8211; Modular &#8211; 66"},"content":{"rendered":"<div data-elementor-type=\"wp-post\" data-elementor-id=\"4798\" class=\"elementor elementor-4798\">\n\t\t\t\t<div class=\"elementor-element elementor-element-87fce01 e-flex e-con-boxed e-con e-parent\" data-id=\"87fce01\" data-element_type=\"container\">\n\t\t\t\t\t<div class=\"e-con-inner\">\n\t\t\t\t<div class=\"elementor-element elementor-element-81d804a elementor-widget elementor-widget-tftabs\" data-id=\"81d804a\" data-element_type=\"widget\" data-widget_type=\"tftabs.default\">\n\t\t\t\t<div class=\"elementor-widget-container\">\n\t\t\t\t\t\t\t<div id=\"tf-tabs-81d804a\" class=\"tf-tabs horizontal tabs-horizontal icon-position-left show-triger-no nav-justify\" data-tabid=\"81d804a\">\r\n\t\t\t<div class=\"tf-tabnav\">\r\n\t\t\t\t<ul>\r\n\t\t\t\t\t\t\t\t\t\t<li class=\"tablinks inactive elementor-animation-\" data-tab=\"tab-1\">\t\r\n\t\t\t\t\t\t\t\t\t\t\t\t\r\n\t\t\t\t\t\t\t\t\t\t\t\t\t<span class=\"tab-title-text\">Descri\u00e7\u00e3o<\/span>\r\n\t\t\t\t\t\t\t\t\t\t\t<\/li>\r\n\t\t\t\t\t\t\t\t\t\t<li class=\"tablinks inactive elementor-animation-\" data-tab=\"tab-2\">\t\r\n\t\t\t\t\t\t\t\t\t\t\t\t\r\n\t\t\t\t\t\t\t\t\t\t\t\t\t<span class=\"tab-title-text\">Dados t\u00e9cnicos<\/span>\r\n\t\t\t\t\t\t\t\t\t\t\t<\/li>\r\n\t\t\t\t\t\t\t\t\t\t<li class=\"tablinks inactive elementor-animation-\" data-tab=\"tab-3\">\t\r\n\t\t\t\t\t\t\t\t\t\t\t\t\r\n\t\t\t\t\t\t\t\t\t\t\t\t\t<span class=\"tab-title-text\">Acabamentos<\/span>\r\n\t\t\t\t\t\t\t\t\t\t\t<\/li>\r\n\t\t\t\t\t\t\t\t\t<\/ul>\r\n\t\t\t<\/div>\r\n\t\t\t<div class=\"tf-tabcontent\">\r\n\t\t\t\t\t\t\t\t<div id=\"tab-1\" class=\"tf-tabcontent-inner inactive animated fadeIn\">\r\n\t\t\t\t\t<p><strong><span>Sistema de fachada<\/span><\/strong><span>\u00a0com ruptura de ponte t\u00e9rmica, indicado para\u00a0<\/span><strong><span>projetos de edif\u00edcios de grande altura.<\/span><\/strong><span>\u00a0Esta sol\u00e7\u00e3o\u00a0<\/span><strong><span>combina excelente desempenho com uma ampla gama de desenhos sob medida<\/span><\/strong><span>\u00a0, oferecendo uma grande versatilidade est\u00e9tica com\u00a0<\/span><strong><span>op\u00e7\u00f5es de \u201csomente vidro\u201d ou \u201cperfil vis\u00edvel\u201d<\/span><\/strong><span>\u00a0e uma se\u00e7\u00e3o vista de 66 mm. Apresenta amarra\u00e7\u00f5es com regulagem tridimensional que facilitam sua instala\u00e7\u00e3o.<\/span><\/p>\t\t\t\t\t\r\n\t\t\t\t\t\r\n\t\t\t\t<\/div>\r\n\t\t\t\t\t\t\t\t<div id=\"tab-2\" class=\"tf-tabcontent-inner inactive animated fadeIn\">\r\n\t\t\t\t\t<p><strong>Envidra\u00e7amento<\/strong><br \/>58 mm<\/p><p><strong>Possibilidades de abertura<\/strong><br \/><br \/><strong>Abertura exterior<\/strong><br \/>Projectante horizontal oculta<br \/>Projectante paralela oculta<\/p><p><strong><span>Se\u00e7\u00e3o vista<\/span><\/strong><br \/><span>66 mm ou 76 mm<\/span><\/p><p><strong>Ruptura de ponte t\u00e9rmica<\/strong><br \/>25 mm - 40 mm<\/p><p><strong>Separa\u00e7\u00e3o entre m\u00f3dulos<\/strong><br \/>10 ou 20 mm<\/p><p><strong>Dimens\u00f5es m\u00e1ximas m\u00f3dulo<\/strong><br \/>Ancho (L) 1500 mm<br \/>Alto (H) 3700 mm<\/p><p><strong><span>Peso m\u00e1ximo<\/span><\/strong><br \/><span>350 kg<\/span><\/p><p><small>Consultar peso e dimens\u00f5es m\u00e1ximas segundo tipologia<\/small><\/p><p><strong>Acabamentos<\/strong><br \/>Lacagem a cores (RAL, salpicados e rugosos)<br \/>Lacagem imita\u00e7\u00e3o madeira<br \/>Lacagem antibacteriana<br \/>Lacado antibacteriano<br \/>Anodizado<\/p>\t\t\t\t\t\r\n\t\t\t\t\t\r\n\t\t\t\t<\/div>\r\n\t\t\t\t\t\t\t\t<div id=\"tab-3\" class=\"tf-tabcontent-inner inactive animated fadeIn\">\r\n\t\t\t\t\t<p><strong><span>Transmiss\u00e3o<\/span><\/strong><br \/><span>Ucw \u2265 0,6 (W\/m\u00a0<\/span><sup><span>2<\/span><\/sup><span>\u00a0K)<\/span><\/p><p><strong><span>Permeabilidade ao ar<\/span><\/strong><br \/><span>(EN 12207) Classe AE<\/span><\/p><p><strong>Estanquidade \u00e0 \u00e1gua<\/strong><br \/>(EN 12208) Classe RE1200<\/p><p><strong>Resist\u00eancia ao vento*<\/strong><br \/>APTO<\/p><p><strong>Resist\u00eancia a impacto<\/strong><br \/>I5 \/ E5<\/p><p><small><span>*Carga de projeto 2000 Pa - Carga de seguran\u00e7a 3000 Pa<\/span><\/small><\/p>\t\t\t\t\t\r\n\t\t\t\t\t\r\n\t\t\t\t<\/div>\r\n\t\t\t\t\t\t\t<\/div>\r\n\t\t<\/div>\r\n\t\t\r\n\t\t\t\t\t\t<\/div>\n\t\t\t\t<\/div>\n\t\t\t\t\t<\/div>\n\t\t\t\t<\/div>\n\t\t\t\t<\/div>","protected":false},"excerpt":{"rendered":"<h5><span style=\"vertical-align: inherit;\"><span style=\"vertical-align: inherit;\">Descri\u00e7\u00e3o<\/span><\/span><\/h5>\n<p data-start=\"0\" data-end=\"185\">Ideal para edif\u00edcios altos, oferece alto desempenho e versatilidade est\u00e9tica com op\u00e7\u00f5es de \u201cs\u00f3 vidro\u201d ou \u201cperfil vis\u00edvel\u201d (se\u00e7\u00e3o de 66 mm). Possui amarra\u00e7\u00f5es com regula\u00e7\u00e3o tridimensional para f\u00e1cil instala\u00e7\u00e3o.<\/p>\n<p data-start=\"0\" data-end=\"185\"><img decoding=\"async\" class=\"alignnone size-full wp-image-5635\" src=\"https:\/\/www.bramial.pt\/wp-content\/uploads\/2025\/07\/Icon-feather-download-1.png\" alt=\"\" width=\"23\" height=\"23\" \/> <a  data-e-disable-page-transition=\"true\" class=\"download-link\" title=\"\" href=\"https:\/\/www.bramial.com\/fr\/download\/5655\/?tmstv=1776529115\" rel=\"nofollow\" id=\"download-link-5655\" data-redirect=\"false\" ><br \/>\n\tFICHA T\u00c9CNICA Fachada Mod. Unit 66<\/a>\n<\/p>\n<p data-start=\"0\" data-end=\"185\">","protected":false},"featured_media":4800,"comment_status":"open","ping_status":"closed","template":"","meta":[],"product_brand":[],"product_cat":[56],"product_tag":[],"class_list":{"0":"post-4798","1":"product","2":"type-product","3":"status-publish","4":"has-post-thumbnail","6":"product_cat-fachadas","8":"first","9":"instock","10":"downloadable","11":"virtual","12":"product-type-simple"},"_links":{"self":[{"href":"https:\/\/www.bramial.com\/fr\/wp-json\/wp\/v2\/product\/4798","targetHints":{"allow":["GET"]}}],"collection":[{"href":"https:\/\/www.bramial.com\/fr\/wp-json\/wp\/v2\/product"}],"about":[{"href":"https:\/\/www.bramial.com\/fr\/wp-json\/wp\/v2\/types\/product"}],"replies":[{"embeddable":true,"href":"https:\/\/www.bramial.com\/fr\/wp-json\/wp\/v2\/comments?post=4798"}],"version-history":[{"count":7,"href":"https:\/\/www.bramial.com\/fr\/wp-json\/wp\/v2\/product\/4798\/revisions"}],"predecessor-version":[{"id":6484,"href":"https:\/\/www.bramial.com\/fr\/wp-json\/wp\/v2\/product\/4798\/revisions\/6484"}],"wp:featuredmedia":[{"embeddable":true,"href":"https:\/\/www.bramial.com\/fr\/wp-json\/wp\/v2\/media\/4800"}],"wp:attachment":[{"href":"https:\/\/www.bramial.com\/fr\/wp-json\/wp\/v2\/media?parent=4798"}],"wp:term":[{"taxonomy":"product_brand","embeddable":true,"href":"https:\/\/www.bramial.com\/fr\/wp-json\/wp\/v2\/product_brand?post=4798"},{"taxonomy":"product_cat","embeddable":true,"href":"https:\/\/www.bramial.com\/fr\/wp-json\/wp\/v2\/product_cat?post=4798"},{"taxonomy":"product_tag","embeddable":true,"href":"https:\/\/www.bramial.com\/fr\/wp-json\/wp\/v2\/product_tag?post=4798"}],"curies":[{"name":"wp","href":"https:\/\/api.w.org\/{rel}","templated":true}]}}