{"id":4695,"date":"2025-07-08T14:19:04","date_gmt":"2025-07-08T14:19:04","guid":{"rendered":"https:\/\/www.bramial.pt\/?post_type=product&#038;p=4695"},"modified":"2025-07-18T15:08:49","modified_gmt":"2025-07-18T15:08:49","slug":"protecao-solar-laminas","status":"publish","type":"product","link":"https:\/\/www.bramial.com\/fr\/product\/protecao-solar-laminas\/","title":{"rendered":"Prote\u00e7\u00e3o &#8211; Solar &#8211; L\u00e2minas"},"content":{"rendered":"<div data-elementor-type=\"wp-post\" data-elementor-id=\"4695\" class=\"elementor elementor-4695\">\n\t\t\t\t<div class=\"elementor-element elementor-element-87fce01 e-flex e-con-boxed e-con e-parent\" data-id=\"87fce01\" data-element_type=\"container\">\n\t\t\t\t\t<div class=\"e-con-inner\">\n\t\t\t\t<div class=\"elementor-element elementor-element-81d804a elementor-widget elementor-widget-tftabs\" data-id=\"81d804a\" data-element_type=\"widget\" data-widget_type=\"tftabs.default\">\n\t\t\t\t<div class=\"elementor-widget-container\">\n\t\t\t\t\t\t\t<div id=\"tf-tabs-81d804a\" class=\"tf-tabs horizontal tabs-horizontal icon-position-left show-triger-no nav-justify\" data-tabid=\"81d804a\">\r\n\t\t\t<div class=\"tf-tabnav\">\r\n\t\t\t\t<ul>\r\n\t\t\t\t\t\t\t\t\t\t<li class=\"tablinks inactive elementor-animation-\" data-tab=\"tab-1\">\t\r\n\t\t\t\t\t\t\t\t\t\t\t\t\r\n\t\t\t\t\t\t\t\t\t\t\t\t\t<span class=\"tab-title-text\">Descri\u00e7\u00e3o<\/span>\r\n\t\t\t\t\t\t\t\t\t\t\t<\/li>\r\n\t\t\t\t\t\t\t\t\t\t<li class=\"tablinks inactive elementor-animation-\" data-tab=\"tab-2\">\t\r\n\t\t\t\t\t\t\t\t\t\t\t\t\r\n\t\t\t\t\t\t\t\t\t\t\t\t\t<span class=\"tab-title-text\">Dados t\u00e9cnicos<\/span>\r\n\t\t\t\t\t\t\t\t\t\t\t<\/li>\r\n\t\t\t\t\t\t\t\t\t\t<li class=\"tablinks inactive elementor-animation-\" data-tab=\"tab-3\">\t\r\n\t\t\t\t\t\t\t\t\t\t\t\t\r\n\t\t\t\t\t\t\t\t\t\t\t\t\t<span class=\"tab-title-text\">Acabamentos<\/span>\r\n\t\t\t\t\t\t\t\t\t\t\t<\/li>\r\n\t\t\t\t\t\t\t\t\t<\/ul>\r\n\t\t\t<\/div>\r\n\t\t\t<div class=\"tf-tabcontent\">\r\n\t\t\t\t\t\t\t\t<div id=\"tab-1\" class=\"tf-tabcontent-inner inactive animated fadeIn\">\r\n\t\t\t\t\t<p style=\"font-weight: 300;\">Sistema de prote\u00e7\u00e3o solar para fachadas. Dito sistema de l\u00e2minas, fabricadas em alum\u00ednio de extrus\u00e3o, permite a regula\u00e7\u00e3o da luz obtendo-se not\u00e1veis \u200b\u200bpoupan\u00e7as energ\u00e9ticas tanto no arrefecimento interior dos edif\u00edcios, devido \u00e0 cria\u00e7\u00e3o de zonas de sombra que reduzem a incid\u00eancia energ\u00e9tica \u00e0 qual estes s\u00e3o submetidos durante o ver\u00e3o, como no aquecimento durante o inverno.<\/p><p style=\"font-weight: 300;\">Para cobrir as mais variadas necessidades, existem l\u00e2minas de v\u00e1rias dimens\u00f5es que se adaptam a todos os tipos de projetos .<\/p><p style=\"font-weight: 300;\">Trata-se de um sistema com dois tipos de l\u00e2minas: fixas e m\u00f3veis. As primeiras apresentam possibilidades de regula\u00e7\u00e3o na inclina\u00e7\u00e3o com \u00e2ngulos de 0\u00ba, 15\u00ba, 30\u00ba ou 45\u00ba. As l\u00e2minas m\u00f3veis possuem a op\u00e7\u00e3o de motoriza\u00e7\u00e3o e opcionalmente \u00e9 poss\u00edvel ocultar o mecanismo de regula\u00e7\u00e3o, oferecendo uma est\u00e9tica de fachada limpa.<\/p><p style=\"font-weight: 300;\">As l\u00e2minas utilizadas possuem formato el\u00edptico e sua disposi\u00e7\u00e3o pode ser na vertical ou horizontal. Esta singular forma el\u00edptica n\u00e3o s\u00f3 permite potencializar os efeitos da radia\u00e7\u00e3o solar, minimizando o aquecimento do espa\u00e7o interior no ver\u00e3o e maximizando-o durante o inverno, como tamb\u00e9m funciona como elemento arquitet\u00f4nico decorativo. Este sistema \u00e9 especialmente adequado para superf\u00edcies de grandes dimens\u00f5es como fachadas ou muros cortina.<\/p>\t\t\t\t\t\r\n\t\t\t\t\t\r\n\t\t\t\t<\/div>\r\n\t\t\t\t\t\t\t\t<div id=\"tab-2\" class=\"tf-tabcontent-inner inactive animated fadeIn\">\r\n\t\t\t\t\t<p style=\"font-weight: 300;\"><strong>Tipos de l\u00e2minas:<\/strong><\/p><p style=\"font-weight: 300;\">Fixas: Regula\u00e7\u00e3o 0\u00b0, 15\u00b0, 30\u00b0 ou 45\u00b0<\/p><p style=\"font-weight: 300;\">Motorizado e manual<\/p><p>\u00a0<\/p><p style=\"font-weight: 300;\"><strong>Dimens\u00f5es m\u00e1ximas<\/strong><\/p><p style=\"font-weight: 300;\">Folha 120 mm \/ Fixas 1,8 m<\/p><p style=\"font-weight: 300;\">L\u00e2mina 145 mm \/ Fixas 2,2 m \/ M\u00f3viles: 1,9 m<\/p><p style=\"font-weight: 300;\">L\u00e2mina 190 mm \/ Fixas 2,5 m \/ M\u00f3viles: 2,4 m<\/p><p style=\"font-weight: 300;\">L\u00e2mina 250 mm \/ Fixas 3,0 m \/ M\u00f3viles: 3,0 m<\/p><p style=\"font-weight: 300;\">L\u00e2mina 300 mm \/ Fixas 3,5 m \/ M\u00f3viles: 3,4 m<\/p><p style=\"font-weight: 300;\">L\u00e2mina 400 mm \/ Fixas 4,2 m \/ M\u00f3viles: 4,0 m<\/p><p style=\"font-weight: 300;\"><br \/><em>Dependendo das especifica\u00e7\u00f5es do projeto, ser\u00e1 poss\u00edvel um<\/em><em>\u00a0maior cumprimento livre de l\u00e2mina (consultar).<\/em>\u00a0<\/p><p>\u00a0<\/p><p style=\"font-weight: 300;\"><strong>Espessura da perfilaria<\/strong><\/p><p style=\"font-weight: 300;\">L\u00e2mina 120 mm \/ Espessura 1,25 mm<\/p><p style=\"font-weight: 300;\">L\u00e2mina 145 mm \/ Espessura 1,35 mm<\/p><p style=\"font-weight: 300;\">L\u00e2mina 190 mm \/ Espessura 1,70 mm<\/p><p style=\"font-weight: 300;\">L\u00e2mina 250 mm \/ Espessura 1,90 mm<\/p><p style=\"font-weight: 300;\">L\u00e2mina 300 mm \/ Espessura 2,00 mm<\/p><p style=\"font-weight: 300;\">L\u00e2mina 400 mm \/ Espessura 2,50 mm<\/p><p style=\"font-weight: 300;\"><br \/><strong>Acabamentos<em>\u00a0<\/em><\/strong><\/p><p style=\"font-weight: 300;\"><em>Lacagem colorida (RAL, salpicado e \u00e1spero)<\/em><\/p><p style=\"font-weight: 300;\"><em>Lacagem imita\u00e7\u00e3o madeira<\/em><\/p><p style=\"font-weight: 300;\"><em>Lacagem antibacteriana<\/em><\/p><p style=\"font-weight: 300;\"><em>Anodizado<\/em><\/p>\t\t\t\t\t\r\n\t\t\t\t\t\r\n\t\t\t\t<\/div>\r\n\t\t\t\t\t\t\t\t<div id=\"tab-3\" class=\"tf-tabcontent-inner inactive animated fadeIn\">\r\n\t\t\t\t\t<p style=\"font-weight: 300;\">Resist\u00eancia \u00e0 carga de vento<\/p><p style=\"font-weight: 300;\"><strong>(EN 13659): Classe 6 (m\u00e1x.)<\/strong><\/p><p><span style=\"font-weight: 300;\"><em>Ensaio realizado segundo a norma UNE 1932<\/em><em><br \/><\/em><\/span><\/p><p style=\"font-weight: 300;\"><strong>Ensaio de refer\u00eancia:<\/strong><\/p><p style=\"font-weight: 300;\">L\u00e2mina 120 mm \/ Largura 1,8 m<\/p><p style=\"font-weight: 300;\">L\u00e2mina 145 mm \/ Largura 2,0 m<\/p><p style=\"font-weight: 300;\">L\u00e2mina 190 mm \/\u00a0Largura\u00a02,5 m<\/p><p style=\"font-weight: 300;\">L\u00e2mina 250 mm \/ Largura 3,0 m<\/p><p style=\"font-weight: 300;\">L\u00e2mina 300 mm \/ Largura 3,5 m<\/p><p style=\"font-weight: 300;\">L\u00e2mina 400 mm \/\u00a0Largura\u00a04,2 m<\/p>\t\t\t\t\t\r\n\t\t\t\t\t\r\n\t\t\t\t<\/div>\r\n\t\t\t\t\t\t\t<\/div>\r\n\t\t<\/div>\r\n\t\t\r\n\t\t\t\t\t\t<\/div>\n\t\t\t\t<\/div>\n\t\t\t\t\t<\/div>\n\t\t\t\t<\/div>\n\t\t\t\t<\/div>","protected":false},"excerpt":{"rendered":"<h5><span style=\"vertical-align: inherit;\"><span style=\"vertical-align: inherit;\">Descri\u00e7\u00e3o<\/span><\/span><\/h5>\n<div class=\"touch:-me-2 touch:-ms-3.5 -ms-2.5 -me-1 flex flex-wrap items-center gap-y-4 p-1 select-none touch:w-[calc(100%+--spacing(3.5))] -mt-1 w-[calc(100%+--spacing(2.5))] duration-[1.5s] focus-within:transition-none hover:transition-none pointer-events-none [mask-image:linear-gradient(to_right,black_33%,transparent_66%)] [mask-size:300%_100%] [mask-position:100%_0%] motion-safe:transition-[mask-position] group-hover\/turn-messages:pointer-events-auto group-hover\/turn-messages:[mask-position:0_0] group-focus-within\/turn-messages:pointer-events-auto group-focus-within\/turn-messages:[mask-position:0_0] has-data-[state=open]:pointer-events-auto has-data-[state=open]:[mask-position:0_0]\">Sistema de prote\u00e7\u00e3o solar com l\u00e2minas de alum\u00ednio, fixas ou m\u00f3veis, que regulam a luz e contribuem para a efici\u00eancia energ\u00e9tica. Dispon\u00edvel em diferentes dimens\u00f5es, com instala\u00e7\u00e3o vertical ou horizontal. As l\u00e2minas el\u00edpticas proporcionam sombreamento no ver\u00e3o e aproveitamento solar no inverno, al\u00e9m de valorizarem a est\u00e9tica da fachada. Ideal para grandes superf\u00edcies como fachadas e muros cortina.<\/div>\n<div><img decoding=\"async\" class=\"alignnone size-full wp-image-5635\" src=\"https:\/\/www.bramial.pt\/wp-content\/uploads\/2025\/07\/Icon-feather-download-1.png\" alt=\"\" width=\"23\" height=\"23\" \/> <a  data-e-disable-page-transition=\"true\" class=\"download-link\" title=\"\" href=\"https:\/\/www.bramial.com\/fr\/download\/5721\/?tmstv=1776540285\" rel=\"nofollow\" id=\"download-link-5721\" data-redirect=\"false\" ><br \/>\n\tFICHA T\u00c9CNICA Protec. Solar L\u00e2minas<\/a>\n<\/div>\n<div><\/div>","protected":false},"featured_media":4696,"comment_status":"open","ping_status":"closed","template":"","meta":[],"product_brand":[],"product_cat":[63],"product_tag":[],"class_list":{"0":"post-4695","1":"product","2":"type-product","3":"status-publish","4":"has-post-thumbnail","6":"product_cat-protecao-solar","8":"first","9":"instock","10":"downloadable","11":"virtual","12":"product-type-simple"},"_links":{"self":[{"href":"https:\/\/www.bramial.com\/fr\/wp-json\/wp\/v2\/product\/4695","targetHints":{"allow":["GET"]}}],"collection":[{"href":"https:\/\/www.bramial.com\/fr\/wp-json\/wp\/v2\/product"}],"about":[{"href":"https:\/\/www.bramial.com\/fr\/wp-json\/wp\/v2\/types\/product"}],"replies":[{"embeddable":true,"href":"https:\/\/www.bramial.com\/fr\/wp-json\/wp\/v2\/comments?post=4695"}],"version-history":[{"count":7,"href":"https:\/\/www.bramial.com\/fr\/wp-json\/wp\/v2\/product\/4695\/revisions"}],"predecessor-version":[{"id":6522,"href":"https:\/\/www.bramial.com\/fr\/wp-json\/wp\/v2\/product\/4695\/revisions\/6522"}],"wp:featuredmedia":[{"embeddable":true,"href":"https:\/\/www.bramial.com\/fr\/wp-json\/wp\/v2\/media\/4696"}],"wp:attachment":[{"href":"https:\/\/www.bramial.com\/fr\/wp-json\/wp\/v2\/media?parent=4695"}],"wp:term":[{"taxonomy":"product_brand","embeddable":true,"href":"https:\/\/www.bramial.com\/fr\/wp-json\/wp\/v2\/product_brand?post=4695"},{"taxonomy":"product_cat","embeddable":true,"href":"https:\/\/www.bramial.com\/fr\/wp-json\/wp\/v2\/product_cat?post=4695"},{"taxonomy":"product_tag","embeddable":true,"href":"https:\/\/www.bramial.com\/fr\/wp-json\/wp\/v2\/product_tag?post=4695"}],"curies":[{"name":"wp","href":"https:\/\/api.w.org\/{rel}","templated":true}]}}