{"id":4680,"date":"2025-07-08T14:08:11","date_gmt":"2025-07-08T14:08:11","guid":{"rendered":"https:\/\/www.bramial.pt\/?post_type=product&#038;p=4680"},"modified":"2025-07-18T11:23:46","modified_gmt":"2025-07-18T11:23:46","slug":"guardas-classic","status":"publish","type":"product","link":"https:\/\/www.bramial.com\/fr\/product\/guardas-classic\/","title":{"rendered":"Guardas &#8211; Classic"},"content":{"rendered":"<div data-elementor-type=\"wp-post\" data-elementor-id=\"4680\" class=\"elementor elementor-4680\">\n\t\t\t\t<div class=\"elementor-element elementor-element-87fce01 e-flex e-con-boxed e-con e-parent\" data-id=\"87fce01\" data-element_type=\"container\">\n\t\t\t\t\t<div class=\"e-con-inner\">\n\t\t\t\t<div class=\"elementor-element elementor-element-81d804a elementor-widget elementor-widget-tftabs\" data-id=\"81d804a\" data-element_type=\"widget\" data-widget_type=\"tftabs.default\">\n\t\t\t\t<div class=\"elementor-widget-container\">\n\t\t\t\t\t\t\t<div id=\"tf-tabs-81d804a\" class=\"tf-tabs horizontal tabs-horizontal icon-position-left show-triger-no nav-justify\" data-tabid=\"81d804a\">\r\n\t\t\t<div class=\"tf-tabnav\">\r\n\t\t\t\t<ul>\r\n\t\t\t\t\t\t\t\t\t\t<li class=\"tablinks inactive elementor-animation-\" data-tab=\"tab-1\">\t\r\n\t\t\t\t\t\t\t\t\t\t\t\t\r\n\t\t\t\t\t\t\t\t\t\t\t\t\t<span class=\"tab-title-text\">Descri\u00e7\u00e3o<\/span>\r\n\t\t\t\t\t\t\t\t\t\t\t<\/li>\r\n\t\t\t\t\t\t\t\t\t\t<li class=\"tablinks inactive elementor-animation-\" data-tab=\"tab-2\">\t\r\n\t\t\t\t\t\t\t\t\t\t\t\t\r\n\t\t\t\t\t\t\t\t\t\t\t\t\t<span class=\"tab-title-text\">Dados t\u00e9cnicos<\/span>\r\n\t\t\t\t\t\t\t\t\t\t\t<\/li>\r\n\t\t\t\t\t\t\t\t\t\t<li class=\"tablinks inactive elementor-animation-\" data-tab=\"tab-3\">\t\r\n\t\t\t\t\t\t\t\t\t\t\t\t\r\n\t\t\t\t\t\t\t\t\t\t\t\t\t<span class=\"tab-title-text\">Acabamentos<\/span>\r\n\t\t\t\t\t\t\t\t\t\t\t<\/li>\r\n\t\t\t\t\t\t\t\t\t<\/ul>\r\n\t\t\t<\/div>\r\n\t\t\t<div class=\"tf-tabcontent\">\r\n\t\t\t\t\t\t\t\t<div id=\"tab-1\" class=\"tf-tabcontent-inner inactive animated fadeIn\">\r\n\t\t\t\t\t<p><span>Sistema de guardas que permite contemplar todo tipo de solu\u00e7\u00e3o gra\u00e7as a uma extensa gama de acess\u00f3rios com os quais se complementa.<\/span><\/p><p>Possibilidade de amarra\u00e7\u00e3o \u00e0 laje ou ao canto da laje.<\/p>\t\t\t\t\t\r\n\t\t\t\t\t\r\n\t\t\t\t<\/div>\r\n\t\t\t\t\t\t\t\t<div id=\"tab-2\" class=\"tf-tabcontent-inner inactive animated fadeIn\">\r\n\t\t\t\t\t<p><strong>Possibilidades\u00a0<\/strong><\/p><p>Guarda de vidro<\/p><p>Guarda de vidro com borde superior livre<\/p><p>Guarda de pequeno var\u00e3o total<\/p><p>Guarda de pequeno var\u00e3o com borde superior livre<\/p><p><br \/><strong>Possibilidades corrim\u00e3o<\/strong><\/p><p>Quadrado - 60 mm. de largura<\/p><p>Circular - 66 mm de di\u00e2metro<\/p><p><span>El\u00edptico - per\u00edmetro externo de 80 mm<\/span><\/p><p><br \/><strong>Dimens\u00e3o m\u00e1xima entre pilastras<\/strong><\/p><p><span>1.000 mil\u00edmetros<\/span><\/p><p><br \/><strong>Altura m\u00ednima<\/strong><\/p><p><span>900 mil\u00edmetros<\/span><\/p><div><br \/><div><strong>Acabamentos<\/strong><\/div><div><p>Lacagem \/ Anodizado<\/p><\/div><\/div>\t\t\t\t\t\r\n\t\t\t\t\t\r\n\t\t\t\t<\/div>\r\n\t\t\t\t\t\t\t\t<div id=\"tab-3\" class=\"tf-tabcontent-inner inactive animated fadeIn\">\r\n\t\t\t\t\t<div><div>Ensaios segundo normas EN 85.237-1991,<\/div><div><span>EN 85.238-1991 e EN 85.240-1990<\/span><\/div><p>1 - Ensaio est\u00e1tico horizontal para o exterior<\/p><p>2 - Ensaio est\u00e1tico horizontal para o interior<\/p><p>3 - Ensaio est\u00e1tico vertical<\/p><p>4 - Ensaio din\u00e2mico com corpo brando<\/p><p>5 - Ensaio din\u00e2mico com corpo duro<\/p><p>6 - Ensaio de seguran\u00e7a<\/p><\/div><div><br \/><div><span>(EN 85.240:1990): Classe A - EXCELENTE<\/span><\/div><div><br \/><div><div><span>Ensaio de refer\u00eancia guarda vidro em toda a altura de 1.100 mm.(H) x 2.450 mm.(L) e 3 pilares.<\/span><br \/><br \/><\/div><div><span>Ensaio de refer\u00eancia guarda barra pequena com borda superior livre de 1.100 mm.(H) x 2.000 mm.(L) e 3 pilares.<\/span><\/div><\/div><\/div><\/div>\t\t\t\t\t\r\n\t\t\t\t\t\r\n\t\t\t\t<\/div>\r\n\t\t\t\t\t\t\t<\/div>\r\n\t\t<\/div>\r\n\t\t\r\n\t\t\t\t\t\t<\/div>\n\t\t\t\t<\/div>\n\t\t\t\t\t<\/div>\n\t\t\t\t<\/div>\n\t\t\t\t<\/div>","protected":false},"excerpt":{"rendered":"<h5><span style=\"vertical-align: inherit;\"><span style=\"vertical-align: inherit;\">Descri\u00e7\u00e3o<\/span><\/span><\/h5>\n<div class=\"touch:-me-2 touch:-ms-3.5 -ms-2.5 -me-1 flex flex-wrap items-center gap-y-4 p-1 select-none touch:w-[calc(100%+--spacing(3.5))] -mt-1 w-[calc(100%+--spacing(2.5))] duration-[1.5s] focus-within:transition-none hover:transition-none pointer-events-none [mask-image:linear-gradient(to_right,black_33%,transparent_66%)] [mask-size:300%_100%] [mask-position:100%_0%] motion-safe:transition-[mask-position] group-hover\/turn-messages:pointer-events-auto group-hover\/turn-messages:[mask-position:0_0] group-focus-within\/turn-messages:pointer-events-auto group-focus-within\/turn-messages:[mask-position:0_0] has-data-[state=open]:pointer-events-auto has-data-[state=open]:[mask-position:0_0]\">Sistema de guardas vers\u00e1til, com ampla gama de acess\u00f3rios e fixa\u00e7\u00e3o \u00e0 laje ou ao canto da laje.<\/div>\n<div><img decoding=\"async\" class=\"alignnone size-full wp-image-5635\" src=\"https:\/\/www.bramial.pt\/wp-content\/uploads\/2025\/07\/Icon-feather-download-1.png\" alt=\"\" width=\"23\" height=\"23\" \/> <a  data-e-disable-page-transition=\"true\" class=\"download-link\" title=\"\" href=\"https:\/\/www.bramial.com\/fr\/download\/5752\/?tmstv=1776527883\" rel=\"nofollow\" id=\"download-link-5752\" data-redirect=\"false\" ><br \/>\n\tFICHA T\u00c9CNICA Guardas Classic<\/a>\n<\/div>\n<div><\/div>","protected":false},"featured_media":4682,"comment_status":"open","ping_status":"closed","template":"","meta":[],"product_brand":[],"product_cat":[57],"product_tag":[],"class_list":{"0":"post-4680","1":"product","2":"type-product","3":"status-publish","4":"has-post-thumbnail","6":"product_cat-guardas","8":"first","9":"instock","10":"downloadable","11":"virtual","12":"product-type-simple"},"_links":{"self":[{"href":"https:\/\/www.bramial.com\/fr\/wp-json\/wp\/v2\/product\/4680","targetHints":{"allow":["GET"]}}],"collection":[{"href":"https:\/\/www.bramial.com\/fr\/wp-json\/wp\/v2\/product"}],"about":[{"href":"https:\/\/www.bramial.com\/fr\/wp-json\/wp\/v2\/types\/product"}],"replies":[{"embeddable":true,"href":"https:\/\/www.bramial.com\/fr\/wp-json\/wp\/v2\/comments?post=4680"}],"version-history":[{"count":7,"href":"https:\/\/www.bramial.com\/fr\/wp-json\/wp\/v2\/product\/4680\/revisions"}],"predecessor-version":[{"id":6487,"href":"https:\/\/www.bramial.com\/fr\/wp-json\/wp\/v2\/product\/4680\/revisions\/6487"}],"wp:featuredmedia":[{"embeddable":true,"href":"https:\/\/www.bramial.com\/fr\/wp-json\/wp\/v2\/media\/4682"}],"wp:attachment":[{"href":"https:\/\/www.bramial.com\/fr\/wp-json\/wp\/v2\/media?parent=4680"}],"wp:term":[{"taxonomy":"product_brand","embeddable":true,"href":"https:\/\/www.bramial.com\/fr\/wp-json\/wp\/v2\/product_brand?post=4680"},{"taxonomy":"product_cat","embeddable":true,"href":"https:\/\/www.bramial.com\/fr\/wp-json\/wp\/v2\/product_cat?post=4680"},{"taxonomy":"product_tag","embeddable":true,"href":"https:\/\/www.bramial.com\/fr\/wp-json\/wp\/v2\/product_tag?post=4680"}],"curies":[{"name":"wp","href":"https:\/\/api.w.org\/{rel}","templated":true}]}}