{"id":4670,"date":"2025-07-08T13:59:13","date_gmt":"2025-07-08T13:59:13","guid":{"rendered":"https:\/\/www.bramial.pt\/?post_type=product&#038;p=4670"},"modified":"2025-07-18T11:24:35","modified_gmt":"2025-07-18T11:24:35","slug":"guarda-view-crystal","status":"publish","type":"product","link":"https:\/\/www.bramial.com\/fr\/product\/guarda-view-crystal\/","title":{"rendered":"Guarda &#8211; View &#8211; Crystal"},"content":{"rendered":"<div data-elementor-type=\"wp-post\" data-elementor-id=\"4670\" class=\"elementor elementor-4670\">\n\t\t\t\t<div class=\"elementor-element elementor-element-87fce01 e-flex e-con-boxed e-con e-parent\" data-id=\"87fce01\" data-element_type=\"container\">\n\t\t\t\t\t<div class=\"e-con-inner\">\n\t\t\t\t<div class=\"elementor-element elementor-element-81d804a elementor-widget elementor-widget-tftabs\" data-id=\"81d804a\" data-element_type=\"widget\" data-widget_type=\"tftabs.default\">\n\t\t\t\t<div class=\"elementor-widget-container\">\n\t\t\t\t\t\t\t<div id=\"tf-tabs-81d804a\" class=\"tf-tabs horizontal tabs-horizontal icon-position-left show-triger-no nav-justify\" data-tabid=\"81d804a\">\r\n\t\t\t<div class=\"tf-tabnav\">\r\n\t\t\t\t<ul>\r\n\t\t\t\t\t\t\t\t\t\t<li class=\"tablinks inactive elementor-animation-\" data-tab=\"tab-1\">\t\r\n\t\t\t\t\t\t\t\t\t\t\t\t\r\n\t\t\t\t\t\t\t\t\t\t\t\t\t<span class=\"tab-title-text\">Descri\u00e7\u00e3o<\/span>\r\n\t\t\t\t\t\t\t\t\t\t\t<\/li>\r\n\t\t\t\t\t\t\t\t\t\t<li class=\"tablinks inactive elementor-animation-\" data-tab=\"tab-2\">\t\r\n\t\t\t\t\t\t\t\t\t\t\t\t\r\n\t\t\t\t\t\t\t\t\t\t\t\t\t<span class=\"tab-title-text\">Dados t\u00e9cnicos<\/span>\r\n\t\t\t\t\t\t\t\t\t\t\t<\/li>\r\n\t\t\t\t\t\t\t\t\t\t<li class=\"tablinks inactive elementor-animation-\" data-tab=\"tab-3\">\t\r\n\t\t\t\t\t\t\t\t\t\t\t\t\r\n\t\t\t\t\t\t\t\t\t\t\t\t\t<span class=\"tab-title-text\">Acabamentos<\/span>\r\n\t\t\t\t\t\t\t\t\t\t\t<\/li>\r\n\t\t\t\t\t\t\t\t\t<\/ul>\r\n\t\t\t<\/div>\r\n\t\t\t<div class=\"tf-tabcontent\">\r\n\t\t\t\t\t\t\t\t<div id=\"tab-1\" class=\"tf-tabcontent-inner inactive animated fadeIn\">\r\n\t\t\t\t\t<p>Sistema de guarda-corpos minimalista que combina a est\u00e9tica mais vanguardista com as m\u00e1ximas exig\u00eancias de seguran\u00e7a.<\/p><p>Trata-se de um sistema em \u201cU\u201d desenhado para alojar vidro laminado temperado de seguran\u00e7a e que pode ser instalado tanto sobre a laje como na testa da laje.<\/p><p><strong>Existe em duas vers\u00f5es<\/strong>:<\/p><ul><li><span>View Crystal que resiste a uma carga de 1,0 kN\/m aplicada a 1,1 metros de altura, tornando-a apta para aplica\u00e7\u00e3o nas zonas A, B, C1, C2, C3, C4 e E do Eurocode 1.<\/span><\/li><li>View Crystal Plus, sistema refor\u00e7ado capaz de suportar carga de 3,0 kN\/m. Esse sistema, con maior resist\u00eancia, \u00e9 apto para aplica\u00e7\u00e3o nas zonas A, B, C, D e E do Eurocode.<\/li><\/ul>\t\t\t\t\t\r\n\t\t\t\t\t\r\n\t\t\t\t<\/div>\r\n\t\t\t\t\t\t\t\t<div id=\"tab-2\" class=\"tf-tabcontent-inner inactive animated fadeIn\">\r\n\t\t\t\t\t<p><strong>Possibilidades<\/strong><\/p><p>Montagem sobre laje<\/p><p>Montagem sobre laje embebida<\/p><p><strong>Montagem na testa da laje<\/strong>:<\/p><p>- Ao n\u00edvel da laje<\/p><p>- Ao n\u00edvel do pavimento<\/p><p><strong>Altura m\u00e1xima<\/strong><\/p><p>1100 mil\u00edmetros<\/p><div><div><strong>Acabamentos<\/strong><\/div><p>Lacagem \/ Anodizado<\/p><\/div><p><strong>Possibilidade de envidra\u00e7amento<\/strong><\/p><p>Este sistema de guarda-corpos permite 12 possibilidades de envidra\u00e7amento: duplo vidro de 10,<\/p><p>8 ou 6 mm, unidos por at\u00e9 quatro butirais de polivinilo de 0,38 mm.<\/p><p>Recomenda-se o uso de vidro temperado..<\/p><p><strong>TIPO<\/strong><\/p><p><strong>LAMINADO<\/strong><\/p><p><strong>COMPOSI\u00c7\u00d5ES<\/strong><\/p><p>10- 1,52 -10<br \/>10- 1,14 -10<br \/>10- 0,76 -10<br \/>10- 0,38 -10<\/p><p>8- 1,52 -8<br \/>8- 1,14 -8<br \/>8- 0,76 -8<br \/>8- 0,38 -8<\/p><p>6- 1,52 -6<br \/>6- 1,14 -6<br \/>6- 0,76 -6<br \/>6- 0,38 -6<\/p>\t\t\t\t\t\r\n\t\t\t\t\t\r\n\t\t\t\t<\/div>\r\n\t\t\t\t\t\t\t\t<div id=\"tab-3\" class=\"tf-tabcontent-inner inactive animated fadeIn\">\r\n\t\t\t\t\t<p>Ensaios segundo as normas UNE 85237,<\/p><p><span>UNE 85238 e UNE 85240 e requisitos<\/span><\/p><p><span>estabelecido no Euroc\u00f3digo 1 segundo para<\/span><\/p><p><span>EN 1991-1-1 \/AC.<\/span><\/p><p>\u00a0<\/p><div>1 - Ensaio est\u00e1tico horizontal do interior para o exterior.<\/div><div>2 - Ensaio est\u00e1tico horizontal do exterior para o interior.<\/div><div>3 - Ensaio din\u00e2mico com corpo mole.<\/div><div>4 - Ensaio din\u00e2mico com corpo duro.<\/div><div>5 \u2013 Verifica\u00e7\u00e3o das especifica\u00e7\u00f5es do Euroc\u00f3digo 1 segundo a<\/div><div>tabela 6.12 para as classes de uso de 1kN\/m.<\/div><div>CLASSIFICA\u00c7\u00c3O SEGUNDO A UNE 85240:<\/div><div>Classe A-EXCELENTE<\/div><p><br \/><span>Ensaio de refer\u00eancia para guarda-corpos de alum\u00ednio extrudado e vidro, aplicado na testa da laje, de dimens\u00f5es totais a partir do n\u00edvel do piso de 1100 mm (H) x 1500 mm (L).<\/span><br \/><br \/><span>Ensaio de refer\u00eancia para guarda-corpos de alum\u00ednio extrudado e vidro, aplicado sobre a laje, de dimens\u00f5es totais a partir do n\u00edvel do piso de 1100 mm (H) x 1500 mm (L).<\/span><\/p>\t\t\t\t\t\r\n\t\t\t\t\t\r\n\t\t\t\t<\/div>\r\n\t\t\t\t\t\t\t<\/div>\r\n\t\t<\/div>\r\n\t\t\r\n\t\t\t\t\t\t<\/div>\n\t\t\t\t<\/div>\n\t\t\t\t\t<\/div>\n\t\t\t\t<\/div>\n\t\t\t\t<\/div>","protected":false},"excerpt":{"rendered":"<h5><span style=\"vertical-align: inherit;\"><span style=\"vertical-align: inherit;\">Descri\u00e7\u00e3o<\/span><\/span><\/h5>\n<p data-start=\"0\" data-end=\"144\">Sistema de guarda-corpos minimalista em \u201cU\u201d para vidro laminado temperado, com instala\u00e7\u00e3o sobre ou na testa da laje. Dispon\u00edvel em duas vers\u00f5es:<\/p>\n<p><strong data-start=\"148\" data-end=\"164\">View Crystal<\/strong>: resist\u00eancia de 1,0 kN\/m, para zonas A, B, C1-C4 e E (Eurocode 1).<\/p>\n<p><strong data-start=\"236\" data-end=\"257\">View Crystal Plus<\/strong>: refor\u00e7ado, suporta 3,0 kN\/m, para zonas A, B, C, D e E.<\/p>\n<p><img decoding=\"async\" class=\"alignnone size-full wp-image-5635\" src=\"https:\/\/www.bramial.pt\/wp-content\/uploads\/2025\/07\/Icon-feather-download-1.png\" alt=\"\" width=\"23\" height=\"23\" \/> <a  data-e-disable-page-transition=\"true\" class=\"download-link\" title=\"\" href=\"https:\/\/www.bramial.com\/fr\/download\/5747\/?tmstv=1776542518\" rel=\"nofollow\" id=\"download-link-5747\" data-redirect=\"false\" ><br \/>\n\tFICHA T\u00c9CNICA Guarda View Crystal<\/a><\/p>\n<p>&nbsp;<\/p>","protected":false},"featured_media":4673,"comment_status":"open","ping_status":"closed","template":"","meta":[],"product_brand":[],"product_cat":[57],"product_tag":[],"class_list":{"0":"post-4670","1":"product","2":"type-product","3":"status-publish","4":"has-post-thumbnail","6":"product_cat-guardas","8":"first","9":"instock","10":"downloadable","11":"virtual","12":"product-type-simple"},"_links":{"self":[{"href":"https:\/\/www.bramial.com\/fr\/wp-json\/wp\/v2\/product\/4670","targetHints":{"allow":["GET"]}}],"collection":[{"href":"https:\/\/www.bramial.com\/fr\/wp-json\/wp\/v2\/product"}],"about":[{"href":"https:\/\/www.bramial.com\/fr\/wp-json\/wp\/v2\/types\/product"}],"replies":[{"embeddable":true,"href":"https:\/\/www.bramial.com\/fr\/wp-json\/wp\/v2\/comments?post=4670"}],"version-history":[{"count":8,"href":"https:\/\/www.bramial.com\/fr\/wp-json\/wp\/v2\/product\/4670\/revisions"}],"predecessor-version":[{"id":6488,"href":"https:\/\/www.bramial.com\/fr\/wp-json\/wp\/v2\/product\/4670\/revisions\/6488"}],"wp:featuredmedia":[{"embeddable":true,"href":"https:\/\/www.bramial.com\/fr\/wp-json\/wp\/v2\/media\/4673"}],"wp:attachment":[{"href":"https:\/\/www.bramial.com\/fr\/wp-json\/wp\/v2\/media?parent=4670"}],"wp:term":[{"taxonomy":"product_brand","embeddable":true,"href":"https:\/\/www.bramial.com\/fr\/wp-json\/wp\/v2\/product_brand?post=4670"},{"taxonomy":"product_cat","embeddable":true,"href":"https:\/\/www.bramial.com\/fr\/wp-json\/wp\/v2\/product_cat?post=4670"},{"taxonomy":"product_tag","embeddable":true,"href":"https:\/\/www.bramial.com\/fr\/wp-json\/wp\/v2\/product_tag?post=4670"}],"curies":[{"name":"wp","href":"https:\/\/api.w.org\/{rel}","templated":true}]}}