{"id":4650,"date":"2025-07-08T13:44:55","date_gmt":"2025-07-08T13:44:55","guid":{"rendered":"https:\/\/www.bramial.pt\/?post_type=product&#038;p=4650"},"modified":"2025-07-16T14:33:50","modified_gmt":"2025-07-16T14:33:50","slug":"ferragem-maniobra-logica","status":"publish","type":"product","link":"https:\/\/www.bramial.com\/fr\/product\/ferragem-maniobra-logica\/","title":{"rendered":"Ferragem &#8211; Maniobra &#8211; L\u00f3gica"},"content":{"rendered":"<div data-elementor-type=\"wp-post\" data-elementor-id=\"4650\" class=\"elementor elementor-4650\">\n\t\t\t\t<div class=\"elementor-element elementor-element-87fce01 e-flex e-con-boxed e-con e-parent\" data-id=\"87fce01\" data-element_type=\"container\">\n\t\t\t\t\t<div class=\"e-con-inner\">\n\t\t\t\t<div class=\"elementor-element elementor-element-81d804a elementor-widget elementor-widget-tftabs\" data-id=\"81d804a\" data-element_type=\"widget\" data-widget_type=\"tftabs.default\">\n\t\t\t\t<div class=\"elementor-widget-container\">\n\t\t\t\t\t\t\t<div id=\"tf-tabs-81d804a\" class=\"tf-tabs horizontal tabs-horizontal icon-position-left show-triger-no nav-justify\" data-tabid=\"81d804a\">\r\n\t\t\t<div class=\"tf-tabnav\">\r\n\t\t\t\t<ul>\r\n\t\t\t\t\t\t\t\t\t\t<li class=\"tablinks inactive elementor-animation-\" data-tab=\"tab-1\">\t\r\n\t\t\t\t\t\t\t\t\t\t\t\t\r\n\t\t\t\t\t\t\t\t\t\t\t\t\t<span class=\"tab-title-text\">Descri\u00e7\u00e3o<\/span>\r\n\t\t\t\t\t\t\t\t\t\t\t<\/li>\r\n\t\t\t\t\t\t\t\t\t\t<li class=\"tablinks inactive elementor-animation-\" data-tab=\"tab-2\">\t\r\n\t\t\t\t\t\t\t\t\t\t\t\t\r\n\t\t\t\t\t\t\t\t\t\t\t\t\t<span class=\"tab-title-text\">Dados t\u00e9cnicos<\/span>\r\n\t\t\t\t\t\t\t\t\t\t\t<\/li>\r\n\t\t\t\t\t\t\t\t\t\t<li class=\"tablinks inactive elementor-animation-\" data-tab=\"tab-3\">\t\r\n\t\t\t\t\t\t\t\t\t\t\t\t\r\n\t\t\t\t\t\t\t\t\t\t\t\t\t<span class=\"tab-title-text\">Acabamentos<\/span>\r\n\t\t\t\t\t\t\t\t\t\t\t<\/li>\r\n\t\t\t\t\t\t\t\t\t<\/ul>\r\n\t\t\t<\/div>\r\n\t\t\t<div class=\"tf-tabcontent\">\r\n\t\t\t\t\t\t\t\t<div id=\"tab-1\" class=\"tf-tabcontent-inner inactive animated fadeIn\">\r\n\t\t\t\t\t<p>Ma\u00e7aneta 90\u00ba Abertura oscilobatente<\/p><p>Ma\u00e7aneta 180\u00ba Abertura pratic\u00e1vel<\/p><p>Compatibilidade cremona com chave<\/p><p>Possibilidade de bloqueio de posi\u00e7\u00e3o<\/p>\t\t\t\t\t\r\n\t\t\t\t\t\r\n\t\t\t\t<\/div>\r\n\t\t\t\t\t\t\t\t<div id=\"tab-2\" class=\"tf-tabcontent-inner inactive animated fadeIn\">\r\n\t\t\t\t\t<p><strong>Peso m\u00e1ximo\/folha<\/strong><br \/>120 Kg<\/p><p><small>\u00a0Para configura\u00e7\u00f5es de janelas grandes e pesos, consulte o Departamento T\u00e9cnico da Cortizo.<\/small><\/p>\t\t\t\t\t\r\n\t\t\t\t\t\r\n\t\t\t\t<\/div>\r\n\t\t\t\t\t\t\t\t<div id=\"tab-3\" class=\"tf-tabcontent-inner inactive animated fadeIn\">\r\n\t\t\t\t\t<p>Sem informa\u00e7\u00e3o\u00a0<\/p>\t\t\t\t\t\r\n\t\t\t\t\t\r\n\t\t\t\t<\/div>\r\n\t\t\t\t\t\t\t<\/div>\r\n\t\t<\/div>\r\n\t\t\r\n\t\t\t\t\t\t<\/div>\n\t\t\t\t<\/div>\n\t\t\t\t\t<\/div>\n\t\t\t\t<\/div>\n\t\t\t\t<\/div>","protected":false},"excerpt":{"rendered":"<h5><span style=\"vertical-align: inherit;\"><span style=\"vertical-align: inherit;\">Descri\u00e7\u00e3o<\/span><\/span><\/h5>\n<article class=\"text-token-text-primary w-full\" dir=\"auto\" data-testid=\"conversation-turn-6\" data-scroll-anchor=\"true\">\n<div class=\"text-base my-auto mx-auto py-5 [--thread-content-margin:--spacing(4)] @[37rem]:[--thread-content-margin:--spacing(6)] @[72rem]:[--thread-content-margin:--spacing(16)] px-(--thread-content-margin)\">\n<div class=\"[--thread-content-max-width:32rem] @[34rem]:[--thread-content-max-width:40rem] @[64rem]:[--thread-content-max-width:48rem] mx-auto flex max-w-(--thread-content-max-width) flex-1 text-base gap-4 md:gap-5 lg:gap-6 group\/turn-messages focus-visible:outline-hidden\" tabindex=\"-1\">\n<div class=\"group\/conversation-turn relative flex w-full min-w-0 flex-col agent-turn\">\n<div class=\"relative flex-col gap-1 md:gap-3\">\n<div class=\"flex min-h-[46px] justify-start\">\n<div class=\"touch:-me-2 touch:-ms-3.5 -ms-2.5 -me-1 flex flex-wrap items-center gap-y-4 p-1 select-none touch:w-[calc(100%+--spacing(3.5))] -mt-1 w-[calc(100%+--spacing(2.5))] duration-[1.5s] focus-within:transition-none hover:transition-none pointer-events-none [mask-image:linear-gradient(to_right,black_33%,transparent_66%)] [mask-size:300%_100%] [mask-position:100%_0%] motion-safe:transition-[mask-position] group-hover\/turn-messages:pointer-events-auto group-hover\/turn-messages:[mask-position:0_0] group-focus-within\/turn-messages:pointer-events-auto group-focus-within\/turn-messages:[mask-position:0_0] has-data-[state=open]:pointer-events-auto has-data-[state=open]:[mask-position:0_0]\">Ma\u00e7aneta 90\u00ba oscilobatente, 180\u00ba pratic\u00e1vel, compat\u00edvel com cremona com chave e bloqueio de posi\u00e7\u00e3o.<\/div>\n<\/div>\n<\/div>\n<\/div>\n<\/div>\n<\/div>\n<\/article>\n<p>&nbsp;<\/p>","protected":false},"featured_media":4654,"comment_status":"open","ping_status":"closed","template":"","meta":[],"product_brand":[],"product_cat":[53],"product_tag":[],"class_list":{"0":"post-4650","1":"product","2":"type-product","3":"status-publish","4":"has-post-thumbnail","6":"product_cat-acessorios","8":"first","9":"instock","10":"downloadable","11":"virtual","12":"product-type-simple"},"_links":{"self":[{"href":"https:\/\/www.bramial.com\/fr\/wp-json\/wp\/v2\/product\/4650","targetHints":{"allow":["GET"]}}],"collection":[{"href":"https:\/\/www.bramial.com\/fr\/wp-json\/wp\/v2\/product"}],"about":[{"href":"https:\/\/www.bramial.com\/fr\/wp-json\/wp\/v2\/types\/product"}],"replies":[{"embeddable":true,"href":"https:\/\/www.bramial.com\/fr\/wp-json\/wp\/v2\/comments?post=4650"}],"version-history":[{"count":5,"href":"https:\/\/www.bramial.com\/fr\/wp-json\/wp\/v2\/product\/4650\/revisions"}],"predecessor-version":[{"id":6157,"href":"https:\/\/www.bramial.com\/fr\/wp-json\/wp\/v2\/product\/4650\/revisions\/6157"}],"wp:featuredmedia":[{"embeddable":true,"href":"https:\/\/www.bramial.com\/fr\/wp-json\/wp\/v2\/media\/4654"}],"wp:attachment":[{"href":"https:\/\/www.bramial.com\/fr\/wp-json\/wp\/v2\/media?parent=4650"}],"wp:term":[{"taxonomy":"product_brand","embeddable":true,"href":"https:\/\/www.bramial.com\/fr\/wp-json\/wp\/v2\/product_brand?post=4650"},{"taxonomy":"product_cat","embeddable":true,"href":"https:\/\/www.bramial.com\/fr\/wp-json\/wp\/v2\/product_cat?post=4650"},{"taxonomy":"product_tag","embeddable":true,"href":"https:\/\/www.bramial.com\/fr\/wp-json\/wp\/v2\/product_tag?post=4650"}],"curies":[{"name":"wp","href":"https:\/\/api.w.org\/{rel}","templated":true}]}}