{"id":4626,"date":"2025-07-08T13:34:14","date_gmt":"2025-07-08T13:34:14","guid":{"rendered":"https:\/\/www.bramial.pt\/?post_type=product&#038;p=4626"},"modified":"2025-07-18T11:07:21","modified_gmt":"2025-07-18T11:07:21","slug":"ferragem-evo-soft","status":"publish","type":"product","link":"https:\/\/www.bramial.com\/fr\/product\/ferragem-evo-soft\/","title":{"rendered":"Ferragem &#8211; Evo &#8211; Soft"},"content":{"rendered":"<div data-elementor-type=\"wp-post\" data-elementor-id=\"4626\" class=\"elementor elementor-4626\">\n\t\t\t\t<div class=\"elementor-element elementor-element-87fce01 e-flex e-con-boxed e-con e-parent\" data-id=\"87fce01\" data-element_type=\"container\">\n\t\t\t\t\t<div class=\"e-con-inner\">\n\t\t\t\t<div class=\"elementor-element elementor-element-81d804a elementor-widget elementor-widget-tftabs\" data-id=\"81d804a\" data-element_type=\"widget\" data-widget_type=\"tftabs.default\">\n\t\t\t\t<div class=\"elementor-widget-container\">\n\t\t\t\t\t\t\t<div id=\"tf-tabs-81d804a\" class=\"tf-tabs horizontal tabs-horizontal icon-position-left show-triger-no nav-justify\" data-tabid=\"81d804a\">\r\n\t\t\t<div class=\"tf-tabnav\">\r\n\t\t\t\t<ul>\r\n\t\t\t\t\t\t\t\t\t\t<li class=\"tablinks inactive elementor-animation-\" data-tab=\"tab-1\">\t\r\n\t\t\t\t\t\t\t\t\t\t\t\t\r\n\t\t\t\t\t\t\t\t\t\t\t\t\t<span class=\"tab-title-text\">Descri\u00e7\u00e3o<\/span>\r\n\t\t\t\t\t\t\t\t\t\t\t<\/li>\r\n\t\t\t\t\t\t\t\t\t\t<li class=\"tablinks inactive elementor-animation-\" data-tab=\"tab-2\">\t\r\n\t\t\t\t\t\t\t\t\t\t\t\t\r\n\t\t\t\t\t\t\t\t\t\t\t\t\t<span class=\"tab-title-text\">Dados t\u00e9cnicos<\/span>\r\n\t\t\t\t\t\t\t\t\t\t\t<\/li>\r\n\t\t\t\t\t\t\t\t\t\t<li class=\"tablinks inactive elementor-animation-\" data-tab=\"tab-3\">\t\r\n\t\t\t\t\t\t\t\t\t\t\t\t\r\n\t\t\t\t\t\t\t\t\t\t\t\t\t<span class=\"tab-title-text\">Acabamentos<\/span>\r\n\t\t\t\t\t\t\t\t\t\t\t<\/li>\r\n\t\t\t\t\t\t\t\t\t<\/ul>\r\n\t\t\t<\/div>\r\n\t\t\t<div class=\"tf-tabcontent\">\r\n\t\t\t\t\t\t\t\t<div id=\"tab-1\" class=\"tf-tabcontent-inner inactive animated fadeIn\">\r\n\t\t\t\t\t<p>Regula\u00e7\u00e3o 3D<\/p><p>Todos os pontos de fecho encasquilhados e regul\u00e1veis<\/p><p>Esfor\u00e7o de fecho menor, at\u00e9 50%, do que com a ferragem tradicional<\/p><p>Possibilidade de v\u00e1rios pontos de fecho<\/p><p>Todos os elementos deslizantes incorporam um clip para eliminar folgas<\/p>\t\t\t\t\t\r\n\t\t\t\t\t\r\n\t\t\t\t<\/div>\r\n\t\t\t\t\t\t\t\t<div id=\"tab-2\" class=\"tf-tabcontent-inner inactive animated fadeIn\">\r\n\t\t\t\t\t<p><strong>Peso m\u00e1ximo \/ folha<\/strong><br \/>120 Kg<\/p><p><small><span>*Para configura\u00e7\u00f5es de janela de grandes dimens\u00f5es e pesos consulte o Departamento de Arquitetura e Engenharia de Cortizo.<\/span><\/small><\/p>\t\t\t\t\t\r\n\t\t\t\t\t\r\n\t\t\t\t<\/div>\r\n\t\t\t\t\t\t\t\t<div id=\"tab-3\" class=\"tf-tabcontent-inner inactive animated fadeIn\">\r\n\t\t\t\t\t<p>Sem informa\u00e7\u00e3o\u00a0<\/p>\t\t\t\t\t\r\n\t\t\t\t\t\r\n\t\t\t\t<\/div>\r\n\t\t\t\t\t\t\t<\/div>\r\n\t\t<\/div>\r\n\t\t\r\n\t\t\t\t\t\t<\/div>\n\t\t\t\t<\/div>\n\t\t\t\t\t<\/div>\n\t\t\t\t<\/div>\n\t\t\t\t<\/div>","protected":false},"excerpt":{"rendered":"<h5><span style=\"vertical-align: inherit;\"><span style=\"vertical-align: inherit;\">Descri\u00e7\u00e3o<\/span><\/span><\/h5>\n<p>Regula\u00e7\u00e3o 3D, fechos regul\u00e1veis com menor esfor\u00e7o e clip anti-folgas nos deslizantes.<\/p>\n<p>&nbsp;<\/p>","protected":false},"featured_media":4627,"comment_status":"open","ping_status":"closed","template":"","meta":[],"product_brand":[],"product_cat":[53],"product_tag":[],"class_list":{"0":"post-4626","1":"product","2":"type-product","3":"status-publish","4":"has-post-thumbnail","6":"product_cat-acessorios","8":"first","9":"instock","10":"downloadable","11":"virtual","12":"product-type-simple"},"_links":{"self":[{"href":"https:\/\/www.bramial.com\/fr\/wp-json\/wp\/v2\/product\/4626","targetHints":{"allow":["GET"]}}],"collection":[{"href":"https:\/\/www.bramial.com\/fr\/wp-json\/wp\/v2\/product"}],"about":[{"href":"https:\/\/www.bramial.com\/fr\/wp-json\/wp\/v2\/types\/product"}],"replies":[{"embeddable":true,"href":"https:\/\/www.bramial.com\/fr\/wp-json\/wp\/v2\/comments?post=4626"}],"version-history":[{"count":6,"href":"https:\/\/www.bramial.com\/fr\/wp-json\/wp\/v2\/product\/4626\/revisions"}],"predecessor-version":[{"id":6459,"href":"https:\/\/www.bramial.com\/fr\/wp-json\/wp\/v2\/product\/4626\/revisions\/6459"}],"wp:featuredmedia":[{"embeddable":true,"href":"https:\/\/www.bramial.com\/fr\/wp-json\/wp\/v2\/media\/4627"}],"wp:attachment":[{"href":"https:\/\/www.bramial.com\/fr\/wp-json\/wp\/v2\/media?parent=4626"}],"wp:term":[{"taxonomy":"product_brand","embeddable":true,"href":"https:\/\/www.bramial.com\/fr\/wp-json\/wp\/v2\/product_brand?post=4626"},{"taxonomy":"product_cat","embeddable":true,"href":"https:\/\/www.bramial.com\/fr\/wp-json\/wp\/v2\/product_cat?post=4626"},{"taxonomy":"product_tag","embeddable":true,"href":"https:\/\/www.bramial.com\/fr\/wp-json\/wp\/v2\/product_tag?post=4626"}],"curies":[{"name":"wp","href":"https:\/\/api.w.org\/{rel}","templated":true}]}}