{"id":4565,"date":"2025-07-08T11:30:26","date_gmt":"2025-07-08T11:30:26","guid":{"rendered":"https:\/\/www.bramial.pt\/?post_type=product&#038;p=4565"},"modified":"2025-07-18T11:11:46","modified_gmt":"2025-07-18T11:11:46","slug":"cremona-elevavel","status":"publish","type":"product","link":"https:\/\/www.bramial.com\/fr\/product\/cremona-elevavel\/","title":{"rendered":"Cremona &#8211; Elev\u00e1vel"},"content":{"rendered":"<div data-elementor-type=\"wp-post\" data-elementor-id=\"4565\" class=\"elementor elementor-4565\">\n\t\t\t\t<div class=\"elementor-element elementor-element-87fce01 e-flex e-con-boxed e-con e-parent\" data-id=\"87fce01\" data-element_type=\"container\">\n\t\t\t\t\t<div class=\"e-con-inner\">\n\t\t\t\t<div class=\"elementor-element elementor-element-81d804a elementor-widget elementor-widget-tftabs\" data-id=\"81d804a\" data-element_type=\"widget\" data-widget_type=\"tftabs.default\">\n\t\t\t\t<div class=\"elementor-widget-container\">\n\t\t\t\t\t\t\t<div id=\"tf-tabs-81d804a\" class=\"tf-tabs horizontal tabs-horizontal icon-position-left show-triger-no nav-justify\" data-tabid=\"81d804a\">\r\n\t\t\t<div class=\"tf-tabnav\">\r\n\t\t\t\t<ul>\r\n\t\t\t\t\t\t\t\t\t\t<li class=\"tablinks inactive elementor-animation-\" data-tab=\"tab-1\">\t\r\n\t\t\t\t\t\t\t\t\t\t\t\t\r\n\t\t\t\t\t\t\t\t\t\t\t\t\t<span class=\"tab-title-text\">Descri\u00e7\u00e3o<\/span>\r\n\t\t\t\t\t\t\t\t\t\t\t<\/li>\r\n\t\t\t\t\t\t\t\t\t\t<li class=\"tablinks inactive elementor-animation-\" data-tab=\"tab-2\">\t\r\n\t\t\t\t\t\t\t\t\t\t\t\t\r\n\t\t\t\t\t\t\t\t\t\t\t\t\t<span class=\"tab-title-text\">Dados t\u00e9cnicos<\/span>\r\n\t\t\t\t\t\t\t\t\t\t\t<\/li>\r\n\t\t\t\t\t\t\t\t\t\t<li class=\"tablinks inactive elementor-animation-\" data-tab=\"tab-3\">\t\r\n\t\t\t\t\t\t\t\t\t\t\t\t\r\n\t\t\t\t\t\t\t\t\t\t\t\t\t<span class=\"tab-title-text\">Acabamentos<\/span>\r\n\t\t\t\t\t\t\t\t\t\t\t<\/li>\r\n\t\t\t\t\t\t\t\t\t<\/ul>\r\n\t\t\t<\/div>\r\n\t\t\t<div class=\"tf-tabcontent\">\r\n\t\t\t\t\t\t\t\t<div id=\"tab-1\" class=\"tf-tabcontent-inner inactive animated fadeIn\">\r\n\t\t\t\t\t<p>Est\u00e9tica vanguardista<\/p><p>Exclusiva para sistemas 4600 e 4500 de correr elev\u00e1vel<\/p><p>Vers\u00f5es com e sem chave<\/p><p><strong>Combina\u00e7\u00f5es m\u00faltiplas:<\/strong><br \/>Manete\/Manete<br \/>Manete\/ Concha<\/p><p>Testado 25.000 ciclos<\/p>\t\t\t\t\t\r\n\t\t\t\t\t\r\n\t\t\t\t<\/div>\r\n\t\t\t\t\t\t\t\t<div id=\"tab-2\" class=\"tf-tabcontent-inner inactive animated fadeIn\">\r\n\t\t\t\t\t<p><strong><span>Quadra<\/span><\/strong><br \/><span>10 mm<\/span><\/p><p><strong><span>Dimens\u00f5es<\/span><\/strong><br \/><span>37 mm (L) x 290 mm (H)<\/span><\/p><p><strong>Compatibilidade<\/strong><\/p><p>4500 de Correr elev\u00e1vel<\/p><p>4600 de Correr elev\u00e1vel HI<\/p>\t\t\t\t\t\r\n\t\t\t\t\t\r\n\t\t\t\t<\/div>\r\n\t\t\t\t\t\t\t\t<div id=\"tab-3\" class=\"tf-tabcontent-inner inactive animated fadeIn\">\r\n\t\t\t\t\t<p>Preto<\/p><p>Branco<\/p><p><span>Cor<\/span><\/p><p>A\u00e7o inoxid\u00e1vel lacado<\/p><p>Prata clara<\/p><p>Prata escura<\/p>\t\t\t\t\t\r\n\t\t\t\t\t\r\n\t\t\t\t<\/div>\r\n\t\t\t\t\t\t\t<\/div>\r\n\t\t<\/div>\r\n\t\t\r\n\t\t\t\t\t\t<\/div>\n\t\t\t\t<\/div>\n\t\t\t\t\t<\/div>\n\t\t\t\t<\/div>\n\t\t\t\t<\/div>","protected":false},"excerpt":{"rendered":"<h5><span style=\"vertical-align: inherit;\"><span style=\"vertical-align: inherit;\">Descri\u00e7\u00e3o<\/span><\/span><\/h5>\n<p>Est\u00e9tica vanguardista<\/p>\n<p>Exclusiva para sistemas 4600 e 4500 de correr elev\u00e1vel<\/p>\n<p>Vers\u00f5es com e sem chave<\/p>\n<p><strong>Combina\u00e7\u00f5es m\u00faltiplas:<\/strong><br \/>\nManete\/Manete<br \/>\nManete\/ Concha<\/p>\n<p>&nbsp;<\/p>","protected":false},"featured_media":4567,"comment_status":"open","ping_status":"closed","template":"","meta":[],"product_brand":[],"product_cat":[53],"product_tag":[],"class_list":{"0":"post-4565","1":"product","2":"type-product","3":"status-publish","4":"has-post-thumbnail","6":"product_cat-acessorios","8":"first","9":"instock","10":"downloadable","11":"virtual","12":"product-type-simple"},"_links":{"self":[{"href":"https:\/\/www.bramial.com\/fr\/wp-json\/wp\/v2\/product\/4565","targetHints":{"allow":["GET"]}}],"collection":[{"href":"https:\/\/www.bramial.com\/fr\/wp-json\/wp\/v2\/product"}],"about":[{"href":"https:\/\/www.bramial.com\/fr\/wp-json\/wp\/v2\/types\/product"}],"replies":[{"embeddable":true,"href":"https:\/\/www.bramial.com\/fr\/wp-json\/wp\/v2\/comments?post=4565"}],"version-history":[{"count":5,"href":"https:\/\/www.bramial.com\/fr\/wp-json\/wp\/v2\/product\/4565\/revisions"}],"predecessor-version":[{"id":6467,"href":"https:\/\/www.bramial.com\/fr\/wp-json\/wp\/v2\/product\/4565\/revisions\/6467"}],"wp:featuredmedia":[{"embeddable":true,"href":"https:\/\/www.bramial.com\/fr\/wp-json\/wp\/v2\/media\/4567"}],"wp:attachment":[{"href":"https:\/\/www.bramial.com\/fr\/wp-json\/wp\/v2\/media?parent=4565"}],"wp:term":[{"taxonomy":"product_brand","embeddable":true,"href":"https:\/\/www.bramial.com\/fr\/wp-json\/wp\/v2\/product_brand?post=4565"},{"taxonomy":"product_cat","embeddable":true,"href":"https:\/\/www.bramial.com\/fr\/wp-json\/wp\/v2\/product_cat?post=4565"},{"taxonomy":"product_tag","embeddable":true,"href":"https:\/\/www.bramial.com\/fr\/wp-json\/wp\/v2\/product_tag?post=4565"}],"curies":[{"name":"wp","href":"https:\/\/api.w.org\/{rel}","templated":true}]}}