{"id":4481,"date":"2025-07-08T10:33:49","date_gmt":"2025-07-08T10:33:49","guid":{"rendered":"https:\/\/www.bramial.pt\/?post_type=product&#038;p=4481"},"modified":"2025-07-18T10:54:30","modified_gmt":"2025-07-18T10:54:30","slug":"arch-invisible","status":"publish","type":"product","link":"https:\/\/www.bramial.com\/fr\/product\/arch-invisible\/","title":{"rendered":"Arch &#8211; Invisible"},"content":{"rendered":"<div data-elementor-type=\"wp-post\" data-elementor-id=\"4481\" class=\"elementor elementor-4481\">\n\t\t\t\t<div class=\"elementor-element elementor-element-87fce01 e-flex e-con-boxed e-con e-parent\" data-id=\"87fce01\" data-element_type=\"container\">\n\t\t\t\t\t<div class=\"e-con-inner\">\n\t\t\t\t<div class=\"elementor-element elementor-element-81d804a elementor-widget elementor-widget-tftabs\" data-id=\"81d804a\" data-element_type=\"widget\" data-widget_type=\"tftabs.default\">\n\t\t\t\t<div class=\"elementor-widget-container\">\n\t\t\t\t\t\t\t<div id=\"tf-tabs-81d804a\" class=\"tf-tabs horizontal tabs-horizontal icon-position-left show-triger-no nav-justify\" data-tabid=\"81d804a\">\r\n\t\t\t<div class=\"tf-tabnav\">\r\n\t\t\t\t<ul>\r\n\t\t\t\t\t\t\t\t\t\t<li class=\"tablinks inactive elementor-animation-\" data-tab=\"tab-1\">\t\r\n\t\t\t\t\t\t\t\t\t\t\t\t\r\n\t\t\t\t\t\t\t\t\t\t\t\t\t<span class=\"tab-title-text\">Descri\u00e7\u00e3o<\/span>\r\n\t\t\t\t\t\t\t\t\t\t\t<\/li>\r\n\t\t\t\t\t\t\t\t\t\t<li class=\"tablinks inactive elementor-animation-\" data-tab=\"tab-2\">\t\r\n\t\t\t\t\t\t\t\t\t\t\t\t\r\n\t\t\t\t\t\t\t\t\t\t\t\t\t<span class=\"tab-title-text\">Dados t\u00e9cnicos<\/span>\r\n\t\t\t\t\t\t\t\t\t\t\t<\/li>\r\n\t\t\t\t\t\t\t\t\t<\/ul>\r\n\t\t\t<\/div>\r\n\t\t\t<div class=\"tf-tabcontent\">\r\n\t\t\t\t\t\t\t\t<div id=\"tab-1\" class=\"tf-tabcontent-inner inactive animated fadeIn\">\r\n\t\t\t\t\t<p>Ma\u00e7aneta exclusiva integrada na folha, impercept\u00edvel na vista frontal.<\/p><p>Possibilidade de dobradi\u00e7as ocultas que refor\u00e7am a pureza est\u00e9tica do conjunto.<\/p><p>Ergonomia, robustez e facilidade de uso nas manobras de abertura e fecho; reduzindo o n\u00famero de pe\u00e7as necess\u00e1rias em compara\u00e7\u00e3o com as ma\u00e7anetas tradicionais.<\/p><p>Est\u00e9tica totalmente limpa que simula um elemento fixo, quando na verdade se trata de um sistema com abertura de batente ou oscilo-batente.<\/p>\t\t\t\t\t\r\n\t\t\t\t\t\r\n\t\t\t\t<\/div>\r\n\t\t\t\t\t\t\t\t<div id=\"tab-2\" class=\"tf-tabcontent-inner inactive animated fadeIn\">\r\n\t\t\t\t\t<p>Solu\u00e7\u00e3o para os seus sistemas de folha oculta<br \/>COR 70 HO, COR 80 HO e A84 HO PVC<\/p><p><strong>Dimens\u00f5es<\/strong><br \/>27,5 (L) mm x 234 (A) mm<\/p>\t\t\t\t\t\r\n\t\t\t\t\t\r\n\t\t\t\t<\/div>\r\n\t\t\t\t\t\t\t<\/div>\r\n\t\t<\/div>\r\n\t\t\r\n\t\t\t\t\t\t<\/div>\n\t\t\t\t<\/div>\n\t\t\t\t\t<\/div>\n\t\t\t\t<\/div>\n\t\t\t\t<\/div>","protected":false},"excerpt":{"rendered":"<h5><span style=\"vertical-align: inherit;\"><span style=\"vertical-align: inherit;\">Descri\u00e7\u00e3o<\/span><\/span><\/h5>\n<p data-start=\"13\" data-end=\"72\">Design funcional e discreto que alia est\u00e9tica e desempenho:<\/p>\n<p data-start=\"13\" data-end=\"72\"><!--StartFragment --><\/p>\n<p><span class=\"cf0\">Ma\u00e7aneta integrada e invis\u00edvel na vista frontal.<\/span><\/p>\n<p><span class=\"cf0\">Dobradi\u00e7as ocultas para um visual limpo.<\/span><\/p>\n<p><span class=\"cf0\">Ergonomia e robustez com menos componentes.<\/span><\/p>\n<p><span class=\"cf0\">Apar\u00eancia de fixo com sistema de abertura batente ou <\/span><span class=\"cf0\">oscilo-batente<\/span><span class=\"cf0\">.<\/span><\/p>\n<p>&nbsp;<\/p>\n<p data-start=\"13\" data-end=\"72\"><!--EndFragment --><\/p>","protected":false},"featured_media":4482,"comment_status":"open","ping_status":"closed","template":"","meta":[],"product_brand":[],"product_cat":[53],"product_tag":[],"class_list":{"0":"post-4481","1":"product","2":"type-product","3":"status-publish","4":"has-post-thumbnail","6":"product_cat-acessorios","8":"first","9":"instock","10":"downloadable","11":"virtual","12":"product-type-simple"},"_links":{"self":[{"href":"https:\/\/www.bramial.com\/fr\/wp-json\/wp\/v2\/product\/4481","targetHints":{"allow":["GET"]}}],"collection":[{"href":"https:\/\/www.bramial.com\/fr\/wp-json\/wp\/v2\/product"}],"about":[{"href":"https:\/\/www.bramial.com\/fr\/wp-json\/wp\/v2\/types\/product"}],"replies":[{"embeddable":true,"href":"https:\/\/www.bramial.com\/fr\/wp-json\/wp\/v2\/comments?post=4481"}],"version-history":[{"count":11,"href":"https:\/\/www.bramial.com\/fr\/wp-json\/wp\/v2\/product\/4481\/revisions"}],"predecessor-version":[{"id":6454,"href":"https:\/\/www.bramial.com\/fr\/wp-json\/wp\/v2\/product\/4481\/revisions\/6454"}],"wp:featuredmedia":[{"embeddable":true,"href":"https:\/\/www.bramial.com\/fr\/wp-json\/wp\/v2\/media\/4482"}],"wp:attachment":[{"href":"https:\/\/www.bramial.com\/fr\/wp-json\/wp\/v2\/media?parent=4481"}],"wp:term":[{"taxonomy":"product_brand","embeddable":true,"href":"https:\/\/www.bramial.com\/fr\/wp-json\/wp\/v2\/product_brand?post=4481"},{"taxonomy":"product_cat","embeddable":true,"href":"https:\/\/www.bramial.com\/fr\/wp-json\/wp\/v2\/product_cat?post=4481"},{"taxonomy":"product_tag","embeddable":true,"href":"https:\/\/www.bramial.com\/fr\/wp-json\/wp\/v2\/product_tag?post=4481"}],"curies":[{"name":"wp","href":"https:\/\/api.w.org\/{rel}","templated":true}]}}