{"id":4473,"date":"2025-07-08T10:27:17","date_gmt":"2025-07-08T10:27:17","guid":{"rendered":"https:\/\/www.bramial.pt\/?post_type=product&#038;p=4473"},"modified":"2025-07-18T10:56:07","modified_gmt":"2025-07-18T10:56:07","slug":"cortizo-acessorios","status":"publish","type":"product","link":"https:\/\/www.bramial.com\/fr\/product\/cortizo-acessorios\/","title":{"rendered":"Cortizo &#8211; Acess\u00f3rios"},"content":{"rendered":"<div data-elementor-type=\"wp-post\" data-elementor-id=\"4473\" class=\"elementor elementor-4473\">\n\t\t\t\t<div class=\"elementor-element elementor-element-87fce01 e-flex e-con-boxed e-con e-parent\" data-id=\"87fce01\" data-element_type=\"container\">\n\t\t\t\t\t<div class=\"e-con-inner\">\n\t\t\t\t<div class=\"elementor-element elementor-element-81d804a elementor-widget elementor-widget-tftabs\" data-id=\"81d804a\" data-element_type=\"widget\" data-widget_type=\"tftabs.default\">\n\t\t\t\t<div class=\"elementor-widget-container\">\n\t\t\t\t\t\t\t<div id=\"tf-tabs-81d804a\" class=\"tf-tabs horizontal tabs-horizontal icon-position-left show-triger-no nav-justify\" data-tabid=\"81d804a\">\r\n\t\t\t<div class=\"tf-tabnav\">\r\n\t\t\t\t<ul>\r\n\t\t\t\t\t\t\t\t\t\t<li class=\"tablinks inactive elementor-animation-\" data-tab=\"tab-1\">\t\r\n\t\t\t\t\t\t\t\t\t\t\t\t\r\n\t\t\t\t\t\t\t\t\t\t\t\t\t<span class=\"tab-title-text\">Descri\u00e7\u00e3o<\/span>\r\n\t\t\t\t\t\t\t\t\t\t\t<\/li>\r\n\t\t\t\t\t\t\t\t\t<\/ul>\r\n\t\t\t<\/div>\r\n\t\t\t<div class=\"tf-tabcontent\">\r\n\t\t\t\t\t\t\t\t<div id=\"tab-1\" class=\"tf-tabcontent-inner inactive animated fadeIn\">\r\n\t\t\t\t\t<p>S\u00f3 controlando todos os elementos presentes num caixilho \u00e9 poss\u00edvel garantir a sua fiabilidade e efic\u00e1cia.<\/p><p>Por isso, na CORTIZO fabricamos nas nossas pr\u00f3prias instala\u00e7\u00f5es todos os elementos de uma janela, para nos definirmos e apresentarmos como um\u00a0<strong>SISTEMISTA INTEGRAL<\/strong>.<\/p><p>Ferragens<br \/>Juntas<br \/>Poliamida<\/p><p><strong>VERSATILIDADE<\/strong><br \/>Gamas de produtos que partilham a est\u00e9tica sem abdicar de m\u00faltiplas funcionalidades.<\/p><p><strong>MINIMALISMO<\/strong><br \/>Ferragens que permitem minimizar o impacto est\u00e9tico das manilhas e dobradi\u00e7as no perfil.<\/p><p><strong>EST\u00c9TICA<\/strong><br \/>Possibilidade de igualar a cor do acess\u00f3rio \u00e0 da caixilharia, alcan\u00e7ando qualquer refer\u00eancia da carta RAL.<\/p>\t\t\t\t\t\r\n\t\t\t\t\t\r\n\t\t\t\t<\/div>\r\n\t\t\t\t\t\t\t<\/div>\r\n\t\t<\/div>\r\n\t\t\r\n\t\t\t\t\t\t<\/div>\n\t\t\t\t<\/div>\n\t\t\t\t\t<\/div>\n\t\t\t\t<\/div>\n\t\t\t\t<\/div>","protected":false},"excerpt":{"rendered":"<h5><span style=\"vertical-align: inherit;\"><span style=\"vertical-align: inherit;\">Descri\u00e7\u00e3o<\/span><\/span><\/h5>\n<p data-start=\"13\" data-end=\"269\">A fiabilidade e efic\u00e1cia de um caixilho dependem do controlo total de todos os seus componentes. Por isso, a CORTIZO fabrica integralmente todos os elementos das suas janelas \u2014 ferragens, juntas e poliamidas &#8211; posicionando-se como um <em data-start=\"247\" data-end=\"268\">Sistemista Integral<\/em>.<\/p>\n<p data-start=\"271\" data-end=\"294\">A marca destaca-se por:<\/p>\n<p><strong data-start=\"298\" data-end=\"315\">Versatilidade<\/strong>: Gamas com est\u00e9tica uniforme e m\u00faltiplas funcionalidades.<\/p>\n<p><strong data-start=\"378\" data-end=\"393\">Minimalismo<\/strong>: Ferragens discretas, com impacto visual reduzido.<\/p>\n<p><strong data-start=\"449\" data-end=\"461\">Est\u00e9tica<\/strong>: Personaliza\u00e7\u00e3o total das cores dos acess\u00f3rios, compat\u00edveis com qualquer refer\u00eancia da carta RAL.<\/p>\n<p><img decoding=\"async\" class=\"alignnone wp-image-4714\" src=\"https:\/\/www.bramial.pt\/wp-content\/uploads\/2025\/07\/Icon-feather-download.png\" alt=\"\" width=\"20\" height=\"20\" \/> <a  data-e-disable-page-transition=\"true\" class=\"download-link\" title=\"\" href=\"https:\/\/www.bramial.com\/fr\/download\/5760\/?tmstv=1776522021\" rel=\"nofollow\" id=\"download-link-5760\" data-redirect=\"false\" ><br \/>\n\tFICHA T\u00c9CNICA Cortizo Acess\u00f3rios<\/a><\/p>\n<p>&nbsp;<\/p>","protected":false},"featured_media":4474,"comment_status":"open","ping_status":"closed","template":"","meta":[],"product_brand":[],"product_cat":[53],"product_tag":[],"class_list":{"0":"post-4473","1":"product","2":"type-product","3":"status-publish","4":"has-post-thumbnail","6":"product_cat-acessorios","8":"first","9":"instock","10":"virtual","11":"product-type-simple"},"_links":{"self":[{"href":"https:\/\/www.bramial.com\/fr\/wp-json\/wp\/v2\/product\/4473","targetHints":{"allow":["GET"]}}],"collection":[{"href":"https:\/\/www.bramial.com\/fr\/wp-json\/wp\/v2\/product"}],"about":[{"href":"https:\/\/www.bramial.com\/fr\/wp-json\/wp\/v2\/types\/product"}],"replies":[{"embeddable":true,"href":"https:\/\/www.bramial.com\/fr\/wp-json\/wp\/v2\/comments?post=4473"}],"version-history":[{"count":18,"href":"https:\/\/www.bramial.com\/fr\/wp-json\/wp\/v2\/product\/4473\/revisions"}],"predecessor-version":[{"id":6455,"href":"https:\/\/www.bramial.com\/fr\/wp-json\/wp\/v2\/product\/4473\/revisions\/6455"}],"wp:featuredmedia":[{"embeddable":true,"href":"https:\/\/www.bramial.com\/fr\/wp-json\/wp\/v2\/media\/4474"}],"wp:attachment":[{"href":"https:\/\/www.bramial.com\/fr\/wp-json\/wp\/v2\/media?parent=4473"}],"wp:term":[{"taxonomy":"product_brand","embeddable":true,"href":"https:\/\/www.bramial.com\/fr\/wp-json\/wp\/v2\/product_brand?post=4473"},{"taxonomy":"product_cat","embeddable":true,"href":"https:\/\/www.bramial.com\/fr\/wp-json\/wp\/v2\/product_cat?post=4473"},{"taxonomy":"product_tag","embeddable":true,"href":"https:\/\/www.bramial.com\/fr\/wp-json\/wp\/v2\/product_tag?post=4473"}],"curies":[{"name":"wp","href":"https:\/\/api.w.org\/{rel}","templated":true}]}}