{"id":5418,"date":"2025-07-09T16:53:12","date_gmt":"2025-07-09T16:53:12","guid":{"rendered":"https:\/\/www.bramial.pt\/?post_type=product&#038;p=5418"},"modified":"2025-07-18T11:32:44","modified_gmt":"2025-07-18T11:32:44","slug":"cor-galicia-premium-c16","status":"publish","type":"product","link":"https:\/\/www.bramial.com\/es\/product\/cor-galicia-premium-c16\/","title":{"rendered":"COR &#8211; Galicia &#8211; premium &#8211; c16"},"content":{"rendered":"<div data-elementor-type=\"wp-post\" data-elementor-id=\"5418\" class=\"elementor elementor-5418\">\n\t\t\t\t<div class=\"elementor-element elementor-element-87fce01 e-flex e-con-boxed e-con e-parent\" data-id=\"87fce01\" data-element_type=\"container\">\n\t\t\t\t\t<div class=\"e-con-inner\">\n\t\t\t\t<div class=\"elementor-element elementor-element-81d804a elementor-widget elementor-widget-tftabs\" data-id=\"81d804a\" data-element_type=\"widget\" data-widget_type=\"tftabs.default\">\n\t\t\t\t<div class=\"elementor-widget-container\">\n\t\t\t\t\t\t\t<div id=\"tf-tabs-81d804a\" class=\"tf-tabs horizontal tabs-horizontal icon-position-left show-triger-no nav-justify\" data-tabid=\"81d804a\">\r\n\t\t\t<div class=\"tf-tabnav\">\r\n\t\t\t\t<ul>\r\n\t\t\t\t\t\t\t\t\t\t<li class=\"tablinks inactive elementor-animation-\" data-tab=\"tab-1\">\t\r\n\t\t\t\t\t\t\t\t\t\t\t\t\r\n\t\t\t\t\t\t\t\t\t\t\t\t\t<span class=\"tab-title-text\">Descri\u00e7\u00e3o<\/span>\r\n\t\t\t\t\t\t\t\t\t\t\t<\/li>\r\n\t\t\t\t\t\t\t\t\t\t<li class=\"tablinks inactive elementor-animation-\" data-tab=\"tab-2\">\t\r\n\t\t\t\t\t\t\t\t\t\t\t\t\r\n\t\t\t\t\t\t\t\t\t\t\t\t\t<span class=\"tab-title-text\">Dados t\u00e9cnicos<\/span>\r\n\t\t\t\t\t\t\t\t\t\t\t<\/li>\r\n\t\t\t\t\t\t\t\t\t\t<li class=\"tablinks inactive elementor-animation-\" data-tab=\"tab-3\">\t\r\n\t\t\t\t\t\t\t\t\t\t\t\t\r\n\t\t\t\t\t\t\t\t\t\t\t\t\t<span class=\"tab-title-text\">Ensaios<\/span>\r\n\t\t\t\t\t\t\t\t\t\t\t<\/li>\r\n\t\t\t\t\t\t\t\t\t<\/ul>\r\n\t\t\t<\/div>\r\n\t\t\t<div class=\"tf-tabcontent\">\r\n\t\t\t\t\t\t\t\t<div id=\"tab-1\" class=\"tf-tabcontent-inner inactive animated fadeIn\">\r\n\t\t\t\t\t<p>Janela mista com ruptura de ponte t\u00e9rmica, combinando as excelentes performances do alum\u00ednio no exterior, com o calor e o design que a madeira proporciona no interior. Para tratamento de face externa, voc\u00ea pode considerar qualquer acabamento de nossa ampla linha de lacagem ou anodiza\u00e7\u00e3o CORTIZO. Na face interna temos dispon\u00edvel carvalho americano, mogno, pinus, entre outras op\u00e7\u00f5es mediante sua solicita\u00e7\u00e3o, sempre utilizando vernizes ecol\u00f3gicos, sem solventes, transparentes e acetinados.<\/p>\t\t\t\t\t\r\n\t\t\t\t\t\r\n\t\t\t\t<\/div>\r\n\t\t\t\t\t\t\t\t<div id=\"tab-2\" class=\"tf-tabcontent-inner inactive animated fadeIn\">\r\n\t\t\t\t\t<p><strong>Envidra\u00e7amento<\/strong><br \/><strong>Folha<\/strong><br \/>Max. 40 mm<br \/>Min. 18 mm<br \/><br \/><strong>Fixo<\/strong><br \/>M\u00e1x. 30 mm<br \/>M\u00edn. 8 mm<br \/><br \/><\/p><p><strong><span lang=\"ES\">Possibilidades de Abertura<\/span><\/strong><\/p><p><span lang=\"ES\">Batente<br \/>Oscilo-batente<br \/>Oscilo-paralela<br \/>Basculante.<\/span><\/p><p><strong><span lang=\"ES\">\u00a0<\/span><\/strong><\/p><p><strong><span lang=\"ES\">Sec\u00e7\u00f5es<\/span><\/strong><\/p><p><span lang=\"ES\">Aro fixo 66,4 \u00a0mm<br \/>Folha 85,3 mm<\/span><\/p><p><span lang=\"ES\">\u00a0<\/span><\/p><p><strong><span lang=\"ES\">Espessura perfilar\u00eda<\/span><\/strong><\/p><p><span lang=\"ES\">Janela 1,5 mm<br \/>Porta 1,6 mm<\/span><\/p><p><span lang=\"ES\">\u00a0<\/span><\/p><p><strong><span lang=\"ES\">Largura vareta poliamida<\/span><\/strong><\/p><p><span lang=\"ES\"><span>Aro fixo 66,4 \u00a0mm<\/span><br \/><span>Folha 85,3 mm<\/span><\/span><\/p><p><span lang=\"ES\">\u00a0<\/span><\/p><p><strong><span lang=\"ES\"><span>Dimens\u00f5es m\u00e1ximas<\/span><\/span><\/strong><\/p><p><span lang=\"ES\">Largura (L) = 1.400 mm<\/span><\/p><p><span lang=\"ES\"><span>Altura (H) = 2.400 mm<\/span><\/span><\/p><p><span lang=\"ES\">\u00a0<\/span><\/p><p><strong><span lang=\"ES\">\u00bb Peso m\u00e1ximo \/ folha<\/span><\/strong><\/p><p><span lang=\"ES\"><span>100 kg<\/span><br \/><\/span><\/p><p><em><span lang=\"ES\">Consultar peso e dimens\u00f5es m\u00e1ximos para outras tipologias<\/span><\/em><\/p><div><span lang=\"ES\">\u00a0<\/span><\/div><p><strong>Possibilidades est\u00e9ticas<\/strong><br \/>Folha: Reta<br \/>Bite: Curvo\u00a0<\/p><p>\u00a0<\/p><p><strong><span lang=\"ES\">Acabamentos<\/span><\/strong><\/p><p><span lang=\"ES\"><span>Exterior em alum\u00ednio:<\/span><\/span><\/p><p><span lang=\"ES\"><span>Lacagem colorida (RAL, salpicado e \u00e1spero)<\/span><\/span><\/p><p>Lacagem imita\u00e7\u00e3o Madeira<\/p><p><span>Lacagem antibacteriana<\/span><\/p><p><span lang=\"ES\">Anodizado<\/span><\/p><p><span lang=\"ES\">\u00a0<\/span><\/p><p><span lang=\"ES\">Madeira interior:<\/span><\/p><p><span lang=\"ES\"><span>Carbalho americano, mogno, pinho mellis e mais op\u00e7\u00f5es baixo encomenda (para madeira usa-se um verniz ecol\u00f3gico sem diluentes, transparente e acetinado).<\/span><\/span><\/p>\t\t\t\t\t\r\n\t\t\t\t\t\r\n\t\t\t\t<\/div>\r\n\t\t\t\t\t\t\t\t<div id=\"tab-3\" class=\"tf-tabcontent-inner inactive animated fadeIn\">\r\n\t\t\t\t\t<p style=\"font-weight: 300;\"><b><strong>Transmiss\u00e3o<\/strong><\/b><br \/>Uw \u2265 1,1 (W\/m\u00b2K)<br \/><br \/><\/p><p style=\"font-weight: 300;\"><b><strong>Isolamento ac\u00fastico<\/strong><\/b><br \/>Rw=40 dB<\/p><p style=\"font-weight: 300;\"><br \/><b><strong>Permeabilidade ao ar\u00a0<\/strong><\/b><br \/>(EN 12207) Classe 4<\/p><p style=\"font-weight: 300;\"><br \/><b><strong>Estanquidade \u00e0 \u00e1gua\u00a0<\/strong><\/b><br \/>(EN 12208) Classe E1500<\/p><p style=\"font-weight: 300;\"><br \/><b><strong>Resist\u00eancia ao vento\u00a0<\/strong><\/b><br \/>(EN 12210) Classe C5<\/p><p style=\"font-weight: 300;\"><br \/>Ensaio de refer\u00eancia: Janela\u00a01,23 x 1,48 m.\u00a0<\/p><p style=\"font-weight: 300;\">2 folhas.<\/p>\t\t\t\t\t\r\n\t\t\t\t\t\r\n\t\t\t\t<\/div>\r\n\t\t\t\t\t\t\t<\/div>\r\n\t\t<\/div>\r\n\t\t\r\n\t\t\t\t\t\t<\/div>\n\t\t\t\t<\/div>\n\t\t\t\t\t<\/div>\n\t\t\t\t<\/div>\n\t\t\t\t<\/div>","protected":false},"excerpt":{"rendered":"<h5><span style=\"vertical-align: inherit;\"><span style=\"vertical-align: inherit;\">Descri\u00e7\u00e3o<\/span><\/span><\/h5>\n<p><span style=\"font-size: 16px;\">Janela mista com ruptura de ponte t\u00e9rmica, combinando as vantagens do alum\u00ednio no exterior com o calor e o design da madeira no interior. O exterior pode ser personalizado com uma ampla gama de lacagem ou anodiza\u00e7\u00e3o CORTIZO, enquanto o interior oferece op\u00e7\u00f5es como carvalho americano, mogno e pinho, tratados com vernizes ecol\u00f3gicos, sem solventes, transparentes e acetinados.<\/span><\/p>\n<p><img decoding=\"async\" class=\"alignnone size-full wp-image-4714\" src=\"https:\/\/www.bramial.pt\/wp-content\/uploads\/2025\/07\/Icon-feather-download.png\" alt=\"\" width=\"23\" height=\"23\" \/> <a  data-e-disable-page-transition=\"true\" class=\"download-link\" title=\"\" href=\"https:\/\/www.bramial.com\/es\/download\/5528\/?tmstv=1776522095\" rel=\"nofollow\" id=\"download-link-5528\" data-redirect=\"false\" ><br \/>\n\tFICHA T\u00c9CNICA COR Galicia P. C16<\/a><\/p>\n<p>&nbsp;<\/p>","protected":false},"featured_media":5419,"comment_status":"open","ping_status":"closed","template":"","meta":[],"product_brand":[],"product_cat":[58],"product_tag":[],"class_list":{"0":"post-5418","1":"product","2":"type-product","3":"status-publish","4":"has-post-thumbnail","6":"product_cat-janelas-e-portas-batentes","8":"first","9":"instock","10":"downloadable","11":"virtual","12":"product-type-simple"},"_links":{"self":[{"href":"https:\/\/www.bramial.com\/es\/wp-json\/wp\/v2\/product\/5418","targetHints":{"allow":["GET"]}}],"collection":[{"href":"https:\/\/www.bramial.com\/es\/wp-json\/wp\/v2\/product"}],"about":[{"href":"https:\/\/www.bramial.com\/es\/wp-json\/wp\/v2\/types\/product"}],"replies":[{"embeddable":true,"href":"https:\/\/www.bramial.com\/es\/wp-json\/wp\/v2\/comments?post=5418"}],"version-history":[{"count":9,"href":"https:\/\/www.bramial.com\/es\/wp-json\/wp\/v2\/product\/5418\/revisions"}],"predecessor-version":[{"id":6490,"href":"https:\/\/www.bramial.com\/es\/wp-json\/wp\/v2\/product\/5418\/revisions\/6490"}],"wp:featuredmedia":[{"embeddable":true,"href":"https:\/\/www.bramial.com\/es\/wp-json\/wp\/v2\/media\/5419"}],"wp:attachment":[{"href":"https:\/\/www.bramial.com\/es\/wp-json\/wp\/v2\/media?parent=5418"}],"wp:term":[{"taxonomy":"product_brand","embeddable":true,"href":"https:\/\/www.bramial.com\/es\/wp-json\/wp\/v2\/product_brand?post=5418"},{"taxonomy":"product_cat","embeddable":true,"href":"https:\/\/www.bramial.com\/es\/wp-json\/wp\/v2\/product_cat?post=5418"},{"taxonomy":"product_tag","embeddable":true,"href":"https:\/\/www.bramial.com\/es\/wp-json\/wp\/v2\/product_tag?post=5418"}],"curies":[{"name":"wp","href":"https:\/\/api.w.org\/{rel}","templated":true}]}}