{"id":5378,"date":"2025-07-09T16:32:27","date_gmt":"2025-07-09T16:32:27","guid":{"rendered":"https:\/\/www.bramial.pt\/?post_type=product&#038;p=5378"},"modified":"2025-07-18T11:34:22","modified_gmt":"2025-07-18T11:34:22","slug":"cor-70-evolution","status":"publish","type":"product","link":"https:\/\/www.bramial.com\/es\/product\/cor-70-evolution\/","title":{"rendered":"COR &#8211; 70 &#8211; Evolution"},"content":{"rendered":"<div data-elementor-type=\"wp-post\" data-elementor-id=\"5378\" class=\"elementor elementor-5378\">\n\t\t\t\t<div class=\"elementor-element elementor-element-87fce01 e-flex e-con-boxed e-con e-parent\" data-id=\"87fce01\" data-element_type=\"container\">\n\t\t\t\t\t<div class=\"e-con-inner\">\n\t\t\t\t<div class=\"elementor-element elementor-element-81d804a elementor-widget elementor-widget-tftabs\" data-id=\"81d804a\" data-element_type=\"widget\" data-widget_type=\"tftabs.default\">\n\t\t\t\t<div class=\"elementor-widget-container\">\n\t\t\t\t\t\t\t<div id=\"tf-tabs-81d804a\" class=\"tf-tabs horizontal tabs-horizontal icon-position-left show-triger-no nav-justify\" data-tabid=\"81d804a\">\r\n\t\t\t<div class=\"tf-tabnav\">\r\n\t\t\t\t<ul>\r\n\t\t\t\t\t\t\t\t\t\t<li class=\"tablinks inactive elementor-animation-\" data-tab=\"tab-1\">\t\r\n\t\t\t\t\t\t\t\t\t\t\t\t\r\n\t\t\t\t\t\t\t\t\t\t\t\t\t<span class=\"tab-title-text\">Descri\u00e7\u00e3o<\/span>\r\n\t\t\t\t\t\t\t\t\t\t\t<\/li>\r\n\t\t\t\t\t\t\t\t\t\t<li class=\"tablinks inactive elementor-animation-\" data-tab=\"tab-2\">\t\r\n\t\t\t\t\t\t\t\t\t\t\t\t\r\n\t\t\t\t\t\t\t\t\t\t\t\t\t<span class=\"tab-title-text\">Dados t\u00e9cnicos<\/span>\r\n\t\t\t\t\t\t\t\t\t\t\t<\/li>\r\n\t\t\t\t\t\t\t\t\t\t<li class=\"tablinks inactive elementor-animation-\" data-tab=\"tab-3\">\t\r\n\t\t\t\t\t\t\t\t\t\t\t\t\r\n\t\t\t\t\t\t\t\t\t\t\t\t\t<span class=\"tab-title-text\">Ensaios<\/span>\r\n\t\t\t\t\t\t\t\t\t\t\t<\/li>\r\n\t\t\t\t\t\t\t\t\t<\/ul>\r\n\t\t\t<\/div>\r\n\t\t\t<div class=\"tf-tabcontent\">\r\n\t\t\t\t\t\t\t\t<div id=\"tab-1\" class=\"tf-tabcontent-inner inactive animated fadeIn\">\r\n\t\t\t\t\t<p><span>Sistema de batente de canal 16 destinado \u00e0 produ\u00e7\u00e3o industrial de janelas, portas e portas salientes. Com o objetivo de reduzir o tempo de fabrica\u00e7\u00e3o, este novo sistema oferece a possibilidade de utilizar juntas pr\u00e9-montadas, esquadros de crimpagem e um inversor central de folha oculta composto por 2 pe\u00e7as, que permite a coloca\u00e7\u00e3o do vidro em janelas de 2 folhas na pr\u00f3pria obra. A COR-70 Evolution apresenta-se na vers\u00e3o de folha oculta ou semi-vista com aro fixo monobloco, \u00e0 testa ou perimetral, para facilitar a coloca\u00e7\u00e3o em obra.<\/span><br \/><br \/><\/p><div><div><strong>Possibilidades<\/strong><\/div><div>Ferragem de seguran\u00e7a<\/div><div>Dobradi\u00e7as ocultas<\/div><div>Drenagem oculta<\/div><\/div>\t\t\t\t\t\r\n\t\t\t\t\t\r\n\t\t\t\t<\/div>\r\n\t\t\t\t\t\t\t\t<div id=\"tab-2\" class=\"tf-tabcontent-inner inactive animated fadeIn\">\r\n\t\t\t\t\t<div><strong>Envidra\u00e7amento<\/strong><br \/>Folha Oculta 36 mm<br \/>Folha Semi-vista 63 mm<br \/><br \/><\/div><div><strong>Possibilidades de abertura<\/strong><br \/><strong>Abertura interior<br \/><\/strong>Batente<\/div><div><span>Basculante\u00a0oscilante-oscilante<\/span><br \/><br \/><br \/><\/div><div><strong>Sec\u00e7\u00f5es<\/strong><br \/><strong>Folha Oculta<br \/><\/strong>Aro fixo 70 - 232 mm<br \/>Folha 72,5 - 80,5 mm<br \/><br \/><strong>Folha Semi-vista<\/strong><em><br \/><\/em>Aro fixo 70 - 232 mm<br \/>Folha 80,5 - 88,5 mm<br \/><br \/><\/div><div><strong><span>Dimens\u00f5es m\u00e1x. folha<\/span><br \/><\/strong><br \/><strong><span>Folha Oculta<\/span><\/strong><span>\u00a0Largura (L) 1000 mm\u00a0Altura (H) 1700 mm\u00a0<strong>Folha Semi-vista<\/strong>\u00a0Largura (L) 1500 mm\u00a0Altura (H) 2600 mm<\/span><em><br \/><\/em><br \/><br \/><br \/><strong>Peso m\u00e1x. folha<\/strong><br \/>150 Kg<\/div><div><em>Consultar peso e dimens\u00f5es m\u00e1ximas segundo tipologia<\/em><br \/><br \/><\/div><div><strong>Acabamentos<\/strong><br \/>Possibilidade bi-cor<br \/>Lacagem a cores (RAL, salpicados e rugosos)<br \/>Lacagem imita\u00e7\u00e3o madeira<br \/>Lacagem anti-bacteriana<br \/>Anodizado<\/div>\t\t\t\t\t\r\n\t\t\t\t\t\r\n\t\t\t\t<\/div>\r\n\t\t\t\t\t\t\t\t<div id=\"tab-3\" class=\"tf-tabcontent-inner inactive animated fadeIn\">\r\n\t\t\t\t\t<p><strong>Transmiss\u00e3o<\/strong><\/p><p><span>Uw \u2265 0,81 (W\/m\u00b2K)<\/span><br \/><br \/><strong><span>Isolamento ac\u00fastico<\/span><\/strong><br \/><span>Rw at\u00e9 43 dB<\/span><br \/><br \/><strong><span>Permeabilidade ao ar<\/span><\/strong><\/p><p><span>(UNE-EN 12207)\u00a0\u00a0<\/span><span>Classe 4<\/span><\/p><p><br \/><strong>Estanquidade \u00e0 \u00e1gua<\/strong><\/p><p><span>(UNE-EN 12208)\u00a0\u00a0<\/span><span>Classe E1500<\/span><\/p><p>\u00a0<\/p><p><strong>Resist\u00eancia ao vento<\/strong><\/p><p><span>(UNE-EN 12210)\u00a0\u00a0<\/span><span>Classe C5<\/span><\/p><p><br \/><em>Ensaio de refer\u00eancia AEV 1,23 x 1,48 m \/ 2 folhas<\/em><\/p>\t\t\t\t\t\r\n\t\t\t\t\t\r\n\t\t\t\t<\/div>\r\n\t\t\t\t\t\t\t<\/div>\r\n\t\t<\/div>\r\n\t\t\r\n\t\t\t\t\t\t<\/div>\n\t\t\t\t<\/div>\n\t\t\t\t\t<\/div>\n\t\t\t\t<\/div>\n\t\t\t\t<\/div>","protected":false},"excerpt":{"rendered":"<h5><span style=\"vertical-align: inherit;\"><span style=\"vertical-align: inherit;\">Descri\u00e7\u00e3o<\/span><\/span><\/h5>\n<div>O sistema de batente de canal 16, projetado para a produ\u00e7\u00e3o industrial de janelas, portas e portas de sacada, visa reduzir o tempo de fabrica\u00e7\u00e3o. Inclui juntas pr\u00e9-montadas, esquadros de cravar e um inversor central de folha oculta, composto por 2 pe\u00e7as, permitindo a coloca\u00e7\u00e3o do vidro diretamente na obra. A COR-70 Evolution est\u00e1 dispon\u00edvel nas vers\u00f5es de folha oculta ou semi-vista com aro fixo monobloco, \u00e0 testa ou perimetral, facilitando a instala\u00e7\u00e3o.<\/div>\n<div><img decoding=\"async\" class=\"alignnone size-full wp-image-4714\" src=\"https:\/\/www.bramial.pt\/wp-content\/uploads\/2025\/07\/Icon-feather-download.png\" alt=\"\" width=\"23\" height=\"23\" \/> <a  data-e-disable-page-transition=\"true\" class=\"download-link\" title=\"\" href=\"https:\/\/www.bramial.com\/es\/download\/5511\/?tmstv=1776540371\" rel=\"nofollow\" id=\"download-link-5511\" data-redirect=\"false\" ><br \/>\n\tFICHA T\u00c9CNICA COR 70 Evolution<\/a>\n<\/div>\n<div><\/div>","protected":false},"featured_media":5386,"comment_status":"open","ping_status":"closed","template":"","meta":[],"product_brand":[],"product_cat":[58],"product_tag":[],"class_list":{"0":"post-5378","1":"product","2":"type-product","3":"status-publish","4":"has-post-thumbnail","6":"product_cat-janelas-e-portas-batentes","8":"first","9":"instock","10":"downloadable","11":"virtual","12":"product-type-simple"},"_links":{"self":[{"href":"https:\/\/www.bramial.com\/es\/wp-json\/wp\/v2\/product\/5378","targetHints":{"allow":["GET"]}}],"collection":[{"href":"https:\/\/www.bramial.com\/es\/wp-json\/wp\/v2\/product"}],"about":[{"href":"https:\/\/www.bramial.com\/es\/wp-json\/wp\/v2\/types\/product"}],"replies":[{"embeddable":true,"href":"https:\/\/www.bramial.com\/es\/wp-json\/wp\/v2\/comments?post=5378"}],"version-history":[{"count":8,"href":"https:\/\/www.bramial.com\/es\/wp-json\/wp\/v2\/product\/5378\/revisions"}],"predecessor-version":[{"id":6493,"href":"https:\/\/www.bramial.com\/es\/wp-json\/wp\/v2\/product\/5378\/revisions\/6493"}],"wp:featuredmedia":[{"embeddable":true,"href":"https:\/\/www.bramial.com\/es\/wp-json\/wp\/v2\/media\/5386"}],"wp:attachment":[{"href":"https:\/\/www.bramial.com\/es\/wp-json\/wp\/v2\/media?parent=5378"}],"wp:term":[{"taxonomy":"product_brand","embeddable":true,"href":"https:\/\/www.bramial.com\/es\/wp-json\/wp\/v2\/product_brand?post=5378"},{"taxonomy":"product_cat","embeddable":true,"href":"https:\/\/www.bramial.com\/es\/wp-json\/wp\/v2\/product_cat?post=5378"},{"taxonomy":"product_tag","embeddable":true,"href":"https:\/\/www.bramial.com\/es\/wp-json\/wp\/v2\/product_tag?post=5378"}],"curies":[{"name":"wp","href":"https:\/\/api.w.org\/{rel}","templated":true}]}}