{"id":5320,"date":"2025-07-09T16:03:23","date_gmt":"2025-07-09T16:03:23","guid":{"rendered":"https:\/\/www.bramial.pt\/?post_type=product&#038;p=5320"},"modified":"2025-07-18T11:37:14","modified_gmt":"2025-07-18T11:37:14","slug":"cor-60","status":"publish","type":"product","link":"https:\/\/www.bramial.com\/es\/product\/cor-60\/","title":{"rendered":"COR &#8211; 60"},"content":{"rendered":"<div data-elementor-type=\"wp-post\" data-elementor-id=\"5320\" class=\"elementor elementor-5320\">\n\t\t\t\t<div class=\"elementor-element elementor-element-87fce01 e-flex e-con-boxed e-con e-parent\" data-id=\"87fce01\" data-element_type=\"container\">\n\t\t\t\t\t<div class=\"e-con-inner\">\n\t\t\t\t<div class=\"elementor-element elementor-element-81d804a elementor-widget elementor-widget-tftabs\" data-id=\"81d804a\" data-element_type=\"widget\" data-widget_type=\"tftabs.default\">\n\t\t\t\t<div class=\"elementor-widget-container\">\n\t\t\t\t\t\t\t<div id=\"tf-tabs-81d804a\" class=\"tf-tabs horizontal tabs-horizontal icon-position-left show-triger-no nav-justify\" data-tabid=\"81d804a\">\r\n\t\t\t<div class=\"tf-tabnav\">\r\n\t\t\t\t<ul>\r\n\t\t\t\t\t\t\t\t\t\t<li class=\"tablinks inactive elementor-animation-\" data-tab=\"tab-1\">\t\r\n\t\t\t\t\t\t\t\t\t\t\t\t\r\n\t\t\t\t\t\t\t\t\t\t\t\t\t<span class=\"tab-title-text\">Descri\u00e7\u00e3o<\/span>\r\n\t\t\t\t\t\t\t\t\t\t\t<\/li>\r\n\t\t\t\t\t\t\t\t\t\t<li class=\"tablinks inactive elementor-animation-\" data-tab=\"tab-2\">\t\r\n\t\t\t\t\t\t\t\t\t\t\t\t\r\n\t\t\t\t\t\t\t\t\t\t\t\t\t<span class=\"tab-title-text\">Dados t\u00e9cnicos<\/span>\r\n\t\t\t\t\t\t\t\t\t\t\t<\/li>\r\n\t\t\t\t\t\t\t\t\t\t<li class=\"tablinks inactive elementor-animation-\" data-tab=\"tab-3\">\t\r\n\t\t\t\t\t\t\t\t\t\t\t\t\r\n\t\t\t\t\t\t\t\t\t\t\t\t\t<span class=\"tab-title-text\">Ensaios<\/span>\r\n\t\t\t\t\t\t\t\t\t\t\t<\/li>\r\n\t\t\t\t\t\t\t\t\t<\/ul>\r\n\t\t\t<\/div>\r\n\t\t\t<div class=\"tf-tabcontent\">\r\n\t\t\t\t\t\t\t\t<div id=\"tab-1\" class=\"tf-tabcontent-inner inactive animated fadeIn\">\r\n\t\t\t\t\t<p><span>Sistema de batente com 60 mm de profundidade, equipado com\u00a0\u00a0<\/span><span>poliamidas de 24 mm, que oferece excelente conforto t\u00e9rmico e\u00a0\u00a0<\/span><span>ac\u00fastico, conseguindo uma redu\u00e7\u00e3o de ru\u00eddo de at\u00e9 48 dB.<\/span><br \/><br \/><\/p><div><strong>Possibilidades<\/strong><\/div><div><div>Acessibilidade<\/div><div>Ferragem De Seguran\u00e7a<\/div><div>Dobradi\u00e7as Ocultas<\/div><\/div>\t\t\t\t\t\r\n\t\t\t\t\t\r\n\t\t\t\t<\/div>\r\n\t\t\t\t\t\t\t\t<div id=\"tab-2\" class=\"tf-tabcontent-inner inactive animated fadeIn\">\r\n\t\t\t\t\t<p><strong>Envidra\u00e7amento<\/strong><\/p><div><span>M\u00e1x. 46 mm, M\u00edn. 5 mm<\/span><br \/><br \/><\/div><p><strong>Possibilidades de Abertura<\/strong><\/p><p><strong><span>Interior<\/span><\/strong><\/p><div>Batente<\/div><div><span>Oscilador-swing<\/span><\/div><div>Deslizante-paralela<\/div><div>Basculante<\/div><p><strong><span>Exterior<\/span><\/strong><\/p><div><span>Batente<\/span><\/div><div>Projectante-deslizante<\/div><div>Pivotante em torno de um eixo<\/div><div><span>horizontal e vertical<\/span><\/div><p><br \/><strong>Sec\u00e7\u00f5es<\/strong><\/p><p>Aro\u00a0\u2013 60 mm \/ Folha\u00a0\u2013 68 mm<\/p><p><br \/><strong>Espessura perfilaria<\/strong><\/p><p>Janela\u00a01,6 mm<\/p><p><span>Porta1,6 mm<\/span><\/p><p><br \/><strong>Largura vareta poliamida<\/strong><\/p><p><span>24 mil\u00edmetros<\/span><\/p><p><br \/><strong><span>Dimens\u00f5es m\u00e1ximas<\/span><\/strong><\/p><p><span>Largura (L) = 1500 mm<\/span><br \/><span>Alto (H) = 2600 mm<\/span><\/p><p><br \/><strong>Peso m\u00e1ximo \/ folha<\/strong><\/p><p><span>160 kg<\/span><\/p><p><em><span>Consultar peso e dimens\u00f5es m\u00e1ximos\u00a0<\/span><\/em><em>\u00a0<\/em><\/p><div>para outras tipologias<em>.<\/em><\/div><p>\u00a0<\/p><p><strong>Possibilidades est\u00e9ticas:<\/strong><\/p><p>Folha: Reta ou curva<\/p><p>Bite: Reto ou curvo<br \/><br \/><\/p><p><strong>Acabamentos\u00a0<\/strong><\/p><p>Possibilidade bi-cor<\/p><p><span>Lacagem colorida (RAL, salpicado e \u00e1spero)<\/span><\/p><p>Lacagem imita\u00e7\u00e3o madeira<\/p><p><span>Lacagem antibacteriana<\/span><\/p><p>Anodizado<\/p>\t\t\t\t\t\r\n\t\t\t\t\t\r\n\t\t\t\t<\/div>\r\n\t\t\t\t\t\t\t\t<div id=\"tab-3\" class=\"tf-tabcontent-inner inactive animated fadeIn\">\r\n\t\t\t\t\t<p><strong>Transmiss\u00e3o<\/strong><\/p><p>Uw \u2265 1,0 (W\/m\u00b2K)<\/p><p><em>Consultar tipologia, dimens\u00e3o e vidro\u00a0<\/em><br \/><br \/><strong>M\u00e1ximo isolamento ac\u00fastico<\/strong><\/p><p>Rw=48 dB<\/p><p><br \/><strong>Permeabilidade ao ar<\/strong><\/p><p>(EN 12207) Classe 4<\/p><p><br \/><strong>Estanquidade \u00e0 \u00e1gua<\/strong><\/p><p>(EN 12208) Classe E1350<\/p><p><br \/><strong>Resist\u00eancia ao vento<\/strong><\/p><p>(EN 12210) Classe C5<\/p><p><br \/><em>Ensaio de refer\u00eancia: Janela\u00a01,23 x 1,48 m<br \/>2 folhas.<\/em><\/p>\t\t\t\t\t\r\n\t\t\t\t\t\r\n\t\t\t\t<\/div>\r\n\t\t\t\t\t\t\t<\/div>\r\n\t\t<\/div>\r\n\t\t\r\n\t\t\t\t\t\t<\/div>\n\t\t\t\t<\/div>\n\t\t\t\t\t<\/div>\n\t\t\t\t<\/div>\n\t\t\t\t<\/div>","protected":false},"excerpt":{"rendered":"<h5><span style=\"vertical-align: inherit;\"><span style=\"vertical-align: inherit;\">Descri\u00e7\u00e3o<\/span><\/span><\/h5>\n<div class=\"markdown prose dark:prose-invert w-full break-words light\">Sistema de batente com 60 mm de profundidade e poliamidas de 24 mm, proporcionando excelente desempenho t\u00e9rmico e ac\u00fastico, com uma redu\u00e7\u00e3o de ru\u00eddo de at\u00e9 48 dB, garantindo maior conforto no ambiente.<\/div>\n<div><img decoding=\"async\" class=\"alignnone size-full wp-image-4714\" src=\"https:\/\/www.bramial.pt\/wp-content\/uploads\/2025\/07\/Icon-feather-download.png\" alt=\"\" width=\"23\" height=\"23\" \/> <a  data-e-disable-page-transition=\"true\" class=\"download-link\" title=\"\" href=\"https:\/\/www.bramial.com\/es\/download\/5483\/?tmstv=1776534238\" rel=\"nofollow\" id=\"download-link-5483\" data-redirect=\"false\" ><br \/>\n\tFICHA T\u00c9CNICA COR 60<\/a>\n<\/div>\n<div><\/div>","protected":false},"featured_media":5323,"comment_status":"open","ping_status":"closed","template":"","meta":[],"product_brand":[],"product_cat":[58],"product_tag":[],"class_list":{"0":"post-5320","1":"product","2":"type-product","3":"status-publish","4":"has-post-thumbnail","6":"product_cat-janelas-e-portas-batentes","8":"first","9":"instock","10":"downloadable","11":"virtual","12":"product-type-simple"},"_links":{"self":[{"href":"https:\/\/www.bramial.com\/es\/wp-json\/wp\/v2\/product\/5320","targetHints":{"allow":["GET"]}}],"collection":[{"href":"https:\/\/www.bramial.com\/es\/wp-json\/wp\/v2\/product"}],"about":[{"href":"https:\/\/www.bramial.com\/es\/wp-json\/wp\/v2\/types\/product"}],"replies":[{"embeddable":true,"href":"https:\/\/www.bramial.com\/es\/wp-json\/wp\/v2\/comments?post=5320"}],"version-history":[{"count":8,"href":"https:\/\/www.bramial.com\/es\/wp-json\/wp\/v2\/product\/5320\/revisions"}],"predecessor-version":[{"id":6500,"href":"https:\/\/www.bramial.com\/es\/wp-json\/wp\/v2\/product\/5320\/revisions\/6500"}],"wp:featuredmedia":[{"embeddable":true,"href":"https:\/\/www.bramial.com\/es\/wp-json\/wp\/v2\/media\/5323"}],"wp:attachment":[{"href":"https:\/\/www.bramial.com\/es\/wp-json\/wp\/v2\/media?parent=5320"}],"wp:term":[{"taxonomy":"product_brand","embeddable":true,"href":"https:\/\/www.bramial.com\/es\/wp-json\/wp\/v2\/product_brand?post=5320"},{"taxonomy":"product_cat","embeddable":true,"href":"https:\/\/www.bramial.com\/es\/wp-json\/wp\/v2\/product_cat?post=5320"},{"taxonomy":"product_tag","embeddable":true,"href":"https:\/\/www.bramial.com\/es\/wp-json\/wp\/v2\/product_tag?post=5320"}],"curies":[{"name":"wp","href":"https:\/\/api.w.org\/{rel}","templated":true}]}}