{"id":5200,"date":"2025-07-09T14:50:19","date_gmt":"2025-07-09T14:50:19","guid":{"rendered":"https:\/\/www.bramial.pt\/?post_type=product&#038;p=5200"},"modified":"2025-07-18T14:59:27","modified_gmt":"2025-07-18T14:59:27","slug":"porta-millennium-2000","status":"publish","type":"product","link":"https:\/\/www.bramial.com\/es\/product\/porta-millennium-2000\/","title":{"rendered":"Porta &#8211; Millennium &#8211; 2000"},"content":{"rendered":"<div data-elementor-type=\"wp-post\" data-elementor-id=\"5200\" class=\"elementor elementor-5200\">\n\t\t\t\t<div class=\"elementor-element elementor-element-87fce01 e-flex e-con-boxed e-con e-parent\" data-id=\"87fce01\" data-element_type=\"container\">\n\t\t\t\t\t<div class=\"e-con-inner\">\n\t\t\t\t<div class=\"elementor-element elementor-element-81d804a elementor-widget elementor-widget-tftabs\" data-id=\"81d804a\" data-element_type=\"widget\" data-widget_type=\"tftabs.default\">\n\t\t\t\t<div class=\"elementor-widget-container\">\n\t\t\t\t\t\t\t<div id=\"tf-tabs-81d804a\" class=\"tf-tabs horizontal tabs-horizontal icon-position-left show-triger-no nav-justify\" data-tabid=\"81d804a\">\r\n\t\t\t<div class=\"tf-tabnav\">\r\n\t\t\t\t<ul>\r\n\t\t\t\t\t\t\t\t\t\t<li class=\"tablinks inactive elementor-animation-\" data-tab=\"tab-1\">\t\r\n\t\t\t\t\t\t\t\t\t\t\t\t\r\n\t\t\t\t\t\t\t\t\t\t\t\t\t<span class=\"tab-title-text\">Descri\u00e7\u00e3o<\/span>\r\n\t\t\t\t\t\t\t\t\t\t\t<\/li>\r\n\t\t\t\t\t\t\t\t\t\t<li class=\"tablinks inactive elementor-animation-\" data-tab=\"tab-2\">\t\r\n\t\t\t\t\t\t\t\t\t\t\t\t\r\n\t\t\t\t\t\t\t\t\t\t\t\t\t<span class=\"tab-title-text\">Dados t\u00e9cnicos<\/span>\r\n\t\t\t\t\t\t\t\t\t\t\t<\/li>\r\n\t\t\t\t\t\t\t\t\t\t<li class=\"tablinks inactive elementor-animation-\" data-tab=\"tab-3\">\t\r\n\t\t\t\t\t\t\t\t\t\t\t\t\r\n\t\t\t\t\t\t\t\t\t\t\t\t\t<span class=\"tab-title-text\">Ensaios<\/span>\r\n\t\t\t\t\t\t\t\t\t\t\t<\/li>\r\n\t\t\t\t\t\t\t\t\t<\/ul>\r\n\t\t\t<\/div>\r\n\t\t\t<div class=\"tf-tabcontent\">\r\n\t\t\t\t\t\t\t\t<div id=\"tab-1\" class=\"tf-tabcontent-inner inactive animated fadeIn\">\r\n\t\t\t\t\t<p><span>Sistema de portas pedonais para estabelecimentos e edif\u00edcios comerciais que permite a incorpora\u00e7\u00e3o de dobradi\u00e7as sobrepostas de alta resist\u00eancia, de duas e tr\u00eas folhas, capazes de suportar at\u00e9 180 kg de peso por folha.<\/span><br \/><br \/><\/p><div><strong>Possibilidades<\/strong><\/div><div>\u00bb Acessibilidade<\/div>\t\t\t\t\t\r\n\t\t\t\t\t\r\n\t\t\t\t<\/div>\r\n\t\t\t\t\t\t\t\t<div id=\"tab-2\" class=\"tf-tabcontent-inner inactive animated fadeIn\">\r\n\t\t\t\t\t<p><strong>Envidra\u00e7amento<\/strong><br \/>M\u00e1x. 30 mm<br \/>M\u00edn. 3 mm<\/p><p>\u00a0<\/p><p><strong>Possibilidades de abertura<\/strong><br \/>Interior de 1 e 2 folhas<br \/>Abertura interior<br \/>Abrir para dentro<br \/>Abrir para dentro autom\u00e1tica<\/p><p>Abertura exterior<br \/>Abrir para fora<br \/>Abrir para fora autom\u00e1tica<\/p><p>Abertura vaiv\u00e9m<br \/>Abrir vaiv\u00e9m<\/p><p>\u00a0<\/p><p><strong>Espessura da perfilaria<\/strong><br \/>Porta 2,0 mm<\/p><p>\u00a0<\/p><p><strong><span>Dimens\u00f5es m\u00e1ximas<\/span><\/strong><br \/><em>Porta batente<\/em><br \/><span>Largura (L) = 1.450 mm<\/span><br \/><span>Altura (H) = 3.000 mm<\/span><\/p><p><em>Porta deslizante autom\u00e1tica<\/em><br \/>Largura (L) = 2.000 mm<br \/>Altura (H) = 3.000 mm<\/p><p><em>Porta vaiv\u00e9m<\/em><br \/>Largura (L) = 1.100 mm<br \/>Altura (H) = 3.000 mm<\/p><p>\u00a0<\/p><p><strong>Peso m\u00e1ximo \/ folha<\/strong><br \/>190 Kg<br \/>120 Kg vers\u00e3o autom\u00e1tica<\/p><p><em>Consultar peso e dimens\u00f5es m\u00e1ximos para outras tipologias.<\/em><\/p><p>\u00a0<\/p><p><strong>Acabamentos<\/strong><\/p><p><span>Lacagem colorida (RAL, salpicado e \u00e1spero)<\/span><\/p><p>Lacagem imita\u00e7\u00e3o madeira<\/p><p>Lacagem antibacteriana<\/p><p>Anodizado<\/p>\t\t\t\t\t\r\n\t\t\t\t\t\r\n\t\t\t\t<\/div>\r\n\t\t\t\t\t\t\t\t<div id=\"tab-3\" class=\"tf-tabcontent-inner inactive animated fadeIn\">\r\n\t\t\t\t\t<p><strong>Transmit\u00e2ncia<\/strong><br \/>UD \u2265 2,3 (W\/m\u00b2K)<br \/>Consultar tipologia, dimens\u00e3o e vidro<\/p><p>\u00a0<\/p><p><strong>M\u00e1ximo isolamento ac\u00fastico<\/strong><br \/>Rw = 38 dB<\/p><p>\u00a0<\/p><p><strong>Resist\u00eancia ao impacto de corpo mole<\/strong><br \/>(EN 13049) Classe 5 (M\u00e1x)<\/p><p>\u00a0<\/p><p>Ensaio de refer\u00eancia: Porta 1,80 x 2,20 m.<br \/>Duas folhas. Vidro laminado 3+3<\/p>\t\t\t\t\t\r\n\t\t\t\t\t\r\n\t\t\t\t<\/div>\r\n\t\t\t\t\t\t\t<\/div>\r\n\t\t<\/div>\r\n\t\t\r\n\t\t\t\t\t\t<\/div>\n\t\t\t\t<\/div>\n\t\t\t\t\t<\/div>\n\t\t\t\t<\/div>\n\t\t\t\t<\/div>","protected":false},"excerpt":{"rendered":"<h5><span style=\"vertical-align: inherit;\"><span style=\"vertical-align: inherit;\">Descri\u00e7\u00e3o<\/span><\/span><\/h5>\n<article class=\"text-token-text-primary w-full\" dir=\"auto\" data-testid=\"conversation-turn-6\" data-scroll-anchor=\"true\">\n<div class=\"text-base my-auto mx-auto py-5 [--thread-content-margin:--spacing(4)] @[37rem]:[--thread-content-margin:--spacing(6)] @[72rem]:[--thread-content-margin:--spacing(16)] px-(--thread-content-margin)\">\n<div class=\"[--thread-content-max-width:32rem] @[34rem]:[--thread-content-max-width:40rem] @[64rem]:[--thread-content-max-width:48rem] mx-auto flex max-w-(--thread-content-max-width) flex-1 text-base gap-4 md:gap-5 lg:gap-6 group\/turn-messages focus-visible:outline-hidden\" tabindex=\"-1\">\n<div class=\"group\/conversation-turn relative flex w-full min-w-0 flex-col agent-turn\">\n<div class=\"relative flex-col gap-1 md:gap-3\">\n<div class=\"flex min-h-[46px] justify-start\">\n<div class=\"touch:-me-2 touch:-ms-3.5 -ms-2.5 -me-1 flex flex-wrap items-center gap-y-4 p-1 select-none touch:w-[calc(100%+--spacing(3.5))] -mt-1 w-[calc(100%+--spacing(2.5))] duration-[1.5s] focus-within:transition-none hover:transition-none pointer-events-none [mask-image:linear-gradient(to_right,black_33%,transparent_66%)] [mask-size:300%_100%] [mask-position:100%_0%] motion-safe:transition-[mask-position] group-hover\/turn-messages:pointer-events-auto group-hover\/turn-messages:[mask-position:0_0] group-focus-within\/turn-messages:pointer-events-auto group-focus-within\/turn-messages:[mask-position:0_0] has-data-[state=open]:pointer-events-auto has-data-[state=open]:[mask-position:0_0]\">\n<div class=\"pointer-events-none h-px w-px\" aria-hidden=\"true\" data-edge=\"true\">\n<p data-start=\"179\" data-end=\"257\" data-is-last-node=\"\" data-is-only-node=\"\">Sistema de portas pedonais para estabelecimentos e edif\u00edcios comerciais que permite a incorpora\u00e7\u00e3o de dobradi\u00e7as sobrepostas de alta resist\u00eancia, de duas e tr\u00eas folhas, capazes de suportar at\u00e9 180 kg de peso por folha.<\/p>\n<p data-start=\"179\" data-end=\"257\" data-is-last-node=\"\" data-is-only-node=\"\"><img decoding=\"async\" class=\"alignnone size-full wp-image-4714\" src=\"https:\/\/www.bramial.pt\/wp-content\/uploads\/2025\/07\/Icon-feather-download.png\" alt=\"\" width=\"23\" height=\"23\" \/> <a  data-e-disable-page-transition=\"true\" class=\"download-link\" title=\"\" href=\"https:\/\/www.bramial.com\/es\/download\/5548\/?tmstv=1776548984\" rel=\"nofollow\" id=\"download-link-5548\" data-redirect=\"false\" ><br \/>\n\tFICHA T\u00c9CNICA P. Millennium 2000<\/a>\n<\/p>\n<p data-start=\"179\" data-end=\"257\" data-is-last-node=\"\" data-is-only-node=\"\">\n<\/div>\n<\/div>\n<\/div>\n<\/div>\n<\/div>\n<\/div>\n<\/div>\n<\/article>","protected":false},"featured_media":5201,"comment_status":"open","ping_status":"closed","template":"","meta":[],"product_brand":[],"product_cat":[61],"product_tag":[],"class_list":{"0":"post-5200","1":"product","2":"type-product","3":"status-publish","4":"has-post-thumbnail","6":"product_cat-portas","8":"first","9":"instock","10":"downloadable","11":"virtual","12":"product-type-simple"},"_links":{"self":[{"href":"https:\/\/www.bramial.com\/es\/wp-json\/wp\/v2\/product\/5200","targetHints":{"allow":["GET"]}}],"collection":[{"href":"https:\/\/www.bramial.com\/es\/wp-json\/wp\/v2\/product"}],"about":[{"href":"https:\/\/www.bramial.com\/es\/wp-json\/wp\/v2\/types\/product"}],"replies":[{"embeddable":true,"href":"https:\/\/www.bramial.com\/es\/wp-json\/wp\/v2\/comments?post=5200"}],"version-history":[{"count":6,"href":"https:\/\/www.bramial.com\/es\/wp-json\/wp\/v2\/product\/5200\/revisions"}],"predecessor-version":[{"id":6514,"href":"https:\/\/www.bramial.com\/es\/wp-json\/wp\/v2\/product\/5200\/revisions\/6514"}],"wp:featuredmedia":[{"embeddable":true,"href":"https:\/\/www.bramial.com\/es\/wp-json\/wp\/v2\/media\/5201"}],"wp:attachment":[{"href":"https:\/\/www.bramial.com\/es\/wp-json\/wp\/v2\/media?parent=5200"}],"wp:term":[{"taxonomy":"product_brand","embeddable":true,"href":"https:\/\/www.bramial.com\/es\/wp-json\/wp\/v2\/product_brand?post=5200"},{"taxonomy":"product_cat","embeddable":true,"href":"https:\/\/www.bramial.com\/es\/wp-json\/wp\/v2\/product_cat?post=5200"},{"taxonomy":"product_tag","embeddable":true,"href":"https:\/\/www.bramial.com\/es\/wp-json\/wp\/v2\/product_tag?post=5200"}],"curies":[{"name":"wp","href":"https:\/\/api.w.org\/{rel}","templated":true}]}}