{"id":5182,"date":"2025-07-09T14:40:55","date_gmt":"2025-07-09T14:40:55","guid":{"rendered":"https:\/\/www.bramial.pt\/?post_type=product&#038;p=5182"},"modified":"2025-07-18T15:02:08","modified_gmt":"2025-07-18T15:02:08","slug":"porta-millennium-plus-pivot","status":"publish","type":"product","link":"https:\/\/www.bramial.com\/es\/product\/porta-millennium-plus-pivot\/","title":{"rendered":"Porta &#8211; Millennium &#8211; Plus &#8211; Pivot"},"content":{"rendered":"<div data-elementor-type=\"wp-post\" data-elementor-id=\"5182\" class=\"elementor elementor-5182\">\n\t\t\t\t<div class=\"elementor-element elementor-element-87fce01 e-flex e-con-boxed e-con e-parent\" data-id=\"87fce01\" data-element_type=\"container\">\n\t\t\t\t\t<div class=\"e-con-inner\">\n\t\t\t\t<div class=\"elementor-element elementor-element-81d804a elementor-widget elementor-widget-tftabs\" data-id=\"81d804a\" data-element_type=\"widget\" data-widget_type=\"tftabs.default\">\n\t\t\t\t<div class=\"elementor-widget-container\">\n\t\t\t\t\t\t\t<div id=\"tf-tabs-81d804a\" class=\"tf-tabs horizontal tabs-horizontal icon-position-left show-triger-no nav-justify\" data-tabid=\"81d804a\">\r\n\t\t\t<div class=\"tf-tabnav\">\r\n\t\t\t\t<ul>\r\n\t\t\t\t\t\t\t\t\t\t<li class=\"tablinks inactive elementor-animation-\" data-tab=\"tab-1\">\t\r\n\t\t\t\t\t\t\t\t\t\t\t\t\r\n\t\t\t\t\t\t\t\t\t\t\t\t\t<span class=\"tab-title-text\">Descri\u00e7\u00e3o<\/span>\r\n\t\t\t\t\t\t\t\t\t\t\t<\/li>\r\n\t\t\t\t\t\t\t\t\t\t<li class=\"tablinks inactive elementor-animation-\" data-tab=\"tab-2\">\t\r\n\t\t\t\t\t\t\t\t\t\t\t\t\r\n\t\t\t\t\t\t\t\t\t\t\t\t\t<span class=\"tab-title-text\">Dados t\u00e9cnicos<\/span>\r\n\t\t\t\t\t\t\t\t\t\t\t<\/li>\r\n\t\t\t\t\t\t\t\t\t\t<li class=\"tablinks inactive elementor-animation-\" data-tab=\"tab-3\">\t\r\n\t\t\t\t\t\t\t\t\t\t\t\t\r\n\t\t\t\t\t\t\t\t\t\t\t\t\t<span class=\"tab-title-text\">Ensaios<\/span>\r\n\t\t\t\t\t\t\t\t\t\t\t<\/li>\r\n\t\t\t\t\t\t\t\t\t<\/ul>\r\n\t\t\t<\/div>\r\n\t\t\t<div class=\"tf-tabcontent\">\r\n\t\t\t\t\t\t\t\t<div id=\"tab-1\" class=\"tf-tabcontent-inner inactive animated fadeIn\">\r\n\t\t\t\t\t<p>O novo sistema de porta de entrada da CORTIZO responde \u00e0s \u00faltimas tend\u00eancias em design. Gra\u00e7as aos seus eixos, permite grandes aberturas pivotantes, tornando-se uma solu\u00e7\u00e3o de vanguarda para a arquitetura contempor\u00e2nea. Seguran\u00e7a e excelentes desempenhos t\u00e9rmicos e ac\u00fasticos tamb\u00e9m s\u00e3o protagonistas em um sistema que vem para completar o cat\u00e1logo de solu\u00e7\u00f5es minimalistas da CORTIZO.<\/p>\t\t\t\t\t\r\n\t\t\t\t\t\r\n\t\t\t\t<\/div>\r\n\t\t\t\t\t\t\t\t<div id=\"tab-2\" class=\"tf-tabcontent-inner inactive animated fadeIn\">\r\n\t\t\t\t\t<p><strong>Sec\u00e7\u00f5es<\/strong><br \/>Moldura: 80 mm<br \/>Folha: 80 mm<\/p><p>\u00a0<\/p><p><strong>Possibilidades de abertura<\/strong><br \/>Pivotante<\/p><p>\u00a0<\/p><p><strong>Painel<\/strong><br \/>80 mm<\/p><p>\u00a0<\/p><p><strong>Espessura do perfil<\/strong><br \/>Porta: 2,0 mm<\/p><p>\u00a0<\/p><p><strong>Comprimento da barra de poliamida<\/strong><br \/>24 \/ 26 mm<\/p><p>\u00a0<\/p><p><strong>Dimens\u00f5es m\u00e1ximas da folha<\/strong><br \/>Largura (L): 2100 mm (1700* + 400 mm)<br \/>Altura (H): 3000 mm<\/p><p>\u00a0<\/p><p><strong>Peso m\u00e1ximo da folha<\/strong><br \/>250 kg<\/p><p><em>Consultar peso e dimens\u00f5es m\u00e1ximas conforme tipologia<\/em><br \/><em>*Medida a partir do eixo pivotante<\/em><\/p><p>\u00a0<\/p><p><strong>Acabamentos<\/strong><\/p><p>Possibilidade de bicolor<\/p><p>Lacado cores (RAL, manchas e texturizados)<\/p><p>Lacado imita\u00e7\u00e3o madeira<\/p><p>Lacado antibacteriano<\/p><p>Anodizado<\/p>\t\t\t\t\t\r\n\t\t\t\t\t\r\n\t\t\t\t<\/div>\r\n\t\t\t\t\t\t\t\t<div id=\"tab-3\" class=\"tf-tabcontent-inner inactive animated fadeIn\">\r\n\t\t\t\t\t<p><strong><span>Transmit\u00e2ncia t\u00e9rmica (UD)<\/span><\/strong><br \/><span>UD \u2265 0,86 (W\/m\u00b2K)<\/span><\/p><p>\u00a0<\/p><p><strong><span>Permeabilidade ao ar<\/span><\/strong><br \/><span>(UNE-EN 12207) Classe 4<\/span><\/p><p>\u00a0<\/p><p><strong><span>Estanqueidade \u00e0 \u00e1gua<\/span><\/strong><br \/><span>(UNE-EN 12208) Classe 5A<\/span><\/p><p>\u00a0<\/p><p><strong><span>Resist\u00eancia ao vento<\/span><\/strong><br \/><span>(UNE-EN 12210) Classe C5<\/span><\/p><p>\u00a0<\/p><p><strong><span>Teste de refer\u00eancia<\/span><\/strong><br \/><span>AEV 1,20 x 2,00 m \/ 1 folha<\/span><\/p>\t\t\t\t\t\r\n\t\t\t\t\t\r\n\t\t\t\t<\/div>\r\n\t\t\t\t\t\t\t<\/div>\r\n\t\t<\/div>\r\n\t\t\r\n\t\t\t\t\t\t<\/div>\n\t\t\t\t<\/div>\n\t\t\t\t\t<\/div>\n\t\t\t\t<\/div>\n\t\t\t\t<\/div>","protected":false},"excerpt":{"rendered":"<h5><span style=\"vertical-align: inherit;\"><span style=\"vertical-align: inherit;\">Descri\u00e7\u00e3o<\/span><\/span><\/h5>\n<article class=\"text-token-text-primary w-full\" dir=\"auto\" data-testid=\"conversation-turn-6\" data-scroll-anchor=\"true\">\n<div class=\"text-base my-auto mx-auto py-5 [--thread-content-margin:--spacing(4)] @[37rem]:[--thread-content-margin:--spacing(6)] @[72rem]:[--thread-content-margin:--spacing(16)] px-(--thread-content-margin)\">\n<div class=\"[--thread-content-max-width:32rem] @[34rem]:[--thread-content-max-width:40rem] @[64rem]:[--thread-content-max-width:48rem] mx-auto flex max-w-(--thread-content-max-width) flex-1 text-base gap-4 md:gap-5 lg:gap-6 group\/turn-messages focus-visible:outline-hidden\" tabindex=\"-1\">\n<div class=\"group\/conversation-turn relative flex w-full min-w-0 flex-col agent-turn\">\n<div class=\"relative flex-col gap-1 md:gap-3\">\n<div class=\"flex min-h-[46px] justify-start\">\n<div class=\"touch:-me-2 touch:-ms-3.5 -ms-2.5 -me-1 flex flex-wrap items-center gap-y-4 p-1 select-none touch:w-[calc(100%+--spacing(3.5))] -mt-1 w-[calc(100%+--spacing(2.5))] duration-[1.5s] focus-within:transition-none hover:transition-none pointer-events-none [mask-image:linear-gradient(to_right,black_33%,transparent_66%)] [mask-size:300%_100%] [mask-position:100%_0%] motion-safe:transition-[mask-position] group-hover\/turn-messages:pointer-events-auto group-hover\/turn-messages:[mask-position:0_0] group-focus-within\/turn-messages:pointer-events-auto group-focus-within\/turn-messages:[mask-position:0_0] has-data-[state=open]:pointer-events-auto has-data-[state=open]:[mask-position:0_0]\">\n<div class=\"pointer-events-none h-px w-px\" aria-hidden=\"true\" data-edge=\"true\">\n<p data-start=\"0\" data-end=\"130\">Porta de entrada de design contempor\u00e2neo com abertura pivotante para grandes dimens\u00f5es.<\/p>\n<p data-start=\"132\" data-end=\"228\" data-is-last-node=\"\" data-is-only-node=\"\">Combina est\u00e9tica minimalista com elevada seguran\u00e7a e excelentes presta\u00e7\u00f5es t\u00e9rmicas e ac\u00fasticas.<\/p>\n<p data-start=\"132\" data-end=\"228\" data-is-last-node=\"\" data-is-only-node=\"\"><img decoding=\"async\" class=\"alignnone size-full wp-image-4714\" src=\"https:\/\/www.bramial.pt\/wp-content\/uploads\/2025\/07\/Icon-feather-download.png\" alt=\"\" width=\"23\" height=\"23\" \/> <a  data-e-disable-page-transition=\"true\" class=\"download-link\" title=\"\" href=\"https:\/\/www.bramial.com\/es\/download\/5544\/?tmstv=1776548989\" rel=\"nofollow\" id=\"download-link-5544\" data-redirect=\"false\" ><br \/>\n\tFICHA T\u00c9CNICA P. Millennium Plus P.<\/a>\n<\/p>\n<p data-start=\"132\" data-end=\"228\" data-is-last-node=\"\" data-is-only-node=\"\">\n<\/div>\n<\/div>\n<\/div>\n<\/div>\n<\/div>\n<\/div>\n<\/div>\n<\/article>","protected":false},"featured_media":5183,"comment_status":"open","ping_status":"closed","template":"","meta":[],"product_brand":[],"product_cat":[61],"product_tag":[],"class_list":{"0":"post-5182","1":"product","2":"type-product","3":"status-publish","4":"has-post-thumbnail","6":"product_cat-portas","8":"first","9":"instock","10":"downloadable","11":"virtual","12":"product-type-simple"},"_links":{"self":[{"href":"https:\/\/www.bramial.com\/es\/wp-json\/wp\/v2\/product\/5182","targetHints":{"allow":["GET"]}}],"collection":[{"href":"https:\/\/www.bramial.com\/es\/wp-json\/wp\/v2\/product"}],"about":[{"href":"https:\/\/www.bramial.com\/es\/wp-json\/wp\/v2\/types\/product"}],"replies":[{"embeddable":true,"href":"https:\/\/www.bramial.com\/es\/wp-json\/wp\/v2\/comments?post=5182"}],"version-history":[{"count":6,"href":"https:\/\/www.bramial.com\/es\/wp-json\/wp\/v2\/product\/5182\/revisions"}],"predecessor-version":[{"id":6516,"href":"https:\/\/www.bramial.com\/es\/wp-json\/wp\/v2\/product\/5182\/revisions\/6516"}],"wp:featuredmedia":[{"embeddable":true,"href":"https:\/\/www.bramial.com\/es\/wp-json\/wp\/v2\/media\/5183"}],"wp:attachment":[{"href":"https:\/\/www.bramial.com\/es\/wp-json\/wp\/v2\/media?parent=5182"}],"wp:term":[{"taxonomy":"product_brand","embeddable":true,"href":"https:\/\/www.bramial.com\/es\/wp-json\/wp\/v2\/product_brand?post=5182"},{"taxonomy":"product_cat","embeddable":true,"href":"https:\/\/www.bramial.com\/es\/wp-json\/wp\/v2\/product_cat?post=5182"},{"taxonomy":"product_tag","embeddable":true,"href":"https:\/\/www.bramial.com\/es\/wp-json\/wp\/v2\/product_tag?post=5182"}],"curies":[{"name":"wp","href":"https:\/\/api.w.org\/{rel}","templated":true}]}}