{"id":5164,"date":"2025-07-09T14:28:16","date_gmt":"2025-07-09T14:28:16","guid":{"rendered":"https:\/\/www.bramial.pt\/?post_type=product&#038;p=5164"},"modified":"2025-07-18T15:05:26","modified_gmt":"2025-07-18T15:05:26","slug":"porta-millennium-plus-80","status":"publish","type":"product","link":"https:\/\/www.bramial.com\/es\/product\/porta-millennium-plus-80\/","title":{"rendered":"Porta &#8211; Millennium &#8211; Plus &#8211; 80"},"content":{"rendered":"<div data-elementor-type=\"wp-post\" data-elementor-id=\"5164\" class=\"elementor elementor-5164\">\n\t\t\t\t<div class=\"elementor-element elementor-element-87fce01 e-flex e-con-boxed e-con e-parent\" data-id=\"87fce01\" data-element_type=\"container\">\n\t\t\t\t\t<div class=\"e-con-inner\">\n\t\t\t\t<div class=\"elementor-element elementor-element-81d804a elementor-widget elementor-widget-tftabs\" data-id=\"81d804a\" data-element_type=\"widget\" data-widget_type=\"tftabs.default\">\n\t\t\t\t<div class=\"elementor-widget-container\">\n\t\t\t\t\t\t\t<div id=\"tf-tabs-81d804a\" class=\"tf-tabs horizontal tabs-horizontal icon-position-left show-triger-no nav-justify\" data-tabid=\"81d804a\">\r\n\t\t\t<div class=\"tf-tabnav\">\r\n\t\t\t\t<ul>\r\n\t\t\t\t\t\t\t\t\t\t<li class=\"tablinks inactive elementor-animation-\" data-tab=\"tab-1\">\t\r\n\t\t\t\t\t\t\t\t\t\t\t\t\r\n\t\t\t\t\t\t\t\t\t\t\t\t\t<span class=\"tab-title-text\">Descri\u00e7\u00e3o<\/span>\r\n\t\t\t\t\t\t\t\t\t\t\t<\/li>\r\n\t\t\t\t\t\t\t\t\t\t<li class=\"tablinks inactive elementor-animation-\" data-tab=\"tab-2\">\t\r\n\t\t\t\t\t\t\t\t\t\t\t\t\r\n\t\t\t\t\t\t\t\t\t\t\t\t\t<span class=\"tab-title-text\">Dados t\u00e9cnicos<\/span>\r\n\t\t\t\t\t\t\t\t\t\t\t<\/li>\r\n\t\t\t\t\t\t\t\t\t\t<li class=\"tablinks inactive elementor-animation-\" data-tab=\"tab-3\">\t\r\n\t\t\t\t\t\t\t\t\t\t\t\t\r\n\t\t\t\t\t\t\t\t\t\t\t\t\t<span class=\"tab-title-text\">Ensaios<\/span>\r\n\t\t\t\t\t\t\t\t\t\t\t<\/li>\r\n\t\t\t\t\t\t\t\t\t<\/ul>\r\n\t\t\t<\/div>\r\n\t\t\t<div class=\"tf-tabcontent\">\r\n\t\t\t\t\t\t\t\t<div id=\"tab-1\" class=\"tf-tabcontent-inner inactive animated fadeIn\">\r\n\t\t\t\t\t<p>Sistema de porta pedonal coplanar de linhas retas com 80 mm de profundidade e ruptura de ponte t\u00e9rmica de 34 mm, especialmente indicado para locais comerciais e edif\u00edcios.<br \/><br \/><\/p><div><div><strong>Possibilidades<\/strong><\/div><div>Acessibilidade<br \/>Dobradi\u00e7as ocultas<br \/>Automatiza\u00e7\u00e3o<\/div><\/div>\t\t\t\t\t\r\n\t\t\t\t\t\r\n\t\t\t\t<\/div>\r\n\t\t\t\t\t\t\t\t<div id=\"tab-2\" class=\"tf-tabcontent-inner inactive animated fadeIn\">\r\n\t\t\t\t\t<p><strong>M\u00e1ximo envidra\u00e7amento<\/strong><\/p><p><span>64 mil\u00edmetros<\/span><\/p><p>\u00a0<\/p><p><strong>Possibilidades de Abertura<\/strong><\/p><p><strong><span>Abertura interna<\/span><\/strong><\/p><p>Batente<\/p><p><strong><span>Abertura externa<\/span><\/strong><\/p><p><span>Batente<\/span><\/p><p><strong>Abertura autom\u00e1tica<\/strong><\/p><p>Batente exterior e interior<\/p><p><br \/><strong>Sec\u00e7\u00f5es<\/strong><\/p><p><span>Aro \u2013 80 mm\u00a0<\/span><\/p><p>Folha\u00a0\u2013 80 mm<\/p><p><br \/><strong>Espessura perfilaria<\/strong><\/p><p><span>Porta de 2,0 mm<\/span><\/p><p><br \/><strong>Largura vareta poliamida<\/strong><\/p><p><span>34 mil\u00edmetros<\/span><\/p><p><br \/><strong><span>Dimens\u00f5es m\u00e1ximas<\/span><br \/><\/strong><em>Porta<\/em><\/p><p>Largura\u00a0(L) = 1.800 mm<br \/>Altura\u00a0(H) = 3.000 mm<\/p><div><br \/><div><div><em>Porta com dobradi\u00e7as ocultas<\/em><\/div><\/div><p><span>Largura (C) = 1,500 mm<\/span><br \/><span>Altura (A) = 3,000 mm<\/span><\/p><div>\u00a0<\/div><\/div><p><strong>Peso m\u00e1ximo \/ folha<\/strong><\/p><p><span>220 kg<\/span><\/p><div><em>Consultar peso e dimens\u00f5es m\u00e1ximos <\/em><em>para outras tipologias.<\/em><\/div><p><em><br \/><\/em><strong>Acabamentos<\/strong>\u00a0<\/p><p>Possibilidade bi-cor<\/p><p><span>Lacagem colorida (RAL, salpicado e \u00e1spero)<\/span><\/p><p>Lacagem imita\u00e7\u00e3o madeira<\/p><p><span>Lacagem antibacteriana<\/span><\/p><p>Anodizado<\/p>\t\t\t\t\t\r\n\t\t\t\t\t\r\n\t\t\t\t<\/div>\r\n\t\t\t\t\t\t\t\t<div id=\"tab-3\" class=\"tf-tabcontent-inner inactive animated fadeIn\">\r\n\t\t\t\t\t<p><strong><span>Transmiss\u00e3o\u00a0<\/span><\/strong><\/p><p><span>U\u00a0<\/span><sub><span>D\u00a0<\/span><\/sub><span>\u00a0\u2265 0,8 (W\/m\u00b2K)<\/span><\/p><p><em><span>Consultar tipologia, dimens\u00e3o e vidro\u00a0<\/span><\/em><br \/><br \/><strong><span>M\u00e1ximo isolamento ac\u00fastico<\/span><\/strong><\/p><p><span>Rw=40 dB<\/span><\/p><p><br \/><strong><span>Permeabilidade ao ar<\/span><\/strong><\/p><p><span>(EN 12207) Classe 4<\/span><\/p><p><br \/><strong><span>Estanquidade \u00e0 \u00e1gua<\/span><\/strong><\/p><p><span>(UNE-EN 12208) Classe 6A<\/span><\/p><p><br \/><strong><span>Resist\u00eancia ao vento<\/span><\/strong><\/p><p><span>(EN 12210) Classe C4<\/span><\/p><p><em><br \/><\/em><strong><span>Resist\u00eancia ao impacto do corpo macio<\/span><\/strong><\/p><p><span>(EN 13049) Classe 5 (m\u00e1x.)<\/span><\/p><p><em><br \/><\/em><strong><span>Resist\u00eancia a manobras repetidas de abertura e fecho<\/span><\/strong><\/p><p><span>(EN 1191) 1.000.000 de ciclos<\/span><\/p><p><em><br \/><\/em><strong><span>Resist\u00eancia \u00e0 intrus\u00e3o<\/span><\/strong><br \/><span>Grau RC2 (WK2)\u00a0<\/span><br \/><br \/><span>Resist\u00eancia ao vento: Teste de refer\u00eancia 1,20 x 2,30 m \/ 1 folha<\/span><br \/><span>Resist\u00eancia ao impacto com corpo brando: UNE-EN 13049.<\/span><br \/><span>Teste de refer\u00eancia porta 1,80 x 2,20 m \/ 2 folhas. Vidro laminar 3+3 Resist\u00eancia a manobras repetidas de abertura e fechamento: UNE-EN 1191.<\/span><br \/><span>Ensaio de refer\u00eancia porta 2,10 x 2,20 m \/ 1 folha. Ensaio de seguran\u00e7a \/ Intrus\u00e3o: NEN 5096: 2012+A1: 2015 en EN 1627: 201<\/span><\/p>\t\t\t\t\t\r\n\t\t\t\t\t\r\n\t\t\t\t<\/div>\r\n\t\t\t\t\t\t\t<\/div>\r\n\t\t<\/div>\r\n\t\t\r\n\t\t\t\t\t\t<\/div>\n\t\t\t\t<\/div>\n\t\t\t\t\t<\/div>\n\t\t\t\t<\/div>\n\t\t\t\t<\/div>","protected":false},"excerpt":{"rendered":"<h5><span style=\"vertical-align: inherit;\"><span style=\"vertical-align: inherit;\">Descri\u00e7\u00e3o<\/span><\/span><\/h5>\n<article class=\"text-token-text-primary w-full\" dir=\"auto\" data-testid=\"conversation-turn-6\" data-scroll-anchor=\"true\">\n<div class=\"text-base my-auto mx-auto py-5 [--thread-content-margin:--spacing(4)] @[37rem]:[--thread-content-margin:--spacing(6)] @[72rem]:[--thread-content-margin:--spacing(16)] px-(--thread-content-margin)\">\n<div class=\"[--thread-content-max-width:32rem] @[34rem]:[--thread-content-max-width:40rem] @[64rem]:[--thread-content-max-width:48rem] mx-auto flex max-w-(--thread-content-max-width) flex-1 text-base gap-4 md:gap-5 lg:gap-6 group\/turn-messages focus-visible:outline-hidden\" tabindex=\"-1\">\n<div class=\"group\/conversation-turn relative flex w-full min-w-0 flex-col agent-turn\">\n<div class=\"relative flex-col gap-1 md:gap-3\">\n<div class=\"flex min-h-[46px] justify-start\">\n<div class=\"touch:-me-2 touch:-ms-3.5 -ms-2.5 -me-1 flex flex-wrap items-center gap-y-4 p-1 select-none touch:w-[calc(100%+--spacing(3.5))] -mt-1 w-[calc(100%+--spacing(2.5))] duration-[1.5s] focus-within:transition-none hover:transition-none pointer-events-none [mask-image:linear-gradient(to_right,black_33%,transparent_66%)] [mask-size:300%_100%] [mask-position:100%_0%] motion-safe:transition-[mask-position] group-hover\/turn-messages:pointer-events-auto group-hover\/turn-messages:[mask-position:0_0] group-focus-within\/turn-messages:pointer-events-auto group-focus-within\/turn-messages:[mask-position:0_0] has-data-[state=open]:pointer-events-auto has-data-[state=open]:[mask-position:0_0]\">\n<div class=\"pointer-events-none h-px w-px\" aria-hidden=\"true\" data-edge=\"true\">\n<p data-start=\"0\" data-end=\"125\">Porta de linhas retas com 80\u202fmm de profundidade e rutura de ponte t\u00e9rmica de 34\u202fmm.<\/p>\n<p data-start=\"127\" data-end=\"169\" data-is-last-node=\"\" data-is-only-node=\"\">Ideal para espa\u00e7os comerciais e edif\u00edcios.<\/p>\n<p data-start=\"127\" data-end=\"169\" data-is-last-node=\"\" data-is-only-node=\"\"><img decoding=\"async\" class=\"alignnone size-full wp-image-4714\" src=\"https:\/\/www.bramial.pt\/wp-content\/uploads\/2025\/07\/Icon-feather-download.png\" alt=\"\" width=\"23\" height=\"23\" \/> <a  data-e-disable-page-transition=\"true\" class=\"download-link\" title=\"\" href=\"https:\/\/www.bramial.com\/es\/download\/5536\/?tmstv=1776536210\" rel=\"nofollow\" id=\"download-link-5536\" data-redirect=\"false\" ><br \/>\n\tFICHA T\u00c9CNICA P. Millennium Plus 80<\/a>\n<\/p>\n<p data-start=\"127\" data-end=\"169\" data-is-last-node=\"\" data-is-only-node=\"\">\n<\/div>\n<\/div>\n<\/div>\n<\/div>\n<\/div>\n<\/div>\n<\/div>\n<\/article>","protected":false},"featured_media":5167,"comment_status":"open","ping_status":"closed","template":"","meta":[],"product_brand":[],"product_cat":[61],"product_tag":[],"class_list":{"0":"post-5164","1":"product","2":"type-product","3":"status-publish","4":"has-post-thumbnail","6":"product_cat-portas","8":"first","9":"instock","10":"downloadable","11":"virtual","12":"product-type-simple"},"_links":{"self":[{"href":"https:\/\/www.bramial.com\/es\/wp-json\/wp\/v2\/product\/5164","targetHints":{"allow":["GET"]}}],"collection":[{"href":"https:\/\/www.bramial.com\/es\/wp-json\/wp\/v2\/product"}],"about":[{"href":"https:\/\/www.bramial.com\/es\/wp-json\/wp\/v2\/types\/product"}],"replies":[{"embeddable":true,"href":"https:\/\/www.bramial.com\/es\/wp-json\/wp\/v2\/comments?post=5164"}],"version-history":[{"count":6,"href":"https:\/\/www.bramial.com\/es\/wp-json\/wp\/v2\/product\/5164\/revisions"}],"predecessor-version":[{"id":6518,"href":"https:\/\/www.bramial.com\/es\/wp-json\/wp\/v2\/product\/5164\/revisions\/6518"}],"wp:featuredmedia":[{"embeddable":true,"href":"https:\/\/www.bramial.com\/es\/wp-json\/wp\/v2\/media\/5167"}],"wp:attachment":[{"href":"https:\/\/www.bramial.com\/es\/wp-json\/wp\/v2\/media?parent=5164"}],"wp:term":[{"taxonomy":"product_brand","embeddable":true,"href":"https:\/\/www.bramial.com\/es\/wp-json\/wp\/v2\/product_brand?post=5164"},{"taxonomy":"product_cat","embeddable":true,"href":"https:\/\/www.bramial.com\/es\/wp-json\/wp\/v2\/product_cat?post=5164"},{"taxonomy":"product_tag","embeddable":true,"href":"https:\/\/www.bramial.com\/es\/wp-json\/wp\/v2\/product_tag?post=5164"}],"curies":[{"name":"wp","href":"https:\/\/api.w.org\/{rel}","templated":true}]}}