{"id":5092,"date":"2025-07-09T13:39:27","date_gmt":"2025-07-09T13:39:27","guid":{"rendered":"https:\/\/www.bramial.pt\/?post_type=product&#038;p=5092"},"modified":"2025-07-18T14:54:33","modified_gmt":"2025-07-18T14:54:33","slug":"4700-de-correr","status":"publish","type":"product","link":"https:\/\/www.bramial.com\/es\/product\/4700-de-correr\/","title":{"rendered":"4700 &#8211; de &#8211; Correr"},"content":{"rendered":"<div data-elementor-type=\"wp-post\" data-elementor-id=\"5092\" class=\"elementor elementor-5092\">\n\t\t\t\t<div class=\"elementor-element elementor-element-87fce01 e-flex e-con-boxed e-con e-parent\" data-id=\"87fce01\" data-element_type=\"container\">\n\t\t\t\t\t<div class=\"e-con-inner\">\n\t\t\t\t<div class=\"elementor-element elementor-element-81d804a elementor-widget elementor-widget-tftabs\" data-id=\"81d804a\" data-element_type=\"widget\" data-widget_type=\"tftabs.default\">\n\t\t\t\t<div class=\"elementor-widget-container\">\n\t\t\t\t\t\t\t<div id=\"tf-tabs-81d804a\" class=\"tf-tabs horizontal tabs-horizontal icon-position-left show-triger-no nav-justify\" data-tabid=\"81d804a\">\r\n\t\t\t<div class=\"tf-tabnav\">\r\n\t\t\t\t<ul>\r\n\t\t\t\t\t\t\t\t\t\t<li class=\"tablinks inactive elementor-animation-\" data-tab=\"tab-1\">\t\r\n\t\t\t\t\t\t\t\t\t\t\t\t\r\n\t\t\t\t\t\t\t\t\t\t\t\t\t<span class=\"tab-title-text\">Descri\u00e7\u00e3o<\/span>\r\n\t\t\t\t\t\t\t\t\t\t\t<\/li>\r\n\t\t\t\t\t\t\t\t\t\t<li class=\"tablinks inactive elementor-animation-\" data-tab=\"tab-2\">\t\r\n\t\t\t\t\t\t\t\t\t\t\t\t\r\n\t\t\t\t\t\t\t\t\t\t\t\t\t<span class=\"tab-title-text\">Dados t\u00e9cnicos<\/span>\r\n\t\t\t\t\t\t\t\t\t\t\t<\/li>\r\n\t\t\t\t\t\t\t\t\t\t<li class=\"tablinks inactive elementor-animation-\" data-tab=\"tab-3\">\t\r\n\t\t\t\t\t\t\t\t\t\t\t\t\r\n\t\t\t\t\t\t\t\t\t\t\t\t\t<span class=\"tab-title-text\">Ensaios<\/span>\r\n\t\t\t\t\t\t\t\t\t\t\t<\/li>\r\n\t\t\t\t\t\t\t\t\t<\/ul>\r\n\t\t\t<\/div>\r\n\t\t\t<div class=\"tf-tabcontent\">\r\n\t\t\t\t\t\t\t\t<div id=\"tab-1\" class=\"tf-tabcontent-inner inactive animated fadeIn\">\r\n\t\t\t\t\t<div>Este sistema de correr,\u00a0<strong>dispon\u00edvel nas vers\u00f5es elevat\u00f3ria<\/strong>\u00a0e\u00a0<strong>em linha<\/strong>, torna-se na solu\u00e7\u00e3o ideal para v\u00e3os de grandes dimens\u00f5es.\u00a0<br \/><br \/><\/div><div>Apresenta uma est\u00e9tica moderna de\u00a0<strong>linhas retas<\/strong>,\u00a0<strong>n\u00f3 central reduzido<\/strong>\u00a0e\u00a0<strong>grandes superf\u00edcies envidra\u00e7adas<\/strong>\u00a0que garantem ambientes cheios de luz e conforto, gra\u00e7as, tamb\u00e9m, ao seu excelente desempenho t\u00e9rmico e ac\u00fastico.<br \/><br \/><div><strong>Possibilidades<\/strong><\/div><div>Acessibilidade<\/div><\/div>\t\t\t\t\t\r\n\t\t\t\t\t\r\n\t\t\t\t<\/div>\r\n\t\t\t\t\t\t\t\t<div id=\"tab-2\" class=\"tf-tabcontent-inner inactive animated fadeIn\">\r\n\t\t\t\t\t<p><strong>Envidra\u00e7amento<\/strong><br \/>M\u00e1x. 36 mm<br \/>M\u00edn. 26 mm<strong><br \/><\/strong><br \/><strong>Possibilidades de abertura<\/strong><\/p><p>Correr de 2, 3, 4, 6 y 8 folhas<\/p><p>Possibilidade\u00a0monocarril (1 folha + 1 fixo)<\/p><p>Possibilidade 2 e 3 carril<\/p><p>Possibilidade Galandage 1, 2, 3 e 4 folhas<\/p><p><br \/><strong>Sec\u00e7\u00f5es<\/strong><\/p><p>Aro\u00a0120 e 115 mm<\/p><p>Folha\u00a050 mm<\/p><p><br \/><strong>Espessura perfilaria<\/strong><\/p><p>Porta 1,5 mm<\/p><p><br \/><strong>Largura vareta poliamida<\/strong><\/p><p>20 e 25 mm<\/p><p><br \/><strong>Dimens\u00f5es m\u00e1ximas<\/strong><\/p><p>Largura\u00a0(L) = 2.500 mm<br \/>Altura\u00a0(H) = 3.000 mm<\/p><p><br \/><strong>Peso m\u00e1ximo \/ folha<\/strong><\/p><p>Correr em linha: 280 Kg<\/p><div>Correr elevat\u00f3ria: 300 Kg<\/div><div><small>Consultar peso e dimens\u00f5es m\u00e1ximos\u00a0para outras tipologias.<\/small><\/div><p><em><br \/><\/em><strong>Acabamentos<\/strong><em>\u00a0<\/em><\/p><p>Possibilidade bi-cor<\/p><p>Lacagem a cores (RAL, salpicados e rugosos)<\/p><p>Lacagem imita\u00e7\u00e3o madeira<\/p><p>Lacagem anti-bacteriana<\/p><p>Anodizado<\/p>\t\t\t\t\t\r\n\t\t\t\t\t\r\n\t\t\t\t<\/div>\r\n\t\t\t\t\t\t\t\t<div id=\"tab-3\" class=\"tf-tabcontent-inner inactive animated fadeIn\">\r\n\t\t\t\t\t<p><strong><span>Transmiss\u00e3o\u00a0<\/span><\/strong><\/p><p><span>Seu \u2265<\/span>\u00a0<span>\u00a0\u00a01,00 (W\/m\u00b2K)<\/span><\/p><p><em><small>Consultar tipologia, dimens\u00e3o e vidro\u00a0<\/small><\/em><br \/><br \/><strong>M\u00e1ximo isolamento ac\u00fastico<\/strong><\/p><p><span>Rw=40 dB<\/span><\/p><p><br \/><strong><span>Permeabilidade ao ar<\/span><\/strong><\/p><p><span>(EN 12207)\u00a0<\/span><\/p><p>Correr em linha: Classe 3<\/p><p>Correr elevat\u00f3ria: Classe 4<br \/><br \/><strong>Estanquidade \u00e0 \u00e1gua<\/strong><\/p><p><span>(EN 12208) CLASSE 7A<\/span><\/p><p><br \/><strong>Resist\u00eancia ao vento<\/strong><\/p><p><span>(EN 12210)\u00a0<\/span><\/p><p>Correr em linha: Classe C5<\/p><p>Correr elevat\u00f3ria: Classe C2<br \/><br \/><small><strong>Ensaio de refer\u00eancia<\/strong><\/small><em><small><br \/>Correr em linha: 1,80 x 2,20 m \/ 2\u00a0folhas<br \/>Correr elevat\u00f3ria: 4,00 x 2,50 m \/ 2 folhas<br \/><br \/><\/small><\/em><strong>Ensaio de seguran\u00e7a<\/strong><br \/>Apto\u00a0<\/p>\t\t\t\t\t\r\n\t\t\t\t\t\r\n\t\t\t\t<\/div>\r\n\t\t\t\t\t\t\t<\/div>\r\n\t\t<\/div>\r\n\t\t\r\n\t\t\t\t\t\t<\/div>\n\t\t\t\t<\/div>\n\t\t\t\t\t<\/div>\n\t\t\t\t<\/div>\n\t\t\t\t<\/div>","protected":false},"excerpt":{"rendered":"<h5><span style=\"vertical-align: inherit;\"><span style=\"vertical-align: inherit;\">Descri\u00e7\u00e3o<\/span><\/span><\/h5>\n<article class=\"text-token-text-primary w-full\" dir=\"auto\" data-testid=\"conversation-turn-6\" data-scroll-anchor=\"true\">\n<div class=\"text-base my-auto mx-auto py-5 [--thread-content-margin:--spacing(4)] @[37rem]:[--thread-content-margin:--spacing(6)] @[72rem]:[--thread-content-margin:--spacing(16)] px-(--thread-content-margin)\">\n<div class=\"[--thread-content-max-width:32rem] @[34rem]:[--thread-content-max-width:40rem] @[64rem]:[--thread-content-max-width:48rem] mx-auto flex max-w-(--thread-content-max-width) flex-1 text-base gap-4 md:gap-5 lg:gap-6 group\/turn-messages focus-visible:outline-hidden\" tabindex=\"-1\">\n<div class=\"group\/conversation-turn relative flex w-full min-w-0 flex-col agent-turn\">\n<div class=\"relative flex-col gap-1 md:gap-3\">\n<div class=\"flex min-h-[46px] justify-start\">\n<div class=\"touch:-me-2 touch:-ms-3.5 -ms-2.5 -me-1 flex flex-wrap items-center gap-y-4 p-1 select-none touch:w-[calc(100%+--spacing(3.5))] -mt-1 w-[calc(100%+--spacing(2.5))] duration-[1.5s] focus-within:transition-none hover:transition-none pointer-events-none [mask-image:linear-gradient(to_right,black_33%,transparent_66%)] [mask-size:300%_100%] [mask-position:100%_0%] motion-safe:transition-[mask-position] group-hover\/turn-messages:pointer-events-auto group-hover\/turn-messages:[mask-position:0_0] group-focus-within\/turn-messages:pointer-events-auto group-focus-within\/turn-messages:[mask-position:0_0] has-data-[state=open]:pointer-events-auto has-data-[state=open]:[mask-position:0_0]\">\n<div class=\"pointer-events-none h-px w-px\" aria-hidden=\"true\" data-edge=\"true\">\n<p data-start=\"0\" data-end=\"142\">Solu\u00e7\u00e3o ideal para grandes v\u00e3os, com est\u00e9tica moderna de linhas retas e n\u00f3 central reduzido.<\/p>\n<p data-start=\"144\" data-end=\"246\" data-is-last-node=\"\" data-is-only-node=\"\">Permite grandes superf\u00edcies envidra\u00e7adas, garantindo m\u00e1xima luminosidade, conforto t\u00e9rmico e ac\u00fastico.<\/p>\n<p data-start=\"144\" data-end=\"246\" data-is-last-node=\"\" data-is-only-node=\"\"><img decoding=\"async\" class=\"alignnone size-full wp-image-4714\" src=\"https:\/\/www.bramial.pt\/wp-content\/uploads\/2025\/07\/Icon-feather-download.png\" alt=\"\" width=\"23\" height=\"23\" \/> <a  data-e-disable-page-transition=\"true\" class=\"download-link\" title=\"\" href=\"https:\/\/www.bramial.com\/es\/download\/5574\/?tmstv=1776534331\" rel=\"nofollow\" id=\"download-link-5574\" data-redirect=\"false\" ><br \/>\n\tFICHA T\u00c9CNICA 4700 Correr<\/a>\n<\/p>\n<p data-start=\"144\" data-end=\"246\" data-is-last-node=\"\" data-is-only-node=\"\">\n<\/div>\n<\/div>\n<\/div>\n<\/div>\n<\/div>\n<\/div>\n<\/div>\n<\/article>","protected":false},"featured_media":5093,"comment_status":"open","ping_status":"closed","template":"","meta":[],"product_brand":[],"product_cat":[59],"product_tag":[],"class_list":{"0":"post-5092","1":"product","2":"type-product","3":"status-publish","4":"has-post-thumbnail","6":"product_cat-janelas-e-portas-de-correr","8":"first","9":"instock","10":"downloadable","11":"virtual","12":"product-type-simple"},"_links":{"self":[{"href":"https:\/\/www.bramial.com\/es\/wp-json\/wp\/v2\/product\/5092","targetHints":{"allow":["GET"]}}],"collection":[{"href":"https:\/\/www.bramial.com\/es\/wp-json\/wp\/v2\/product"}],"about":[{"href":"https:\/\/www.bramial.com\/es\/wp-json\/wp\/v2\/types\/product"}],"replies":[{"embeddable":true,"href":"https:\/\/www.bramial.com\/es\/wp-json\/wp\/v2\/comments?post=5092"}],"version-history":[{"count":6,"href":"https:\/\/www.bramial.com\/es\/wp-json\/wp\/v2\/product\/5092\/revisions"}],"predecessor-version":[{"id":6507,"href":"https:\/\/www.bramial.com\/es\/wp-json\/wp\/v2\/product\/5092\/revisions\/6507"}],"wp:featuredmedia":[{"embeddable":true,"href":"https:\/\/www.bramial.com\/es\/wp-json\/wp\/v2\/media\/5093"}],"wp:attachment":[{"href":"https:\/\/www.bramial.com\/es\/wp-json\/wp\/v2\/media?parent=5092"}],"wp:term":[{"taxonomy":"product_brand","embeddable":true,"href":"https:\/\/www.bramial.com\/es\/wp-json\/wp\/v2\/product_brand?post=5092"},{"taxonomy":"product_cat","embeddable":true,"href":"https:\/\/www.bramial.com\/es\/wp-json\/wp\/v2\/product_cat?post=5092"},{"taxonomy":"product_tag","embeddable":true,"href":"https:\/\/www.bramial.com\/es\/wp-json\/wp\/v2\/product_tag?post=5092"}],"curies":[{"name":"wp","href":"https:\/\/api.w.org\/{rel}","templated":true}]}}