{"id":5065,"date":"2025-07-09T13:26:29","date_gmt":"2025-07-09T13:26:29","guid":{"rendered":"https:\/\/www.bramial.pt\/?post_type=product&#038;p=5065"},"modified":"2025-07-18T14:57:02","modified_gmt":"2025-07-18T14:57:02","slug":"cor-vision-plus-de-correr","status":"publish","type":"product","link":"https:\/\/www.bramial.com\/es\/product\/cor-vision-plus-de-correr\/","title":{"rendered":"Cor &#8211; Vision &#8211; Plus &#8211; de &#8211; Correr"},"content":{"rendered":"<div data-elementor-type=\"wp-post\" data-elementor-id=\"5065\" class=\"elementor elementor-5065\">\n\t\t\t\t<div class=\"elementor-element elementor-element-87fce01 e-flex e-con-boxed e-con e-parent\" data-id=\"87fce01\" data-element_type=\"container\">\n\t\t\t\t\t<div class=\"e-con-inner\">\n\t\t\t\t<div class=\"elementor-element elementor-element-81d804a elementor-widget elementor-widget-tftabs\" data-id=\"81d804a\" data-element_type=\"widget\" data-widget_type=\"tftabs.default\">\n\t\t\t\t<div class=\"elementor-widget-container\">\n\t\t\t\t\t\t\t<div id=\"tf-tabs-81d804a\" class=\"tf-tabs horizontal tabs-horizontal icon-position-left show-triger-no nav-justify\" data-tabid=\"81d804a\">\r\n\t\t\t<div class=\"tf-tabnav\">\r\n\t\t\t\t<ul>\r\n\t\t\t\t\t\t\t\t\t\t<li class=\"tablinks inactive elementor-animation-\" data-tab=\"tab-1\">\t\r\n\t\t\t\t\t\t\t\t\t\t\t\t\r\n\t\t\t\t\t\t\t\t\t\t\t\t\t<span class=\"tab-title-text\">Descri\u00e7\u00e3o<\/span>\r\n\t\t\t\t\t\t\t\t\t\t\t<\/li>\r\n\t\t\t\t\t\t\t\t\t\t<li class=\"tablinks inactive elementor-animation-\" data-tab=\"tab-2\">\t\r\n\t\t\t\t\t\t\t\t\t\t\t\t\r\n\t\t\t\t\t\t\t\t\t\t\t\t\t<span class=\"tab-title-text\">Dados t\u00e9cnicos<\/span>\r\n\t\t\t\t\t\t\t\t\t\t\t<\/li>\r\n\t\t\t\t\t\t\t\t\t\t<li class=\"tablinks inactive elementor-animation-\" data-tab=\"tab-3\">\t\r\n\t\t\t\t\t\t\t\t\t\t\t\t\r\n\t\t\t\t\t\t\t\t\t\t\t\t\t<span class=\"tab-title-text\">Ensaios<\/span>\r\n\t\t\t\t\t\t\t\t\t\t\t<\/li>\r\n\t\t\t\t\t\t\t\t\t<\/ul>\r\n\t\t\t<\/div>\r\n\t\t\t<div class=\"tf-tabcontent\">\r\n\t\t\t\t\t\t\t\t<div id=\"tab-1\" class=\"tf-tabcontent-inner inactive animated fadeIn\">\r\n\t\t\t\t\t<p>A grandeza do minimalismo reflete-se neste sistema de correr para grandes dimens\u00f5es com folhas at\u00e9 4 metros, n\u00f3 central de apenas 25 mm e aros inferiores, superiores e laterais embutidos, permitindo uma superf\u00edcie envidra\u00e7ada at\u00e9 94%. Apresenta uma capacidade de envidra\u00e7amento m\u00e1xima de 56 mm, oferecendo excelentes presta\u00e7\u00f5es t\u00e9rmicas e ac\u00fasticas. Dispon\u00edvel com sistema de abertura manual (at\u00e9 400 kg) ou motorizada (at\u00e9 700 kg). Por outro lado a acessibilidade \u00e9 favorecida pela possibilidade de embutir o carril e at\u00e9 integr\u00e1-lo totalmente no piso.<br \/><br \/><\/p><div><div><strong>Possibilidades<\/strong><\/div><div>Automatiza\u00e7\u00e3o<\/div><div>Acessibilidade<\/div><\/div>\t\t\t\t\t\r\n\t\t\t\t\t\r\n\t\t\t\t<\/div>\r\n\t\t\t\t\t\t\t\t<div id=\"tab-2\" class=\"tf-tabcontent-inner inactive animated fadeIn\">\r\n\t\t\t\t\t<p><strong>Envidra\u00e7amento<\/strong><br \/>M\u00e1x. 56 mm<br \/>M\u00edn. 36 mm<br \/><br \/><strong>Possibilidades de abertura<\/strong><\/p><p>Correr de 2, 3 e 4 folhas<\/p><p>Possibilidade mono e tricarril<\/p><p>1 folha + a fixo \/ 2 folhas + 1 fixo<\/p><p><span>Possibilidade de encontros o 90\u00ba sem meneus<\/span><\/p><p>Possibilidade de galandage de 1,2,3 e 4 folhas<\/p><p><br \/><strong>Sec\u00e7\u00f5es<\/strong><\/p><p><strong><span>Aro<\/span><\/strong><\/p><p><span>180 mil\u00edmetros\u00a0<\/span><\/p><p><span>Tricarril de 278 mm<\/span><\/p><p><br \/><strong>Folha\u00a0<\/strong><\/p><p><span>69 mil\u00edmetros<\/span><\/p><p><br \/><strong>Espessura perfilaria<\/strong><\/p><p><span>Porta de 2,0 mm<\/span><\/p><p><br \/><strong>Largura vareta poliamida<\/strong><\/p><p><span>De 18 a 40 mm<\/span><\/p><p><br \/><strong><span>Dimens\u00f5es m\u00e1ximas<\/span><\/strong><\/p><p>Largura\u00a0(L) = 4000 mm<br \/>Altura\u00a0(H) = 4000 mm<\/p><p><em>M\u00e1x. superf\u00edcie vidrada\u00a014 m\u00b2<br \/><br \/><\/em><strong>Peso m\u00e1ximo \/ folha<\/strong><\/p><p><span>Manual de 400 kg<\/span><\/p><p>700 Kg Motorizada<\/p><p><em>Consultar peso e dimens\u00f5es m\u00e1ximos\u00a0<br \/>para outras tipologias.<br \/><br \/><strong>Acabamentos<\/strong><\/em><\/p><p>Posibilidade bi-cor<\/p><p><span>Lacagem colorida (RAL, salpicado e \u00e1spero)<\/span><\/p><p>Lacagem imita\u00e7\u00e3o madeira<\/p><p><span>Lacagem antibacteriana<\/span><\/p><p>Anodizado<\/p>\t\t\t\t\t\r\n\t\t\t\t\t\r\n\t\t\t\t<\/div>\r\n\t\t\t\t\t\t\t\t<div id=\"tab-3\" class=\"tf-tabcontent-inner inactive animated fadeIn\">\r\n\t\t\t\t\t<p><strong><span>\u00a0Transmiss\u00e3o\u00a0<\/span><\/strong><\/p><p><span>Sua a partir de 0,9 (W\/m\u00b2K)<\/span><\/p><p><em>Consultar tipologia, dimens\u00e3o e vidro\u00a0<\/em><br \/><br \/><strong>Isolamento ac\u00fastico<\/strong><\/p><p><span>Rw=43 dB<\/span><\/p><p><br \/><strong><span>Permeabilidade ao ar<\/span><\/strong><\/p><p><span>(EN 12207) Classe 4<\/span><\/p><p><br \/><strong>Estanquidade \u00e0 \u00e1gua<\/strong><\/p><p><span>(EN 12208) Classe 7A* \/ 9A**<\/span><\/p><p><br \/><strong>Resist\u00eancia ao vento<\/strong><\/p><p><span>(UEN 12210) Classe C3* \/ C4**<\/span><\/p><p><em>*Ensaio de refer\u00eancia:\u00a0Balconera 4,00 x 3,00 m. Dois folhas.<\/em><br \/><em>**Ensaio de refer\u00eancia:\u00a0Balconera 4,00 x 3,00 m. 1 folha + 1 fixo.<\/em><\/p>\t\t\t\t\t\r\n\t\t\t\t\t\r\n\t\t\t\t<\/div>\r\n\t\t\t\t\t\t\t<\/div>\r\n\t\t<\/div>\r\n\t\t\r\n\t\t\t\t\t\t<\/div>\n\t\t\t\t<\/div>\n\t\t\t\t\t<\/div>\n\t\t\t\t<\/div>\n\t\t\t\t<\/div>","protected":false},"excerpt":{"rendered":"<h5><span style=\"vertical-align: inherit;\"><span style=\"vertical-align: inherit;\">Descri\u00e7\u00e3o<\/span><\/span><\/h5>\n<p data-start=\"0\" data-end=\"170\">Folhas at\u00e9 4\u202fm com envidra\u00e7ado at\u00e9 94% da superf\u00edcie, n\u00f3 central de apenas 25\u202fmm e aros totalmente embutidos.<\/p>\n<p data-start=\"172\" data-end=\"350\" data-is-last-node=\"\" data-is-only-node=\"\">Envidra\u00e7amento at\u00e9 56\u202fmm, com excelentes presta\u00e7\u00f5es t\u00e9rmicas e ac\u00fasticas.<br data-start=\"245\" data-end=\"248\" \/>Abertura manual (at\u00e9 400\u202fkg) ou motorizada (at\u00e9 700\u202fkg).<br data-start=\"304\" data-end=\"307\" \/>Carril embutido para m\u00e1xima acessibilidade.<\/p>\n<p data-start=\"172\" data-end=\"350\" data-is-last-node=\"\" data-is-only-node=\"\"><img decoding=\"async\" class=\"alignnone size-full wp-image-4714\" src=\"https:\/\/www.bramial.pt\/wp-content\/uploads\/2025\/07\/Icon-feather-download.png\" alt=\"\" width=\"23\" height=\"23\" \/> <a  data-e-disable-page-transition=\"true\" class=\"download-link\" title=\"\" href=\"https:\/\/www.bramial.com\/es\/download\/5561\/?tmstv=1776523106\" rel=\"nofollow\" id=\"download-link-5561\" data-redirect=\"false\" ><br \/>\n\tFICHA T\u00c9CNICA COR Vision Plus Correr<\/a>\n<\/p>\n<p data-start=\"172\" data-end=\"350\" data-is-last-node=\"\" data-is-only-node=\"\">","protected":false},"featured_media":5066,"comment_status":"open","ping_status":"closed","template":"","meta":[],"product_brand":[],"product_cat":[59],"product_tag":[],"class_list":{"0":"post-5065","1":"product","2":"type-product","3":"status-publish","4":"has-post-thumbnail","6":"product_cat-janelas-e-portas-de-correr","8":"first","9":"instock","10":"downloadable","11":"virtual","12":"product-type-simple"},"_links":{"self":[{"href":"https:\/\/www.bramial.com\/es\/wp-json\/wp\/v2\/product\/5065","targetHints":{"allow":["GET"]}}],"collection":[{"href":"https:\/\/www.bramial.com\/es\/wp-json\/wp\/v2\/product"}],"about":[{"href":"https:\/\/www.bramial.com\/es\/wp-json\/wp\/v2\/types\/product"}],"replies":[{"embeddable":true,"href":"https:\/\/www.bramial.com\/es\/wp-json\/wp\/v2\/comments?post=5065"}],"version-history":[{"count":7,"href":"https:\/\/www.bramial.com\/es\/wp-json\/wp\/v2\/product\/5065\/revisions"}],"predecessor-version":[{"id":6510,"href":"https:\/\/www.bramial.com\/es\/wp-json\/wp\/v2\/product\/5065\/revisions\/6510"}],"wp:featuredmedia":[{"embeddable":true,"href":"https:\/\/www.bramial.com\/es\/wp-json\/wp\/v2\/media\/5066"}],"wp:attachment":[{"href":"https:\/\/www.bramial.com\/es\/wp-json\/wp\/v2\/media?parent=5065"}],"wp:term":[{"taxonomy":"product_brand","embeddable":true,"href":"https:\/\/www.bramial.com\/es\/wp-json\/wp\/v2\/product_brand?post=5065"},{"taxonomy":"product_cat","embeddable":true,"href":"https:\/\/www.bramial.com\/es\/wp-json\/wp\/v2\/product_cat?post=5065"},{"taxonomy":"product_tag","embeddable":true,"href":"https:\/\/www.bramial.com\/es\/wp-json\/wp\/v2\/product_tag?post=5065"}],"curies":[{"name":"wp","href":"https:\/\/api.w.org\/{rel}","templated":true}]}}