{"id":4904,"date":"2025-07-09T10:35:08","date_gmt":"2025-07-09T10:35:08","guid":{"rendered":"https:\/\/www.bramial.pt\/?post_type=product&#038;p=4904"},"modified":"2025-07-18T11:15:30","modified_gmt":"2025-07-18T11:15:30","slug":"teto-movel","status":"publish","type":"product","link":"https:\/\/www.bramial.com\/es\/product\/teto-movel\/","title":{"rendered":"Teto &#8211; M\u00f3vel"},"content":{"rendered":"<div data-elementor-type=\"wp-post\" data-elementor-id=\"4904\" class=\"elementor elementor-4904\">\n\t\t\t\t<div class=\"elementor-element elementor-element-87fce01 e-flex e-con-boxed e-con e-parent\" data-id=\"87fce01\" data-element_type=\"container\">\n\t\t\t\t\t<div class=\"e-con-inner\">\n\t\t\t\t<div class=\"elementor-element elementor-element-81d804a elementor-widget elementor-widget-tftabs\" data-id=\"81d804a\" data-element_type=\"widget\" data-widget_type=\"tftabs.default\">\n\t\t\t\t<div class=\"elementor-widget-container\">\n\t\t\t\t\t\t\t<div id=\"tf-tabs-81d804a\" class=\"tf-tabs horizontal tabs-horizontal icon-position-left show-triger-no nav-justify\" data-tabid=\"81d804a\">\r\n\t\t\t<div class=\"tf-tabnav\">\r\n\t\t\t\t<ul>\r\n\t\t\t\t\t\t\t\t\t\t<li class=\"tablinks inactive elementor-animation-\" data-tab=\"tab-1\">\t\r\n\t\t\t\t\t\t\t\t\t\t\t\t\r\n\t\t\t\t\t\t\t\t\t\t\t\t\t<span class=\"tab-title-text\">Descri\u00e7\u00e3o<\/span>\r\n\t\t\t\t\t\t\t\t\t\t\t<\/li>\r\n\t\t\t\t\t\t\t\t\t\t<li class=\"tablinks inactive elementor-animation-\" data-tab=\"tab-2\">\t\r\n\t\t\t\t\t\t\t\t\t\t\t\t\r\n\t\t\t\t\t\t\t\t\t\t\t\t\t<span class=\"tab-title-text\">Dados t\u00e9cnicos<\/span>\r\n\t\t\t\t\t\t\t\t\t\t\t<\/li>\r\n\t\t\t\t\t\t\t\t\t\t<li class=\"tablinks inactive elementor-animation-\" data-tab=\"tab-3\">\t\r\n\t\t\t\t\t\t\t\t\t\t\t\t\r\n\t\t\t\t\t\t\t\t\t\t\t\t\t<span class=\"tab-title-text\">Acabamentos<\/span>\r\n\t\t\t\t\t\t\t\t\t\t\t<\/li>\r\n\t\t\t\t\t\t\t\t\t<\/ul>\r\n\t\t\t<\/div>\r\n\t\t\t<div class=\"tf-tabcontent\">\r\n\t\t\t\t\t\t\t\t<div id=\"tab-1\" class=\"tf-tabcontent-inner inactive animated fadeIn\">\r\n\t\t\t\t\t<p style=\"font-weight: 300;\">Sistema de teto de abrir autom\u00e1tico projetado para proporcionar o m\u00e1ximo conforto e bem-estar, aliando beleza, resist\u00eancia, comodidade e desempenho.<\/p><p style=\"font-weight: 300;\">Esse tipo de sistema permite que voc\u00ea aproveite ao m\u00e1ximo o espa\u00e7o em qualquer esta\u00e7\u00e3o do ano.<\/p><p style=\"font-weight: 300;\">A sua grande capacidade de enchimento de 24 mm permite a integra\u00e7\u00e3o de vidros com alta resist\u00eancia luminosa para evitar o efeito de estufa e composi\u00e7\u00f5es de vidro capazes de garantir um bom isolamento ac\u00fastico no interior<\/p><p style=\"font-weight: 300;\">Com uma abertura m\u00e1xima de 66% da superf\u00edcie, este sistema proporciona ventila\u00e7\u00e3o e plena entrada de luz. Possui todos os tipos de perfis complementares para facilitar a drenagem e capta\u00e7\u00e3o de \u00e1gua para garantir a sua veda\u00e7\u00e3o completa contra a chuva.<\/p>\t\t\t\t\t\r\n\t\t\t\t\t\r\n\t\t\t\t<\/div>\r\n\t\t\t\t\t\t\t\t<div id=\"tab-2\" class=\"tf-tabcontent-inner inactive animated fadeIn\">\r\n\t\t\t\t\t<p style=\"font-weight: 300;\"><strong>Brinco<\/strong><\/p><p style=\"font-weight: 300;\">Perfilaria disposta para pendente de 8,5\u00ba (15%)<\/p><p style=\"font-weight: 300;\"><br \/><strong>Turno m\u00e1ximo<\/strong><\/p><p style=\"font-weight: 300;\">4.800 mil\u00edmetros<\/p><p style=\"font-weight: 300;\">\u00a0<\/p><p style=\"font-weight: 300;\"><strong>M\u00ednima quenda<\/strong><\/p><p style=\"font-weight: 300;\">3,100 mil\u00edmetros<\/p><p style=\"font-weight: 300;\"><br \/><strong>Largura<\/strong><\/p><p style=\"font-weight: 300;\">Ilimitada unindo m\u00f3dulos<\/p><p style=\"font-weight: 300;\"><br \/><strong>Possibilidades enchimento<\/strong><\/p><p style=\"font-weight: 300;\">Policarbonato celular 25 mm<\/p><p style=\"font-weight: 300;\">Painel sandu\u00edche 24 mm<\/p><p style=\"font-weight: 300;\">Vidro 24 mm. (4 temperado \/ 12 \/4+4)<br \/><br \/><strong>Possibilidades de abertura<\/strong><\/p><p style=\"font-weight: 300;\">Correr: m\u00f3dulo de 2 folhas e 1 fixo e m\u00faltiplas quendas<\/p><p style=\"font-weight: 300;\"><br \/><strong>Se\u00e7\u00f5es<\/strong><\/p><p style=\"font-weight: 300;\">Aro fixo 133 mm \/ Folha 28 mm<\/p><p style=\"font-weight: 300;\"><br \/><strong>Espessura perfilaria<\/strong><br \/>Folhas\u00a01,5 mm<\/p><p style=\"font-weight: 300;\"><br \/><strong>Dimens\u00f5es m\u00e1ximas\/folha<\/strong><br \/><br \/><\/p><p style=\"font-weight: 300;\">Policarbonato e painel sandu\u00edche<br \/>Largura (L) = 2.300 mm<\/p><p style=\"font-weight: 300;\">Altura (H) = 1.600 mm<\/p><p style=\"font-weight: 300;\"><b><strong>\u00a0<\/strong><\/b><\/p><p style=\"font-weight: 300;\">Vidro<b><strong><br \/><\/strong><\/b>Largura (L) = 1.200 mm<\/p><p style=\"font-weight: 300;\">Altura (H) = 1.600 mm<\/p><p style=\"font-weight: 300;\"><b><strong>\u00a0<\/strong><\/b><\/p><p style=\"font-weight: 300;\"><strong>Peso m\u00e1ximo \/ folha<\/strong><\/p><p style=\"font-weight: 300;\">75 kg<\/p><p style=\"font-weight: 300;\"><b><strong>\u00a0<\/strong><\/b><\/p><p style=\"font-weight: 300;\"><b><strong>M\u00e1xima abertura do 66% de superf\u00edcie<\/strong><\/b><\/p><p style=\"font-weight: 300;\"><b><strong>Abertura de folhas motorizada<\/strong><\/b><\/p><p>\u00a0<\/p><p style=\"font-weight: 300;\"><strong>Acabamentos<em>\u00a0<\/em><\/strong><\/p><p style=\"font-weight: 300;\"><em>Cores lacadas (RAL, mesclado e \u00e1spero)<\/em><\/p><p style=\"font-weight: 300;\"><em>Laca imita\u00e7\u00e3o de madeira<\/em><\/p><p style=\"font-weight: 300;\"><em>Laca antibacteriana<\/em><\/p><p style=\"font-weight: 300;\"><em>Anodizado<\/em><\/p>\t\t\t\t\t\r\n\t\t\t\t\t\r\n\t\t\t\t<\/div>\r\n\t\t\t\t\t\t\t\t<div id=\"tab-3\" class=\"tf-tabcontent-inner inactive animated fadeIn\">\r\n\t\t\t\t\t<p style=\"font-weight: 300;\"><strong>Estanquidade de coberta n\u00e3o inund\u00e1vel<\/strong><\/p><p style=\"font-weight: 300;\"><br \/><b><strong>Classe APTO<\/strong><\/b><\/p><p style=\"font-weight: 300;\"><em>Durante o ensaio de 6 h. de dura\u00e7\u00e3o, fim do ensaio e 24 h. posteriores ao mesmo, n\u00e3o foram<\/em><\/p><p style=\"font-weight: 300;\"><em>detectadas goteiras nem humidades baixo a coberta.<\/em><\/p><p style=\"font-weight: 300;\"><em>\u00a0<\/em><em>Teste de refer\u00eancia: 4.300 x 4.160 mm. de 3 quendas m\u00f3veis, 9 folhas e vidro 4\/12\/4+4<\/em><\/p>\t\t\t\t\t\r\n\t\t\t\t\t\r\n\t\t\t\t<\/div>\r\n\t\t\t\t\t\t\t<\/div>\r\n\t\t<\/div>\r\n\t\t\r\n\t\t\t\t\t\t<\/div>\n\t\t\t\t<\/div>\n\t\t\t\t\t<\/div>\n\t\t\t\t<\/div>\n\t\t\t\t<\/div>","protected":false},"excerpt":{"rendered":"<h5><span style=\"vertical-align: inherit;\"><span style=\"vertical-align: inherit;\">Descri\u00e7\u00e3o<\/span><\/span><\/h5>\n<p data-start=\"0\" data-end=\"144\">Teto envidra\u00e7ado com abertura autom\u00e1tica at\u00e9 66% da superf\u00edcie, ideal para uso em todas as esta\u00e7\u00f5es.<\/p>\n<p data-start=\"146\" data-end=\"223\">Permite vidros at\u00e9 24 mm com alta prote\u00e7\u00e3o solar e bom isolamento ac\u00fastico.<\/p>\n<p data-start=\"225\" data-end=\"330\" data-is-last-node=\"\" data-is-only-node=\"\">Oferece ventila\u00e7\u00e3o, entrada de luz e estanquidade garantida, com perfis para drenagem e capta\u00e7\u00e3o de \u00e1gua.<\/p>\n<p data-start=\"225\" data-end=\"330\" data-is-last-node=\"\" data-is-only-node=\"\"><img decoding=\"async\" class=\"alignnone size-full wp-image-5635\" src=\"https:\/\/www.bramial.pt\/wp-content\/uploads\/2025\/07\/Icon-feather-download-1.png\" alt=\"\" width=\"23\" height=\"23\" \/> <a  data-e-disable-page-transition=\"true\" class=\"download-link\" title=\"\" href=\"https:\/\/www.bramial.com\/es\/download\/5707\/?tmstv=1776534269\" rel=\"nofollow\" id=\"download-link-5707\" data-redirect=\"false\" ><br \/>\n\tFICHA T\u00c9CNICA Teto M\u00f3vel<\/a>\n<\/p>\n<p data-start=\"225\" data-end=\"330\" data-is-last-node=\"\" data-is-only-node=\"\">","protected":false},"featured_media":4905,"comment_status":"open","ping_status":"closed","template":"","meta":[],"product_brand":[],"product_cat":[56],"product_tag":[],"class_list":{"0":"post-4904","1":"product","2":"type-product","3":"status-publish","4":"has-post-thumbnail","6":"product_cat-fachadas","8":"first","9":"instock","10":"downloadable","11":"virtual","12":"product-type-simple"},"_links":{"self":[{"href":"https:\/\/www.bramial.com\/es\/wp-json\/wp\/v2\/product\/4904","targetHints":{"allow":["GET"]}}],"collection":[{"href":"https:\/\/www.bramial.com\/es\/wp-json\/wp\/v2\/product"}],"about":[{"href":"https:\/\/www.bramial.com\/es\/wp-json\/wp\/v2\/types\/product"}],"replies":[{"embeddable":true,"href":"https:\/\/www.bramial.com\/es\/wp-json\/wp\/v2\/comments?post=4904"}],"version-history":[{"count":7,"href":"https:\/\/www.bramial.com\/es\/wp-json\/wp\/v2\/product\/4904\/revisions"}],"predecessor-version":[{"id":6473,"href":"https:\/\/www.bramial.com\/es\/wp-json\/wp\/v2\/product\/4904\/revisions\/6473"}],"wp:featuredmedia":[{"embeddable":true,"href":"https:\/\/www.bramial.com\/es\/wp-json\/wp\/v2\/media\/4905"}],"wp:attachment":[{"href":"https:\/\/www.bramial.com\/es\/wp-json\/wp\/v2\/media?parent=4904"}],"wp:term":[{"taxonomy":"product_brand","embeddable":true,"href":"https:\/\/www.bramial.com\/es\/wp-json\/wp\/v2\/product_brand?post=4904"},{"taxonomy":"product_cat","embeddable":true,"href":"https:\/\/www.bramial.com\/es\/wp-json\/wp\/v2\/product_cat?post=4904"},{"taxonomy":"product_tag","embeddable":true,"href":"https:\/\/www.bramial.com\/es\/wp-json\/wp\/v2\/product_tag?post=4904"}],"curies":[{"name":"wp","href":"https:\/\/api.w.org\/{rel}","templated":true}]}}