{"id":4823,"date":"2025-07-09T08:55:30","date_gmt":"2025-07-09T08:55:30","guid":{"rendered":"https:\/\/www.bramial.pt\/?post_type=product&#038;p=4823"},"modified":"2025-07-18T11:19:51","modified_gmt":"2025-07-18T11:19:51","slug":"fachada-sg-62","status":"publish","type":"product","link":"https:\/\/www.bramial.com\/es\/product\/fachada-sg-62\/","title":{"rendered":"Fachada &#8211; SG &#8211; 62"},"content":{"rendered":"<div data-elementor-type=\"wp-post\" data-elementor-id=\"4823\" class=\"elementor elementor-4823\">\n\t\t\t\t<div class=\"elementor-element elementor-element-87fce01 e-flex e-con-boxed e-con e-parent\" data-id=\"87fce01\" data-element_type=\"container\">\n\t\t\t\t\t<div class=\"e-con-inner\">\n\t\t\t\t<div class=\"elementor-element elementor-element-81d804a elementor-widget elementor-widget-tftabs\" data-id=\"81d804a\" data-element_type=\"widget\" data-widget_type=\"tftabs.default\">\n\t\t\t\t<div class=\"elementor-widget-container\">\n\t\t\t\t\t\t\t<div id=\"tf-tabs-81d804a\" class=\"tf-tabs horizontal tabs-horizontal icon-position-left show-triger-no nav-justify\" data-tabid=\"81d804a\">\r\n\t\t\t<div class=\"tf-tabnav\">\r\n\t\t\t\t<ul>\r\n\t\t\t\t\t\t\t\t\t\t<li class=\"tablinks inactive elementor-animation-\" data-tab=\"tab-1\">\t\r\n\t\t\t\t\t\t\t\t\t\t\t\t\r\n\t\t\t\t\t\t\t\t\t\t\t\t\t<span class=\"tab-title-text\">Descri\u00e7\u00e3o<\/span>\r\n\t\t\t\t\t\t\t\t\t\t\t<\/li>\r\n\t\t\t\t\t\t\t\t\t\t<li class=\"tablinks inactive elementor-animation-\" data-tab=\"tab-2\">\t\r\n\t\t\t\t\t\t\t\t\t\t\t\t\r\n\t\t\t\t\t\t\t\t\t\t\t\t\t<span class=\"tab-title-text\">Dados t\u00e9cnicos<\/span>\r\n\t\t\t\t\t\t\t\t\t\t\t<\/li>\r\n\t\t\t\t\t\t\t\t\t\t<li class=\"tablinks inactive elementor-animation-\" data-tab=\"tab-3\">\t\r\n\t\t\t\t\t\t\t\t\t\t\t\t\r\n\t\t\t\t\t\t\t\t\t\t\t\t\t<span class=\"tab-title-text\">Acabamentos<\/span>\r\n\t\t\t\t\t\t\t\t\t\t\t<\/li>\r\n\t\t\t\t\t\t\t\t\t<\/ul>\r\n\t\t\t<\/div>\r\n\t\t\t<div class=\"tf-tabcontent\">\r\n\t\t\t\t\t\t\t\t<div id=\"tab-1\" class=\"tf-tabcontent-inner inactive animated fadeIn\">\r\n\t\t\t\t\t<p>\u00c9 um sistema tradicional, tamb\u00e9m conhecido como sistema Stick. Suporta o vidro na perfilaria estrutural atrav\u00e9s de grampos. Este sistema requer a utiliza\u00e7\u00e3o de um inserto colocado na c\u00e2mara do vidro (perfil em U). A combina\u00e7\u00e3o do grampo com o inserto permite a fixa\u00e7\u00e3o do vidro nos seus quatro lados. Ap\u00f3s a instala\u00e7\u00e3o dos grampos, \u00e9 necess\u00e1rio selar a junta entre os vidros com silicone resistente aos raios UV. O sistema tamb\u00e9m incorpora uma junta de veda\u00e7\u00e3o inferior sobre a qual se apoia o cord\u00e3o de veda\u00e7\u00e3o pelo lado interior.<\/p>\t\t\t\t\t\r\n\t\t\t\t\t\r\n\t\t\t\t<\/div>\r\n\t\t\t\t\t\t\t\t<div id=\"tab-2\" class=\"tf-tabcontent-inner inactive animated fadeIn\">\r\n\t\t\t\t\t<p><strong>Vidro<\/strong><br \/>M\u00e1x.: 64 mm*<br \/>M\u00edn.: 6 mm<br \/>*Consultar para espessuras superiores.<\/p><p><strong>Sec\u00e7\u00e3o vis\u00edvel interior<\/strong><br \/>Montante: 62 mm<br \/>Travesseiro: 62 mm<\/p><p><strong>Espessura dos perfis<\/strong><br \/>Montante: 2,5 e 2,8 mm<br \/>Travesseiro: 2,8 mm<\/p><p><strong>Peso m\u00e1ximo<\/strong><br \/>800 kg<br \/>Consultar peso e dimens\u00f5es m\u00e1ximas conforme tipologia<\/p><p><strong>Acabamentos<\/strong><br \/>Lacado em cores (RAL, texturado, rugoso)<br \/>Segundo selo Qualicoat &gt;60 m\u00edcrons<br \/>Lacado imita\u00e7\u00e3o madeira<br \/>Segundo selo Qualideco<br \/>Anodizado<br \/>Segundo selo Ewwa Euras<br \/>Classe Standard 15<br \/>Possibilidade Classe 20 e 25<\/p>\t\t\t\t\t\r\n\t\t\t\t\t\r\n\t\t\t\t<\/div>\r\n\t\t\t\t\t\t\t\t<div id=\"tab-3\" class=\"tf-tabcontent-inner inactive animated fadeIn\">\r\n\t\t\t\t\t<p><strong>Transmit\u00e2ncia<\/strong><br \/>Ucw a partir de 0,6 (W\/m\u00b2K)<\/p><p><strong>Permeabilidade ao ar<\/strong><br \/>(UNE-EN 12152) Classe AE<\/p><p><strong>Estanqueidade \u00e0 \u00e1gua<\/strong><br \/>(UNE-EN 12154) Classe RE1500<\/p><p><strong>Resist\u00eancia ao vento<\/strong>*<br \/>(UNE-EN 13116) APTO<\/p><p><strong>Resist\u00eancia ao impacto<\/strong><br \/>(UNE-EN 14019) Classe I5, Classe E5<\/p><p>Teste de refer\u00eancia: 4,12 x 4,32 m<\/p>\t\t\t\t\t\r\n\t\t\t\t\t\r\n\t\t\t\t<\/div>\r\n\t\t\t\t\t\t\t<\/div>\r\n\t\t<\/div>\r\n\t\t\r\n\t\t\t\t\t\t<\/div>\n\t\t\t\t<\/div>\n\t\t\t\t\t<\/div>\n\t\t\t\t<\/div>\n\t\t\t\t<\/div>","protected":false},"excerpt":{"rendered":"<h5><span style=\"vertical-align: inherit;\"><span style=\"vertical-align: inherit;\">Descri\u00e7\u00e3o<\/span><\/span><\/h5>\n<p data-start=\"0\" data-end=\"309\" data-is-last-node=\"\" data-is-only-node=\"\">Sistema tradicional onde o vidro \u00e9 fixado \u00e0 perfilaria estrutural com grampos e um inserto em U colocado na c\u00e2mara do vidro. A fixa\u00e7\u00e3o \u00e9 feita nos quatro lados, e as juntas entre vidros s\u00e3o seladas com silicone UV. Inclui junta de veda\u00e7\u00e3o inferior e cord\u00e3o de veda\u00e7\u00e3o interior.<\/p>\n<p data-start=\"0\" data-end=\"309\" data-is-last-node=\"\" data-is-only-node=\"\"><img decoding=\"async\" class=\"alignnone size-full wp-image-5635\" src=\"https:\/\/www.bramial.pt\/wp-content\/uploads\/2025\/07\/Icon-feather-download-1.png\" alt=\"\" width=\"23\" height=\"23\" \/> <a  data-e-disable-page-transition=\"true\" class=\"download-link\" title=\"\" href=\"https:\/\/www.bramial.com\/es\/download\/5667\/?tmstv=1776542519\" rel=\"nofollow\" id=\"download-link-5667\" data-redirect=\"false\" ><br \/>\n\tFICHA T\u00c9CNICA Fachada SG 62<\/a>\n<\/p>\n<p data-start=\"0\" data-end=\"309\" data-is-last-node=\"\" data-is-only-node=\"\">","protected":false},"featured_media":4824,"comment_status":"open","ping_status":"closed","template":"","meta":[],"product_brand":[],"product_cat":[56],"product_tag":[],"class_list":{"0":"post-4823","1":"product","2":"type-product","3":"status-publish","4":"has-post-thumbnail","6":"product_cat-fachadas","8":"first","9":"instock","10":"downloadable","11":"virtual","12":"product-type-simple"},"_links":{"self":[{"href":"https:\/\/www.bramial.com\/es\/wp-json\/wp\/v2\/product\/4823","targetHints":{"allow":["GET"]}}],"collection":[{"href":"https:\/\/www.bramial.com\/es\/wp-json\/wp\/v2\/product"}],"about":[{"href":"https:\/\/www.bramial.com\/es\/wp-json\/wp\/v2\/types\/product"}],"replies":[{"embeddable":true,"href":"https:\/\/www.bramial.com\/es\/wp-json\/wp\/v2\/comments?post=4823"}],"version-history":[{"count":7,"href":"https:\/\/www.bramial.com\/es\/wp-json\/wp\/v2\/product\/4823\/revisions"}],"predecessor-version":[{"id":6481,"href":"https:\/\/www.bramial.com\/es\/wp-json\/wp\/v2\/product\/4823\/revisions\/6481"}],"wp:featuredmedia":[{"embeddable":true,"href":"https:\/\/www.bramial.com\/es\/wp-json\/wp\/v2\/media\/4824"}],"wp:attachment":[{"href":"https:\/\/www.bramial.com\/es\/wp-json\/wp\/v2\/media?parent=4823"}],"wp:term":[{"taxonomy":"product_brand","embeddable":true,"href":"https:\/\/www.bramial.com\/es\/wp-json\/wp\/v2\/product_brand?post=4823"},{"taxonomy":"product_cat","embeddable":true,"href":"https:\/\/www.bramial.com\/es\/wp-json\/wp\/v2\/product_cat?post=4823"},{"taxonomy":"product_tag","embeddable":true,"href":"https:\/\/www.bramial.com\/es\/wp-json\/wp\/v2\/product_tag?post=4823"}],"curies":[{"name":"wp","href":"https:\/\/api.w.org\/{rel}","templated":true}]}}