{"id":4808,"date":"2025-07-09T07:55:08","date_gmt":"2025-07-09T07:55:08","guid":{"rendered":"https:\/\/www.bramial.pt\/?post_type=product&#038;p=4808"},"modified":"2025-07-18T11:20:56","modified_gmt":"2025-07-18T11:20:56","slug":"fachada-tp-62","status":"publish","type":"product","link":"https:\/\/www.bramial.com\/es\/product\/fachada-tp-62\/","title":{"rendered":"Fachada &#8211; TP &#8211; 62"},"content":{"rendered":"<div data-elementor-type=\"wp-post\" data-elementor-id=\"4808\" class=\"elementor elementor-4808\">\n\t\t\t\t<div class=\"elementor-element elementor-element-87fce01 e-flex e-con-boxed e-con e-parent\" data-id=\"87fce01\" data-element_type=\"container\">\n\t\t\t\t\t<div class=\"e-con-inner\">\n\t\t\t\t<div class=\"elementor-element elementor-element-81d804a elementor-widget elementor-widget-tftabs\" data-id=\"81d804a\" data-element_type=\"widget\" data-widget_type=\"tftabs.default\">\n\t\t\t\t<div class=\"elementor-widget-container\">\n\t\t\t\t\t\t\t<div id=\"tf-tabs-81d804a\" class=\"tf-tabs horizontal tabs-horizontal icon-position-left show-triger-no nav-justify\" data-tabid=\"81d804a\">\r\n\t\t\t<div class=\"tf-tabnav\">\r\n\t\t\t\t<ul>\r\n\t\t\t\t\t\t\t\t\t\t<li class=\"tablinks inactive elementor-animation-\" data-tab=\"tab-1\">\t\r\n\t\t\t\t\t\t\t\t\t\t\t\t\r\n\t\t\t\t\t\t\t\t\t\t\t\t\t<span class=\"tab-title-text\">Descri\u00e7\u00e3o<\/span>\r\n\t\t\t\t\t\t\t\t\t\t\t<\/li>\r\n\t\t\t\t\t\t\t\t\t\t<li class=\"tablinks inactive elementor-animation-\" data-tab=\"tab-2\">\t\r\n\t\t\t\t\t\t\t\t\t\t\t\t\r\n\t\t\t\t\t\t\t\t\t\t\t\t\t<span class=\"tab-title-text\">Dados t\u00e9cnicos<\/span>\r\n\t\t\t\t\t\t\t\t\t\t\t<\/li>\r\n\t\t\t\t\t\t\t\t\t\t<li class=\"tablinks inactive elementor-animation-\" data-tab=\"tab-3\">\t\r\n\t\t\t\t\t\t\t\t\t\t\t\t\r\n\t\t\t\t\t\t\t\t\t\t\t\t\t<span class=\"tab-title-text\">Acabamentos<\/span>\r\n\t\t\t\t\t\t\t\t\t\t\t<\/li>\r\n\t\t\t\t\t\t\t\t\t<\/ul>\r\n\t\t\t<\/div>\r\n\t\t\t<div class=\"tf-tabcontent\">\r\n\t\t\t\t\t\t\t\t<div id=\"tab-1\" class=\"tf-tabcontent-inner inactive animated fadeIn\">\r\n\t\t\t\t\t<p>\u00c9 um sistema tradicional, tamb\u00e9m conhecido como sistema Stick. O vidro \u00e9 fixado \u00e0 perfilaria portante atrav\u00e9s de um perfil de press\u00e3o cont\u00ednuo, aparafusado pelo exterior a um suporte de parafuso incorporado em montantes e travessas para esse fim. O vidro \u00e9 fixado nos quatro lados atrav\u00e9s deste perfil, que inclui juntas separadoras para evitar o contacto vidro-metal. O perfil de press\u00e3o e os parafusos ficam cobertos por um perfil decorativo exterior cont\u00ednuo, denominado tapeta.<\/p>\t\t\t\t\t\r\n\t\t\t\t\t\r\n\t\t\t\t<\/div>\r\n\t\t\t\t\t\t\t\t<div id=\"tab-2\" class=\"tf-tabcontent-inner inactive animated fadeIn\">\r\n\t\t\t\t\t<p><strong>Vidro<\/strong><br \/>M\u00e1x.: 64 mm*<br \/>M\u00edn.: 4 mm<br \/>*Consultar para espessuras superiores.<\/p><p><strong><span>Se\u00e7\u00e3o vis\u00edvel interna<\/span><\/strong><br \/><span>Montante: 62 mm<\/span><br \/><span>Travesseiro: 62 mm<\/span><\/p><p><strong>Espessura do perfil<\/strong><br \/>Montante: 2,5 e 2,8 mm<br \/>Travesseiro: 2,8 mm<\/p><p><strong><span>Peso m\u00e1ximo<\/span><\/strong><br \/><span>800 kg<\/span><br \/><span>Consultar peso e dimens\u00f5es m\u00e1ximas conforme tipologia<\/span><\/p><p><strong>Tipos de tapetas<\/strong><br \/>El\u00edptica: 100 mm de profundidade<br \/>Tapeta em H<br \/>Retangular: 14, 19 e 100 mm de profundidade<br \/>Tapeta plana<\/p><p><strong>Acabamentos<\/strong><br \/>Lacado (RAL, texturado, rugoso)<br \/>Segundo selo Qualicoat &gt;60 m\u00edcrons<\/p><p>Lacado efeito madeira<br \/>Segundo selo Qualideco<\/p><p>Anodizado<br \/>Segundo selo EWWA Euras<br \/>Classe 15 padr\u00e3o<br \/>Possibilidade Classe 20 e 25<\/p>\t\t\t\t\t\r\n\t\t\t\t\t\r\n\t\t\t\t<\/div>\r\n\t\t\t\t\t\t\t\t<div id=\"tab-3\" class=\"tf-tabcontent-inner inactive animated fadeIn\">\r\n\t\t\t\t\t<p><strong>Transmit\u00e2ncia<\/strong><br \/>Ucw desde 0,6 (W\/m\u00b2K)<\/p><p><strong><span>Permeabilidade ao solo<\/span><\/strong><br \/><span>(UNE-EN 12152) Classe AE<\/span><\/p><p><strong>Estanquidade \u00e0 \u00e1gua<\/strong><br \/>(UNE-EN 12154) Classe RE1500<\/p><p><strong>Resist\u00eancia ao vento<\/strong>*<br \/>(UNE-EN 13116) APTO<\/p><p><strong>Resist\u00eancia ao impacto<\/strong><br \/>(UNE-EN 14019) Classe I5, Classe E5<\/p><p><strong>Ensaio de refer\u00eancia:<\/strong>\u00a04,12 x 4,32 m<\/p>\t\t\t\t\t\r\n\t\t\t\t\t\r\n\t\t\t\t<\/div>\r\n\t\t\t\t\t\t\t<\/div>\r\n\t\t<\/div>\r\n\t\t\r\n\t\t\t\t\t\t<\/div>\n\t\t\t\t<\/div>\n\t\t\t\t\t<\/div>\n\t\t\t\t<\/div>\n\t\t\t\t<\/div>","protected":false},"excerpt":{"rendered":"<h5><span style=\"vertical-align: inherit;\"><span style=\"vertical-align: inherit;\">Descri\u00e7\u00e3o<\/span><\/span><\/h5>\n<article class=\"text-token-text-primary w-full\" dir=\"auto\" data-testid=\"conversation-turn-6\" data-scroll-anchor=\"true\">\n<div class=\"text-base my-auto mx-auto py-5 [--thread-content-margin:--spacing(4)] @[37rem]:[--thread-content-margin:--spacing(6)] @[72rem]:[--thread-content-margin:--spacing(16)] px-(--thread-content-margin)\">\n<div class=\"[--thread-content-max-width:32rem] @[34rem]:[--thread-content-max-width:40rem] @[64rem]:[--thread-content-max-width:48rem] mx-auto flex max-w-(--thread-content-max-width) flex-1 text-base gap-4 md:gap-5 lg:gap-6 group\/turn-messages focus-visible:outline-hidden\" tabindex=\"-1\">\n<div class=\"group\/conversation-turn relative flex w-full min-w-0 flex-col agent-turn\">\n<div class=\"relative flex-col gap-1 md:gap-3\">\n<div class=\"flex min-h-[46px] justify-start\">\n<div class=\"touch:-me-2 touch:-ms-3.5 -ms-2.5 -me-1 flex flex-wrap items-center gap-y-4 p-1 select-none touch:w-[calc(100%+--spacing(3.5))] -mt-1 w-[calc(100%+--spacing(2.5))] duration-[1.5s] focus-within:transition-none hover:transition-none pointer-events-none [mask-image:linear-gradient(to_right,black_33%,transparent_66%)] [mask-size:300%_100%] [mask-position:100%_0%] motion-safe:transition-[mask-position] group-hover\/turn-messages:pointer-events-auto group-hover\/turn-messages:[mask-position:0_0] group-focus-within\/turn-messages:pointer-events-auto group-focus-within\/turn-messages:[mask-position:0_0] has-data-[state=open]:pointer-events-auto has-data-[state=open]:[mask-position:0_0]\">\n<p data-start=\"0\" data-end=\"185\">Sistema de fachada onde o vidro \u00e9 fixado nos quatro lados com perfil de press\u00e3o aparafusado externamente \u00e0 estrutura. Inclui juntas separadoras e \u00e9 finalizado com tapeta decorativa exterior.<\/p>\n<p data-start=\"0\" data-end=\"185\"><img decoding=\"async\" class=\"alignnone size-full wp-image-5635\" src=\"https:\/\/www.bramial.pt\/wp-content\/uploads\/2025\/07\/Icon-feather-download-1.png\" alt=\"\" width=\"23\" height=\"23\" \/> <a  data-e-disable-page-transition=\"true\" class=\"download-link\" title=\"\" href=\"https:\/\/www.bramial.com\/es\/download\/5659\/?tmstv=1776540327\" rel=\"nofollow\" id=\"download-link-5659\" data-redirect=\"false\" ><br \/>\n\tFICHA T\u00c9CNICA Fachada TP 62<\/a>\n<\/p>\n<p data-start=\"0\" data-end=\"185\">\n<\/div>\n<\/div>\n<\/div>\n<\/div>\n<\/div>\n<\/div>\n<\/article>","protected":false},"featured_media":4809,"comment_status":"open","ping_status":"closed","template":"","meta":[],"product_brand":[],"product_cat":[56],"product_tag":[],"class_list":{"0":"post-4808","1":"product","2":"type-product","3":"status-publish","4":"has-post-thumbnail","6":"product_cat-fachadas","8":"first","9":"instock","10":"downloadable","11":"virtual","12":"product-type-simple"},"_links":{"self":[{"href":"https:\/\/www.bramial.com\/es\/wp-json\/wp\/v2\/product\/4808","targetHints":{"allow":["GET"]}}],"collection":[{"href":"https:\/\/www.bramial.com\/es\/wp-json\/wp\/v2\/product"}],"about":[{"href":"https:\/\/www.bramial.com\/es\/wp-json\/wp\/v2\/types\/product"}],"replies":[{"embeddable":true,"href":"https:\/\/www.bramial.com\/es\/wp-json\/wp\/v2\/comments?post=4808"}],"version-history":[{"count":7,"href":"https:\/\/www.bramial.com\/es\/wp-json\/wp\/v2\/product\/4808\/revisions"}],"predecessor-version":[{"id":6483,"href":"https:\/\/www.bramial.com\/es\/wp-json\/wp\/v2\/product\/4808\/revisions\/6483"}],"wp:featuredmedia":[{"embeddable":true,"href":"https:\/\/www.bramial.com\/es\/wp-json\/wp\/v2\/media\/4809"}],"wp:attachment":[{"href":"https:\/\/www.bramial.com\/es\/wp-json\/wp\/v2\/media?parent=4808"}],"wp:term":[{"taxonomy":"product_brand","embeddable":true,"href":"https:\/\/www.bramial.com\/es\/wp-json\/wp\/v2\/product_brand?post=4808"},{"taxonomy":"product_cat","embeddable":true,"href":"https:\/\/www.bramial.com\/es\/wp-json\/wp\/v2\/product_cat?post=4808"},{"taxonomy":"product_tag","embeddable":true,"href":"https:\/\/www.bramial.com\/es\/wp-json\/wp\/v2\/product_tag?post=4808"}],"curies":[{"name":"wp","href":"https:\/\/api.w.org\/{rel}","templated":true}]}}