{"id":4726,"date":"2025-07-08T14:57:45","date_gmt":"2025-07-08T14:57:45","guid":{"rendered":"https:\/\/www.bramial.pt\/?post_type=product&#038;p=4726"},"modified":"2025-07-18T15:07:22","modified_gmt":"2025-07-18T15:07:22","slug":"tamiz","status":"publish","type":"product","link":"https:\/\/www.bramial.com\/es\/product\/tamiz\/","title":{"rendered":"Tamiz"},"content":{"rendered":"<div data-elementor-type=\"wp-post\" data-elementor-id=\"4726\" class=\"elementor elementor-4726\">\n\t\t\t\t<div class=\"elementor-element elementor-element-87fce01 e-flex e-con-boxed e-con e-parent\" data-id=\"87fce01\" data-element_type=\"container\">\n\t\t\t\t\t<div class=\"e-con-inner\">\n\t\t\t\t<div class=\"elementor-element elementor-element-81d804a elementor-widget elementor-widget-tftabs\" data-id=\"81d804a\" data-element_type=\"widget\" data-widget_type=\"tftabs.default\">\n\t\t\t\t<div class=\"elementor-widget-container\">\n\t\t\t\t\t\t\t<div id=\"tf-tabs-81d804a\" class=\"tf-tabs horizontal tabs-horizontal icon-position-left show-triger-no nav-justify\" data-tabid=\"81d804a\">\r\n\t\t\t<div class=\"tf-tabnav\">\r\n\t\t\t\t<ul>\r\n\t\t\t\t\t\t\t\t\t\t<li class=\"tablinks inactive elementor-animation-\" data-tab=\"tab-1\">\t\r\n\t\t\t\t\t\t\t\t\t\t\t\t\r\n\t\t\t\t\t\t\t\t\t\t\t\t\t<span class=\"tab-title-text\">Descri\u00e7\u00e3o<\/span>\r\n\t\t\t\t\t\t\t\t\t\t\t<\/li>\r\n\t\t\t\t\t\t\t\t\t\t<li class=\"tablinks inactive elementor-animation-\" data-tab=\"tab-2\">\t\r\n\t\t\t\t\t\t\t\t\t\t\t\t\r\n\t\t\t\t\t\t\t\t\t\t\t\t\t<span class=\"tab-title-text\">Dados t\u00e9cnicos<\/span>\r\n\t\t\t\t\t\t\t\t\t\t\t<\/li>\r\n\t\t\t\t\t\t\t\t\t\t<li class=\"tablinks inactive elementor-animation-\" data-tab=\"tab-3\">\t\r\n\t\t\t\t\t\t\t\t\t\t\t\t\r\n\t\t\t\t\t\t\t\t\t\t\t\t\t<span class=\"tab-title-text\">Acabamentos<\/span>\r\n\t\t\t\t\t\t\t\t\t\t\t<\/li>\r\n\t\t\t\t\t\t\t\t\t<\/ul>\r\n\t\t\t<\/div>\r\n\t\t\t<div class=\"tf-tabcontent\">\r\n\t\t\t\t\t\t\t\t<div id=\"tab-1\" class=\"tf-tabcontent-inner inactive animated fadeIn\">\r\n\t\t\t\t\t<p>Sistema de portada de l\u00e2minas fixas ou orient\u00e1veis<\/p>\t\t\t\t\t\r\n\t\t\t\t\t\r\n\t\t\t\t<\/div>\r\n\t\t\t\t\t\t\t\t<div id=\"tab-2\" class=\"tf-tabcontent-inner inactive animated fadeIn\">\r\n\t\t\t\t\t<p style=\"font-weight: 300;\"><strong>Possibilidades de abertura<\/strong><\/p><p style=\"font-weight: 300;\">Batente de 1, 2, 3, e 4 folhas<\/p><p style=\"font-weight: 300;\">De correr<\/p><p style=\"font-weight: 300;\">Harmonioso<\/p><p style=\"font-weight: 300;\"><br \/><strong>Possibilidades de fecho:<\/strong><\/p><p style=\"font-weight: 300;\">Fechamento com l\u00e2minas fixas ou orient\u00e1veis<\/p><p style=\"font-weight: 300;\">Fecho opaco (painel sandu\u00edche)<\/p><p style=\"font-weight: 300;\">Data de vidro<\/p><p>\u00a0<\/p><p style=\"font-weight: 300;\"><strong>Se\u00e7\u00f5es<\/strong><br \/>Aro fixo \u2013 47 mm \/ Folha \u2013 40 mm<\/p><p>\u00a0<\/p><p style=\"font-weight: 300;\"><strong>Espessura da Perfilaria<\/strong><\/p><p style=\"font-weight: 300;\">Janela 1,3 mm\u00a0\/ Porta 1,5 mm\u00a0<\/p><p style=\"font-weight: 300;\"><br \/><strong>Dimens\u00f5es m\u00e1ximas \/ Folha<\/strong><\/p><p style=\"font-weight: 300;\">Batente<br \/>Largura (L) = 1200 mm<br \/>Altura (H) = 2500 mm<br \/>Harm\u00f4nio<\/p><p>Largura (C) = 700 mm<br \/>Altura (A) = 2500 mm<\/p><p style=\"font-weight: 300;\">Correr\u00a0<br \/>Largura (L) = 2000 mm<br \/>Altura (H) = 3500 mm<\/p><p style=\"font-weight: 300;\">\u00a0<\/p><p style=\"font-weight: 300;\"><br \/><strong>Peso m\u00e1ximo \/ Folha<\/strong><\/p><p style=\"font-weight: 300;\">65\/50\/120 kg<\/p><p style=\"font-weight: 300;\"><em>Consulte o peso e as dimens\u00f5es m\u00e1ximas para o restante das tipologias.<\/em><\/p><p style=\"font-weight: 300;\"><em><br \/><\/em><strong>Acabamentos<\/strong><\/p><p style=\"font-weight: 300;\">Lacagem colorida (RAL, salpicado e \u00e1spero)<\/p><p style=\"font-weight: 300;\">Lacagem imita\u00e7\u00e3o madeira<\/p><p style=\"font-weight: 300;\">Lacagem antibacteriana<\/p><p style=\"font-weight: 300;\">Anodizado<b><strong>\u00a0<\/strong><\/b><\/p>\t\t\t\t\t\r\n\t\t\t\t\t\r\n\t\t\t\t<\/div>\r\n\t\t\t\t\t\t\t\t<div id=\"tab-3\" class=\"tf-tabcontent-inner inactive animated fadeIn\">\r\n\t\t\t\t\t<p style=\"font-weight: 300;\">Coeficiente de transmiss\u00e3o t\u00e9rmica<\/p><p style=\"font-weight: 300;\">Resist\u00eancia t\u00e9rmica da portada e da c\u00e2mara<\/p><p style=\"font-weight: 300;\"><b><strong>\u25b2\u00a0<\/strong><\/b><b><strong>R=0,08 m\u00b2K\/W<\/strong><\/b><\/p><p style=\"font-weight: 300;\">\u00a0<\/p><p style=\"font-weight: 300;\"><b><strong>Uw=0,8 W\/m\u00b2K - Uws 0,75 W\/m\u00b2K<\/strong><\/b><\/p><p style=\"font-weight: 300;\"><b><strong>Uw=1,0 W\/m\u00b2K - Uws 0,93 W\/m\u00b2K<\/strong><\/b><\/p><p style=\"font-weight: 300;\"><b><strong>Uw=1,2 W\/m\u00b2K - Uws 1,09 W\/m\u00b2K<\/strong><\/b><\/p><p style=\"font-weight: 300;\"><b><strong>Uw=1,4 W\/m\u00b2K - Uws 1,26 W\/m\u00b2K<\/strong><\/b><\/p><p style=\"font-weight: 300;\"><b><strong>Uw=1,6 W\/m\u00b2K - Uws 1,42 W\/m\u00b2K<\/strong><\/b><\/p><p style=\"font-weight: 300;\"><b><strong>Uw=1,8 W\/m\u00b2K - Uws 1,57 W\/m\u00b2K<\/strong><\/b><\/p><p style=\"font-weight: 300;\"><b><strong>Uw=2,0 W\/m\u00b2K - Uws 1,72 W\/m\u00b2K<\/strong><\/b><\/p><p style=\"font-weight: 300;\"><b><strong>Uw=2,2 W\/m\u00b2K - Uws 1,87 W\/m\u00b2K<\/strong><\/b><\/p><p style=\"font-weight: 300;\"><b><strong>Uw=2,4 W\/m\u00b2K - Uws 2,01 W\/m\u00b2K<\/strong><\/b><\/p><p style=\"font-weight: 300;\"><b><strong>Uw=2,6 W\/m\u00b2K - Uws 2,15 W\/m\u00b2K<\/strong><\/b><\/p><p style=\"font-weight: 300;\"><b><strong>Uw=2,8 W\/m\u00b2K - Uws 2,29 W\/m\u00b2K<\/strong><\/b><\/p><p style=\"font-weight: 300;\"><b><strong>Uw=3,0 W\/m\u00b2K - Uws 2,42 W\/m\u00b2K<\/strong><\/b><\/p><p style=\"font-weight: 300;\"><b><strong>Uw=3,2 W\/m\u00b2K - Uws 2,55 W\/m\u00b2K<\/strong><\/b><\/p><p style=\"font-weight: 300;\"><b><strong>\u00a0<\/strong><\/b><\/p><p style=\"font-weight: 300;\"><em>Uw\u00a0<\/em>Coeficiente de transmiss\u00e3o t\u00e9rmica da janela<\/p><p style=\"font-weight: 300;\"><em>Uws\u00a0<\/em>Coeficiente de transmiss\u00e3o t\u00e9rmica de conjunto janela\/portada<\/p><p style=\"font-weight: 300;\"><b><strong>\u00a0<\/strong><\/b><\/p><p style=\"font-weight: 300;\">C\u00e1lculos realizados segundo a norma<\/p><p style=\"font-weight: 300;\"><b><strong>(UNE-EN ISO 10077-1)<\/strong><\/b><\/p><p style=\"font-weight: 300;\"><b><strong>\u00a0<\/strong><\/b><\/p><p style=\"font-weight: 300;\">Resist\u00eancia \u00e0 carga de vento<\/p><p style=\"font-weight: 300;\"><b><strong>(UNE 13659 CLASSE 5)<\/strong><\/b><\/p><p style=\"font-weight: 300;\"><b><strong>\u00a0<\/strong><\/b><\/p><p style=\"font-weight: 300;\"><em>Ensaio de referencia 1,50 x 1,50m, 2 folhas.<\/em><\/p>\t\t\t\t\t\r\n\t\t\t\t\t\r\n\t\t\t\t<\/div>\r\n\t\t\t\t\t\t\t<\/div>\r\n\t\t<\/div>\r\n\t\t\r\n\t\t\t\t\t\t<\/div>\n\t\t\t\t<\/div>\n\t\t\t\t\t<\/div>\n\t\t\t\t<\/div>\n\t\t\t\t<\/div>","protected":false},"excerpt":{"rendered":"<h5><span style=\"vertical-align: inherit;\"><span style=\"vertical-align: inherit;\">Descri\u00e7\u00e3o<\/span><\/span><\/h5>\n<div class=\"touch:-me-2 touch:-ms-3.5 -ms-2.5 -me-1 flex flex-wrap items-center gap-y-4 p-1 select-none touch:w-[calc(100%+--spacing(3.5))] -mt-1 w-[calc(100%+--spacing(2.5))] duration-[1.5s] focus-within:transition-none hover:transition-none pointer-events-none [mask-image:linear-gradient(to_right,black_33%,transparent_66%)] [mask-size:300%_100%] [mask-position:100%_0%] motion-safe:transition-[mask-position] group-hover\/turn-messages:pointer-events-auto group-hover\/turn-messages:[mask-position:0_0] group-focus-within\/turn-messages:pointer-events-auto group-focus-within\/turn-messages:[mask-position:0_0] has-data-[state=open]:pointer-events-auto has-data-[state=open]:[mask-position:0_0]\">Sistema de portada de l\u00e2minas fixas ou orient\u00e1veis<\/div>\n<div><img decoding=\"async\" class=\"alignnone size-full wp-image-5635\" src=\"https:\/\/www.bramial.pt\/wp-content\/uploads\/2025\/07\/Icon-feather-download-1.png\" alt=\"\" width=\"23\" height=\"23\" \/> <a  data-e-disable-page-transition=\"true\" class=\"download-link\" title=\"\" href=\"https:\/\/www.bramial.com\/es\/download\/5729\/?tmstv=1776534282\" rel=\"nofollow\" id=\"download-link-5729\" data-redirect=\"false\" ><br \/>\n\tFICHA T\u00c9CNICA Tamiz<\/a>\n<\/div>\n<div><\/div>","protected":false},"featured_media":4728,"comment_status":"open","ping_status":"closed","template":"","meta":[],"product_brand":[],"product_cat":[63],"product_tag":[],"class_list":{"0":"post-4726","1":"product","2":"type-product","3":"status-publish","4":"has-post-thumbnail","6":"product_cat-protecao-solar","8":"first","9":"instock","10":"downloadable","11":"virtual","12":"product-type-simple"},"_links":{"self":[{"href":"https:\/\/www.bramial.com\/es\/wp-json\/wp\/v2\/product\/4726","targetHints":{"allow":["GET"]}}],"collection":[{"href":"https:\/\/www.bramial.com\/es\/wp-json\/wp\/v2\/product"}],"about":[{"href":"https:\/\/www.bramial.com\/es\/wp-json\/wp\/v2\/types\/product"}],"replies":[{"embeddable":true,"href":"https:\/\/www.bramial.com\/es\/wp-json\/wp\/v2\/comments?post=4726"}],"version-history":[{"count":7,"href":"https:\/\/www.bramial.com\/es\/wp-json\/wp\/v2\/product\/4726\/revisions"}],"predecessor-version":[{"id":6520,"href":"https:\/\/www.bramial.com\/es\/wp-json\/wp\/v2\/product\/4726\/revisions\/6520"}],"wp:featuredmedia":[{"embeddable":true,"href":"https:\/\/www.bramial.com\/es\/wp-json\/wp\/v2\/media\/4728"}],"wp:attachment":[{"href":"https:\/\/www.bramial.com\/es\/wp-json\/wp\/v2\/media?parent=4726"}],"wp:term":[{"taxonomy":"product_brand","embeddable":true,"href":"https:\/\/www.bramial.com\/es\/wp-json\/wp\/v2\/product_brand?post=4726"},{"taxonomy":"product_cat","embeddable":true,"href":"https:\/\/www.bramial.com\/es\/wp-json\/wp\/v2\/product_cat?post=4726"},{"taxonomy":"product_tag","embeddable":true,"href":"https:\/\/www.bramial.com\/es\/wp-json\/wp\/v2\/product_tag?post=4726"}],"curies":[{"name":"wp","href":"https:\/\/api.w.org\/{rel}","templated":true}]}}