{"id":4703,"date":"2025-07-08T14:27:53","date_gmt":"2025-07-08T14:27:53","guid":{"rendered":"https:\/\/www.bramial.pt\/?post_type=product&#038;p=4703"},"modified":"2025-07-18T15:13:45","modified_gmt":"2025-07-18T15:13:45","slug":"grelhas-laminas-decorativas","status":"publish","type":"product","link":"https:\/\/www.bramial.com\/es\/product\/grelhas-laminas-decorativas\/","title":{"rendered":"Grelhas &#8211; L\u00e2minas &#8211; Decorativas"},"content":{"rendered":"<div data-elementor-type=\"wp-post\" data-elementor-id=\"4703\" class=\"elementor elementor-4703\">\n\t\t\t\t<div class=\"elementor-element elementor-element-87fce01 e-flex e-con-boxed e-con e-parent\" data-id=\"87fce01\" data-element_type=\"container\">\n\t\t\t\t\t<div class=\"e-con-inner\">\n\t\t\t\t<div class=\"elementor-element elementor-element-81d804a elementor-widget elementor-widget-tftabs\" data-id=\"81d804a\" data-element_type=\"widget\" data-widget_type=\"tftabs.default\">\n\t\t\t\t<div class=\"elementor-widget-container\">\n\t\t\t\t\t\t\t<div id=\"tf-tabs-81d804a\" class=\"tf-tabs horizontal tabs-horizontal icon-position-left show-triger-no nav-justify\" data-tabid=\"81d804a\">\r\n\t\t\t<div class=\"tf-tabnav\">\r\n\t\t\t\t<ul>\r\n\t\t\t\t\t\t\t\t\t\t<li class=\"tablinks inactive elementor-animation-\" data-tab=\"tab-1\">\t\r\n\t\t\t\t\t\t\t\t\t\t\t\t\r\n\t\t\t\t\t\t\t\t\t\t\t\t\t<span class=\"tab-title-text\">Descri\u00e7\u00e3o<\/span>\r\n\t\t\t\t\t\t\t\t\t\t\t<\/li>\r\n\t\t\t\t\t\t\t\t\t\t<li class=\"tablinks inactive elementor-animation-\" data-tab=\"tab-2\">\t\r\n\t\t\t\t\t\t\t\t\t\t\t\t\r\n\t\t\t\t\t\t\t\t\t\t\t\t\t<span class=\"tab-title-text\">Dados t\u00e9cnicos<\/span>\r\n\t\t\t\t\t\t\t\t\t\t\t<\/li>\r\n\t\t\t\t\t\t\t\t\t\t<li class=\"tablinks inactive elementor-animation-\" data-tab=\"tab-3\">\t\r\n\t\t\t\t\t\t\t\t\t\t\t\t\r\n\t\t\t\t\t\t\t\t\t\t\t\t\t<span class=\"tab-title-text\">Acabamentos<\/span>\r\n\t\t\t\t\t\t\t\t\t\t\t<\/li>\r\n\t\t\t\t\t\t\t\t\t<\/ul>\r\n\t\t\t<\/div>\r\n\t\t\t<div class=\"tf-tabcontent\">\r\n\t\t\t\t\t\t\t\t<div id=\"tab-1\" class=\"tf-tabcontent-inner inactive animated fadeIn\">\r\n\t\t\t\t\t<p>L\u00e2minas de alum\u00ednio extrudado projetadas para fechamento externos e internos, buscando um controle de luz e visibilidades mas sempre permitindo a ventila\u00e7\u00e3o de um lado para o outro da instala\u00e7\u00e3o. Ideal para p\u00e1tios internos, grades de ventila\u00e7\u00e3o, revestimentos de parede, \u00f4cos de uso habitual, etc.<\/p>\t\t\t\t\t\r\n\t\t\t\t\t\r\n\t\t\t\t<\/div>\r\n\t\t\t\t\t\t\t\t<div id=\"tab-2\" class=\"tf-tabcontent-inner inactive animated fadeIn\">\r\n\t\t\t\t\t<p style=\"font-weight: 300;\"><strong>Tipos de l\u00e2minas \/ Largura m\u00e1xima \/ visibilidade<\/strong><\/p><p style=\"font-weight: 300;\">Grelhas\u00a0\/\u00a02,0 m \/ 81% a 35\u00ba<\/p><p style=\"font-weight: 300;\">Grelhas decorativas \/ 1,5 m \/ 56% a 50\u00ba<\/p><p style=\"font-weight: 300;\">Grades clip \/ 2,1 m \/ 80% a 63\u00ba<\/p><p style=\"font-weight: 300;\">Minigrelhas \/ 1,3 m \/ 55% a 45\u00ba<\/p><p style=\"font-weight: 300;\">L\u00e2minas tubulares \/ 2,0 m \/ 76% a 90\u00ba<\/p><p style=\"font-weight: 300;\">L\u00e2minas decorativas \/ 6,5 m \/ 96% a 90\u00ba<\/p><p style=\"font-weight: 300;\">L\u00e2minas revestimento:<\/p><p style=\"font-weight: 300;\"><em>Perfilado<\/em><\/p><p style=\"font-weight: 300;\"><em>Ondulada quadrada<\/em><\/p><p style=\"font-weight: 300;\"><em>* Dependendo das especifica\u00e7\u00f5es do projeto, ser\u00e1 poss\u00edvel um\u00a0\u00a0<\/em><em>maior cumprimento livre de l\u00e2mina (consultar).<\/em><\/p><p style=\"font-weight: 300;\">\u00a0<\/p><p style=\"font-weight: 300;\"><strong>Acabamentos<\/strong><\/p><p style=\"font-weight: 300;\"><em>Lacagem colorida (RAL, salpicado e \u00e1spero)<\/em><\/p><p style=\"font-weight: 300;\"><em>Lacagem imita\u00e7\u00e3o madeira<\/em><\/p><p style=\"font-weight: 300;\"><em>Lacagem antibacteriana<\/em><\/p><p style=\"font-weight: 300;\"><em>Anodizado<\/em><\/p>\t\t\t\t\t\r\n\t\t\t\t\t\r\n\t\t\t\t<\/div>\r\n\t\t\t\t\t\t\t\t<div id=\"tab-3\" class=\"tf-tabcontent-inner inactive animated fadeIn\">\r\n\t\t\t\t\t<p style=\"font-weight: 300;\">Resist\u00eancia \u00e0 carga de vento<\/p><p style=\"font-weight: 300;\"><b><strong>Grelha (UNE 13659:2004) CLASE 6 (M\u00e1x.)<\/strong><\/b><\/p><p style=\"font-weight: 300;\"><em>(Ensaio de refer\u00eancia 2,0 metros)<\/em><\/p><p style=\"font-weight: 300;\"><b><strong>Minigrelha (UNE 13659:2004) CLASSE 5<\/strong><\/b><\/p><p style=\"font-weight: 300;\"><em>(Ensaio de refer\u00eancia 1,3 metros)<\/em><\/p><p style=\"font-weight: 300;\"><b><strong>Chapas tubulares (UNE 13659:2004) CLASSE 6 (M\u00e1x.)<\/strong><\/b><\/p><p style=\"font-weight: 300;\"><em>(Ensaio de refer\u00eancia 1,3 metros)<\/em><\/p><p style=\"font-weight: 300;\"><em>Ensaios realizados segundo a Norma UNE 1932:2001<\/em><\/p>\t\t\t\t\t\r\n\t\t\t\t\t\r\n\t\t\t\t<\/div>\r\n\t\t\t\t\t\t\t<\/div>\r\n\t\t<\/div>\r\n\t\t\r\n\t\t\t\t\t\t<\/div>\n\t\t\t\t<\/div>\n\t\t\t\t\t<\/div>\n\t\t\t\t<\/div>\n\t\t\t\t<\/div>","protected":false},"excerpt":{"rendered":"<h5><span style=\"vertical-align: inherit;\"><span style=\"vertical-align: inherit;\">Descri\u00e7\u00e3o<\/span><\/span><\/h5>\n<div class=\"touch:-me-2 touch:-ms-3.5 -ms-2.5 -me-1 flex flex-wrap items-center gap-y-4 p-1 select-none touch:w-[calc(100%+--spacing(3.5))] -mt-1 w-[calc(100%+--spacing(2.5))] duration-[1.5s] focus-within:transition-none hover:transition-none pointer-events-none [mask-image:linear-gradient(to_right,black_33%,transparent_66%)] [mask-size:300%_100%] [mask-position:100%_0%] motion-safe:transition-[mask-position] group-hover\/turn-messages:pointer-events-auto group-hover\/turn-messages:[mask-position:0_0] group-focus-within\/turn-messages:pointer-events-auto group-focus-within\/turn-messages:[mask-position:0_0] has-data-[state=open]:pointer-events-auto has-data-[state=open]:[mask-position:0_0]\">L\u00e2minas de alum\u00ednio extrudado para fechamentos internos e externos, com controle de luz e visibilidade, permitindo ventila\u00e7\u00e3o cruzada. Ideais para p\u00e1tios, grades de ventila\u00e7\u00e3o, revestimentos de parede e v\u00e3os de uso frequente.<\/div>\n<div><img decoding=\"async\" class=\"alignnone size-full wp-image-5635\" src=\"https:\/\/www.bramial.pt\/wp-content\/uploads\/2025\/07\/Icon-feather-download-1.png\" alt=\"\" width=\"23\" height=\"23\" \/> <a  data-e-disable-page-transition=\"true\" class=\"download-link\" title=\"\" href=\"https:\/\/www.bramial.com\/es\/download\/5725\/?tmstv=1776543137\" rel=\"nofollow\" id=\"download-link-5725\" data-redirect=\"false\" ><br \/>\n\tFICHA T\u00c9CNICA Grelhas L\u00e2minas Dec.<\/a>\n<\/div>\n<div><\/div>\n<div><\/div>\n<div><\/div>\n<div><\/div>","protected":false},"featured_media":4704,"comment_status":"open","ping_status":"closed","template":"","meta":[],"product_brand":[],"product_cat":[63],"product_tag":[],"class_list":{"0":"post-4703","1":"product","2":"type-product","3":"status-publish","4":"has-post-thumbnail","6":"product_cat-protecao-solar","8":"first","9":"instock","10":"downloadable","11":"virtual","12":"product-type-simple"},"_links":{"self":[{"href":"https:\/\/www.bramial.com\/es\/wp-json\/wp\/v2\/product\/4703","targetHints":{"allow":["GET"]}}],"collection":[{"href":"https:\/\/www.bramial.com\/es\/wp-json\/wp\/v2\/product"}],"about":[{"href":"https:\/\/www.bramial.com\/es\/wp-json\/wp\/v2\/types\/product"}],"replies":[{"embeddable":true,"href":"https:\/\/www.bramial.com\/es\/wp-json\/wp\/v2\/comments?post=4703"}],"version-history":[{"count":9,"href":"https:\/\/www.bramial.com\/es\/wp-json\/wp\/v2\/product\/4703\/revisions"}],"predecessor-version":[{"id":6527,"href":"https:\/\/www.bramial.com\/es\/wp-json\/wp\/v2\/product\/4703\/revisions\/6527"}],"wp:featuredmedia":[{"embeddable":true,"href":"https:\/\/www.bramial.com\/es\/wp-json\/wp\/v2\/media\/4704"}],"wp:attachment":[{"href":"https:\/\/www.bramial.com\/es\/wp-json\/wp\/v2\/media?parent=4703"}],"wp:term":[{"taxonomy":"product_brand","embeddable":true,"href":"https:\/\/www.bramial.com\/es\/wp-json\/wp\/v2\/product_brand?post=4703"},{"taxonomy":"product_cat","embeddable":true,"href":"https:\/\/www.bramial.com\/es\/wp-json\/wp\/v2\/product_cat?post=4703"},{"taxonomy":"product_tag","embeddable":true,"href":"https:\/\/www.bramial.com\/es\/wp-json\/wp\/v2\/product_tag?post=4703"}],"curies":[{"name":"wp","href":"https:\/\/api.w.org\/{rel}","templated":true}]}}