{"id":4688,"date":"2025-07-08T14:12:54","date_gmt":"2025-07-08T14:12:54","guid":{"rendered":"https:\/\/www.bramial.pt\/?post_type=product&#038;p=4688"},"modified":"2025-07-18T11:23:03","modified_gmt":"2025-07-18T11:23:03","slug":"varanda-de-julieta","status":"publish","type":"product","link":"https:\/\/www.bramial.com\/es\/product\/varanda-de-julieta\/","title":{"rendered":"Varanda &#8211; de &#8211; Julieta"},"content":{"rendered":"<div data-elementor-type=\"wp-post\" data-elementor-id=\"4688\" class=\"elementor elementor-4688\">\n\t\t\t\t<div class=\"elementor-element elementor-element-87fce01 e-flex e-con-boxed e-con e-parent\" data-id=\"87fce01\" data-element_type=\"container\">\n\t\t\t\t\t<div class=\"e-con-inner\">\n\t\t\t\t<div class=\"elementor-element elementor-element-81d804a elementor-widget elementor-widget-tftabs\" data-id=\"81d804a\" data-element_type=\"widget\" data-widget_type=\"tftabs.default\">\n\t\t\t\t<div class=\"elementor-widget-container\">\n\t\t\t\t\t\t\t<div id=\"tf-tabs-81d804a\" class=\"tf-tabs horizontal tabs-horizontal icon-position-left show-triger-no nav-justify\" data-tabid=\"81d804a\">\r\n\t\t\t<div class=\"tf-tabnav\">\r\n\t\t\t\t<ul>\r\n\t\t\t\t\t\t\t\t\t\t<li class=\"tablinks inactive elementor-animation-\" data-tab=\"tab-1\">\t\r\n\t\t\t\t\t\t\t\t\t\t\t\t\r\n\t\t\t\t\t\t\t\t\t\t\t\t\t<span class=\"tab-title-text\">Descri\u00e7\u00e3o<\/span>\r\n\t\t\t\t\t\t\t\t\t\t\t<\/li>\r\n\t\t\t\t\t\t\t\t\t\t<li class=\"tablinks inactive elementor-animation-\" data-tab=\"tab-2\">\t\r\n\t\t\t\t\t\t\t\t\t\t\t\t\r\n\t\t\t\t\t\t\t\t\t\t\t\t\t<span class=\"tab-title-text\">Dados t\u00e9cnicos<\/span>\r\n\t\t\t\t\t\t\t\t\t\t\t<\/li>\r\n\t\t\t\t\t\t\t\t\t\t<li class=\"tablinks inactive elementor-animation-\" data-tab=\"tab-3\">\t\r\n\t\t\t\t\t\t\t\t\t\t\t\t\r\n\t\t\t\t\t\t\t\t\t\t\t\t\t<span class=\"tab-title-text\">Acabamentos<\/span>\r\n\t\t\t\t\t\t\t\t\t\t\t<\/li>\r\n\t\t\t\t\t\t\t\t\t<\/ul>\r\n\t\t\t<\/div>\r\n\t\t\t<div class=\"tf-tabcontent\">\r\n\t\t\t\t\t\t\t\t<div id=\"tab-1\" class=\"tf-tabcontent-inner inactive animated fadeIn\">\r\n\t\t\t\t\t<div><span>Solu\u00e7\u00e3o complementar projetada para ser colocada na parte externa das janelas atrav\u00e9s de fixa\u00e7\u00f5es ocultas.\u00a0<\/span><\/div><div>\u00a0<\/div><div><span>Permite abrir janelas e portas com seguran\u00e7a para uma vis\u00e3o desobstru\u00edda.<\/span><\/div>\t\t\t\t\t\r\n\t\t\t\t\t\r\n\t\t\t\t<\/div>\r\n\t\t\t\t\t\t\t\t<div id=\"tab-2\" class=\"tf-tabcontent-inner inactive animated fadeIn\">\r\n\t\t\t\t\t<div><strong>Possibilidades de envidra\u00e7amento<\/strong><\/div><div><br \/><div><span>Este sistema de guarda-corpo permite 8 possibilidades de envidra\u00e7amento: 8 ou 6 vidros duplos unidos por at\u00e9 4 polivinil butiral de 0,38 mm.<\/span><\/div><br \/><div><span>Recomenda-se o uso de vidro temperado.<\/span><\/div><br \/><div><strong>Tipo<\/strong><\/div><div><p>Laminado<\/p><\/div><br \/><div><strong>Composi\u00e7\u00e3o\u00a0<\/strong><\/div><div><p><span>8 - 1,52 - 8<\/span><\/p><\/div><p><span>8 - 1,14 - 8<\/span><\/p><p><span>8 - 0,76 - 8<\/span><\/p><p><span>8 - 0,38 - 8<\/span><\/p><p><span>6 - 1,52 - 6<\/span><\/p><p><span>6 - 1,14 - 6<\/span><\/p><p><span>6 - 0,76 - 6<\/span><\/p><div><span>6 - 0,38 - 6<\/span><\/div><br \/><div><strong>Largura m\u00e1xima<\/strong><\/div><div><p><span>1800 mil\u00edmetros<\/span><\/p><\/div><br \/><div><strong>Acabamentos<\/strong><\/div><div><p><span>Lacado \/ Anodizado<\/span><\/p><\/div><\/div>\t\t\t\t\t\r\n\t\t\t\t\t\r\n\t\t\t\t<\/div>\r\n\t\t\t\t\t\t\t\t<div id=\"tab-3\" class=\"tf-tabcontent-inner inactive animated fadeIn\">\r\n\t\t\t\t\t<div><p><strong>CLASSE A - EXCELENTE<\/strong><\/p><\/div><div><span>Classifica\u00e7\u00e3o de acordo com UNE-EN 85240<\/span><\/div><div><br \/><div><p><span>Ensaios segundo as normas UNE 85237, UNE 85.238 e UNE 85240, requisitos estabelecidos no CTE (DB SU-1 e DB SE-AE) e requisitos estabelecidos no Euroc\u00f3digo 1 segundo a EN 1991-1-1 para categorias de utiliza\u00e7\u00e3o at\u00e9 1,6 kN\/m.<\/span><\/p><\/div><br \/><div><p><span>1 - Ensaio est\u00e1tico horizontal para o exterior<\/span><\/p><\/div><p><span>2 - Ensaio est\u00e1tico horizontal para dentro<\/span><\/p><p><span>3 - Ensaio est\u00e1tico vertical<\/span><\/p><p><span>4 - Ensaio din\u00e2mico com corpo mole<\/span><\/p><p><span>5 - Ensaio din\u00e2mico com corpo duro<\/span><\/p><p><span>6 - Verifica\u00e7\u00e3o da se\u00e7\u00e3o 3.2 do DB SE-AE do CTE<\/span><\/p><div><p><span>7 - Teste de seguran\u00e7a<\/span><\/p><\/div><br \/><div><em><span>Ensaio de refer\u00eancia para guarda-corpos de alum\u00ednio extrudado e vidro com dimens\u00f5es de 1200 mm (A) x 1800 mm (C).<\/span><\/em><\/div><\/div>\t\t\t\t\t\r\n\t\t\t\t\t\r\n\t\t\t\t<\/div>\r\n\t\t\t\t\t\t\t<\/div>\r\n\t\t<\/div>\r\n\t\t\r\n\t\t\t\t\t\t<\/div>\n\t\t\t\t<\/div>\n\t\t\t\t\t<\/div>\n\t\t\t\t<\/div>\n\t\t\t\t<\/div>","protected":false},"excerpt":{"rendered":"<h5><span style=\"vertical-align: inherit;\"><span style=\"vertical-align: inherit;\">Descri\u00e7\u00e3o<\/span><\/span><\/h5>\n<div class=\"touch:-me-2 touch:-ms-3.5 -ms-2.5 -me-1 flex flex-wrap items-center gap-y-4 p-1 select-none touch:w-[calc(100%+--spacing(3.5))] -mt-1 w-[calc(100%+--spacing(2.5))] duration-[1.5s] focus-within:transition-none hover:transition-none pointer-events-none [mask-image:linear-gradient(to_right,black_33%,transparent_66%)] [mask-size:300%_100%] [mask-position:100%_0%] motion-safe:transition-[mask-position] group-hover\/turn-messages:pointer-events-auto group-hover\/turn-messages:[mask-position:0_0] group-focus-within\/turn-messages:pointer-events-auto group-focus-within\/turn-messages:[mask-position:0_0] has-data-[state=open]:pointer-events-auto has-data-[state=open]:[mask-position:0_0]\">Solu\u00e7\u00e3o complementar de fixa\u00e7\u00e3o oculta para o exterior das janelas, permitindo aberturas seguras e vis\u00e3o desobstru\u00edda.<\/div>\n<div><img decoding=\"async\" class=\"alignnone size-full wp-image-5635\" src=\"https:\/\/www.bramial.pt\/wp-content\/uploads\/2025\/07\/Icon-feather-download-1.png\" alt=\"\" width=\"23\" height=\"23\" \/> <a  data-e-disable-page-transition=\"true\" class=\"download-link\" title=\"\" href=\"https:\/\/www.bramial.com\/es\/download\/5756\/?tmstv=1776546797\" rel=\"nofollow\" id=\"download-link-5756\" data-redirect=\"false\" ><br \/>\n\tFICHA T\u00c9CNICA Varanda de Julieta<\/a>\n<\/div>\n<div><\/div>","protected":false},"featured_media":4689,"comment_status":"open","ping_status":"closed","template":"","meta":[],"product_brand":[],"product_cat":[57],"product_tag":[],"class_list":{"0":"post-4688","1":"product","2":"type-product","3":"status-publish","4":"has-post-thumbnail","6":"product_cat-guardas","8":"first","9":"instock","10":"downloadable","11":"virtual","12":"product-type-simple"},"_links":{"self":[{"href":"https:\/\/www.bramial.com\/es\/wp-json\/wp\/v2\/product\/4688","targetHints":{"allow":["GET"]}}],"collection":[{"href":"https:\/\/www.bramial.com\/es\/wp-json\/wp\/v2\/product"}],"about":[{"href":"https:\/\/www.bramial.com\/es\/wp-json\/wp\/v2\/types\/product"}],"replies":[{"embeddable":true,"href":"https:\/\/www.bramial.com\/es\/wp-json\/wp\/v2\/comments?post=4688"}],"version-history":[{"count":7,"href":"https:\/\/www.bramial.com\/es\/wp-json\/wp\/v2\/product\/4688\/revisions"}],"predecessor-version":[{"id":6486,"href":"https:\/\/www.bramial.com\/es\/wp-json\/wp\/v2\/product\/4688\/revisions\/6486"}],"wp:featuredmedia":[{"embeddable":true,"href":"https:\/\/www.bramial.com\/es\/wp-json\/wp\/v2\/media\/4689"}],"wp:attachment":[{"href":"https:\/\/www.bramial.com\/es\/wp-json\/wp\/v2\/media?parent=4688"}],"wp:term":[{"taxonomy":"product_brand","embeddable":true,"href":"https:\/\/www.bramial.com\/es\/wp-json\/wp\/v2\/product_brand?post=4688"},{"taxonomy":"product_cat","embeddable":true,"href":"https:\/\/www.bramial.com\/es\/wp-json\/wp\/v2\/product_cat?post=4688"},{"taxonomy":"product_tag","embeddable":true,"href":"https:\/\/www.bramial.com\/es\/wp-json\/wp\/v2\/product_tag?post=4688"}],"curies":[{"name":"wp","href":"https:\/\/api.w.org\/{rel}","templated":true}]}}